{"id":2652,"date":"2024-05-03T12:13:47","date_gmt":"2024-05-03T19:13:47","guid":{"rendered":"https:\/\/pointwest.local\/about\/declaration-of-beliefs\/"},"modified":"2025-01-29T16:21:17","modified_gmt":"2025-01-30T00:21:17","slug":"declaracion-de-creencias","status":"publish","type":"page","link":"https:\/\/www.pointwestcu.com\/es\/acerca-de\/declaracion-de-creencias\/","title":{"rendered":"Declaraci\u00f3n de Creencias"},"content":{"rendered":"<div class=\"co-flex_row co-flex_row__reduced-hero\" ><div class=\"co-flex_row--row co-row\">\t<header class=\"co-tinyHero\" aria-label=\"Encabezado: Declaraci\u00f3n de Creencias\">\n\t\t<div class=\"co-row\">\n\t\t\t<div class=\"co-tinyHero--inner prow gap:0 items-center@lg\">\n\t\t\t\t<div class=\"co-tinyHero--heading pcol-lg:5\">\n\t\t\t\t\t<h1 class=\"co-tinyHero--title\">Declaraci\u00f3n de Creencias<\/h1>\t\t\t\t<\/div>\n\t\t\t\t<div class=\"co-tinyHero--tagline pcol-lg:7\">\n\t\t\t\t\t\t\t\t\t<\/div>\n\t\t\t<\/div>\n\t\t<\/div>\n\t<\/header>\n<\/div><\/div>\n\n<div class=\"co-flex_row co-flex_row__white co-flex_row__testimonial\" ><div class=\"co-flex_row--row co-row\">\t<div class=\"co-testis\">\n\t\t<svg class=\"co-testis--icon\" width=\"45\" height=\"36\" viewbox=\"0 0 45 36\" fill=\"none\" xmlns=\"http:\/\/www.w3.org\/2000\/svg\">\n\t\t\t<path d=\"M25.3481 32.0471V13.2706C25.3481 11.0118 25.6804 9.03529 26.3449 7.34117C27.1044 5.64706 28.0063 4.32941 29.0506 3.38823C30.0949 2.44706 31.3291 1.74118 32.7532 1.27059C34.2722 0.705886 35.6013 0.376476 36.7405 0.282359C37.9747 0.0941209 39.2089 0.0470579 40.443 0.141174C41.7722 0.141174 42.674 0.188237 43.1487 0.282359C43.6234 0.376476 44.0032 0.423534 44.288 0.423534V8.18824C41.1551 8.18824 39.5886 9.74118 39.5886 12.8471V15.6706H41.2975C42.3418 15.6706 43.1962 16 43.8608 16.6588C44.6203 17.3176 45 18.2588 45 19.4824V32.0471C45 33.3647 44.6677 34.3529 44.0032 35.0118C43.4335 35.6706 42.5316 36 41.2975 36H29.0506C28.1962 36 27.4842 35.8118 26.9146 35.4353C26.3449 35.0588 25.9177 34.5882 25.6329 34.0235C25.443 33.4588 25.3481 32.8 25.3481 32.0471ZM0 32.0471V13.2706C0 11.4824 0.189873 9.88235 0.56962 8.47059C1.0443 6.96471 1.66139 5.78824 2.42089 4.94118C3.18038 4.00001 4.03481 3.2 4.98418 2.54118C5.93354 1.78823 6.88291 1.27059 7.83228 0.988242C8.87658 0.705887 9.92089 0.470592 10.9652 0.282359C12.0095 0.0941209 13.0063 0 13.9557 0C14.9051 0 15.712 0.0470579 16.3766 0.141174C17.1361 0.141174 17.7532 0.188237 18.2278 0.282359L18.7975 0.423534V8.18824C17.7532 8.18824 16.8987 8.37648 16.2342 8.75295C15.5696 9.0353 15.0949 9.45883 14.8101 10.0235C14.6203 10.5882 14.4778 11.0588 14.3829 11.4353C14.288 11.8118 14.2405 12.2824 14.2405 12.8471V15.6706H15.9494C16.9937 15.6706 17.8481 16 18.5127 16.6588C19.2722 17.3176 19.6519 18.2588 19.6519 19.4824V32.0471C19.6519 34.6824 18.4177 36 15.9494 36H3.56013C1.18671 36 0 34.6824 0 32.0471Z\" fill=\"#FFFAF1\"\/>\n\t\t<\/svg>\n\t\t<div class=\"co-testis--inner\">\n\t\t\t\t\t<header class=\"co-intro_text has_intro\">\n\t\t\t<h2 class=\"co-intro_text--title\">Gente de Oregon<\/h2><div class=\"co-intro_text--intro text-component\"><p style=\"text-align: left;\">El mundo sigue cambiando, pero lo que nosotros creemos no cambiar\u00e1. Continuaremos educando, proveyendo acceso, y siendo un Punto de Oportunidad para cada miembro de nuestra comunidad. Si el continuar hacia adelante como un individuo se siente imposible, la comunidad est\u00e1 aqu\u00ed para ayudarnos a todos a tomar el primer paso. Apoyamos a nuestros socios \u2014 todos los socios.<\/p>\n<p style=\"text-align: left;\">Como una instituci\u00f3n financiera, nuestros valores son lo que nos definen y la gu\u00eda en nuestras acciones. Sabemos que en una sociedad capitalista, uno vota con sus d\u00f3lares, y les agradecemos que nos soporten en crear un legado de apoyo e inclusi\u00f3n.<\/p>\n<p style=\"text-align: left;\"><strong>Creemos en una comunidad inclusiva. Creemos en nuestra gente. Creemos en ti.<\/strong><\/p>\n<\/div>\t\t<\/header>\n\t\t\t\t\t<div class=\"co-testi co-testi__with_image prow\">\n\t\t\t\t\t\t\t\t\t<div class=\"co-testi--img_wrap pcol:4\">\n\t\t\t\t\t\t<img loading=\"lazy\" decoding=\"async\" width=\"300\" height=\"300\" src=\"https:\/\/www.pointwestcu.com\/files\/2024\/03\/Amy-300x300-1.jpg\" class=\"co-testi--img\" alt=\"Amy Nelson, directora ejecutiva de Point West, foto de perfil.\" srcset=\"https:\/\/www.pointwestcu.com\/files\/2024\/03\/Amy-300x300-1.jpg 300w, https:\/\/www.pointwestcu.com\/files\/2024\/03\/Amy-300x300-1-150x150.jpg 150w, https:\/\/www.pointwestcu.com\/files\/2024\/03\/Amy-300x300-1-12x12.jpg 12w\" sizes=\"auto, (max-width: 300px) 100vw, 300px\" \/>\t\t\t\t\t<\/div>\n\t\t\t\t\t\t\t\t\t<blockquote class=\"co-testi--quote pcol-lg:6\">\n\t\t\t\t\t<div class=\"co-testi--quote_text text-component\">\n\t\t\t\t\t\t\t\t\t\t\t<\/div>\n\t\t\t\t\t<cite class=\"co-testi--attr\">\n\t\t\t\t\t\tAmy Nelson, directora ejecutiva\t\t\t\t\t<\/cite>\n\t\t\t\t<\/blockquote>\n\t\t\t<\/div>\n\t\t<\/div>\n\t<\/div>\n<\/div><\/div>\n\n<div class=\"co-flex_row co-flex_row__white co-flex_row__last co-flex_row__long-form-text\" ><div class=\"co-flex_row--row co-row\">\t<div class=\"co-long_form\">\n\t\t\t\t\t<div class=\"co-long_form--block prow items-start\">\n\t\t\t\t<div class=\"co-long_form--text pcol-md:6 offset-md:1\">\n\t\t\t\t\t<h2 class=\"co-long_form--headline\" >Ciudadanos de Point West<\/h2><div class=\"co-long_form--content text-component\"><p>Siempre hemos sido y siempre seremos un espacio seguro para quien lo necesite. Al cruzar nuestras puertas usted se convierte en ciudadano de Point West.<\/p>\n<\/div>\t\t\t\t<\/div>\n\t\t\t\t\t\t\t\t\t<div class=\"pcol-md:4\">\n\t\t\t\t\t\t<div class=\"co-long_form--media\">\n\t\t\t\t\t\t\t<img loading=\"lazy\" decoding=\"async\" width=\"300\" height=\"300\" src=\"https:\/\/www.pointwestcu.com\/files\/2024\/03\/88-1-300x300.jpg\" class=\"co-long_form--image\" alt=\"Miembro del personal de PW posando para la c\u00e1mara.\" srcset=\"https:\/\/www.pointwestcu.com\/files\/2024\/03\/88-1-300x300.jpg 300w, https:\/\/www.pointwestcu.com\/files\/2024\/03\/88-1-150x150.jpg 150w, https:\/\/www.pointwestcu.com\/files\/2024\/03\/88-1-12x12.jpg 12w, https:\/\/www.pointwestcu.com\/files\/2024\/03\/88-1.jpg 330w\" sizes=\"auto, (max-width: 300px) 100vw, 300px\" \/>\t\t\t\t\t\t<\/div>\n\t\t\t\t\t<\/div>\n\t\t\t\t\t\t\t<\/div>\n\t\t\t\t\t\t<div class=\"co-long_form--block prow items-start flex-row-reverse\">\n\t\t\t\t<div class=\"co-long_form--text pcol-md:6 offset-md:1\">\n\t\t\t\t\t<h2 class=\"co-long_form--headline\" >Gente Ayudando a Gente<\/h2><div class=\"co-long_form--content text-component\"><p>Tratamos a toda la gente con respeto y dignidad y ofrecemos servicio honesto, sin prejuicios. Este ha sido siempre nuestro est\u00e1ndar y nada lo cambiar\u00e1.<\/p>\n<\/div>\t\t\t\t<\/div>\n\t\t\t\t\t\t\t\t\t<div class=\"pcol-md:4\">\n\t\t\t\t\t\t<div class=\"co-long_form--media\">\n\t\t\t\t\t\t\t<img loading=\"lazy\" decoding=\"async\" width=\"300\" height=\"300\" src=\"https:\/\/www.pointwestcu.com\/files\/2024\/03\/73-1-300x300.jpg\" class=\"co-long_form--image\" alt=\"Miembro del personal de PW posando para la c\u00e1mara.\" srcset=\"https:\/\/www.pointwestcu.com\/files\/2024\/03\/73-1-300x300.jpg 300w, https:\/\/www.pointwestcu.com\/files\/2024\/03\/73-1-150x150.jpg 150w, https:\/\/www.pointwestcu.com\/files\/2024\/03\/73-1-12x12.jpg 12w, https:\/\/www.pointwestcu.com\/files\/2024\/03\/73-1.jpg 330w\" sizes=\"auto, (max-width: 300px) 100vw, 300px\" \/>\t\t\t\t\t\t<\/div>\n\t\t\t\t\t<\/div>\n\t\t\t\t\t\t\t<\/div>\n\t\t\t\t\t\t<div class=\"co-long_form--block prow items-start\">\n\t\t\t\t<div class=\"co-long_form--text pcol-md:6 offset-md:1\">\n\t\t\t\t\t<h2 class=\"co-long_form--headline\" >Banca sin Fronteras<\/h2><div class=\"co-long_form--content text-component\"><p>Donde naciste no deber\u00eda determinar como vives. Ofrecemos cr\u00e9dito y servicios a inmigrantes y a todos los miembros de la comunidad hispana, y nos han galardonado la prestigiosa designaci\u00f3n Juntos Avanzamos.<\/p>\n<\/div>\t\t\t\t<\/div>\n\t\t\t\t\t\t\t\t\t<div class=\"pcol-md:4\">\n\t\t\t\t\t\t<div class=\"co-long_form--media\">\n\t\t\t\t\t\t\t<img loading=\"lazy\" decoding=\"async\" width=\"300\" height=\"300\" src=\"https:\/\/www.pointwestcu.com\/files\/2024\/03\/86-1-300x300.jpg\" class=\"co-long_form--image\" alt=\"Miembro del personal de PW posando para la c\u00e1mara.\" srcset=\"https:\/\/www.pointwestcu.com\/files\/2024\/03\/86-1-300x300.jpg 300w, https:\/\/www.pointwestcu.com\/files\/2024\/03\/86-1-150x150.jpg 150w, https:\/\/www.pointwestcu.com\/files\/2024\/03\/86-1-12x12.jpg 12w, https:\/\/www.pointwestcu.com\/files\/2024\/03\/86-1.jpg 330w\" sizes=\"auto, (max-width: 300px) 100vw, 300px\" \/>\t\t\t\t\t\t<\/div>\n\t\t\t\t\t<\/div>\n\t\t\t\t\t\t\t<\/div>\n\t\t\t\t\t\t<div class=\"co-long_form--block prow items-start flex-row-reverse\">\n\t\t\t\t<div class=\"co-long_form--text pcol-md:6 offset-md:1\">\n\t\t\t\t\t<h2 class=\"co-long_form--headline\" >La Minor\u00eda es la Mayor\u00eda<\/h2><div class=\"co-long_form--content text-component\"><p>Nuestra comunidad es m\u00e1s rica por la diversidad en gente y voces. Encontramos unidad en nuestras diferencias.<\/p>\n<\/div>\t\t\t\t<\/div>\n\t\t\t\t\t\t\t\t\t<div class=\"pcol-md:4\">\n\t\t\t\t\t\t<div class=\"co-long_form--media\">\n\t\t\t\t\t\t\t<img loading=\"lazy\" decoding=\"async\" width=\"300\" height=\"300\" src=\"https:\/\/www.pointwestcu.com\/files\/2024\/03\/74-1-300x300.jpg\" class=\"co-long_form--image\" alt=\"Miembro del personal de PW posando para la c\u00e1mara.\" srcset=\"https:\/\/www.pointwestcu.com\/files\/2024\/03\/74-1-300x300.jpg 300w, https:\/\/www.pointwestcu.com\/files\/2024\/03\/74-1-150x150.jpg 150w, https:\/\/www.pointwestcu.com\/files\/2024\/03\/74-1-12x12.jpg 12w, https:\/\/www.pointwestcu.com\/files\/2024\/03\/74-1.jpg 330w\" sizes=\"auto, (max-width: 300px) 100vw, 300px\" \/>\t\t\t\t\t\t<\/div>\n\t\t\t\t\t<\/div>\n\t\t\t\t\t\t\t<\/div>\n\t\t\t\t\t\t<div class=\"co-long_form--block prow items-start\">\n\t\t\t\t<div class=\"co-long_form--text pcol-md:6 offset-md:1\">\n\t\t\t\t\t<h2 class=\"co-long_form--headline\" >Transformando Vidas<\/h2><div class=\"co-long_form--content text-component\"><p>Las oportunidades financiaras son el centro de vidas felices y sanas. Nuestra pasi\u00f3n es el ayudar a individuos y negocios locales a levantarse en pie y tomar control de sus destinos.<\/p>\n<\/div>\t\t\t\t<\/div>\n\t\t\t\t\t\t\t\t\t<div class=\"pcol-md:4\">\n\t\t\t\t\t\t<div class=\"co-long_form--media\">\n\t\t\t\t\t\t\t<img loading=\"lazy\" decoding=\"async\" width=\"300\" height=\"300\" src=\"https:\/\/www.pointwestcu.com\/files\/2024\/03\/68-1-300x300.jpg\" class=\"co-long_form--image\" alt=\"Miembro del personal de PW posando para la c\u00e1mara.\" srcset=\"https:\/\/www.pointwestcu.com\/files\/2024\/03\/68-1-300x300.jpg 300w, https:\/\/www.pointwestcu.com\/files\/2024\/03\/68-1-150x150.jpg 150w, https:\/\/www.pointwestcu.com\/files\/2024\/03\/68-1-12x12.jpg 12w, https:\/\/www.pointwestcu.com\/files\/2024\/03\/68-1.jpg 330w\" sizes=\"auto, (max-width: 300px) 100vw, 300px\" \/>\t\t\t\t\t\t<\/div>\n\t\t\t\t\t<\/div>\n\t\t\t\t\t\t\t<\/div>\n\t\t\t\t\t\t<div class=\"co-long_form--block prow items-start flex-row-reverse\">\n\t\t\t\t<div class=\"co-long_form--text pcol-md:6 offset-md:1\">\n\t\t\t\t\t<h2 class=\"co-long_form--headline\" >Responsabilidad a los Desamparados<\/h2><div class=\"co-long_form--content text-component\"><p>Igualdad financiera no es para uno pocos elegidos. Le damos la bienvenida a toda la gente, especialmente a aquellos que han sido rechazados en otros lugares.<\/p>\n<\/div>\t\t\t\t<\/div>\n\t\t\t\t\t\t\t\t\t<div class=\"pcol-md:4\">\n\t\t\t\t\t\t<div class=\"co-long_form--media\">\n\t\t\t\t\t\t\t<img loading=\"lazy\" decoding=\"async\" width=\"300\" height=\"300\" src=\"https:\/\/www.pointwestcu.com\/files\/2024\/03\/9-1-300x300.jpg\" class=\"co-long_form--image\" alt=\"Miembro del personal de PW posando para la c\u00e1mara.\" srcset=\"https:\/\/www.pointwestcu.com\/files\/2024\/03\/9-1-300x300.jpg 300w, https:\/\/www.pointwestcu.com\/files\/2024\/03\/9-1-150x150.jpg 150w, https:\/\/www.pointwestcu.com\/files\/2024\/03\/9-1-12x12.jpg 12w, https:\/\/www.pointwestcu.com\/files\/2024\/03\/9-1.jpg 330w\" sizes=\"auto, (max-width: 300px) 100vw, 300px\" \/>\t\t\t\t\t\t<\/div>\n\t\t\t\t\t<\/div>\n\t\t\t\t\t\t\t<\/div>\n\t\t\t\t<\/div>\n<\/div><\/div>","protected":false},"excerpt":{"rendered":"","protected":false},"author":1,"featured_media":0,"parent":2643,"menu_order":0,"comment_status":"closed","ping_status":"closed","template":"","meta":{"_acf_changed":false,"_searchwp_excluded":"","footnotes":""},"class_list":["post-2652","page","type-page","status-publish","hentry"],"acf":[],"yoast_head":"<!-- This site is optimized with the Yoast SEO plugin v27.4 - https:\/\/yoast.com\/product\/yoast-seo-wordpress\/ -->\n<title>Declaration of Beliefs - Point West Credit Union<\/title>\n<meta name=\"robots\" content=\"index, follow, max-snippet:-1, max-image-preview:large, max-video-preview:-1\" \/>\n<link rel=\"canonical\" href=\"https:\/\/www.pointwestcu.com\/es\/acerca-de\/declaracion-de-creencias\/\" \/>\n<meta property=\"og:locale\" content=\"es_ES\" \/>\n<meta property=\"og:type\" content=\"article\" \/>\n<meta property=\"og:title\" content=\"Declaration of Beliefs - Point West Credit Union\" \/>\n<meta property=\"og:url\" content=\"https:\/\/www.pointwestcu.com\/es\/acerca-de\/declaracion-de-creencias\/\" \/>\n<meta property=\"og:site_name\" content=\"Point West Credit Union\" \/>\n<meta property=\"article:modified_time\" content=\"2025-01-30T00:21:17+00:00\" \/>\n<meta name=\"twitter:card\" content=\"summary_large_image\" \/>\n<meta name=\"twitter:label1\" content=\"Est. reading time\" \/>\n\t<meta name=\"twitter:data1\" content=\"3 minutos\" \/>\n<script type=\"application\/ld+json\" class=\"yoast-schema-graph\">{\"@context\":\"https:\\\/\\\/schema.org\",\"@graph\":[{\"@type\":\"WebPage\",\"@id\":\"https:\\\/\\\/www.pointwestcu.com\\\/about\\\/declaration-of-beliefs\\\/\",\"url\":\"https:\\\/\\\/www.pointwestcu.com\\\/about\\\/declaration-of-beliefs\\\/\",\"name\":\"Declaration of Beliefs - Point West Credit Union\",\"isPartOf\":{\"@id\":\"https:\\\/\\\/www.pointwestcu.com\\\/#website\"},\"datePublished\":\"2024-05-03T19:13:47+00:00\",\"dateModified\":\"2025-01-30T00:21:17+00:00\",\"breadcrumb\":{\"@id\":\"https:\\\/\\\/www.pointwestcu.com\\\/about\\\/declaration-of-beliefs\\\/#breadcrumb\"},\"inLanguage\":\"es-ES\",\"potentialAction\":[{\"@type\":\"ReadAction\",\"target\":[\"https:\\\/\\\/www.pointwestcu.com\\\/about\\\/declaration-of-beliefs\\\/\"]}]},{\"@type\":\"BreadcrumbList\",\"@id\":\"https:\\\/\\\/www.pointwestcu.com\\\/about\\\/declaration-of-beliefs\\\/#breadcrumb\",\"itemListElement\":[{\"@type\":\"ListItem\",\"position\":1,\"name\":\"Home\",\"item\":\"https:\\\/\\\/www.pointwestcu.com\\\/\"},{\"@type\":\"ListItem\",\"position\":2,\"name\":\"About\",\"item\":\"https:\\\/\\\/www.pointwestcu.com\\\/about\\\/\"},{\"@type\":\"ListItem\",\"position\":3,\"name\":\"Declaration of Beliefs\"}]},{\"@type\":\"WebSite\",\"@id\":\"https:\\\/\\\/www.pointwestcu.com\\\/#website\",\"url\":\"https:\\\/\\\/www.pointwestcu.com\\\/\",\"name\":\"Point West Credit Union\",\"description\":\"People Helping People\",\"potentialAction\":[{\"@type\":\"SearchAction\",\"target\":{\"@type\":\"EntryPoint\",\"urlTemplate\":\"https:\\\/\\\/www.pointwestcu.com\\\/?s={search_term_string}\"},\"query-input\":{\"@type\":\"PropertyValueSpecification\",\"valueRequired\":true,\"valueName\":\"search_term_string\"}}],\"inLanguage\":\"es-ES\"}]}<\/script>\n<!-- \/ Yoast SEO plugin. -->","yoast_head_json":{"title":"Declaraci\u00f3n de creencias - Point West Credit Union","robots":{"index":"index","follow":"follow","max-snippet":"max-snippet:-1","max-image-preview":"max-image-preview:large","max-video-preview":"max-video-preview:-1"},"canonical":"https:\/\/www.pointwestcu.com\/es\/acerca-de\/declaracion-de-creencias\/","og_locale":"es_ES","og_type":"article","og_title":"Declaration of Beliefs - Point West Credit Union","og_url":"https:\/\/www.pointwestcu.com\/es\/acerca-de\/declaracion-de-creencias\/","og_site_name":"Point West Credit Union","article_modified_time":"2025-01-30T00:21:17+00:00","twitter_card":"summary_large_image","twitter_misc":{"Est. reading time":"3 minutos"},"schema":{"@context":"https:\/\/schema.org","@graph":[{"@type":"WebPage","@id":"https:\/\/www.pointwestcu.com\/about\/declaration-of-beliefs\/","url":"https:\/\/www.pointwestcu.com\/about\/declaration-of-beliefs\/","name":"Declaraci\u00f3n de creencias - Point West Credit Union","isPartOf":{"@id":"https:\/\/www.pointwestcu.com\/#website"},"datePublished":"2024-05-03T19:13:47+00:00","dateModified":"2025-01-30T00:21:17+00:00","breadcrumb":{"@id":"https:\/\/www.pointwestcu.com\/about\/declaration-of-beliefs\/#breadcrumb"},"inLanguage":"es-ES","potentialAction":[{"@type":"ReadAction","target":["https:\/\/www.pointwestcu.com\/about\/declaration-of-beliefs\/"]}]},{"@type":"BreadcrumbList","@id":"https:\/\/www.pointwestcu.com\/about\/declaration-of-beliefs\/#breadcrumb","itemListElement":[{"@type":"ListItem","position":1,"name":"Home","item":"https:\/\/www.pointwestcu.com\/"},{"@type":"ListItem","position":2,"name":"About","item":"https:\/\/www.pointwestcu.com\/about\/"},{"@type":"ListItem","position":3,"name":"Declaration of Beliefs"}]},{"@type":"WebSite","@id":"https:\/\/www.pointwestcu.com\/#website","url":"https:\/\/www.pointwestcu.com\/","name":"Point West Credit Union","description":"Gente Ayudando a Gente","potentialAction":[{"@type":"SearchAction","target":{"@type":"EntryPoint","urlTemplate":"https:\/\/www.pointwestcu.com\/?s={search_term_string}"},"query-input":{"@type":"PropertyValueSpecification","valueRequired":true,"valueName":"search_term_string"}}],"inLanguage":"es-ES"}]}},"_links":{"self":[{"href":"https:\/\/www.pointwestcu.com\/es\/wp-json\/wp\/v2\/pages\/2652","targetHints":{"allow":["GET"]}}],"collection":[{"href":"https:\/\/www.pointwestcu.com\/es\/wp-json\/wp\/v2\/pages"}],"about":[{"href":"https:\/\/www.pointwestcu.com\/es\/wp-json\/wp\/v2\/types\/page"}],"author":[{"embeddable":true,"href":"https:\/\/www.pointwestcu.com\/es\/wp-json\/wp\/v2\/users\/1"}],"replies":[{"embeddable":true,"href":"https:\/\/www.pointwestcu.com\/es\/wp-json\/wp\/v2\/comments?post=2652"}],"version-history":[{"count":1,"href":"https:\/\/www.pointwestcu.com\/es\/wp-json\/wp\/v2\/pages\/2652\/revisions"}],"predecessor-version":[{"id":13947,"href":"https:\/\/www.pointwestcu.com\/es\/wp-json\/wp\/v2\/pages\/2652\/revisions\/13947"}],"up":[{"embeddable":true,"href":"https:\/\/www.pointwestcu.com\/es\/wp-json\/wp\/v2\/pages\/2643"}],"wp:attachment":[{"href":"https:\/\/www.pointwestcu.com\/es\/wp-json\/wp\/v2\/media?parent=2652"}],"curies":[{"name":"gracias","href":"https:\/\/api.w.org\/{rel}","templated":true}]}}