{"id":2651,"date":"2024-05-03T12:13:47","date_gmt":"2024-05-03T19:13:47","guid":{"rendered":"https:\/\/pointwest.local\/about\/what-makes-us-different\/"},"modified":"2024-12-16T15:54:24","modified_gmt":"2024-12-16T23:54:24","slug":"lo-que-nos-hace-diferentes","status":"publish","type":"page","link":"https:\/\/www.pointwestcu.com\/es\/acerca-de\/lo-que-nos-hace-diferentes\/","title":{"rendered":"Qu\u00e9 nos hace diferentes"},"content":{"rendered":"<div class=\"co-flex_row co-flex_row__page-hero\" ><div class=\"co-flex_row--row co-row\">\t<header class=\"co-page_hero  co-page_hero__calypso co-page_hero__no_image\" aria-label=\"Encabezado: Qu\u00e9 nos hace diferentes\">\n\t\t<div class=\"co-page_hero--inner\">\n\t\t\t<div class=\"prow items-center gap:5\">\n\t\t\t\t\t\t\t\t<div class=\"co-page_hero--text pcol-lg:7\">\n\t\t\t\t\t\t\t\t\t\t<h1 class=\"co-page_hero--title\">\n\t\t\t\t\t\tQu\u00e9 nos hace diferentes\t\t\t\t\t<\/h1>\n\t\t\t\t\t<p class=\"co-page_hero--tagline\">Donde valores singulares causan un impacto duradero<\/p>\t\t\t\t<\/div>\n\t\t\t\t\t\t\t<\/div>\n\t\t<\/div>\n\t<\/header>\n<\/div><\/div>\n\n<div class=\"co-flex_row co-flex_row__white co-flex_row__columns\" id=\"different\"><div class=\"co-flex_row--row co-row\">\t<div class=\"co-columns\">\n\t\t\t\t\t<div class=\"co-columns--row prow prow-md:2 prow-lg:2 co-columns--row__images justify-center\">\n\t\t\t\t\t\t\t\t\t<div class=\"co-columns--box\">\n\t\t\t\t\t\t<div class=\"co-columns--box_image_w\"><img loading=\"lazy\" decoding=\"async\" width=\"330\" height=\"330\" src=\"https:\/\/www.pointwestcu.com\/files\/2024\/03\/89-1.jpg\" class=\"co-columns--box_image\" alt=\"Miembro del personal de PW posando para la c\u00e1mara frente a una ventana.\" srcset=\"https:\/\/www.pointwestcu.com\/files\/2024\/03\/89-1.jpg 330w, https:\/\/www.pointwestcu.com\/files\/2024\/03\/89-1-300x300.jpg 300w, https:\/\/www.pointwestcu.com\/files\/2024\/03\/89-1-150x150.jpg 150w, https:\/\/www.pointwestcu.com\/files\/2024\/03\/89-1-12x12.jpg 12w\" sizes=\"auto, (max-width: 330px) 100vw, 330px\" \/><\/div><h2 class=\"co-columns--box_headline\" >Facilitamos el acceso para todos<\/h2><div class=\"co-columns--box_desc text-component\"><p>Point West se enorgullece de poseer la <a href=\"https:\/\/ncua.gov\/support-services\/credit-union-resources-expansion\/field-membership-expansion\/low-income-credit-union-designation\">Designaci\u00f3n de Bajos Recursos (LID, por su sigla en ingl\u00e9s)<\/a> de la Administraci\u00f3n Nacional de Cooperativas de Cr\u00e9dito (NCUA). Esta designaci\u00f3n nos da acceso a recursos mejorados, lo que nos permite prestar a las comunidades desfavorecidas y de bajos ingresos el apoyo que necesitan para prosperar.<\/p>\n<\/div><div class=\"co-columns--box_button\"><\/div>\t\t\t\t\t<\/div>\n\t\t\t\t\t\t\t\t\t<div class=\"co-columns--box\">\n\t\t\t\t\t\t<div class=\"co-columns--box_image_w\"><img loading=\"lazy\" decoding=\"async\" width=\"330\" height=\"330\" src=\"https:\/\/www.pointwestcu.com\/files\/2024\/03\/80-1.jpg\" class=\"co-columns--box_image\" alt=\"Miembro del personal de PW posando para la c\u00e1mara frente a una ventana.\" srcset=\"https:\/\/www.pointwestcu.com\/files\/2024\/03\/80-1.jpg 330w, https:\/\/www.pointwestcu.com\/files\/2024\/03\/80-1-300x300.jpg 300w, https:\/\/www.pointwestcu.com\/files\/2024\/03\/80-1-150x150.jpg 150w, https:\/\/www.pointwestcu.com\/files\/2024\/03\/80-1-12x12.jpg 12w\" sizes=\"auto, (max-width: 330px) 100vw, 330px\" \/><\/div><h2 class=\"co-columns--box_headline\" >Somos diferentes, porque usted se merece m\u00e1s<\/h2><div class=\"co-columns--box_desc text-component\"><p>Estamos cambiando las reglas de la banca con una estrategia sin fines de lucro y de propiedad de los miembros. A nuestro equipo biling\u00fce le apasiona la inclusi\u00f3n financiera, la igualdad y el empoderamiento de las personas desfavorecidas. Juntos, consolidamos una comunidad m\u00e1s solidaria.<\/p>\n<\/div><div class=\"co-columns--box_button\"><\/div>\t\t\t\t\t<\/div>\n\t\t\t\t\t\t\t\t\t<div class=\"co-columns--box\">\n\t\t\t\t\t\t<div class=\"co-columns--box_image_w\"><img loading=\"lazy\" decoding=\"async\" width=\"330\" height=\"330\" src=\"https:\/\/www.pointwestcu.com\/files\/2024\/03\/5-3.jpg\" class=\"co-columns--box_image\" alt=\"Miembro del personal de PW posando para la c\u00e1mara frente a una ventana.\" srcset=\"https:\/\/www.pointwestcu.com\/files\/2024\/03\/5-3.jpg 330w, https:\/\/www.pointwestcu.com\/files\/2024\/03\/5-3-300x300.jpg 300w, https:\/\/www.pointwestcu.com\/files\/2024\/03\/5-3-150x150.jpg 150w, https:\/\/www.pointwestcu.com\/files\/2024\/03\/5-3-12x12.jpg 12w\" sizes=\"auto, (max-width: 330px) 100vw, 330px\" \/><\/div><h2 class=\"co-columns--box_headline\" >Tenemos la certificaci\u00f3n CDFI<\/h2><div class=\"co-columns--box_desc text-component\"><p class=\"translation-block\">La certificaci\u00f3n <a href=\"https:\/\/www.cdfifund.gov\/programs-training\/certification\/cdfi\" target=\"_blank\">CDFI (Instituciones Financieras de Desarrollo Comunitario) <\/a> de Point West pone de relieve nuestro compromiso de promover el desarrollo comunitario. Mediante pr\u00e9stamos asequibles y asistencia personalizada, empoderamos a personas de ingresos bajos y m\u00f3dicos y a negocios en el \u00e1rea metropolitana de Portland. Como CDFI certificada, tenemos acceso a subvenciones del Tesoro de EE. UU., colaboramos con organizaciones comunitarias y recaudamos fondos de fundaciones, sociedades mercantiles y gobiernos locales. Estamos orgullosos de formar parte de m\u00e1s de 800 CDFI en todo el pa\u00eds, promoviendo la inclusi\u00f3n y oportunidades financieras.<\/p>\n<\/div><div class=\"co-columns--box_button\"><\/div>\t\t\t\t\t<\/div>\n\t\t\t\t\t\t\t<\/div>\n\t\t\t\t<\/div>\n<\/div><\/div>\n\n<div class=\"co-flex_row co-flex_row__white co-flex_row__featured-member-stories\" ><div class=\"co-flex_row--row co-row\"><div class=\"co-fms\">\n\t<div class=\"co-fms--header\">\n\t\t<img loading=\"lazy\" decoding=\"async\" src=\"https:\/\/www.pointwestcu.com\/wp-content\/themes\/pointwestcu-theme\/images\/word-art.webp\" class=\"co-fms--header-image\" width=\"764\" height=\"369\" alt=\"Empoderado, amado, collage de arte de palabras\" \/>\n\t\t\t\t<header class=\"co-intro_text has_intro\">\n\t\t\t<h2 class=\"co-intro_text--title\">Point West apoya a nuestra comunidad<\/h2><div class=\"co-intro_text--intro text-component\"><p>En Point West, entendemos que una comunidad pr\u00f3spera genera un mayor bienestar financiero para todos. Por eso, nos comprometemos a contribuir a la comunidad mediante esfuerzos voluntarios, contribuciones caritativas y la creaci\u00f3n de asociaciones significativas que fortalezcan nuestra comunidad.<\/p>\n<\/div>\t\t<\/header>\n\t\t\t<\/div>\n\t\t\t<div class=\"co-fms--stories\">\n\t\t\t<div class=\"prow\">\n\t\t\t\t\t\t\t\t\t<div class=\"pcol-md:12 pcol-xl:9\">\n\t\t\t\t\t\t<div class=\"co-fms--story left\">\n\t\t\t\t\t\t\t\t\t\t\t\t\t\t\t<svg class=\"svg-dotted\" width=\"259\" height=\"267\" viewbox=\"0 0 259 267\" fill=\"none\" xmlns=\"http:\/\/www.w3.org\/2000\/svg\">\n\t\t\t\t\t\t\t\t\t<path d=\"M256.056 0.999978L247.556 34.4981C237.556 64.4995 215.758 93.057 166.056 109.5C99.5557 131.5 79.0557 141.005 57.5556 155.5C4.55565 191.23 6.65324 223.516 4.55565 237C1.05548 259.5 4.55565 246.997 4.55565 266.497\" stroke=\"black\" stroke-width=\"6\" stroke-linejoin=\"round\" stroke-dasharray=\"20 20\"\/>\n\t\t\t\t\t\t\t\t<\/svg>\n\t\t\t\t\t\t\t\n\t\t\t\t\t\t\t<div class=\"co-fms--story-content-wrap\">\n\t\t\t\t\t\t\t\t<div class=\"co-fms--story-content\">\n\t\t\t\t\t\t\t\t\t<h2 class=\"co-fms--story-name\">Argelia<\/h2><div class=\"co-fms--story-desc text-component\">\u201cSoy socio desde que se llamaba Hacienda CDC Credit Union. Cuando abrieron en la zona de Killingsworth, fui uno de los primeros socios. Era una cooperativa peque\u00f1a, pero me gustaba que todos\u2026<\/div>\t\t\t\t\t\t\t\t\t<a href=\"https:\/\/www.pointwestcu.com\/es\/historia-de-un-miembro\/argelia\/\" class=\"co-fms--story-link co-button__secondary\" aria-label=\"Lea la historia de Argelia\">Lea la historia completa<\/a>\n\t\t\t\t\t\t\t\t<\/div>\n\t\t\t\t\t\t\t<\/div>\n\t\t\t\t\t\t\t<div class=\"co-fms--story-img_wrap\"><div class=\"co-fms--story-img_mask\"><img decoding=\"async\" width=\"400\" height=\"400\" src=\"https:\/\/www.pointwestcu.com\/files\/2024\/03\/53.jpg\" class=\"co-fms--story-img\" alt=\"Miembro de PW sonriendo y posando para la c\u00e1mara.\" loading=\"lazy\" srcset=\"https:\/\/www.pointwestcu.com\/files\/2024\/03\/53.jpg 400w, https:\/\/www.pointwestcu.com\/files\/2024\/03\/53-300x300.jpg 300w, https:\/\/www.pointwestcu.com\/files\/2024\/03\/53-150x150.jpg 150w, https:\/\/www.pointwestcu.com\/files\/2024\/03\/53-12x12.jpg 12w, https:\/\/www.pointwestcu.com\/files\/2024\/03\/53-396x396.jpg 396w, https:\/\/www.pointwestcu.com\/files\/2024\/03\/53-350x350.jpg 350w\" sizes=\"auto, (max-width: 400px) 100vw, 400px\" \/><\/div><\/div>\t\t\t\t\t\t<\/div>\n\t\t\t\t\t<\/div>\n\t\t\t\t\t\t\t\t\t<div class=\"pcol-md:12 pcol-xl:9 offset-xl:3\">\n\t\t\t\t\t\t<div class=\"co-fms--story right\">\n\t\t\t\t\t\t\t\t\t\t\t\t\t\t\t<svg class=\"svg-dotted\" width=\"259\" height=\"267\" viewbox=\"0 0 259 267\" fill=\"none\" xmlns=\"http:\/\/www.w3.org\/2000\/svg\">\n\t\t\t\t\t\t\t\t\t<path d=\"M3 0.999978L11.5 34.4981C21.5 64.4995 43.2973 93.057 93 109.5C159.5 131.5 180 141.005 201.5 155.5C254.5 191.23 252.402 223.516 254.5 237C258 259.5 254.5 246.997 254.5 266.497\" stroke=\"black\" stroke-width=\"6\" stroke-linejoin=\"round\" stroke-dasharray=\"20 20\"\/>\n\t\t\t\t\t\t\t\t<\/svg>\n\t\t\t\t\t\t\t\n\t\t\t\t\t\t\t<div class=\"co-fms--story-content-wrap\">\n\t\t\t\t\t\t\t\t<div class=\"co-fms--story-content\">\n\t\t\t\t\t\t\t\t\t<h2 class=\"co-fms--story-name\">Jos\u00e9<\/h2><div class=\"co-fms--story-desc text-component\">\u201cHan pasado m\u00e1s de 30 a\u00f1os desde que era Hacienda CDC Credit Union. Mi primer banco fue US Bank, y en aquel entonces no pod\u00edan ayudarme con una tarjeta de cr\u00e9dito. As\u00ed que fui a Point West para conseguir una\u2026<\/div>\t\t\t\t\t\t\t\t\t<a href=\"https:\/\/www.pointwestcu.com\/es\/historia-de-un-miembro\/jose\/\" class=\"co-fms--story-link co-button__secondary\" aria-label=\"Lea la historia de Jos\u00e9\">Lea la historia completa<\/a>\n\t\t\t\t\t\t\t\t<\/div>\n\t\t\t\t\t\t\t<\/div>\n\t\t\t\t\t\t\t<div class=\"co-fms--story-img_wrap\"><div class=\"co-fms--story-img_mask\"><img decoding=\"async\" width=\"400\" height=\"400\" src=\"https:\/\/www.pointwestcu.com\/files\/2024\/03\/54.jpg\" class=\"co-fms--story-img\" alt=\"\" loading=\"lazy\" srcset=\"https:\/\/www.pointwestcu.com\/files\/2024\/03\/54.jpg 400w, https:\/\/www.pointwestcu.com\/files\/2024\/03\/54-300x300.jpg 300w, https:\/\/www.pointwestcu.com\/files\/2024\/03\/54-150x150.jpg 150w, https:\/\/www.pointwestcu.com\/files\/2024\/03\/54-12x12.jpg 12w, https:\/\/www.pointwestcu.com\/files\/2024\/03\/54-396x396.jpg 396w, https:\/\/www.pointwestcu.com\/files\/2024\/03\/54-350x350.jpg 350w\" sizes=\"auto, (max-width: 400px) 100vw, 400px\" \/><\/div><\/div>\t\t\t\t\t\t<\/div>\n\t\t\t\t\t<\/div>\n\t\t\t\t\t\t\t\t\t<div class=\"pcol-md:12 pcol-xl:9\">\n\t\t\t\t\t\t<div class=\"co-fms--story left\">\n\t\t\t\t\t\t\t\t\t\t\t\t\t\t\t<svg class=\"svg-dotted\" width=\"259\" height=\"267\" viewbox=\"0 0 259 267\" fill=\"none\" xmlns=\"http:\/\/www.w3.org\/2000\/svg\">\n\t\t\t\t\t\t\t\t\t<path d=\"M256.056 0.999978L247.556 34.4981C237.556 64.4995 215.758 93.057 166.056 109.5C99.5557 131.5 79.0557 141.005 57.5556 155.5C4.55565 191.23 6.65324 223.516 4.55565 237C1.05548 259.5 4.55565 246.997 4.55565 266.497\" stroke=\"black\" stroke-width=\"6\" stroke-linejoin=\"round\" stroke-dasharray=\"20 20\"\/>\n\t\t\t\t\t\t\t\t<\/svg>\n\t\t\t\t\t\t\t\n\t\t\t\t\t\t\t<div class=\"co-fms--story-content-wrap\">\n\t\t\t\t\t\t\t\t<div class=\"co-fms--story-content\">\n\t\t\t\t\t\t\t\t\t<h2 class=\"co-fms--story-name\">Keith<\/h2><div class=\"co-fms--story-desc text-component\">\u201cHe tenido cuentas en bancos y cooperativas de cr\u00e9dito, y las cooperativas de cr\u00e9dito siempre me han ayudado. El servicio al cliente y la sensaci\u00f3n que tengo cuando entro en la sucursal son incre\u00edbles. Todos son muy amables aqu\u00ed\u201d.<\/div>\t\t\t\t\t\t\t\t\t<a href=\"https:\/\/www.pointwestcu.com\/es\/historia-de-un-miembro\/keith\/\" class=\"co-fms--story-link co-button__secondary\" aria-label=\"Lea la historia de Keith\">Lea la historia completa<\/a>\n\t\t\t\t\t\t\t\t<\/div>\n\t\t\t\t\t\t\t<\/div>\n\t\t\t\t\t\t\t<div class=\"co-fms--story-img_wrap\"><div class=\"co-fms--story-img_mask\"><img decoding=\"async\" width=\"400\" height=\"400\" src=\"https:\/\/www.pointwestcu.com\/files\/2024\/03\/37.jpg\" class=\"co-fms--story-img\" alt=\"Miembro de PW sonriendo y posando para la c\u00e1mara.\" loading=\"lazy\" srcset=\"https:\/\/www.pointwestcu.com\/files\/2024\/03\/37.jpg 400w, https:\/\/www.pointwestcu.com\/files\/2024\/03\/37-300x300.jpg 300w, https:\/\/www.pointwestcu.com\/files\/2024\/03\/37-150x150.jpg 150w, https:\/\/www.pointwestcu.com\/files\/2024\/03\/37-12x12.jpg 12w, https:\/\/www.pointwestcu.com\/files\/2024\/03\/37-396x396.jpg 396w, https:\/\/www.pointwestcu.com\/files\/2024\/03\/37-350x350.jpg 350w\" sizes=\"auto, (max-width: 400px) 100vw, 400px\" \/><\/div><\/div>\t\t\t\t\t\t<\/div>\n\t\t\t\t\t<\/div>\n\t\t\t\t\t\t\t<\/div>\n\t\t<\/div>\n\t\t<div class=\"co-fms--heart\">\n\t\t\t<svg class=\"curvy-line\" width=\"259\" height=\"267\" viewbox=\"0 0 259 267\" fill=\"none\" xmlns=\"http:\/\/www.w3.org\/2000\/svg\">\n\t\t\t\t<path d=\"M3 0.999978L11.5 34.4981C21.5 64.4995 43.2973 93.057 93 109.5C159.5 131.5 180 141.005 201.5 155.5C254.5 191.23 252.402 223.516 254.5 237C258 259.5 254.5 246.997 254.5 266.497\" stroke=\"black\" stroke-width=\"6\" stroke-linejoin=\"round\" stroke-dasharray=\"20 20\"\/>\n\t\t\t<\/svg>\n\t\t\t<svg class=\"heart-svg\" width=\"100\" height=\"91\" viewbox=\"0 0 100 91\" fill=\"none\" xmlns=\"http:\/\/www.w3.org\/2000\/svg\">\n\t\t\t\t<path d=\"M9.27712 53.3352C17.7064 65.4088 42.1782 82.5929 52.5792 90.2757C54.1712 90.2757 85.4803 61.2773 91.7972 53.3352C97.0708 46.7048 99.3835 39.4431 97.1548 30.6027C94.926 21.7622 86.6477 12.9217 72.9566 12.2903C62.0037 11.7851 54.1805 19.8473 51.421 23.5308C33.435 4.6581 15.4375 14.6786 11.2984 18.4674C7.15921 22.2561 -2.18516 36.9173 9.27712 53.3352Z\" fill=\"#E04403\"\/>\n\t\t\t\t<path d=\"M8.50466 44.0676C16.934 56.1412 41.4057 73.3253 51.8067 81.0081C53.3987 81.0081 84.7079 52.0097 91.0248 44.0676C96.2984 37.4372 98.6111 30.1755 96.3823 21.3351C94.1535 12.4946 85.8752 3.65415 72.1841 3.02268C61.2312 2.51751 53.408 10.5797 50.6486 14.2632C32.6626 -4.60948 14.6651 5.41101 10.5259 9.19978C6.38674 12.9886 -2.95762 27.6497 8.50466 44.0676Z\" stroke=\"#0B262D\" stroke-width=\"5\"\/>\n\t\t\t<\/svg>\n\t\t\t\t\t<\/div>\n\t<\/div>\n<\/div><\/div>\n\n<div class=\"co-flex_row co-flex_row__white co-flex_row__single-path-cta\" ><div class=\"co-flex_row--row co-row\">\t<div class=\"co-sp_cta\">\n\t\t<div class=\"co-sp_cta--inner\">\n\t\t\t\t\t<header class=\"co-intro_text\">\n\t\t\t<h2 class=\"co-intro_text--title\">\u00bfLe gustar\u00eda descubrir la diferencia de Point West?<\/h2>\t\t<\/header>\n\t\t<a class=\"co-sp_cta--button\" href=\"https:\/\/www.pointwestcu.com\/es\/cuenta-abierta\/\" target=\"_blank\" >Abra su cuenta<\/a>\t\t<\/div>\n\t<\/div>\n<\/div><\/div>\n\n<div class=\"co-flex_row co-flex_row__last co-flex_row__back-to-top\" ><div class=\"co-flex_row--row co-row\"><div class=\"co-back_top\">\t\n  <a class=\"co-back_top--link\" href=\"#\" aria-label=\"\">\n\tVolver arriba\t<svg class=\"co-back_top--link_icon\" aria-label=\"Volver arriba\" width=\"18\" height=\"27\" viewbox=\"0 0 18 27\" fill=\"none\" xmlns=\"http:\/\/www.w3.org\/2000\/svg\">\n\t\t<path fill-rule=\"evenodd\" clip-rule=\"evenodd\" d=\"M0.357965 8.16977L8.1358 0.359459C8.61308 -0.119821 9.38692 -0.119821 9.8642 0.359459L17.642 8.16977C18.1193 8.64905 18.1193 9.42612 17.642 9.9054C17.1647 10.3847 16.3909 10.3847 15.9136 9.9054L10.2222 4.19017L10.2222 25.7727C10.2222 26.4505 9.67498 27 9 27C8.32502 27 7.77783 26.4505 7.77783 25.7727L7.77783 4.19017L2.08637 9.9054C1.60909 10.3847 0.835252 10.3847 0.357965 9.9054C-0.119321 9.42612 -0.119321 8.64905 0.357965 8.16977Z\" fill=\"#FAAA64\"\/>\n\t<\/svg>\n  <\/a>\n<\/div>\n<\/div><\/div>","protected":false},"excerpt":{"rendered":"","protected":false},"author":1,"featured_media":0,"parent":2643,"menu_order":0,"comment_status":"closed","ping_status":"closed","template":"","meta":{"_acf_changed":false,"_searchwp_excluded":"","footnotes":""},"class_list":["post-2651","page","type-page","status-publish","hentry"],"acf":[],"yoast_head":"<!-- This site is optimized with the Yoast SEO plugin v27.6 - https:\/\/yoast.com\/product\/yoast-seo-wordpress\/ -->\n<title>What Makes Us Different - Point West Credit Union<\/title>\n<meta name=\"robots\" content=\"index, follow, max-snippet:-1, max-image-preview:large, max-video-preview:-1\" \/>\n<link rel=\"canonical\" href=\"https:\/\/www.pointwestcu.com\/es\/acerca-de\/lo-que-nos-hace-diferentes\/\" \/>\n<meta property=\"og:locale\" content=\"es_ES\" \/>\n<meta property=\"og:type\" content=\"article\" \/>\n<meta property=\"og:title\" content=\"What Makes Us Different - Point West Credit Union\" \/>\n<meta property=\"og:url\" content=\"https:\/\/www.pointwestcu.com\/es\/acerca-de\/lo-que-nos-hace-diferentes\/\" \/>\n<meta property=\"og:site_name\" content=\"Point West Credit Union\" \/>\n<meta property=\"article:modified_time\" content=\"2024-12-16T23:54:24+00:00\" \/>\n<meta name=\"twitter:card\" content=\"summary_large_image\" \/>\n<meta name=\"twitter:label1\" content=\"Est. reading time\" \/>\n\t<meta name=\"twitter:data1\" content=\"2 minutos\" \/>\n<script type=\"application\/ld+json\" class=\"yoast-schema-graph\">{\"@context\":\"https:\\\/\\\/schema.org\",\"@graph\":[{\"@type\":\"WebPage\",\"@id\":\"https:\\\/\\\/www.pointwestcu.com\\\/about\\\/what-makes-us-different\\\/\",\"url\":\"https:\\\/\\\/www.pointwestcu.com\\\/about\\\/what-makes-us-different\\\/\",\"name\":\"What Makes Us Different - Point West Credit Union\",\"isPartOf\":{\"@id\":\"https:\\\/\\\/www.pointwestcu.com\\\/#website\"},\"datePublished\":\"2024-05-03T19:13:47+00:00\",\"dateModified\":\"2024-12-16T23:54:24+00:00\",\"breadcrumb\":{\"@id\":\"https:\\\/\\\/www.pointwestcu.com\\\/about\\\/what-makes-us-different\\\/#breadcrumb\"},\"inLanguage\":\"es-ES\",\"potentialAction\":[{\"@type\":\"ReadAction\",\"target\":[\"https:\\\/\\\/www.pointwestcu.com\\\/about\\\/what-makes-us-different\\\/\"]}]},{\"@type\":\"BreadcrumbList\",\"@id\":\"https:\\\/\\\/www.pointwestcu.com\\\/about\\\/what-makes-us-different\\\/#breadcrumb\",\"itemListElement\":[{\"@type\":\"ListItem\",\"position\":1,\"name\":\"Home\",\"item\":\"https:\\\/\\\/www.pointwestcu.com\\\/\"},{\"@type\":\"ListItem\",\"position\":2,\"name\":\"About\",\"item\":\"https:\\\/\\\/www.pointwestcu.com\\\/about\\\/\"},{\"@type\":\"ListItem\",\"position\":3,\"name\":\"What Makes Us Different\"}]},{\"@type\":\"WebSite\",\"@id\":\"https:\\\/\\\/www.pointwestcu.com\\\/#website\",\"url\":\"https:\\\/\\\/www.pointwestcu.com\\\/\",\"name\":\"Point West Credit Union\",\"description\":\"People Helping People\",\"potentialAction\":[{\"@type\":\"SearchAction\",\"target\":{\"@type\":\"EntryPoint\",\"urlTemplate\":\"https:\\\/\\\/www.pointwestcu.com\\\/?s={search_term_string}\"},\"query-input\":{\"@type\":\"PropertyValueSpecification\",\"valueRequired\":true,\"valueName\":\"search_term_string\"}}],\"inLanguage\":\"es-ES\"}]}<\/script>\n<!-- \/ Yoast SEO plugin. -->","yoast_head_json":{"title":"Qu\u00e9 nos hace diferentes - Point West Credit Union","robots":{"index":"index","follow":"follow","max-snippet":"max-snippet:-1","max-image-preview":"max-image-preview:large","max-video-preview":"max-video-preview:-1"},"canonical":"https:\/\/www.pointwestcu.com\/es\/acerca-de\/lo-que-nos-hace-diferentes\/","og_locale":"es_ES","og_type":"article","og_title":"What Makes Us Different - Point West Credit Union","og_url":"https:\/\/www.pointwestcu.com\/es\/acerca-de\/lo-que-nos-hace-diferentes\/","og_site_name":"Point West Credit Union","article_modified_time":"2024-12-16T23:54:24+00:00","twitter_card":"summary_large_image","twitter_misc":{"Est. reading time":"2 minutos"},"schema":{"@context":"https:\/\/schema.org","@graph":[{"@type":"WebPage","@id":"https:\/\/www.pointwestcu.com\/about\/what-makes-us-different\/","url":"https:\/\/www.pointwestcu.com\/about\/what-makes-us-different\/","name":"Qu\u00e9 nos hace diferentes - Point West Credit Union","isPartOf":{"@id":"https:\/\/www.pointwestcu.com\/#website"},"datePublished":"2024-05-03T19:13:47+00:00","dateModified":"2024-12-16T23:54:24+00:00","breadcrumb":{"@id":"https:\/\/www.pointwestcu.com\/about\/what-makes-us-different\/#breadcrumb"},"inLanguage":"es-ES","potentialAction":[{"@type":"ReadAction","target":["https:\/\/www.pointwestcu.com\/about\/what-makes-us-different\/"]}]},{"@type":"BreadcrumbList","@id":"https:\/\/www.pointwestcu.com\/about\/what-makes-us-different\/#breadcrumb","itemListElement":[{"@type":"ListItem","position":1,"name":"Home","item":"https:\/\/www.pointwestcu.com\/"},{"@type":"ListItem","position":2,"name":"About","item":"https:\/\/www.pointwestcu.com\/about\/"},{"@type":"ListItem","position":3,"name":"What Makes Us Different"}]},{"@type":"WebSite","@id":"https:\/\/www.pointwestcu.com\/#website","url":"https:\/\/www.pointwestcu.com\/","name":"Point West Credit Union","description":"Gente Ayudando a Gente","potentialAction":[{"@type":"SearchAction","target":{"@type":"EntryPoint","urlTemplate":"https:\/\/www.pointwestcu.com\/?s={search_term_string}"},"query-input":{"@type":"PropertyValueSpecification","valueRequired":true,"valueName":"search_term_string"}}],"inLanguage":"es-ES"}]}},"_links":{"self":[{"href":"https:\/\/www.pointwestcu.com\/es\/wp-json\/wp\/v2\/pages\/2651","targetHints":{"allow":["GET"]}}],"collection":[{"href":"https:\/\/www.pointwestcu.com\/es\/wp-json\/wp\/v2\/pages"}],"about":[{"href":"https:\/\/www.pointwestcu.com\/es\/wp-json\/wp\/v2\/types\/page"}],"author":[{"embeddable":true,"href":"https:\/\/www.pointwestcu.com\/es\/wp-json\/wp\/v2\/users\/1"}],"replies":[{"embeddable":true,"href":"https:\/\/www.pointwestcu.com\/es\/wp-json\/wp\/v2\/comments?post=2651"}],"version-history":[{"count":0,"href":"https:\/\/www.pointwestcu.com\/es\/wp-json\/wp\/v2\/pages\/2651\/revisions"}],"up":[{"embeddable":true,"href":"https:\/\/www.pointwestcu.com\/es\/wp-json\/wp\/v2\/pages\/2643"}],"wp:attachment":[{"href":"https:\/\/www.pointwestcu.com\/es\/wp-json\/wp\/v2\/media?parent=2651"}],"curies":[{"name":"gracias","href":"https:\/\/api.w.org\/{rel}","templated":true}]}}