{"id":2649,"date":"2024-05-03T12:13:47","date_gmt":"2024-05-03T19:13:47","guid":{"rendered":"https:\/\/pointwest.local\/about\/point-west\/"},"modified":"2025-01-07T14:14:31","modified_gmt":"2025-01-07T22:14:31","slug":"apuntar-al-oeste","status":"publish","type":"page","link":"https:\/\/www.pointwestcu.com\/es\/acerca-de\/apuntar-al-oeste\/","title":{"rendered":"Acerca de Point West"},"content":{"rendered":"<div class=\"co-flex_row co-flex_row__page-hero\" ><div class=\"co-flex_row--row co-row\">\t<header class=\"co-page_hero  co-page_hero__calypso co-page_hero__has_image display-img-desktop\" aria-label=\"Encabezado: Acerca de Point West\">\n\t\t<div class=\"co-page_hero--inner\">\n\t\t\t<div class=\"prow items-center gap:5\">\n\t\t\t\t\t\t\t\t\t<div class=\"co-page_hero--media pcol-lg:5\">\n\t\t\t\t\t\t<div class=\"co-page_hero--img_wrap\">\n\t\t\t\t\t\t\t<img loading=\"lazy\" decoding=\"async\" width=\"400\" height=\"400\" src=\"https:\/\/www.pointwestcu.com\/files\/2024\/03\/PWCU-logo_only_ORANGE-1-e1728064038186.jpg\" class=\"co-page_hero--img\" alt=\"Logotipo naranja de PWCU\" \/>\t\t\t\t\t\t\t<!-- <div class=\"co-page_hero--blob\"><\/div> -->\n\t\t\t\t\t\t\t<div class=\"co-page_hero--blob left\">\n\t\t\t\t\t\t\t\t<div class=\"ps-blob\">\n\t\t\t\t\t\t\t\t\t<svg xmlns=\"http:\/\/www.w3.org\/2000\/svg\" viewbox=\"0 0 346 350\">\n\t\t\t\t\t\t\t\t\t\t<path d=\"M251.828 345.182c40.089-12.626 112.781-76.278 88.995-177.474-9.514-40.478-20.053-68.213-37.817-101.823C274.109 2.01 196.228-7.4 146.551 5.697 63.31 27.644-10.879 98.755 2.465 197.03c13.345 98.273 60.132 113.469 85.659 124.795 48.095 21.341 123.614 35.985 163.704 23.358Z\"\/>\n\t\t\t\t\t\t\t\t\t<\/svg>\n\t\t\t\t\t\t\t\t<\/div>\n\t\t\t\t\t\t\t<\/div>\n\t\t\t\t\t\t\t<div class=\"co-page_hero--blob right\">\n\t\t\t\t\t\t\t\t<div class=\"ps-blob\">\n\t\t\t\t\t\t\t\t\t<svg xmlns=\"http:\/\/www.w3.org\/2000\/svg\" viewbox=\"0 0 373 387\">\n\t\t\t\t\t\t\t\t\t\t<path d=\"M248.84 12.929c-39.932-20.483-141.923-26.03-197.127 70.37C29.63 121.86 17.586 151.316 6.82 190.782c-24.19 71.33 28.748 137.43 76.38 164.787 79.812 45.84 188.368 46.736 249.464-39.516 61.095-86.252 36.22-133.357 24.852-161.411-21.419-52.857-68.745-121.23-108.677-141.712Z\"\/>\n\t\t\t\t\t\t\t\t\t<\/svg>\n\t\t\t\t\t\t\t\t<\/div>\n\t\t\t\t\t\t\t<\/div>\n\t\t\t\t\t\t<\/div>\n\t\t\t\t\t<\/div>\n\t\t\t\t\t\t\t\t<div class=\"co-page_hero--text pcol-lg:7\">\n\t\t\t\t\t\t\t\t\t\t<h1 class=\"co-page_hero--title\">\n\t\t\t\t\t\tAcerca de Point West\t\t\t\t\t<\/h1>\n\t\t\t\t\t<p class=\"co-page_hero--tagline\">Conozca nuestra trayectoria como la cooperativa de propiedad de los miembros de Portland y nuestra misi\u00f3n cuyo objetivo es brindar a todos inclusi\u00f3n financiera.<\/p>\t\t\t\t\t\t<div class=\"co-page_hero--buttons\">\n\t\t\t\t\t\t\t<a class=\"co-page_hero--button\" href=\"https:\/\/www.pointwestcu.com\/es\/cuenta-abierta\/\"  >H\u00e1gase miembro hoy mismo<\/a>\t\t\t\t\t\t<\/div>\n\t\t\t\t\t\t\t\t\t\t<\/div>\n\t\t\t\t\t\t\t<\/div>\n\t\t<\/div>\n\t<\/header>\n<\/div><\/div>\n\n<div class=\"co-flex_row co-flex_row__gray co-flex_row__next_row_diff co-flex_row__columns\" ><div class=\"co-flex_row--row co-row\">\t<div class=\"co-columns\">\n\t\t\t\t<header class=\"co-intro_text has_intro\">\n\t\t\t<h2 class=\"co-intro_text--title\">Nuestro impacto y misi\u00f3n<\/h2><div class=\"co-intro_text--intro text-component\"><p>Nos enfocamos en empoderar a las comunidades marginadas a trav\u00e9s de servicios financieros asequibles, productos innovadores y asociaciones s\u00f3lidas. Nuestra misi\u00f3n se basa en la igualdad y la inclusi\u00f3n.<\/p>\n<\/div>\t\t<\/header>\n\t\t\t\t\t<div class=\"co-columns--row prow prow-md:2 prow-lg:3 co-columns--row__icons justify-center\">\n\t\t\t\t\t\t\t\t\t<div class=\"co-columns--box\">\n\t\t\t\t\t\t<div class=\"co-columns--box_icon_w\">\t<svg\n\t\tclass=\"co-columns--box_icon Reward\"\n\t\tviewbox=\"0 0 92 87\"\n\t\twidth=\"92\"\n\t\theight=\"87\"\n\t>\n\t\t<title>Premio<\/title>\n\t\t<path fill=\"#00687F\" d=\"m46.02 0 11.36 32.53 34.62.7-27.6 20.8L74.44 87 46.02 67.33 17.57 87 27.6 54.04 0 33.24l34.63-.7L46.02 0Z\"\/>\t<\/svg>\n<\/div><h3 class=\"co-columns--box_headline\" >Designaciones Juntos Avanzamos y CDFI<\/h3><div class=\"co-columns--box_desc text-component\"><p>Point West se ha ganado dos prestigiosas designaciones gracias a su compromiso de atender a comunidades diversas y desatendidas: <a href=\"https:\/\/juntosavanzamos.org\/\">Juntos Avanzamos<\/a> y <a href=\"https:\/\/www.cdfifund.gov\/\">Instituci\u00f3n Financiera de Desarrollo Comunitario (CDFI)<\/a> .<\/p>\n<\/div><div class=\"co-columns--box_button\"><\/div>\t\t\t\t\t<\/div>\n\t\t\t\t\t\t\t\t\t<div class=\"co-columns--box\">\n\t\t\t\t\t\t<div class=\"co-columns--box_icon_w\">\t<svg\n\t\tclass=\"co-columns--box_icon Check\"\n\t\tviewbox=\"0 0 92 49\"\n\t\twidth=\"92\"\n\t\theight=\"49\"\n\t>\n\t\t<title>Controlar<\/title>\n\t\t<g fill=\"#00687F\"><path d=\"M76.5 43.88H7.8V11.13h54.36L70.56 6H0v43h84.3V15.21l-7.8 4.77v23.9Z\"\/><path d=\"m60.27 17.92 3.32 6.03L88.5 7.47l-3.32-6.03-24.92 16.48Zm-1.3 2.5-2.53 4.15 4.52-.53-2-3.62ZM91.73 1.3c-.78-1.5-3.1-1.7-5.49-.62l3.25 6.2c2.03-1.74 3.03-4.06 2.24-5.58ZM30.64 38.13c.27.15.6.17.82.04l3.76-2.18a4.13 4.13 0 0 1 1.9-.57l.23.16c.4.21.82.27 1.19.2.36.2.64.5.84.89a3.52 3.52 0 0 0 2.14 1.85c1.37.38 2.9-.1 4.2-1.37l1.64-1.6a5.4 5.4 0 0 1 1.41-1.02 2.15 2.15 0 0 0 .73.46l.25 2.79c.04.4 3.03 3.2 3.5 3.26.44.06 2.65-.54-1.88-3.05l-.26-3.07-.04-.28.1-.17c.3-.64-.08-1.5-.87-1.93-.76-.4-1.62-.23-1.92.4-.73.19-1.52.67-2.32 1.45L44.42 36c-1.09 1.07-2.14 1.24-2.74 1.07-.36-.1-.64-.35-.84-.78a3.92 3.92 0 0 0-1.44-1.62c-.02-.52-.4-1.1-.98-1.42-.77-.42-1.64-.23-1.95.41l-.09.3c-.75.07-1.51.3-2.23.71l-3.76 2.18c-.34.2-.37.66-.09 1.03.1.12.22.22.34.28v-.02ZM17.99 19.14h24.28c.5 0 .89-.43.89-.97 0-.55-.4-.97-.9-.97H18c-.5 0-.9.42-.9.97 0 .54.4.97.9.97Zm0 6.46h24.28c.5 0 .89-.43.89-.97 0-.55-.4-.98-.9-.98H18c-.5 0-.9.43-.9.98 0 .54.4.97.9.97Z\"\/><\/g>\t<\/svg>\n<\/div><h3 class=\"co-columns--box_headline\" >$2 millones en subvenciones para peque\u00f1os negocios<\/h3><div class=\"co-columns--box_desc text-component\"><p>Durante la pandemia de COVID-19, Point West Credit Union se convirti\u00f3 en un recurso financiero esencial para las comunidades infrarrepresentadas y los peque\u00f1os negocios locales. En colaboraci\u00f3n con dependencias gubernamentales locales, facilitamos la distribuci\u00f3n de $2 millones en subvenciones de emergencia para peque\u00f1os negocios a trav\u00e9s de <a href=\"https:\/\/www.oregon.gov\/biz\/pages\/default.aspx\">Negocios en Oreg\u00f3n<\/a>.<\/p>\n<\/div><div class=\"co-columns--box_button\"><\/div>\t\t\t\t\t<\/div>\n\t\t\t\t\t\t\t\t\t<div class=\"co-columns--box\">\n\t\t\t\t\t\t<div class=\"co-columns--box_icon_w\">\t<svg\n\t\tclass=\"co-columns--box_icon TransactionAlert\"\n\t\tviewbox=\"0 0 55 92\"\n\t\twidth=\"55\"\n\t\theight=\"92\"\n\t>\n\t\t<title>Alerta de transacci\u00f3n<\/title>\n\t\t<path fill=\"#00687F\" d=\"M16.46 38.93v5.23A22.5 22.5 0 0 1 22.38 0a22.45 22.45 0 0 1 22.38 22.48A22.5 22.5 0 0 1 31.4 43.04v-.06l-.21-5.44A17.5 17.5 0 0 0 22.37 5a17.51 17.51 0 0 0-5.91 33.94Zm12.3 9.03 18.53 1.86c2.78 0 7.71 3.08 7.71 5.86l-2.53 21.96A14.91 14.91 0 0 1 37.53 92c-2.9 0-5.6-.83-7.9-2.25a7.5 7.5 0 0 1-2.27-1.72 14.92 14.92 0 0 1-3.2-4.24c-3.46-4.66-6.56-9.3-9.67-13.95a333.68 333.68 0 0 0-9.72-14.02 28.22 28.22 0 0 0-1.84-2.13C.94 51.55-1.15 49.3.74 48.18c3-1.75 9.5-.22 11.4 2.34l.52.55c1.47 1.55 5.6 5.92 6.85 7.59V21.44c0-2.66.97-4.88 3.65-4.88 2.67 0 4.9 2.22 4.9 4.88 0 4.42.18 8.84.36 13.26.17 4.42.35 8.84.35 13.26Z\" \/>\t<\/svg>\n<\/div><h3 class=\"co-columns--box_headline\" >120 pr\u00e9stamos del PPP<\/h3><div class=\"co-columns--box_desc text-component\"><p>Como respuesta a los efectos econ\u00f3micos de la pandemia, Point West tom\u00f3 medidas inmediatas para apoyar a los peque\u00f1os negocios a trav\u00e9s del Programa de Protecci\u00f3n de Cheques de Pago (PPP, por su sigla en ingl\u00e9s). Repartimos a los negocios necesitados 120 pr\u00e9stamos del PPP, cuyo promedio individual fue de $15,000.<\/p>\n<\/div><div class=\"co-columns--box_button\"><\/div>\t\t\t\t\t<\/div>\n\t\t\t\t\t\t\t<\/div>\n\t\t\t<div class=\"co-columns--cta\"><p><span class=\"italic\">*La designaci\u00f3n de <a href=\"https:\/\/juntosavanzamos.org\/\">Juntos Avanzamos<\/a> reconoce nuestra dedicaci\u00f3n a ofrecer servicios financieros de relevancia cultural y dar apoyo a la comunidad hispanohablante. Por otra parte, nuestra <a href=\"https:\/\/www.cdfifund.gov\/\">certificaci\u00f3n de CDFI<\/a> comunica nuestra rutinaria misi\u00f3n de ofrecer productos financieros asequibles y equitativos y servicios a las poblaciones desatendidas. Estas designaciones no solo validan nuestra labor, sino que reafirman nuestro compromiso con la justicia econ\u00f3mica y el empoderamiento financiero de todos los miembros, independientemente de sus or\u00edgenes o circunstancias.<\/span><\/p>\n<\/div>\t<\/div>\n<\/div><\/div>\n\n<div class=\"co-flex_row co-flex_row__white co-flex_row__next_row_diff co-flex_row__long-form-text\" id=\"history\"><div class=\"co-flex_row--row co-row\">\t<div class=\"co-long_form\">\n\t\t\t\t\t<div class=\"co-long_form--block prow items-start\">\n\t\t\t\t<div class=\"co-long_form--text pcol-md:6 offset-md:1\">\n\t\t\t\t\t<h2 class=\"co-long_form--headline\" >Nuestra Historia<\/h2><div class=\"co-long_form--content text-component\"><p style=\"text-align: left;\">Point West Credit Union comenz\u00f3 en 1934 con el nombre de Multnomah County Employees Credit Union, como la cooperativa financiera de los funcionarios del condado. A lo largo de las d\u00e9cadas ampliamos nuestra membres\u00eda y misi\u00f3n, y nos fusionamos con NAACP Credit Union en 1991 y Hacienda Community Credit Union en 2005. Estas asociaciones profundizaron nuestro compromiso de atender a las comunidades infrarrepresentadas en toda el \u00e1rea metropolitana de Portland.<\/p>\n<p style=\"text-align: left;\">Durante la Gran Recesi\u00f3n, fuimos testigos de los desaf\u00edos a los que se enfrentan las comunidades marginadas para obtener acceso a servicios financieros, lo que inspir\u00f3 un cambio fundamental en nuestra misi\u00f3n: obtener la certificaci\u00f3n de <a href=\"https:\/\/www.cdfifund.gov\/\">Instituci\u00f3n Financiera de Desarrollo Comunitario (CDFI)<\/a> en 2013. Nuestro enfoque en servicios financieros asequibles e inclusivos marc\u00f3 hitos como lograr la <a href=\"https:\/\/ncua.gov\/support-services\/credit-union-resources-expansion\/field-membership-expansion\/low-income-credit-union-designation\">Designaci\u00f3n de Bajos Recursos (LID, por su sigla en ingl\u00e9s)<\/a>, ampliar nuestro campo de acci\u00f3n y recibir la prestigiosa designaci\u00f3n de <a href=\"https:\/\/juntosavanzamos.org\/\">Juntos Avanzamos<\/a> en reconocimiento a nuestro apoyo a la comunidad hispanohablante.<\/p>\n<p style=\"text-align: left;\">A trav\u00e9s de los a\u00f1os, Point West ha promovido constantemente la justicia y el empoderamiento econ\u00f3micos, ofreciendo productos como los pr\u00e9stamos ITIN y basados en comisiones, los micropr\u00e9stamos y las Cuentas de desarrollo individual (IDA, por su sigla en ingl\u00e9s). La pandemia de COVID-19 puso a prueba nuestro compromiso, pero nos mantuvimos firmes, otorgando pr\u00e9stamos para peque\u00f1os negocios y ayuda de emergencia esenciales a la vez que continu\u00e1bamos siendo un recurso de confianza para los grupos infrarrepresentados.<\/p>\n<p style=\"text-align: left;\">Hoy en d\u00eda seguimos ampliando nuestro alcance e impacto y ayudando a las personas y peque\u00f1os negocios a lograr estabilidad y \u00e9xito financieros. Junto a nuestros miembros y socios comunitarios, nos empe\u00f1amos tenazmente en fomentar un sistema m\u00e1s inclusivo y equitativo para todos.<\/p>\n<\/div>\t\t\t\t<\/div>\n\t\t\t\t\t\t\t\t\t<div class=\"pcol-md:4\">\n\t\t\t\t\t\t<div class=\"co-long_form--media\">\n\t\t\t\t\t\t\t<img loading=\"lazy\" decoding=\"async\" width=\"300\" height=\"300\" src=\"https:\/\/www.pointwestcu.com\/files\/2024\/11\/mom-son-pw330-300x300.jpg\" class=\"co-long_form--image\" alt=\"Mam\u00e1 e hijo\" srcset=\"https:\/\/www.pointwestcu.com\/files\/2024\/11\/mom-son-pw330-300x300.jpg 300w, https:\/\/www.pointwestcu.com\/files\/2024\/11\/mom-son-pw330-150x150.jpg 150w, https:\/\/www.pointwestcu.com\/files\/2024\/11\/mom-son-pw330-12x12.jpg 12w, https:\/\/www.pointwestcu.com\/files\/2024\/11\/mom-son-pw330.jpg 330w\" sizes=\"auto, (max-width: 300px) 100vw, 300px\" \/>\t\t\t\t\t\t<\/div>\n\t\t\t\t\t<\/div>\n\t\t\t\t\t\t\t<\/div>\n\t\t\t\t<\/div>\n<\/div><\/div>\n\n<div class=\"co-flex_row co-flex_row__blue co-flex_row__next_row_diff co-flex_row__tabs\" ><div class=\"co-flex_row--row co-row\">\t<div class=\"co-tabs\">\n\t\t\t\t\t<div class=\"co-tabs--tabs js-tabs\">\n\t\t\t\t<nav class=\"co-tabs--nav\" aria-label=\"Tabs Navigation 6a03a88212792\">\n\t\t\t\t\t\t\t\t\t\t\t<button\n\t\t\t\t\t\t\tclass=\"co-tabs--nav_toggle\t\t\t\t\t\t\t\tjs-tab_toggle\t\t\t\t\t\t\t\tjs-tab_toggle_large\"\n\t\t\t\t\t\t\tdata-tabtitle=\"frommultcoemployeestopointwestcreditunion\"\n\t\t\t\t\t\t\tdata-tabindex=\"0_frommultcoemployeestopointwestcreditunion\"\n\t\t\t\t\t\t\taria-label=\"Abierto de los empleados de Multco a la cooperativa de cr\u00e9dito Point West\"\n\t\t\t\t\t\t>\n\t\t\t\t\t\t\tDe Multco Employees a Point West Credit Union\t\t\t\t\t\t<\/button>\n\t\t\t\t\t\t\t\t\t<\/nav>\n\n\t\t\t\t<div class=\"co-tabs--panels\">\n\t\t\t\t\t\t\t\t\t\t\t<div class=\"co-tab js-tab co-tab__0\">\n\t\t\t\t\t\t\t<button\n\t\t\t\t\t\t\t\tclass=\"co-tab--toggle\t\t\t\t\t\t\t\t\tjs-tab_toggle\"\n\t\t\t\t\t\t\t\tdata-tabindex=\"0_frommultcoemployeestopointwestcreditunion\"\n\t\t\t\t\t\t\t\taria-label=\"Abrir pesta\u00f1a m\u00f3vil De Empleados de Multco a Point West Credit Union\"\n\t\t\t\t\t\t\t>\n\t\t\t\t\t\t\t\tDe Multco Employees a Point West Credit Union\t\t\t\t\t\t\t<\/button>\n\t\t\t\t\t\t\t<section\n\t\t\t\t\t\t\t\tclass=\"co-tab--content\t\t\t\t\t\t\t\t\tco-row\t\t\t\t\t\t\t\t\tjs-tab_content\t\t\t\t\t\t\t\t\ttext-component\"\n\t\t\t\t\t\t\t\taria-label=\"Contenido de la pesta\u00f1a De los empleados de Multco a la cooperativa de cr\u00e9dito Point West\"\n\t\t\t\t\t\t\t\tdata-tabindex=\"0_frommultcoemployeestopointwestcreditunion\"\n\t\t\t\t\t\t\t>\n\t\t\t\t\t\t\t\t<p><span style=\"color: #e22726;\"><strong>1934<\/strong>\u00a0<\/span>\u2013 se estableci\u00f3 como Multco Employees Credit Union.<\/p>\n<p><span style=\"color: #e22726;\"><strong>1991<\/strong> <\/span>\u2013 nos fusionamos con NAACP Credit Union.<\/p>\n<p><span style=\"color: #e22726;\"><strong>2005<\/strong> <\/span>\u2013 nos fusionamos con Hacienda Community Credit Union.<\/p>\n<p class=\"translation-block\"><span style=\"color: #e22726\"><strong>2013<\/strong> <\/span>\u2013 recibimos las designaciones de <a href=\"https:\/\/www.cdfifund.gov\/\" target=\"_blank\">CDFI<\/a> y <a href=\"https:\/\/ncua.gov\/support-services\/credit-union-resources-expansion\/field-membership-expansion\/low-income-credit-union-designation\" target=\"_blank\">LID<\/a>.<\/p>\n<p><span style=\"color: #e22726;\"><strong>2016<\/strong> <\/span>\u2013 <a href=\"https:\/\/juntosavanzamos.org\/\">recibimos la designaci\u00f3n de Juntos Avanzamos<\/a>.<\/p>\n\t\t\t\t\t\t\t<\/section>\n\t\t\t\t\t\t<\/div>\n\t\t\t\t\t\t\t\t\t<\/div>\n\t\t\t<\/div>\n\t\t\t<\/div>\n\t<\/div><\/div>\n\n<div class=\"co-flex_row co-flex_row__white co-flex_row__related-products\" ><div class=\"co-flex_row--row co-row\">\t<div class=\"co-rel_prods\">\n\t\t\t\t<header class=\"co-intro_text\">\n\t\t\t<h2 class=\"co-intro_text--title\">\u00bfQuiere conocer a\u00fan m\u00e1s sobre nosotros?<\/h2>\t\t<\/header>\n\t\t\t\t<div class=\"co-rel_prods--row\">\n\t\t\t\t\t\t\t<div class=\"co-rel_prods--cols prow prow-lg:2 justify-center co-rel_prods--cols__4\">\n\t\t\t\t\t\t\t\t\t\t\t<div class=\"co-rel_prods--col\">\n\t\t\t\t\t\t\t<div class=\"co-rel_prods--col_content\">\n\t\t\t\t\t\t\t\t<h3 class=\"co-rel_prods--col_title\">Nuestro Impacto<\/h3><div class=\"co-rel_prods--col_desc text-component\">Point West se compromete a marcar la diferencia en todos los rincones de la comunidad a trav\u00e9s de la educaci\u00f3n, el acceso y el empoderamiento financiero. Nos enorgullece ser una instituci\u00f3n financiera que prioriza los pr\u00e9stamos y los servicios financieros para inmigrantes. Explore nuestras cifras de impacto e historias de miembros para conocer c\u00f3mo generamos cambios duraderos.\r\n\r\n&nbsp;<\/div><a class=\"co-rel_prods--col_cta\" href=\"https:\/\/www.pointwestcu.com\/es\/acerca-de\/nuestro-impacto\/\" target=\"_blank\" aria-label=\"Lea m\u00e1s sobre nuestro impacto\">Leer m\u00e1s<\/a>\t\t\t\t\t\t\t<\/div>\n\t\t\t\t\t\t\t<div class=\"co-rel_prods--col_deco\"><\/div>\n\t\t\t\t\t\t<\/div>\n\t\t\t\t\t\t\t\t\t\t\t\t<div class=\"co-rel_prods--col\">\n\t\t\t\t\t\t\t<div class=\"co-rel_prods--col_content\">\n\t\t\t\t\t\t\t\t<h3 class=\"co-rel_prods--col_title\">Socios comunitarios<\/h3><div class=\"co-rel_prods--col_desc text-component\">Point West cree en el poder de la colaboraci\u00f3n. Nuestros socios comunitarios desempe\u00f1an un papel esencial en ampliar nuestra misi\u00f3n de empoderamiento e inclusi\u00f3n financieros. Juntos, formamos comunidades m\u00e1s unidas y resilientes por medio de objetivos comunes e iniciativas constructivas.<\/div><a class=\"co-rel_prods--col_cta\" href=\"https:\/\/www.pointwestcu.com\/es\/acerca-de\/socios-comunitarios\/\" target=\"_blank\" aria-label=\"Lea m\u00e1s sobre los socios comunitarios\">Leer m\u00e1s<\/a>\t\t\t\t\t\t\t<\/div>\n\t\t\t\t\t\t\t<div class=\"co-rel_prods--col_deco\"><\/div>\n\t\t\t\t\t\t<\/div>\n\t\t\t\t\t\t\t\t\t\t\t\t<div class=\"co-rel_prods--col\">\n\t\t\t\t\t\t\t<div class=\"co-rel_prods--col_content\">\n\t\t\t\t\t\t\t\t<h3 class=\"co-rel_prods--col_title\">Historias de miembros<\/h3><div class=\"co-rel_prods--col_desc text-component\"><p>Cada miembro tiene su propia historia de crecimiento, resiliencia y \u00e9xito. Ent\u00e9rese de las trayectorias personales que fortalecen nuestra comunidad.<\/p>\n<p>&nbsp;<\/p>\n<p>&nbsp;<\/p>\n<\/div><a class=\"co-rel_prods--col_cta\" href=\"https:\/\/www.pointwestcu.com\/es\/acerca-de\/historias-de-miembros\/\" target=\"_blank\" aria-label=\"Lea m\u00e1s sobre las historias de los miembros\">Leer m\u00e1s<\/a>\t\t\t\t\t\t\t<\/div>\n\t\t\t\t\t\t\t<div class=\"co-rel_prods--col_deco\"><\/div>\n\t\t\t\t\t\t<\/div>\n\t\t\t\t\t\t\t\t\t\t\t\t<div class=\"co-rel_prods--col\">\n\t\t\t\t\t\t\t<div class=\"co-rel_prods--col_content\">\n\t\t\t\t\t\t\t\t<h3 class=\"co-rel_prods--col_title\">Bolsa de trabajo<\/h3><div class=\"co-rel_prods--col_desc text-component\"><p>\u00danase a un equipo donde su trabajo lograr\u00e1 cambios significativos en la comunidad. \u00a1Explore oportunidades de crecimiento laboral con nosotros!<\/p>\n<\/div><a class=\"co-rel_prods--col_cta\" href=\"https:\/\/www.pointwestcu.com\/es\/acerca-de\/carreras\/\" target=\"_blank\" aria-label=\"Leer m\u00e1s sobre Carreras\">Leer m\u00e1s<\/a>\t\t\t\t\t\t\t<\/div>\n\t\t\t\t\t\t\t<div class=\"co-rel_prods--col_deco\"><\/div>\n\t\t\t\t\t\t<\/div>\n\t\t\t\t\t\t\t\t\t\t<\/div>\n\t\t\t\t\t<\/div>\n\t<\/div>\n<\/div><\/div>\n\n<div class=\"co-flex_row co-flex_row__last co-flex_row__back-to-top\" ><div class=\"co-flex_row--row co-row\"><div class=\"co-back_top\">\t\n  <a class=\"co-back_top--link\" href=\"#\" aria-label=\"\">\n\tVolver arriba\t<svg class=\"co-back_top--link_icon\" aria-label=\"Volver arriba\" width=\"18\" height=\"27\" viewbox=\"0 0 18 27\" fill=\"none\" xmlns=\"http:\/\/www.w3.org\/2000\/svg\">\n\t\t<path fill-rule=\"evenodd\" clip-rule=\"evenodd\" d=\"M0.357965 8.16977L8.1358 0.359459C8.61308 -0.119821 9.38692 -0.119821 9.8642 0.359459L17.642 8.16977C18.1193 8.64905 18.1193 9.42612 17.642 9.9054C17.1647 10.3847 16.3909 10.3847 15.9136 9.9054L10.2222 4.19017L10.2222 25.7727C10.2222 26.4505 9.67498 27 9 27C8.32502 27 7.77783 26.4505 7.77783 25.7727L7.77783 4.19017L2.08637 9.9054C1.60909 10.3847 0.835252 10.3847 0.357965 9.9054C-0.119321 9.42612 -0.119321 8.64905 0.357965 8.16977Z\" fill=\"#FAAA64\"\/>\n\t<\/svg>\n  <\/a>\n<\/div>\n<\/div><\/div>","protected":false},"excerpt":{"rendered":"","protected":false},"author":1,"featured_media":0,"parent":2643,"menu_order":0,"comment_status":"closed","ping_status":"closed","template":"","meta":{"_acf_changed":false,"_searchwp_excluded":"","footnotes":""},"class_list":["post-2649","page","type-page","status-publish","hentry"],"acf":[],"yoast_head":"<!-- This site is optimized with the Yoast SEO plugin v27.6 - https:\/\/yoast.com\/product\/yoast-seo-wordpress\/ -->\n<title>About Point West - Point West Credit Union<\/title>\n<meta name=\"robots\" content=\"index, follow, max-snippet:-1, max-image-preview:large, max-video-preview:-1\" \/>\n<link rel=\"canonical\" href=\"https:\/\/www.pointwestcu.com\/es\/acerca-de\/apuntar-al-oeste\/\" \/>\n<meta property=\"og:locale\" content=\"es_ES\" \/>\n<meta property=\"og:type\" content=\"article\" \/>\n<meta property=\"og:title\" content=\"About Point West - Point West Credit Union\" \/>\n<meta property=\"og:url\" content=\"https:\/\/www.pointwestcu.com\/es\/acerca-de\/apuntar-al-oeste\/\" \/>\n<meta property=\"og:site_name\" content=\"Point West Credit Union\" \/>\n<meta property=\"article:modified_time\" content=\"2025-01-07T22:14:31+00:00\" \/>\n<meta name=\"twitter:card\" content=\"summary_large_image\" \/>\n<meta name=\"twitter:label1\" content=\"Est. reading time\" \/>\n\t<meta name=\"twitter:data1\" content=\"3 minutos\" \/>\n<script type=\"application\/ld+json\" class=\"yoast-schema-graph\">{\"@context\":\"https:\\\/\\\/schema.org\",\"@graph\":[{\"@type\":\"WebPage\",\"@id\":\"https:\\\/\\\/www.pointwestcu.com\\\/about\\\/point-west\\\/\",\"url\":\"https:\\\/\\\/www.pointwestcu.com\\\/about\\\/point-west\\\/\",\"name\":\"About Point West - Point West Credit Union\",\"isPartOf\":{\"@id\":\"https:\\\/\\\/www.pointwestcu.com\\\/#website\"},\"datePublished\":\"2024-05-03T19:13:47+00:00\",\"dateModified\":\"2025-01-07T22:14:31+00:00\",\"breadcrumb\":{\"@id\":\"https:\\\/\\\/www.pointwestcu.com\\\/about\\\/point-west\\\/#breadcrumb\"},\"inLanguage\":\"es-ES\",\"potentialAction\":[{\"@type\":\"ReadAction\",\"target\":[\"https:\\\/\\\/www.pointwestcu.com\\\/about\\\/point-west\\\/\"]}]},{\"@type\":\"BreadcrumbList\",\"@id\":\"https:\\\/\\\/www.pointwestcu.com\\\/about\\\/point-west\\\/#breadcrumb\",\"itemListElement\":[{\"@type\":\"ListItem\",\"position\":1,\"name\":\"Home\",\"item\":\"https:\\\/\\\/www.pointwestcu.com\\\/\"},{\"@type\":\"ListItem\",\"position\":2,\"name\":\"About\",\"item\":\"https:\\\/\\\/www.pointwestcu.com\\\/about\\\/\"},{\"@type\":\"ListItem\",\"position\":3,\"name\":\"About Point West\"}]},{\"@type\":\"WebSite\",\"@id\":\"https:\\\/\\\/www.pointwestcu.com\\\/#website\",\"url\":\"https:\\\/\\\/www.pointwestcu.com\\\/\",\"name\":\"Point West Credit Union\",\"description\":\"People Helping People\",\"potentialAction\":[{\"@type\":\"SearchAction\",\"target\":{\"@type\":\"EntryPoint\",\"urlTemplate\":\"https:\\\/\\\/www.pointwestcu.com\\\/?s={search_term_string}\"},\"query-input\":{\"@type\":\"PropertyValueSpecification\",\"valueRequired\":true,\"valueName\":\"search_term_string\"}}],\"inLanguage\":\"es-ES\"}]}<\/script>\n<!-- \/ Yoast SEO plugin. -->","yoast_head_json":{"title":"Acerca de Point West - Cooperativa de cr\u00e9dito Point West","robots":{"index":"index","follow":"follow","max-snippet":"max-snippet:-1","max-image-preview":"max-image-preview:large","max-video-preview":"max-video-preview:-1"},"canonical":"https:\/\/www.pointwestcu.com\/es\/acerca-de\/apuntar-al-oeste\/","og_locale":"es_ES","og_type":"article","og_title":"About Point West - Point West Credit Union","og_url":"https:\/\/www.pointwestcu.com\/es\/acerca-de\/apuntar-al-oeste\/","og_site_name":"Point West Credit Union","article_modified_time":"2025-01-07T22:14:31+00:00","twitter_card":"summary_large_image","twitter_misc":{"Est. reading time":"3 minutos"},"schema":{"@context":"https:\/\/schema.org","@graph":[{"@type":"WebPage","@id":"https:\/\/www.pointwestcu.com\/about\/point-west\/","url":"https:\/\/www.pointwestcu.com\/about\/point-west\/","name":"Acerca de Point West - Cooperativa de cr\u00e9dito Point West","isPartOf":{"@id":"https:\/\/www.pointwestcu.com\/#website"},"datePublished":"2024-05-03T19:13:47+00:00","dateModified":"2025-01-07T22:14:31+00:00","breadcrumb":{"@id":"https:\/\/www.pointwestcu.com\/about\/point-west\/#breadcrumb"},"inLanguage":"es-ES","potentialAction":[{"@type":"ReadAction","target":["https:\/\/www.pointwestcu.com\/about\/point-west\/"]}]},{"@type":"BreadcrumbList","@id":"https:\/\/www.pointwestcu.com\/about\/point-west\/#breadcrumb","itemListElement":[{"@type":"ListItem","position":1,"name":"Home","item":"https:\/\/www.pointwestcu.com\/"},{"@type":"ListItem","position":2,"name":"About","item":"https:\/\/www.pointwestcu.com\/about\/"},{"@type":"ListItem","position":3,"name":"About Point West"}]},{"@type":"WebSite","@id":"https:\/\/www.pointwestcu.com\/#website","url":"https:\/\/www.pointwestcu.com\/","name":"Point West Credit Union","description":"Gente Ayudando a Gente","potentialAction":[{"@type":"SearchAction","target":{"@type":"EntryPoint","urlTemplate":"https:\/\/www.pointwestcu.com\/?s={search_term_string}"},"query-input":{"@type":"PropertyValueSpecification","valueRequired":true,"valueName":"search_term_string"}}],"inLanguage":"es-ES"}]}},"_links":{"self":[{"href":"https:\/\/www.pointwestcu.com\/es\/wp-json\/wp\/v2\/pages\/2649","targetHints":{"allow":["GET"]}}],"collection":[{"href":"https:\/\/www.pointwestcu.com\/es\/wp-json\/wp\/v2\/pages"}],"about":[{"href":"https:\/\/www.pointwestcu.com\/es\/wp-json\/wp\/v2\/types\/page"}],"author":[{"embeddable":true,"href":"https:\/\/www.pointwestcu.com\/es\/wp-json\/wp\/v2\/users\/1"}],"replies":[{"embeddable":true,"href":"https:\/\/www.pointwestcu.com\/es\/wp-json\/wp\/v2\/comments?post=2649"}],"version-history":[{"count":0,"href":"https:\/\/www.pointwestcu.com\/es\/wp-json\/wp\/v2\/pages\/2649\/revisions"}],"up":[{"embeddable":true,"href":"https:\/\/www.pointwestcu.com\/es\/wp-json\/wp\/v2\/pages\/2643"}],"wp:attachment":[{"href":"https:\/\/www.pointwestcu.com\/es\/wp-json\/wp\/v2\/media?parent=2649"}],"curies":[{"name":"gracias","href":"https:\/\/api.w.org\/{rel}","templated":true}]}}