{"id":2648,"date":"2024-05-03T12:13:47","date_gmt":"2024-05-03T19:13:47","guid":{"rendered":"https:\/\/pointwest.local\/about\/get-involved\/"},"modified":"2025-01-08T12:27:41","modified_gmt":"2025-01-08T20:27:41","slug":"complicarse","status":"publish","type":"page","link":"https:\/\/www.pointwestcu.com\/es\/acerca-de\/complicarse\/","title":{"rendered":"Participe"},"content":{"rendered":"<div class=\"co-flex_row co-flex_row__page-hero\" ><div class=\"co-flex_row--row co-row\">\t<header class=\"co-page_hero  co-page_hero__calypso co-page_hero__has_image display-img-desktop\" aria-label=\"Encabezado: Invol\u00facrate\">\n\t\t<div class=\"co-page_hero--inner\">\n\t\t\t<div class=\"prow items-center gap:5\">\n\t\t\t\t\t\t\t\t\t<div class=\"co-page_hero--media pcol-lg:5\">\n\t\t\t\t\t\t<div class=\"co-page_hero--img_wrap\">\n\t\t\t\t\t\t\t<img loading=\"lazy\" decoding=\"async\" width=\"400\" height=\"400\" src=\"https:\/\/www.pointwestcu.com\/files\/2024\/03\/53.jpg\" class=\"co-page_hero--img\" alt=\"Miembro de PW sonriendo y posando para la c\u00e1mara.\" srcset=\"https:\/\/www.pointwestcu.com\/files\/2024\/03\/53.jpg 400w, https:\/\/www.pointwestcu.com\/files\/2024\/03\/53-300x300.jpg 300w, https:\/\/www.pointwestcu.com\/files\/2024\/03\/53-150x150.jpg 150w, https:\/\/www.pointwestcu.com\/files\/2024\/03\/53-12x12.jpg 12w, https:\/\/www.pointwestcu.com\/files\/2024\/03\/53-396x396.jpg 396w, https:\/\/www.pointwestcu.com\/files\/2024\/03\/53-350x350.jpg 350w\" sizes=\"auto, (max-width: 400px) 100vw, 400px\" \/>\t\t\t\t\t\t\t<!-- <div class=\"co-page_hero--blob\"><\/div> -->\n\t\t\t\t\t\t\t<div class=\"co-page_hero--blob left\">\n\t\t\t\t\t\t\t\t<div class=\"ps-blob\">\n\t\t\t\t\t\t\t\t\t<svg xmlns=\"http:\/\/www.w3.org\/2000\/svg\" viewbox=\"0 0 346 350\">\n\t\t\t\t\t\t\t\t\t\t<path d=\"M251.828 345.182c40.089-12.626 112.781-76.278 88.995-177.474-9.514-40.478-20.053-68.213-37.817-101.823C274.109 2.01 196.228-7.4 146.551 5.697 63.31 27.644-10.879 98.755 2.465 197.03c13.345 98.273 60.132 113.469 85.659 124.795 48.095 21.341 123.614 35.985 163.704 23.358Z\"\/>\n\t\t\t\t\t\t\t\t\t<\/svg>\n\t\t\t\t\t\t\t\t<\/div>\n\t\t\t\t\t\t\t<\/div>\n\t\t\t\t\t\t\t<div class=\"co-page_hero--blob right\">\n\t\t\t\t\t\t\t\t<div class=\"ps-blob\">\n\t\t\t\t\t\t\t\t\t<svg xmlns=\"http:\/\/www.w3.org\/2000\/svg\" viewbox=\"0 0 373 387\">\n\t\t\t\t\t\t\t\t\t\t<path d=\"M248.84 12.929c-39.932-20.483-141.923-26.03-197.127 70.37C29.63 121.86 17.586 151.316 6.82 190.782c-24.19 71.33 28.748 137.43 76.38 164.787 79.812 45.84 188.368 46.736 249.464-39.516 61.095-86.252 36.22-133.357 24.852-161.411-21.419-52.857-68.745-121.23-108.677-141.712Z\"\/>\n\t\t\t\t\t\t\t\t\t<\/svg>\n\t\t\t\t\t\t\t\t<\/div>\n\t\t\t\t\t\t\t<\/div>\n\t\t\t\t\t\t<\/div>\n\t\t\t\t\t<\/div>\n\t\t\t\t\t\t\t\t<div class=\"co-page_hero--text pcol-lg:7\">\n\t\t\t\t\t\t\t\t\t\t<h1 class=\"co-page_hero--title\">\n\t\t\t\t\t\tParticipe\t\t\t\t\t<\/h1>\n\t\t\t\t\t<p class=\"co-page_hero--tagline\">Hay muchas maneras de participar y de generar un impacto a largo plazo con Point West. Ya sea que apoye organizaciones locales, defienda causas o contribuya econ\u00f3micamente, \u00a1su voz cuenta!<\/p>\t\t\t\t\t\t<div class=\"co-page_hero--buttons\">\n\t\t\t\t\t\t\t<a class=\"co-page_hero--button\" href=\"https:\/\/www.pointwestcu.com\/es\/acerca-de\/complicarse\/#advocate\"  >Encuentre su manera de contribuir<\/a>\t\t\t\t\t\t<\/div>\n\t\t\t\t\t\t\t\t\t\t<\/div>\n\t\t\t\t\t\t\t<\/div>\n\t\t<\/div>\n\t<\/header>\n<\/div><\/div>\n\n<div class=\"co-flex_row co-flex_row__white co-flex_row__next_row_diff co-flex_row__long-form-text\" id=\"advocate\"><div class=\"co-flex_row--row co-row\">\t<div class=\"co-long_form\">\n\t\t\t\t<header class=\"co-intro_text has_intro\">\n\t\t\t<h2 class=\"co-intro_text--title\">\u00a1Ay\u00fadenos a promover el cambio!<\/h2><div class=\"co-intro_text--intro text-component\"><p>Exprese su opini\u00f3n.<\/p>\n<\/div>\t\t<\/header>\n\t\t\t\t\t<div class=\"co-long_form--block co-long_form--block__nomedia prow items-start  flex-center\">\n\t\t\t\t<div class=\"co-long_form--text pcol-md:8\">\n\t\t\t\t\t<div class=\"co-long_form--content text-component\"><p>Env\u00ede una carta a sus representantes locales sobre los asuntos que m\u00e1s le importan. Ahora m\u00e1s que nunca, haga o\u00edr su voz. Obtenga informaci\u00f3n sobre c\u00f3mo contactar a su representante hoy.<\/p>\n<\/div><a class=\"co-long_form--button co-button\" href=\"https:\/\/www.pointwestcu.com\/es\/speed-bump\/?url=https%3A%2F%2Fgeo.maps.arcgis.com%2Fapps%2Finstant%2Flookup%2Findex.html%3Fappid%3Dfd070b56c975456ea2a25f7e3f4289d1&#038;prev=https%3A%2F%2Fwww.pointwestcu.com%2Fes%2Facerca-de%2Fcomplicarse%2F\"  >Comience<\/a>\t\t\t\t<\/div>\n\t\t\t\t\t\t\t<\/div>\n\t\t\t\t<\/div>\n<\/div><\/div>\n\n<div class=\"co-flex_row co-flex_row__gray co-flex_row__columns\" ><div class=\"co-flex_row--row co-row\">\t<div class=\"co-columns\">\n\t\t\t\t<header class=\"co-intro_text\">\n\t\t\t<h2 class=\"co-intro_text--title\">Empoderamos a nuestras comunidades<\/h2>\t\t<\/header>\n\t\t\t\t\t<div class=\"co-columns--row prow prow-md:2 prow-lg:2 justify-center\">\n\t\t\t\t\t\t\t\t\t<div class=\"co-columns--box\">\n\t\t\t\t\t\t<h3 class=\"co-columns--box_headline\" >Forjamos futuros financieros para los consumidores hispanohablantes<\/h3><div class=\"co-columns--box_desc text-component\"><p>Nos enorgullece haber obtenido la designaci\u00f3n de Juntos Avanzamos para cooperativas de cr\u00e9dito comprometidas en atender y empoderar a las comunidades hispanohablantes.<\/p>\n<\/div><div class=\"co-columns--box_button\"><a class=\"co-columns--button co-button\" href=\"https:\/\/www.pointwestcu.com\/es\/speed-bump\/?url=https%3A%2F%2Fjuntosavanzamos.org%2F%3Flang%3Den&#038;prev=https%3A%2F%2Fwww.pointwestcu.com%2Fes%2Facerca-de%2Fcomplicarse%2F\" target=\"_blank\" >Conozca m\u00e1s sobre Juntos Avanzamos<\/a><\/div>\t\t\t\t\t<\/div>\n\t\t\t\t\t\t\t\t\t<div class=\"co-columns--box\">\n\t\t\t\t\t\t<h3 class=\"co-columns--box_headline\" >Apoye a la comunidad afroestadounidense en Portland<\/h3><div class=\"co-columns--box_desc text-component\"><p>Urban League of Portland empodera a los afroestadounidenses a lograr la igualdad en educaci\u00f3n, empleo, salud, seguridad econ\u00f3mica y calidad general de vida.<\/p>\n<\/div><div class=\"co-columns--box_button\"><a class=\"co-columns--button co-button\" href=\"https:\/\/www.pointwestcu.com\/es\/speed-bump\/?url=https%3A%2F%2Fulpdx.org%2F&#038;prev=https%3A%2F%2Fwww.pointwestcu.com%2Fes%2Facerca-de%2Fcomplicarse%2F\" target=\"_blank\" >Reciba apoyo de Urban League of Portland<\/a><\/div>\t\t\t\t\t<\/div>\n\t\t\t\t\t\t\t<\/div>\n\t\t\t\t<\/div>\n<\/div><\/div>\n\n<div class=\"co-flex_row co-flex_row__gray co-flex_row__multi-path-cta\" ><div class=\"co-flex_row--row co-row\">\t<div class=\"co-mp_ctas\">\n\t\t\t\t<header class=\"co-intro_text\">\n\t\t\t<h2 class=\"co-intro_text--title\">Participe hoy<\/h2>\t\t<\/header>\n\t\t\t\t<div class=\"co-mp_ctas--list prow justify-center\">\n\t\t\t\t\t\t\t\t\t\t\t<div class=\"co-mp_cta pcol-lg:4\">\n\t\t\t\t\t<div class=\"co-mp_cta--title\">\n\t\t\t\t\t\tEche un vistazo a las organizaciones que apoyamos\t\t\t\t\t<\/div>\n\t\t\t\t\t<a class=\"co-mp_cta--link\" href=\"https:\/\/www.pointwestcu.com\/es\/acerca-de\/socios-comunitarios\/\" target=\"_blank\" >Conozca a nuestros socios<\/a>\t\t\t\t<\/div>\n\t\t\t\t\t\t\t\t\t\t\t<div class=\"co-mp_cta pcol-lg:4\">\n\t\t\t\t\t<div class=\"co-mp_cta--title\">\n\t\t\t\t\t\tApoye a la comunidad LGBTQ\t\t\t\t\t<\/div>\n\t\t\t\t\t<a class=\"co-mp_cta--link\" href=\"https:\/\/www.pointwestcu.com\/es\/speed-bump\/?url=https%3A%2F%2Fwww.pdxqcenter.org%2F&#038;prev=https%3A%2F%2Fwww.pointwestcu.com%2Fes%2Facerca-de%2Fcomplicarse%2F\" target=\"_blank\" >Explore el Q center<\/a>\t\t\t\t<\/div>\n\t\t\t\t\t\t\t\t\t\t\t<div class=\"co-mp_cta pcol-lg:4\">\n\t\t\t\t\t<div class=\"co-mp_cta--title\">\n\t\t\t\t\t\tOfrezca tiempo de voluntariado\t\t\t\t\t<\/div>\n\t\t\t\t\t<a class=\"co-mp_cta--link\" href=\"https:\/\/www.pointwestcu.com\/es\/speed-bump\/?url=https%3A%2F%2Fwww.volunteermatch.org%2Fsearch%2Findex.jsp%3Fl%3DPortland%2BOR%2BUSA&#038;prev=https%3A%2F%2Fwww.pointwestcu.com%2Fes%2Facerca-de%2Fcomplicarse%2F\" target=\"_blank\" >Haga trabajo voluntario con Point West<\/a>\t\t\t\t<\/div>\n\t\t\t\t\t<\/div>\n\t<\/div>\n<\/div><\/div>\n\n<div class=\"co-flex_row co-flex_row__last co-flex_row__back-to-top\" ><div class=\"co-flex_row--row co-row\"><div class=\"co-back_top\">\t\n  <a class=\"co-back_top--link\" href=\"#\" aria-label=\"\">\n\tVolver arriba\t<svg class=\"co-back_top--link_icon\" aria-label=\"Volver arriba\" width=\"18\" height=\"27\" viewbox=\"0 0 18 27\" fill=\"none\" xmlns=\"http:\/\/www.w3.org\/2000\/svg\">\n\t\t<path fill-rule=\"evenodd\" clip-rule=\"evenodd\" d=\"M0.357965 8.16977L8.1358 0.359459C8.61308 -0.119821 9.38692 -0.119821 9.8642 0.359459L17.642 8.16977C18.1193 8.64905 18.1193 9.42612 17.642 9.9054C17.1647 10.3847 16.3909 10.3847 15.9136 9.9054L10.2222 4.19017L10.2222 25.7727C10.2222 26.4505 9.67498 27 9 27C8.32502 27 7.77783 26.4505 7.77783 25.7727L7.77783 4.19017L2.08637 9.9054C1.60909 10.3847 0.835252 10.3847 0.357965 9.9054C-0.119321 9.42612 -0.119321 8.64905 0.357965 8.16977Z\" fill=\"#FAAA64\"\/>\n\t<\/svg>\n  <\/a>\n<\/div>\n<\/div><\/div>","protected":false},"excerpt":{"rendered":"","protected":false},"author":1,"featured_media":0,"parent":2643,"menu_order":0,"comment_status":"closed","ping_status":"closed","template":"","meta":{"_acf_changed":false,"_searchwp_excluded":"","footnotes":""},"class_list":["post-2648","page","type-page","status-publish","hentry"],"acf":[],"yoast_head":"<!-- This site is optimized with the Yoast SEO plugin v27.5 - https:\/\/yoast.com\/product\/yoast-seo-wordpress\/ -->\n<title>Get Involved - Point West Credit Union<\/title>\n<meta name=\"robots\" content=\"index, follow, max-snippet:-1, max-image-preview:large, max-video-preview:-1\" \/>\n<link rel=\"canonical\" href=\"https:\/\/www.pointwestcu.com\/es\/acerca-de\/complicarse\/\" \/>\n<meta property=\"og:locale\" content=\"es_ES\" \/>\n<meta property=\"og:type\" content=\"article\" \/>\n<meta property=\"og:title\" content=\"Get Involved - Point West Credit Union\" \/>\n<meta property=\"og:url\" content=\"https:\/\/www.pointwestcu.com\/es\/acerca-de\/complicarse\/\" \/>\n<meta property=\"og:site_name\" content=\"Point West Credit Union\" \/>\n<meta property=\"article:modified_time\" content=\"2025-01-08T20:27:41+00:00\" \/>\n<meta name=\"twitter:card\" content=\"summary_large_image\" \/>\n<meta name=\"twitter:label1\" content=\"Est. reading time\" \/>\n\t<meta name=\"twitter:data1\" content=\"1 minuto\" \/>\n<script type=\"application\/ld+json\" class=\"yoast-schema-graph\">{\"@context\":\"https:\\\/\\\/schema.org\",\"@graph\":[{\"@type\":\"WebPage\",\"@id\":\"https:\\\/\\\/www.pointwestcu.com\\\/about\\\/get-involved\\\/\",\"url\":\"https:\\\/\\\/www.pointwestcu.com\\\/about\\\/get-involved\\\/\",\"name\":\"Get Involved - Point West Credit Union\",\"isPartOf\":{\"@id\":\"https:\\\/\\\/www.pointwestcu.com\\\/#website\"},\"datePublished\":\"2024-05-03T19:13:47+00:00\",\"dateModified\":\"2025-01-08T20:27:41+00:00\",\"breadcrumb\":{\"@id\":\"https:\\\/\\\/www.pointwestcu.com\\\/about\\\/get-involved\\\/#breadcrumb\"},\"inLanguage\":\"es-ES\",\"potentialAction\":[{\"@type\":\"ReadAction\",\"target\":[\"https:\\\/\\\/www.pointwestcu.com\\\/about\\\/get-involved\\\/\"]}]},{\"@type\":\"BreadcrumbList\",\"@id\":\"https:\\\/\\\/www.pointwestcu.com\\\/about\\\/get-involved\\\/#breadcrumb\",\"itemListElement\":[{\"@type\":\"ListItem\",\"position\":1,\"name\":\"Home\",\"item\":\"https:\\\/\\\/www.pointwestcu.com\\\/\"},{\"@type\":\"ListItem\",\"position\":2,\"name\":\"About\",\"item\":\"https:\\\/\\\/www.pointwestcu.com\\\/about\\\/\"},{\"@type\":\"ListItem\",\"position\":3,\"name\":\"Get Involved\"}]},{\"@type\":\"WebSite\",\"@id\":\"https:\\\/\\\/www.pointwestcu.com\\\/#website\",\"url\":\"https:\\\/\\\/www.pointwestcu.com\\\/\",\"name\":\"Point West Credit Union\",\"description\":\"People Helping People\",\"potentialAction\":[{\"@type\":\"SearchAction\",\"target\":{\"@type\":\"EntryPoint\",\"urlTemplate\":\"https:\\\/\\\/www.pointwestcu.com\\\/?s={search_term_string}\"},\"query-input\":{\"@type\":\"PropertyValueSpecification\",\"valueRequired\":true,\"valueName\":\"search_term_string\"}}],\"inLanguage\":\"es-ES\"}]}<\/script>\n<!-- \/ Yoast SEO plugin. -->","yoast_head_json":{"title":"Participe - Cooperativa de cr\u00e9dito Point West","robots":{"index":"index","follow":"follow","max-snippet":"max-snippet:-1","max-image-preview":"max-image-preview:large","max-video-preview":"max-video-preview:-1"},"canonical":"https:\/\/www.pointwestcu.com\/es\/acerca-de\/complicarse\/","og_locale":"es_ES","og_type":"article","og_title":"Get Involved - Point West Credit Union","og_url":"https:\/\/www.pointwestcu.com\/es\/acerca-de\/complicarse\/","og_site_name":"Point West Credit Union","article_modified_time":"2025-01-08T20:27:41+00:00","twitter_card":"summary_large_image","twitter_misc":{"Est. reading time":"1 minuto"},"schema":{"@context":"https:\/\/schema.org","@graph":[{"@type":"WebPage","@id":"https:\/\/www.pointwestcu.com\/about\/get-involved\/","url":"https:\/\/www.pointwestcu.com\/about\/get-involved\/","name":"Participe - Cooperativa de cr\u00e9dito Point West","isPartOf":{"@id":"https:\/\/www.pointwestcu.com\/#website"},"datePublished":"2024-05-03T19:13:47+00:00","dateModified":"2025-01-08T20:27:41+00:00","breadcrumb":{"@id":"https:\/\/www.pointwestcu.com\/about\/get-involved\/#breadcrumb"},"inLanguage":"es-ES","potentialAction":[{"@type":"ReadAction","target":["https:\/\/www.pointwestcu.com\/about\/get-involved\/"]}]},{"@type":"BreadcrumbList","@id":"https:\/\/www.pointwestcu.com\/about\/get-involved\/#breadcrumb","itemListElement":[{"@type":"ListItem","position":1,"name":"Home","item":"https:\/\/www.pointwestcu.com\/"},{"@type":"ListItem","position":2,"name":"About","item":"https:\/\/www.pointwestcu.com\/about\/"},{"@type":"ListItem","position":3,"name":"Get Involved"}]},{"@type":"WebSite","@id":"https:\/\/www.pointwestcu.com\/#website","url":"https:\/\/www.pointwestcu.com\/","name":"Point West Credit Union","description":"Gente Ayudando a Gente","potentialAction":[{"@type":"SearchAction","target":{"@type":"EntryPoint","urlTemplate":"https:\/\/www.pointwestcu.com\/?s={search_term_string}"},"query-input":{"@type":"PropertyValueSpecification","valueRequired":true,"valueName":"search_term_string"}}],"inLanguage":"es-ES"}]}},"_links":{"self":[{"href":"https:\/\/www.pointwestcu.com\/es\/wp-json\/wp\/v2\/pages\/2648","targetHints":{"allow":["GET"]}}],"collection":[{"href":"https:\/\/www.pointwestcu.com\/es\/wp-json\/wp\/v2\/pages"}],"about":[{"href":"https:\/\/www.pointwestcu.com\/es\/wp-json\/wp\/v2\/types\/page"}],"author":[{"embeddable":true,"href":"https:\/\/www.pointwestcu.com\/es\/wp-json\/wp\/v2\/users\/1"}],"replies":[{"embeddable":true,"href":"https:\/\/www.pointwestcu.com\/es\/wp-json\/wp\/v2\/comments?post=2648"}],"version-history":[{"count":3,"href":"https:\/\/www.pointwestcu.com\/es\/wp-json\/wp\/v2\/pages\/2648\/revisions"}],"predecessor-version":[{"id":13826,"href":"https:\/\/www.pointwestcu.com\/es\/wp-json\/wp\/v2\/pages\/2648\/revisions\/13826"}],"up":[{"embeddable":true,"href":"https:\/\/www.pointwestcu.com\/es\/wp-json\/wp\/v2\/pages\/2643"}],"wp:attachment":[{"href":"https:\/\/www.pointwestcu.com\/es\/wp-json\/wp\/v2\/media?parent=2648"}],"curies":[{"name":"gracias","href":"https:\/\/api.w.org\/{rel}","templated":true}]}}