{"id":2646,"date":"2024-05-03T12:13:46","date_gmt":"2024-05-03T19:13:46","guid":{"rendered":"https:\/\/pointwest.local\/about\/our-impact\/annual-community-reports\/"},"modified":"2026-05-08T09:17:58","modified_gmt":"2026-05-08T16:17:58","slug":"informes-comunitarios-anuales","status":"publish","type":"page","link":"https:\/\/www.pointwestcu.com\/es\/acerca-de\/nuestro-impacto\/informes-comunitarios-anuales\/","title":{"rendered":"Informes anuales y comunitarios"},"content":{"rendered":"<div class=\"co-flex_row co-flex_row__reduced-hero\" ><div class=\"co-flex_row--row co-row\">\t<header class=\"co-tinyHero\" aria-label=\"Encabezado: Informes anuales y comunitarios\">\n\t\t<div class=\"co-row\">\n\t\t\t<div class=\"co-tinyHero--inner prow gap:0 items-center@lg\">\n\t\t\t\t<div class=\"co-tinyHero--heading pcol-lg:5\">\n\t\t\t\t\t<h1 class=\"co-tinyHero--title\">Informes anuales y comunitarios<\/h1>\t\t\t\t<\/div>\n\t\t\t\t<div class=\"co-tinyHero--tagline pcol-lg:7\">\n\t\t\t\t\t\t\t\t\t<\/div>\n\t\t\t<\/div>\n\t\t<\/div>\n\t<\/header>\n<\/div><\/div>\n\n<div class=\"co-flex_row co-flex_row__white co-flex_row__page-intro\" ><div class=\"co-flex_row--row co-row\">\t<div class=\"co-page_intro\">\n\t\t<div class=\"co-page_intro--desc text-component\"><p>Creemos en la transparencia y en mantener informados a nuestros miembros. Explore nuestros informes a continuaci\u00f3n para obtener m\u00e1s informaci\u00f3n sobre nuestro impacto en la comunidad, nuestro desempe\u00f1o financiero y nuestro crecimiento a lo largo de los a\u00f1os.<\/p>\n<\/div>\t<\/div>\n<\/div><\/div>\n\n<div class=\"co-flex_row co-flex_row__white co-flex_row__last co-flex_row__tabs\" ><div class=\"co-flex_row--row co-row\">\t<div class=\"co-tabs\">\n\t\t\t\t<header class=\"co-intro_text\">\n\t\t\t<h2 class=\"co-intro_text--title\">Explora nuestros informes anuales y comunitarios<\/h2>\t\t<\/header>\n\t\t\t\t\t<div class=\"co-tabs--tabs js-tabs\">\n\t\t\t\t<nav class=\"co-tabs--nav\" aria-label=\"Tabs Navigation 6a014312ee0e7\">\n\t\t\t\t\t\t\t\t\t\t\t<button\n\t\t\t\t\t\t\tclass=\"co-tabs--nav_toggle\t\t\t\t\t\t\t\tjs-tab_toggle\t\t\t\t\t\t\t\tjs-tab_toggle_large\"\n\t\t\t\t\t\t\tdata-tabtitle=\"2025\"\n\t\t\t\t\t\t\tdata-tabindex=\"0_2025\"\n\t\t\t\t\t\t\taria-label=\"Open 2025\"\n\t\t\t\t\t\t>\n\t\t\t\t\t\t\t2025\t\t\t\t\t\t<\/button>\n\t\t\t\t\t\t\t\t\t\t\t<button\n\t\t\t\t\t\t\tclass=\"co-tabs--nav_toggle\t\t\t\t\t\t\t\tjs-tab_toggle\t\t\t\t\t\t\t\tjs-tab_toggle_large\"\n\t\t\t\t\t\t\tdata-tabtitle=\"2024\"\n\t\t\t\t\t\t\tdata-tabindex=\"1_2024\"\n\t\t\t\t\t\t\taria-label=\"Abierto 2024\"\n\t\t\t\t\t\t>\n\t\t\t\t\t\t\t2024\t\t\t\t\t\t<\/button>\n\t\t\t\t\t\t\t\t\t\t\t<button\n\t\t\t\t\t\t\tclass=\"co-tabs--nav_toggle\t\t\t\t\t\t\t\tjs-tab_toggle\t\t\t\t\t\t\t\tjs-tab_toggle_large\"\n\t\t\t\t\t\t\tdata-tabtitle=\"2023\"\n\t\t\t\t\t\t\tdata-tabindex=\"2_2023\"\n\t\t\t\t\t\t\taria-label=\"Abierto 2023\"\n\t\t\t\t\t\t>\n\t\t\t\t\t\t\t2023\t\t\t\t\t\t<\/button>\n\t\t\t\t\t\t\t\t\t\t\t<button\n\t\t\t\t\t\t\tclass=\"co-tabs--nav_toggle\t\t\t\t\t\t\t\tjs-tab_toggle\t\t\t\t\t\t\t\tjs-tab_toggle_large\"\n\t\t\t\t\t\t\tdata-tabtitle=\"olderreports\"\n\t\t\t\t\t\t\tdata-tabindex=\"3_olderreports\"\n\t\t\t\t\t\t\taria-label=\"Abrir informes anteriores\"\n\t\t\t\t\t\t>\n\t\t\t\t\t\t\tInformes anteriores\t\t\t\t\t\t<\/button>\n\t\t\t\t\t\t\t\t\t<\/nav>\n\n\t\t\t\t<div class=\"co-tabs--panels\">\n\t\t\t\t\t\t\t\t\t\t\t<div class=\"co-tab js-tab co-tab__0\">\n\t\t\t\t\t\t\t<button\n\t\t\t\t\t\t\t\tclass=\"co-tab--toggle\t\t\t\t\t\t\t\t\tjs-tab_toggle\"\n\t\t\t\t\t\t\t\tdata-tabindex=\"0_2025\"\n\t\t\t\t\t\t\t\taria-label=\"Open Mobile Tab 2025\"\n\t\t\t\t\t\t\t>\n\t\t\t\t\t\t\t\t2025\t\t\t\t\t\t\t<\/button>\n\t\t\t\t\t\t\t<section\n\t\t\t\t\t\t\t\tclass=\"co-tab--content\t\t\t\t\t\t\t\t\tco-row\t\t\t\t\t\t\t\t\tjs-tab_content\t\t\t\t\t\t\t\t\ttext-component\"\n\t\t\t\t\t\t\t\taria-label=\"Tab Content for 2025\"\n\t\t\t\t\t\t\t\tdata-tabindex=\"0_2025\"\n\t\t\t\t\t\t\t>\n\t\t\t\t\t\t\t\t<p><a href=\"https:\/\/www.pointwestcu.com\/files\/2024\/03\/2026-05_Annual-Report_FINAL.pdf\"><img loading=\"lazy\" decoding=\"async\" class=\"alignnone size-medium wp-image-15232 aligncenter\" src=\"https:\/\/www.pointwestcu.com\/files\/2024\/03\/Screenshot-2026-05-08-091223-1-229x300.jpg\" alt=\"annual report 2025\" width=\"229\" height=\"300\" srcset=\"https:\/\/www.pointwestcu.com\/files\/2024\/03\/Screenshot-2026-05-08-091223-1-229x300.jpg 229w, https:\/\/www.pointwestcu.com\/files\/2024\/03\/Screenshot-2026-05-08-091223-1-783x1024.jpg 783w, https:\/\/www.pointwestcu.com\/files\/2024\/03\/Screenshot-2026-05-08-091223-1-768x1004.jpg 768w, https:\/\/www.pointwestcu.com\/files\/2024\/03\/Screenshot-2026-05-08-091223-1-1175x1536.jpg 1175w, https:\/\/www.pointwestcu.com\/files\/2024\/03\/Screenshot-2026-05-08-091223-1-9x12.jpg 9w, https:\/\/www.pointwestcu.com\/files\/2024\/03\/Screenshot-2026-05-08-091223-1-303x396.jpg 303w, https:\/\/www.pointwestcu.com\/files\/2024\/03\/Screenshot-2026-05-08-091223-1-268x350.jpg 268w, https:\/\/www.pointwestcu.com\/files\/2024\/03\/Screenshot-2026-05-08-091223-1-643x840.jpg 643w, https:\/\/www.pointwestcu.com\/files\/2024\/03\/Screenshot-2026-05-08-091223-1.jpg 1220w\" sizes=\"auto, (max-width: 229px) 100vw, 229px\" \/><\/a><\/p>\n<p style=\"text-align: center;\"><a href=\"https:\/\/www.pointwestcu.com\/files\/2024\/03\/2026-05_Annual-Report_FINAL.pdf\">2025 Annual Report<\/a> | <a href=\"https:\/\/www.pointwestcu.com\/files\/2024\/03\/Community-Impact-Report-2025-EN.pdf\">Informe de impacto comunitario de 2025<\/a> | <a href=\"https:\/\/www.pointwestcu.com\/files\/2024\/03\/Community-Impact-Report-2025-ES.pdf\">ES<\/a><\/p>\n<p style=\"text-align: center;\">\n\t\t\t\t\t\t\t<\/section>\n\t\t\t\t\t\t<\/div>\n\t\t\t\t\t\t\t\t\t\t\t<div class=\"co-tab js-tab co-tab__1\">\n\t\t\t\t\t\t\t<button\n\t\t\t\t\t\t\t\tclass=\"co-tab--toggle\t\t\t\t\t\t\t\t\tjs-tab_toggle\"\n\t\t\t\t\t\t\t\tdata-tabindex=\"1_2024\"\n\t\t\t\t\t\t\t\taria-label=\"Abrir pesta\u00f1a m\u00f3vil 2024\"\n\t\t\t\t\t\t\t>\n\t\t\t\t\t\t\t\t2024\t\t\t\t\t\t\t<\/button>\n\t\t\t\t\t\t\t<section\n\t\t\t\t\t\t\t\tclass=\"co-tab--content\t\t\t\t\t\t\t\t\tco-row\t\t\t\t\t\t\t\t\tjs-tab_content\t\t\t\t\t\t\t\t\ttext-component\"\n\t\t\t\t\t\t\t\taria-label=\"Contenido de la pesta\u00f1a para 2024\"\n\t\t\t\t\t\t\t\tdata-tabindex=\"1_2024\"\n\t\t\t\t\t\t\t>\n\t\t\t\t\t\t\t\t<p><a href=\"https:\/\/www.pointwestcu.com\/files\/2024\/03\/2025-05_Annual-Report_final.pdf\"><img loading=\"lazy\" decoding=\"async\" class=\"alignnone size-medium wp-image-14262 aligncenter\" src=\"https:\/\/www.pointwestcu.com\/files\/2024\/03\/Pages-from-2025-05_Annual-Report_final-231x300.jpg\" alt=\"portada del informe anual de 2024\" width=\"231\" height=\"300\" srcset=\"https:\/\/www.pointwestcu.com\/files\/2024\/03\/Pages-from-2025-05_Annual-Report_final-231x300.jpg 231w, https:\/\/www.pointwestcu.com\/files\/2024\/03\/Pages-from-2025-05_Annual-Report_final-789x1024.jpg 789w, https:\/\/www.pointwestcu.com\/files\/2024\/03\/Pages-from-2025-05_Annual-Report_final-768x996.jpg 768w, https:\/\/www.pointwestcu.com\/files\/2024\/03\/Pages-from-2025-05_Annual-Report_final-1184x1536.jpg 1184w, https:\/\/www.pointwestcu.com\/files\/2024\/03\/Pages-from-2025-05_Annual-Report_final-1579x2048.jpg 1579w, https:\/\/www.pointwestcu.com\/files\/2024\/03\/Pages-from-2025-05_Annual-Report_final-9x12.jpg 9w, https:\/\/www.pointwestcu.com\/files\/2024\/03\/Pages-from-2025-05_Annual-Report_final-305x396.jpg 305w, https:\/\/www.pointwestcu.com\/files\/2024\/03\/Pages-from-2025-05_Annual-Report_final-270x350.jpg 270w, https:\/\/www.pointwestcu.com\/files\/2024\/03\/Pages-from-2025-05_Annual-Report_final-648x840.jpg 648w, https:\/\/www.pointwestcu.com\/files\/2024\/03\/Pages-from-2025-05_Annual-Report_final-scaled.jpg 1974w\" sizes=\"auto, (max-width: 231px) 100vw, 231px\" \/>\u00a0<\/a><\/p>\n<p style=\"text-align: center;\"><a href=\"https:\/\/www.pointwestcu.com\/files\/2024\/03\/2025-05_Annual-Report_final.pdf\">Informe anual 2024<\/a> | <a href=\"https:\/\/www.pointwestcu.com\/files\/2024\/03\/Impact-Report-2024_v2.pdf\">Informe de Impacto Comunitario 2024<\/a><\/p>\n\t\t\t\t\t\t\t<\/section>\n\t\t\t\t\t\t<\/div>\n\t\t\t\t\t\t\t\t\t\t\t<div class=\"co-tab js-tab co-tab__2\">\n\t\t\t\t\t\t\t<button\n\t\t\t\t\t\t\t\tclass=\"co-tab--toggle\t\t\t\t\t\t\t\t\tjs-tab_toggle\"\n\t\t\t\t\t\t\t\tdata-tabindex=\"2_2023\"\n\t\t\t\t\t\t\t\taria-label=\"Abrir pesta\u00f1a m\u00f3vil 2023\"\n\t\t\t\t\t\t\t>\n\t\t\t\t\t\t\t\t2023\t\t\t\t\t\t\t<\/button>\n\t\t\t\t\t\t\t<section\n\t\t\t\t\t\t\t\tclass=\"co-tab--content\t\t\t\t\t\t\t\t\tco-row\t\t\t\t\t\t\t\t\tjs-tab_content\t\t\t\t\t\t\t\t\ttext-component\"\n\t\t\t\t\t\t\t\taria-label=\"Contenido de la pesta\u00f1a para 2023\"\n\t\t\t\t\t\t\t\tdata-tabindex=\"2_2023\"\n\t\t\t\t\t\t\t>\n\t\t\t\t\t\t\t\t<p><a href=\"https:\/\/www.pointwestcu.com\/files\/2024\/03\/2023-Annual-Report.pdf\"><img loading=\"lazy\" decoding=\"async\" class=\"alignnone size-medium wp-image-12987 aligncenter\" src=\"https:\/\/www.pointwestcu.com\/files\/2024\/03\/Pages-from-2023-Annual-Report-231x300.jpg\" alt=\"Portada del Informe Anual 2023\" width=\"231\" height=\"300\" srcset=\"https:\/\/www.pointwestcu.com\/files\/2024\/03\/Pages-from-2023-Annual-Report-231x300.jpg 231w, https:\/\/www.pointwestcu.com\/files\/2024\/03\/Pages-from-2023-Annual-Report-787x1024.jpg 787w, https:\/\/www.pointwestcu.com\/files\/2024\/03\/Pages-from-2023-Annual-Report-768x999.jpg 768w, https:\/\/www.pointwestcu.com\/files\/2024\/03\/Pages-from-2023-Annual-Report-1180x1536.jpg 1180w, https:\/\/www.pointwestcu.com\/files\/2024\/03\/Pages-from-2023-Annual-Report-9x12.jpg 9w, https:\/\/www.pointwestcu.com\/files\/2024\/03\/Pages-from-2023-Annual-Report-304x396.jpg 304w, https:\/\/www.pointwestcu.com\/files\/2024\/03\/Pages-from-2023-Annual-Report-269x350.jpg 269w, https:\/\/www.pointwestcu.com\/files\/2024\/03\/Pages-from-2023-Annual-Report-646x840.jpg 646w, https:\/\/www.pointwestcu.com\/files\/2024\/03\/Pages-from-2023-Annual-Report.jpg 1530w\" sizes=\"auto, (max-width: 231px) 100vw, 231px\" \/><\/a><\/p>\n<p style=\"text-align: center;\"><a href=\"https:\/\/www.pointwestcu.com\/files\/2024\/03\/2023-Annual-Report.pdf\">Informe anual 2023<\/a><\/p>\n\t\t\t\t\t\t\t<\/section>\n\t\t\t\t\t\t<\/div>\n\t\t\t\t\t\t\t\t\t\t\t<div class=\"co-tab js-tab co-tab__3\">\n\t\t\t\t\t\t\t<button\n\t\t\t\t\t\t\t\tclass=\"co-tab--toggle\t\t\t\t\t\t\t\t\tjs-tab_toggle\"\n\t\t\t\t\t\t\t\tdata-tabindex=\"3_olderreports\"\n\t\t\t\t\t\t\t\taria-label=\"Abrir pesta\u00f1a M\u00f3vil Informes anteriores\"\n\t\t\t\t\t\t\t>\n\t\t\t\t\t\t\t\tInformes anteriores\t\t\t\t\t\t\t<\/button>\n\t\t\t\t\t\t\t<section\n\t\t\t\t\t\t\t\tclass=\"co-tab--content\t\t\t\t\t\t\t\t\tco-row\t\t\t\t\t\t\t\t\tjs-tab_content\t\t\t\t\t\t\t\t\ttext-component\"\n\t\t\t\t\t\t\t\taria-label=\"Contenido de la pesta\u00f1a para informes m\u00e1s antiguos\"\n\t\t\t\t\t\t\t\tdata-tabindex=\"3_olderreports\"\n\t\t\t\t\t\t\t>\n\t\t\t\t\t\t\t\t<ul>\n<li><a href=\"https:\/\/www.pointwestcu.com\/files\/2024\/03\/05-2023_annual_report_FINAL.pdf\">2022<\/a><\/li>\n<li><a href=\"https:\/\/www.pointwestcu.com\/files\/2024\/03\/05-2022_Annual_Report_FINAL-1.pdf\">2021<\/a><\/li>\n<li><a href=\"https:\/\/www.pointwestcu.com\/files\/2024\/03\/05-2021_AnnualReport_FINAL.pdf\">2020<\/a><\/li>\n<li><span class=\"underline\"><a href=\"https:\/\/www.pointwestcu.com\/files\/2024\/03\/2019-Annual-Report.pdf\">2019<\/a><\/span><\/li>\n<li><span class=\"underline\"><a href=\"https:\/\/www.pointwestcu.com\/files\/2024\/03\/2018-Annual-Report.pdf\">2018<\/a><\/span><\/li>\n<li><span class=\"underline\"><a href=\"https:\/\/www.pointwestcu.com\/files\/2024\/03\/2017-Annual-Report.pdf\">2017<\/a><\/span><\/li>\n<li><span class=\"underline\"><a href=\"https:\/\/www.pointwestcu.com\/files\/2024\/03\/2016-Annual-Report.pdf\">2016<\/a><\/span><\/li>\n<li><span class=\"underline\"><a href=\"https:\/\/www.pointwestcu.com\/files\/2024\/03\/2015-Annual-Report.pdf\">2015<\/a><\/span><\/li>\n<li><span class=\"underline\"><a href=\"https:\/\/www.pointwestcu.com\/files\/2024\/03\/2014-Annual-Report.pdf\">2014<\/a><\/span><\/li>\n<li><span class=\"underline\"><a href=\"https:\/\/www.pointwestcu.com\/files\/2024\/03\/2013-Annual-Report.pdf\">2013<\/a><\/span><\/li>\n<li><span class=\"underline\"><a href=\"https:\/\/www.pointwestcu.com\/files\/2024\/03\/2012-Annual-Report.pdf\">2012<\/a><\/span><\/li>\n<li><span class=\"underline\"><a href=\"https:\/\/www.pointwestcu.com\/files\/2024\/03\/2011-Annual-Report.pdf\">2011<\/a><\/span><\/li>\n<\/ul>\n\t\t\t\t\t\t\t<\/section>\n\t\t\t\t\t\t<\/div>\n\t\t\t\t\t\t\t\t\t<\/div>\n\t\t\t<\/div>\n\t\t\t<\/div>\n\t<\/div><\/div>","protected":false},"excerpt":{"rendered":"","protected":false},"author":1,"featured_media":0,"parent":2645,"menu_order":0,"comment_status":"closed","ping_status":"closed","template":"","meta":{"_acf_changed":false,"_searchwp_excluded":"","footnotes":""},"class_list":["post-2646","page","type-page","status-publish","hentry"],"acf":[],"yoast_head":"<!-- This site is optimized with the Yoast SEO plugin v27.5 - https:\/\/yoast.com\/product\/yoast-seo-wordpress\/ -->\n<title>Annual &amp; Community Reports - Point West Credit Union<\/title>\n<meta name=\"robots\" content=\"index, follow, max-snippet:-1, max-image-preview:large, max-video-preview:-1\" \/>\n<link rel=\"canonical\" href=\"https:\/\/www.pointwestcu.com\/es\/acerca-de\/nuestro-impacto\/informes-comunitarios-anuales\/\" \/>\n<meta property=\"og:locale\" content=\"es_ES\" \/>\n<meta property=\"og:type\" content=\"article\" \/>\n<meta property=\"og:title\" content=\"Annual &amp; Community Reports - Point West Credit Union\" \/>\n<meta property=\"og:url\" content=\"https:\/\/www.pointwestcu.com\/es\/acerca-de\/nuestro-impacto\/informes-comunitarios-anuales\/\" \/>\n<meta property=\"og:site_name\" content=\"Point West Credit Union\" \/>\n<meta property=\"article:modified_time\" content=\"2026-05-08T16:17:58+00:00\" \/>\n<meta name=\"twitter:card\" content=\"summary_large_image\" \/>\n<meta name=\"twitter:label1\" content=\"Est. reading time\" \/>\n\t<meta name=\"twitter:data1\" content=\"1 minuto\" \/>\n<script type=\"application\/ld+json\" class=\"yoast-schema-graph\">{\"@context\":\"https:\\\/\\\/schema.org\",\"@graph\":[{\"@type\":\"WebPage\",\"@id\":\"https:\\\/\\\/www.pointwestcu.com\\\/about\\\/our-impact\\\/annual-community-reports\\\/\",\"url\":\"https:\\\/\\\/www.pointwestcu.com\\\/about\\\/our-impact\\\/annual-community-reports\\\/\",\"name\":\"Annual & Community Reports - Point West Credit Union\",\"isPartOf\":{\"@id\":\"https:\\\/\\\/www.pointwestcu.com\\\/#website\"},\"datePublished\":\"2024-05-03T19:13:46+00:00\",\"dateModified\":\"2026-05-08T16:17:58+00:00\",\"breadcrumb\":{\"@id\":\"https:\\\/\\\/www.pointwestcu.com\\\/about\\\/our-impact\\\/annual-community-reports\\\/#breadcrumb\"},\"inLanguage\":\"es-ES\",\"potentialAction\":[{\"@type\":\"ReadAction\",\"target\":[\"https:\\\/\\\/www.pointwestcu.com\\\/about\\\/our-impact\\\/annual-community-reports\\\/\"]}]},{\"@type\":\"BreadcrumbList\",\"@id\":\"https:\\\/\\\/www.pointwestcu.com\\\/about\\\/our-impact\\\/annual-community-reports\\\/#breadcrumb\",\"itemListElement\":[{\"@type\":\"ListItem\",\"position\":1,\"name\":\"Home\",\"item\":\"https:\\\/\\\/www.pointwestcu.com\\\/\"},{\"@type\":\"ListItem\",\"position\":2,\"name\":\"About\",\"item\":\"https:\\\/\\\/www.pointwestcu.com\\\/about\\\/\"},{\"@type\":\"ListItem\",\"position\":3,\"name\":\"Our Impact\",\"item\":\"https:\\\/\\\/www.pointwestcu.com\\\/about\\\/our-impact\\\/\"},{\"@type\":\"ListItem\",\"position\":4,\"name\":\"Annual &#038; Community Reports\"}]},{\"@type\":\"WebSite\",\"@id\":\"https:\\\/\\\/www.pointwestcu.com\\\/#website\",\"url\":\"https:\\\/\\\/www.pointwestcu.com\\\/\",\"name\":\"Point West Credit Union\",\"description\":\"People Helping People\",\"potentialAction\":[{\"@type\":\"SearchAction\",\"target\":{\"@type\":\"EntryPoint\",\"urlTemplate\":\"https:\\\/\\\/www.pointwestcu.com\\\/?s={search_term_string}\"},\"query-input\":{\"@type\":\"PropertyValueSpecification\",\"valueRequired\":true,\"valueName\":\"search_term_string\"}}],\"inLanguage\":\"es-ES\"}]}<\/script>\n<!-- \/ Yoast SEO plugin. -->","yoast_head_json":{"title":"Informes anuales y comunitarios - Point West Credit Union","robots":{"index":"index","follow":"follow","max-snippet":"max-snippet:-1","max-image-preview":"max-image-preview:large","max-video-preview":"max-video-preview:-1"},"canonical":"https:\/\/www.pointwestcu.com\/es\/acerca-de\/nuestro-impacto\/informes-comunitarios-anuales\/","og_locale":"es_ES","og_type":"article","og_title":"Annual & Community Reports - Point West Credit Union","og_url":"https:\/\/www.pointwestcu.com\/es\/acerca-de\/nuestro-impacto\/informes-comunitarios-anuales\/","og_site_name":"Point West Credit Union","article_modified_time":"2026-05-08T16:17:58+00:00","twitter_card":"summary_large_image","twitter_misc":{"Est. reading time":"1 minuto"},"schema":{"@context":"https:\/\/schema.org","@graph":[{"@type":"WebPage","@id":"https:\/\/www.pointwestcu.com\/about\/our-impact\/annual-community-reports\/","url":"https:\/\/www.pointwestcu.com\/about\/our-impact\/annual-community-reports\/","name":"Informes anuales y comunitarios - Point West Credit Union","isPartOf":{"@id":"https:\/\/www.pointwestcu.com\/#website"},"datePublished":"2024-05-03T19:13:46+00:00","dateModified":"2026-05-08T16:17:58+00:00","breadcrumb":{"@id":"https:\/\/www.pointwestcu.com\/about\/our-impact\/annual-community-reports\/#breadcrumb"},"inLanguage":"es-ES","potentialAction":[{"@type":"ReadAction","target":["https:\/\/www.pointwestcu.com\/about\/our-impact\/annual-community-reports\/"]}]},{"@type":"BreadcrumbList","@id":"https:\/\/www.pointwestcu.com\/about\/our-impact\/annual-community-reports\/#breadcrumb","itemListElement":[{"@type":"ListItem","position":1,"name":"Home","item":"https:\/\/www.pointwestcu.com\/"},{"@type":"ListItem","position":2,"name":"About","item":"https:\/\/www.pointwestcu.com\/about\/"},{"@type":"ListItem","position":3,"name":"Our Impact","item":"https:\/\/www.pointwestcu.com\/about\/our-impact\/"},{"@type":"ListItem","position":4,"name":"Annual &#038; Community Reports"}]},{"@type":"WebSite","@id":"https:\/\/www.pointwestcu.com\/#website","url":"https:\/\/www.pointwestcu.com\/","name":"Point West Credit Union","description":"Gente Ayudando a Gente","potentialAction":[{"@type":"SearchAction","target":{"@type":"EntryPoint","urlTemplate":"https:\/\/www.pointwestcu.com\/?s={search_term_string}"},"query-input":{"@type":"PropertyValueSpecification","valueRequired":true,"valueName":"search_term_string"}}],"inLanguage":"es-ES"}]}},"_links":{"self":[{"href":"https:\/\/www.pointwestcu.com\/es\/wp-json\/wp\/v2\/pages\/2646","targetHints":{"allow":["GET"]}}],"collection":[{"href":"https:\/\/www.pointwestcu.com\/es\/wp-json\/wp\/v2\/pages"}],"about":[{"href":"https:\/\/www.pointwestcu.com\/es\/wp-json\/wp\/v2\/types\/page"}],"author":[{"embeddable":true,"href":"https:\/\/www.pointwestcu.com\/es\/wp-json\/wp\/v2\/users\/1"}],"replies":[{"embeddable":true,"href":"https:\/\/www.pointwestcu.com\/es\/wp-json\/wp\/v2\/comments?post=2646"}],"version-history":[{"count":10,"href":"https:\/\/www.pointwestcu.com\/es\/wp-json\/wp\/v2\/pages\/2646\/revisions"}],"predecessor-version":[{"id":15239,"href":"https:\/\/www.pointwestcu.com\/es\/wp-json\/wp\/v2\/pages\/2646\/revisions\/15239"}],"up":[{"embeddable":true,"href":"https:\/\/www.pointwestcu.com\/es\/wp-json\/wp\/v2\/pages\/2645"}],"wp:attachment":[{"href":"https:\/\/www.pointwestcu.com\/es\/wp-json\/wp\/v2\/media?parent=2646"}],"curies":[{"name":"gracias","href":"https:\/\/api.w.org\/{rel}","templated":true}]}}