{"id":2644,"date":"2024-05-03T12:13:46","date_gmt":"2024-05-03T19:13:46","guid":{"rendered":"https:\/\/pointwest.local\/about\/member-stories\/"},"modified":"2026-01-29T12:33:47","modified_gmt":"2026-01-29T20:33:47","slug":"historias-de-miembros","status":"publish","type":"page","link":"https:\/\/www.pointwestcu.com\/es\/acerca-de\/historias-de-miembros\/","title":{"rendered":"Historias de miembros"},"content":{"rendered":"<div class=\"co-flex_row co-flex_row__reduced-hero\" ><div class=\"co-flex_row--row co-row\">\t<header class=\"co-tinyHero\" aria-label=\"Encabezado: Historias de miembros\">\n\t\t<div class=\"co-row\">\n\t\t\t<div class=\"co-tinyHero--inner prow gap:0 items-center@lg\">\n\t\t\t\t<div class=\"co-tinyHero--heading pcol-lg:5\">\n\t\t\t\t\t<h1 class=\"co-tinyHero--title\">Historias de miembros<\/h1>\t\t\t\t<\/div>\n\t\t\t\t<div class=\"co-tinyHero--tagline pcol-lg:7\">\n\t\t\t\t\t<p class=\"co-tinyHero--tagline_text\">Contando historias, cambiando vidas.<\/p>\t\t\t\t<\/div>\n\t\t\t<\/div>\n\t\t<\/div>\n\t<\/header>\n<\/div><\/div>\n\n<div class=\"co-flex_row co-flex_row__white co-flex_row__embed-video\" id=\"stories\"><div class=\"co-flex_row--row co-row\">\t<div class=\"co-video\">\n\t\t\t\t<header class=\"co-intro_text has_intro\">\n\t\t\t<h2 class=\"co-intro_text--title\">De Per\u00fa a Portland: El viaje de Jos\u00e9 como emprendedor latino<\/h2><div class=\"co-intro_text--intro text-component\"><p>Conozca a Jos\u00e9, miembro de Point West, autor y emprendedor con una historia poderosa.<\/p>\n<\/div>\t\t<\/header>\n\t\t<div class=\"co-video--vid_wrap\"><div class=\"co-youtube_wrap loading js-youtube_wrap\"><iframe loading=\"lazy\" title=\"De Per\u00fa a Portland: El viaje de Jos\u00e9 como emprendedor latino\" width=\"1024\" height=\"576\" src=\"\" data-src=\"https:\/\/www.youtube.com\/embed\/Yc8__4DEdWM?feature=oembed\" frameborder=\"0\" allow=\"accelerometer; autoplay; clipboard-write; encrypted-media; gyroscope; picture-in-picture; web-share\" referrerpolicy=\"strict-origin-when-cross-origin\" allowfullscreen><\/iframe><\/div><\/div><div class=\"co-video--caption\"><p>Mire para ver la diferencia de la cooperativa de cr\u00e9dito en acci\u00f3n y c\u00f3mo Point West lo ayud\u00f3 a dar el salto.<\/p>\n<\/div>\t<\/div>\n<\/div><\/div>\n\n<div class=\"co-flex_row co-flex_row__white co-flex_row__last co-flex_row__featured-member-stories\" ><div class=\"co-flex_row--row co-row\"><div class=\"co-fms\">\n\t<div class=\"co-fms--header\">\n\t\t<img loading=\"lazy\" decoding=\"async\" src=\"https:\/\/www.pointwestcu.com\/wp-content\/themes\/pointwestcu-theme\/images\/word-art.webp\" class=\"co-fms--header-image\" width=\"764\" height=\"369\" alt=\"Empoderado, amado, collage de arte de palabras\" \/>\n\t\t\t\t<header class=\"co-intro_text has_intro\">\n\t\t\t<h2 class=\"co-intro_text--title\">Contando historias, cambiando vidas.<\/h2><div class=\"co-intro_text--intro text-component\"><p>Point West se compromete a marcar la diferencia en todos los rincones de la comunidad a trav\u00e9s de la educaci\u00f3n, el acceso y el empoderamiento financiero. Nos enorgullece ser una instituci\u00f3n financiera que prioriza los pr\u00e9stamos y los servicios financieros para inmigrantes. Explore nuestras cifras de impacto e historias de miembros para conocer c\u00f3mo generamos cambios duraderos.<\/p>\n<\/div>\t\t<\/header>\n\t\t\t<\/div>\n\t\t\t<div class=\"co-fms--stories\">\n\t\t\t<div class=\"prow\">\n\t\t\t\t\t\t\t\t\t<div class=\"pcol-md:12 pcol-xl:9\">\n\t\t\t\t\t\t<div class=\"co-fms--story left\">\n\t\t\t\t\t\t\t\t\t\t\t\t\t\t\t<svg class=\"svg-dotted\" width=\"259\" height=\"267\" viewbox=\"0 0 259 267\" fill=\"none\" xmlns=\"http:\/\/www.w3.org\/2000\/svg\">\n\t\t\t\t\t\t\t\t\t<path d=\"M256.056 0.999978L247.556 34.4981C237.556 64.4995 215.758 93.057 166.056 109.5C99.5557 131.5 79.0557 141.005 57.5556 155.5C4.55565 191.23 6.65324 223.516 4.55565 237C1.05548 259.5 4.55565 246.997 4.55565 266.497\" stroke=\"black\" stroke-width=\"6\" stroke-linejoin=\"round\" stroke-dasharray=\"20 20\"\/>\n\t\t\t\t\t\t\t\t<\/svg>\n\t\t\t\t\t\t\t\n\t\t\t\t\t\t\t<div class=\"co-fms--story-content-wrap\">\n\t\t\t\t\t\t\t\t<div class=\"co-fms--story-content\">\n\t\t\t\t\t\t\t\t\t<h2 class=\"co-fms--story-name\">Jos\u00e9<\/h2><div class=\"co-fms--story-desc text-component\">\u201cHan pasado m\u00e1s de 30 a\u00f1os desde que era Hacienda CDC Credit Union. Mi primer banco fue US Bank, y en aquel entonces no pod\u00edan ayudarme con una tarjeta de cr\u00e9dito. As\u00ed que fui a Point West para conseguir una\u2026<\/div>\t\t\t\t\t\t\t\t\t<a href=\"https:\/\/www.pointwestcu.com\/es\/historia-de-un-miembro\/jose\/\" class=\"co-fms--story-link co-button__secondary\" aria-label=\"Lea la historia de Jos\u00e9\">Lea la historia completa<\/a>\n\t\t\t\t\t\t\t\t<\/div>\n\t\t\t\t\t\t\t<\/div>\n\t\t\t\t\t\t\t<div class=\"co-fms--story-img_wrap\"><div class=\"co-fms--story-img_mask\"><img decoding=\"async\" width=\"400\" height=\"400\" src=\"https:\/\/www.pointwestcu.com\/files\/2024\/03\/54.jpg\" class=\"co-fms--story-img\" alt=\"\" loading=\"lazy\" srcset=\"https:\/\/www.pointwestcu.com\/files\/2024\/03\/54.jpg 400w, https:\/\/www.pointwestcu.com\/files\/2024\/03\/54-300x300.jpg 300w, https:\/\/www.pointwestcu.com\/files\/2024\/03\/54-150x150.jpg 150w, https:\/\/www.pointwestcu.com\/files\/2024\/03\/54-12x12.jpg 12w, https:\/\/www.pointwestcu.com\/files\/2024\/03\/54-396x396.jpg 396w, https:\/\/www.pointwestcu.com\/files\/2024\/03\/54-350x350.jpg 350w\" sizes=\"auto, (max-width: 400px) 100vw, 400px\" \/><\/div><\/div>\t\t\t\t\t\t<\/div>\n\t\t\t\t\t<\/div>\n\t\t\t\t\t\t\t\t\t<div class=\"pcol-md:12 pcol-xl:9 offset-xl:3\">\n\t\t\t\t\t\t<div class=\"co-fms--story right\">\n\t\t\t\t\t\t\t\t\t\t\t\t\t\t\t<svg class=\"svg-dotted\" width=\"259\" height=\"267\" viewbox=\"0 0 259 267\" fill=\"none\" xmlns=\"http:\/\/www.w3.org\/2000\/svg\">\n\t\t\t\t\t\t\t\t\t<path d=\"M3 0.999978L11.5 34.4981C21.5 64.4995 43.2973 93.057 93 109.5C159.5 131.5 180 141.005 201.5 155.5C254.5 191.23 252.402 223.516 254.5 237C258 259.5 254.5 246.997 254.5 266.497\" stroke=\"black\" stroke-width=\"6\" stroke-linejoin=\"round\" stroke-dasharray=\"20 20\"\/>\n\t\t\t\t\t\t\t\t<\/svg>\n\t\t\t\t\t\t\t\n\t\t\t\t\t\t\t<div class=\"co-fms--story-content-wrap\">\n\t\t\t\t\t\t\t\t<div class=\"co-fms--story-content\">\n\t\t\t\t\t\t\t\t\t<h2 class=\"co-fms--story-name\">Argelia<\/h2><div class=\"co-fms--story-desc text-component\">\u201cSoy socio desde que se llamaba Hacienda CDC Credit Union. Cuando abrieron en la zona de Killingsworth, fui uno de los primeros socios. Era una cooperativa peque\u00f1a, pero me gustaba que todos\u2026<\/div>\t\t\t\t\t\t\t\t\t<a href=\"https:\/\/www.pointwestcu.com\/es\/historia-de-un-miembro\/argelia\/\" class=\"co-fms--story-link co-button__secondary\" aria-label=\"Lea la historia de Argelia\">Lea la historia completa<\/a>\n\t\t\t\t\t\t\t\t<\/div>\n\t\t\t\t\t\t\t<\/div>\n\t\t\t\t\t\t\t<div class=\"co-fms--story-img_wrap\"><div class=\"co-fms--story-img_mask\"><img decoding=\"async\" width=\"400\" height=\"400\" src=\"https:\/\/www.pointwestcu.com\/files\/2024\/03\/53.jpg\" class=\"co-fms--story-img\" alt=\"Miembro de PW sonriendo y posando para la c\u00e1mara.\" loading=\"lazy\" srcset=\"https:\/\/www.pointwestcu.com\/files\/2024\/03\/53.jpg 400w, https:\/\/www.pointwestcu.com\/files\/2024\/03\/53-300x300.jpg 300w, https:\/\/www.pointwestcu.com\/files\/2024\/03\/53-150x150.jpg 150w, https:\/\/www.pointwestcu.com\/files\/2024\/03\/53-12x12.jpg 12w, https:\/\/www.pointwestcu.com\/files\/2024\/03\/53-396x396.jpg 396w, https:\/\/www.pointwestcu.com\/files\/2024\/03\/53-350x350.jpg 350w\" sizes=\"auto, (max-width: 400px) 100vw, 400px\" \/><\/div><\/div>\t\t\t\t\t\t<\/div>\n\t\t\t\t\t<\/div>\n\t\t\t\t\t\t\t\t\t<div class=\"pcol-md:12 pcol-xl:9\">\n\t\t\t\t\t\t<div class=\"co-fms--story left\">\n\t\t\t\t\t\t\t\t\t\t\t\t\t\t\t<svg class=\"svg-dotted\" width=\"259\" height=\"267\" viewbox=\"0 0 259 267\" fill=\"none\" xmlns=\"http:\/\/www.w3.org\/2000\/svg\">\n\t\t\t\t\t\t\t\t\t<path d=\"M256.056 0.999978L247.556 34.4981C237.556 64.4995 215.758 93.057 166.056 109.5C99.5557 131.5 79.0557 141.005 57.5556 155.5C4.55565 191.23 6.65324 223.516 4.55565 237C1.05548 259.5 4.55565 246.997 4.55565 266.497\" stroke=\"black\" stroke-width=\"6\" stroke-linejoin=\"round\" stroke-dasharray=\"20 20\"\/>\n\t\t\t\t\t\t\t\t<\/svg>\n\t\t\t\t\t\t\t\n\t\t\t\t\t\t\t<div class=\"co-fms--story-content-wrap\">\n\t\t\t\t\t\t\t\t<div class=\"co-fms--story-content\">\n\t\t\t\t\t\t\t\t\t<h2 class=\"co-fms--story-name\">Keith<\/h2><div class=\"co-fms--story-desc text-component\">\u201cHe tenido cuentas en bancos y cooperativas de cr\u00e9dito, y las cooperativas de cr\u00e9dito siempre me han ayudado. El servicio al cliente y la sensaci\u00f3n que tengo cuando entro en la sucursal son incre\u00edbles. Todos son muy amables aqu\u00ed\u201d.<\/div>\t\t\t\t\t\t\t\t\t<a href=\"https:\/\/www.pointwestcu.com\/es\/historia-de-un-miembro\/keith\/\" class=\"co-fms--story-link co-button__secondary\" aria-label=\"Lea la historia de Keith\">Lea la historia completa<\/a>\n\t\t\t\t\t\t\t\t<\/div>\n\t\t\t\t\t\t\t<\/div>\n\t\t\t\t\t\t\t<div class=\"co-fms--story-img_wrap\"><div class=\"co-fms--story-img_mask\"><img decoding=\"async\" width=\"400\" height=\"400\" src=\"https:\/\/www.pointwestcu.com\/files\/2024\/03\/37.jpg\" class=\"co-fms--story-img\" alt=\"Miembro de PW sonriendo y posando para la c\u00e1mara.\" loading=\"lazy\" srcset=\"https:\/\/www.pointwestcu.com\/files\/2024\/03\/37.jpg 400w, https:\/\/www.pointwestcu.com\/files\/2024\/03\/37-300x300.jpg 300w, https:\/\/www.pointwestcu.com\/files\/2024\/03\/37-150x150.jpg 150w, https:\/\/www.pointwestcu.com\/files\/2024\/03\/37-12x12.jpg 12w, https:\/\/www.pointwestcu.com\/files\/2024\/03\/37-396x396.jpg 396w, https:\/\/www.pointwestcu.com\/files\/2024\/03\/37-350x350.jpg 350w\" sizes=\"auto, (max-width: 400px) 100vw, 400px\" \/><\/div><\/div>\t\t\t\t\t\t<\/div>\n\t\t\t\t\t<\/div>\n\t\t\t\t\t\t\t<\/div>\n\t\t<\/div>\n\t\t<div class=\"co-fms--heart\">\n\t\t\t<svg class=\"curvy-line\" width=\"259\" height=\"267\" viewbox=\"0 0 259 267\" fill=\"none\" xmlns=\"http:\/\/www.w3.org\/2000\/svg\">\n\t\t\t\t<path d=\"M3 0.999978L11.5 34.4981C21.5 64.4995 43.2973 93.057 93 109.5C159.5 131.5 180 141.005 201.5 155.5C254.5 191.23 252.402 223.516 254.5 237C258 259.5 254.5 246.997 254.5 266.497\" stroke=\"black\" stroke-width=\"6\" stroke-linejoin=\"round\" stroke-dasharray=\"20 20\"\/>\n\t\t\t<\/svg>\n\t\t\t<svg class=\"heart-svg\" width=\"100\" height=\"91\" viewbox=\"0 0 100 91\" fill=\"none\" xmlns=\"http:\/\/www.w3.org\/2000\/svg\">\n\t\t\t\t<path d=\"M9.27712 53.3352C17.7064 65.4088 42.1782 82.5929 52.5792 90.2757C54.1712 90.2757 85.4803 61.2773 91.7972 53.3352C97.0708 46.7048 99.3835 39.4431 97.1548 30.6027C94.926 21.7622 86.6477 12.9217 72.9566 12.2903C62.0037 11.7851 54.1805 19.8473 51.421 23.5308C33.435 4.6581 15.4375 14.6786 11.2984 18.4674C7.15921 22.2561 -2.18516 36.9173 9.27712 53.3352Z\" fill=\"#E04403\"\/>\n\t\t\t\t<path d=\"M8.50466 44.0676C16.934 56.1412 41.4057 73.3253 51.8067 81.0081C53.3987 81.0081 84.7079 52.0097 91.0248 44.0676C96.2984 37.4372 98.6111 30.1755 96.3823 21.3351C94.1535 12.4946 85.8752 3.65415 72.1841 3.02268C61.2312 2.51751 53.408 10.5797 50.6486 14.2632C32.6626 -4.60948 14.6651 5.41101 10.5259 9.19978C6.38674 12.9886 -2.95762 27.6497 8.50466 44.0676Z\" stroke=\"#0B262D\" stroke-width=\"5\"\/>\n\t\t\t<\/svg>\n\t\t\t<div class=\"co-fms--heart-text\">En Point West, \u00a1se sentir\u00e1 a gusto!<\/div><a class=\"co-fms--cta co-button\" href=\"https:\/\/www.pointwestcu.com\/es\/cuenta-abierta\/\"  >H\u00e1gase miembro<\/a>\t\t<\/div>\n\t<\/div>\n<\/div><\/div>","protected":false},"excerpt":{"rendered":"","protected":false},"author":1,"featured_media":0,"parent":2643,"menu_order":0,"comment_status":"closed","ping_status":"closed","template":"","meta":{"_acf_changed":false,"_searchwp_excluded":"","footnotes":""},"class_list":["post-2644","page","type-page","status-publish","hentry"],"acf":[],"yoast_head":"<!-- This site is optimized with the Yoast SEO plugin v27.4 - https:\/\/yoast.com\/product\/yoast-seo-wordpress\/ -->\n<title>Member Stories - Point West Credit Union<\/title>\n<meta name=\"robots\" content=\"index, follow, max-snippet:-1, max-image-preview:large, max-video-preview:-1\" \/>\n<link rel=\"canonical\" href=\"https:\/\/www.pointwestcu.com\/es\/acerca-de\/historias-de-miembros\/\" \/>\n<meta property=\"og:locale\" content=\"es_ES\" \/>\n<meta property=\"og:type\" content=\"article\" \/>\n<meta property=\"og:title\" content=\"Member Stories - Point West Credit Union\" \/>\n<meta property=\"og:url\" content=\"https:\/\/www.pointwestcu.com\/es\/acerca-de\/historias-de-miembros\/\" \/>\n<meta property=\"og:site_name\" content=\"Point West Credit Union\" \/>\n<meta property=\"article:modified_time\" content=\"2026-01-29T20:33:47+00:00\" \/>\n<meta name=\"twitter:card\" content=\"summary_large_image\" \/>\n<meta name=\"twitter:label1\" content=\"Est. reading time\" \/>\n\t<meta name=\"twitter:data1\" content=\"1 minuto\" \/>\n<script type=\"application\/ld+json\" class=\"yoast-schema-graph\">{\"@context\":\"https:\\\/\\\/schema.org\",\"@graph\":[{\"@type\":\"WebPage\",\"@id\":\"https:\\\/\\\/www.pointwestcu.com\\\/about\\\/member-stories\\\/\",\"url\":\"https:\\\/\\\/www.pointwestcu.com\\\/about\\\/member-stories\\\/\",\"name\":\"Member Stories - Point West Credit Union\",\"isPartOf\":{\"@id\":\"https:\\\/\\\/www.pointwestcu.com\\\/#website\"},\"datePublished\":\"2024-05-03T19:13:46+00:00\",\"dateModified\":\"2026-01-29T20:33:47+00:00\",\"breadcrumb\":{\"@id\":\"https:\\\/\\\/www.pointwestcu.com\\\/about\\\/member-stories\\\/#breadcrumb\"},\"inLanguage\":\"es-ES\",\"potentialAction\":[{\"@type\":\"ReadAction\",\"target\":[\"https:\\\/\\\/www.pointwestcu.com\\\/about\\\/member-stories\\\/\"]}]},{\"@type\":\"BreadcrumbList\",\"@id\":\"https:\\\/\\\/www.pointwestcu.com\\\/about\\\/member-stories\\\/#breadcrumb\",\"itemListElement\":[{\"@type\":\"ListItem\",\"position\":1,\"name\":\"Home\",\"item\":\"https:\\\/\\\/www.pointwestcu.com\\\/\"},{\"@type\":\"ListItem\",\"position\":2,\"name\":\"About\",\"item\":\"https:\\\/\\\/www.pointwestcu.com\\\/about\\\/\"},{\"@type\":\"ListItem\",\"position\":3,\"name\":\"Member Stories\"}]},{\"@type\":\"WebSite\",\"@id\":\"https:\\\/\\\/www.pointwestcu.com\\\/#website\",\"url\":\"https:\\\/\\\/www.pointwestcu.com\\\/\",\"name\":\"Point West Credit Union\",\"description\":\"People Helping People\",\"potentialAction\":[{\"@type\":\"SearchAction\",\"target\":{\"@type\":\"EntryPoint\",\"urlTemplate\":\"https:\\\/\\\/www.pointwestcu.com\\\/?s={search_term_string}\"},\"query-input\":{\"@type\":\"PropertyValueSpecification\",\"valueRequired\":true,\"valueName\":\"search_term_string\"}}],\"inLanguage\":\"es-ES\"}]}<\/script>\n<!-- \/ Yoast SEO plugin. -->","yoast_head_json":{"title":"Historias de miembros - Point West Credit Union","robots":{"index":"index","follow":"follow","max-snippet":"max-snippet:-1","max-image-preview":"max-image-preview:large","max-video-preview":"max-video-preview:-1"},"canonical":"https:\/\/www.pointwestcu.com\/es\/acerca-de\/historias-de-miembros\/","og_locale":"es_ES","og_type":"article","og_title":"Member Stories - Point West Credit Union","og_url":"https:\/\/www.pointwestcu.com\/es\/acerca-de\/historias-de-miembros\/","og_site_name":"Point West Credit Union","article_modified_time":"2026-01-29T20:33:47+00:00","twitter_card":"summary_large_image","twitter_misc":{"Est. reading time":"1 minuto"},"schema":{"@context":"https:\/\/schema.org","@graph":[{"@type":"WebPage","@id":"https:\/\/www.pointwestcu.com\/about\/member-stories\/","url":"https:\/\/www.pointwestcu.com\/about\/member-stories\/","name":"Historias de miembros - Point West Credit Union","isPartOf":{"@id":"https:\/\/www.pointwestcu.com\/#website"},"datePublished":"2024-05-03T19:13:46+00:00","dateModified":"2026-01-29T20:33:47+00:00","breadcrumb":{"@id":"https:\/\/www.pointwestcu.com\/about\/member-stories\/#breadcrumb"},"inLanguage":"es-ES","potentialAction":[{"@type":"ReadAction","target":["https:\/\/www.pointwestcu.com\/about\/member-stories\/"]}]},{"@type":"BreadcrumbList","@id":"https:\/\/www.pointwestcu.com\/about\/member-stories\/#breadcrumb","itemListElement":[{"@type":"ListItem","position":1,"name":"Home","item":"https:\/\/www.pointwestcu.com\/"},{"@type":"ListItem","position":2,"name":"About","item":"https:\/\/www.pointwestcu.com\/about\/"},{"@type":"ListItem","position":3,"name":"Member Stories"}]},{"@type":"WebSite","@id":"https:\/\/www.pointwestcu.com\/#website","url":"https:\/\/www.pointwestcu.com\/","name":"Point West Credit Union","description":"Gente Ayudando a Gente","potentialAction":[{"@type":"SearchAction","target":{"@type":"EntryPoint","urlTemplate":"https:\/\/www.pointwestcu.com\/?s={search_term_string}"},"query-input":{"@type":"PropertyValueSpecification","valueRequired":true,"valueName":"search_term_string"}}],"inLanguage":"es-ES"}]}},"_links":{"self":[{"href":"https:\/\/www.pointwestcu.com\/es\/wp-json\/wp\/v2\/pages\/2644","targetHints":{"allow":["GET"]}}],"collection":[{"href":"https:\/\/www.pointwestcu.com\/es\/wp-json\/wp\/v2\/pages"}],"about":[{"href":"https:\/\/www.pointwestcu.com\/es\/wp-json\/wp\/v2\/types\/page"}],"author":[{"embeddable":true,"href":"https:\/\/www.pointwestcu.com\/es\/wp-json\/wp\/v2\/users\/1"}],"replies":[{"embeddable":true,"href":"https:\/\/www.pointwestcu.com\/es\/wp-json\/wp\/v2\/comments?post=2644"}],"version-history":[{"count":3,"href":"https:\/\/www.pointwestcu.com\/es\/wp-json\/wp\/v2\/pages\/2644\/revisions"}],"predecessor-version":[{"id":14895,"href":"https:\/\/www.pointwestcu.com\/es\/wp-json\/wp\/v2\/pages\/2644\/revisions\/14895"}],"up":[{"embeddable":true,"href":"https:\/\/www.pointwestcu.com\/es\/wp-json\/wp\/v2\/pages\/2643"}],"wp:attachment":[{"href":"https:\/\/www.pointwestcu.com\/es\/wp-json\/wp\/v2\/media?parent=2644"}],"curies":[{"name":"gracias","href":"https:\/\/api.w.org\/{rel}","templated":true}]}}