{"id":2643,"date":"2024-05-03T12:13:46","date_gmt":"2024-05-03T19:13:46","guid":{"rendered":"https:\/\/pointwest.local\/about\/"},"modified":"2024-10-04T09:37:15","modified_gmt":"2024-10-04T16:37:15","slug":"acerca-de","status":"publish","type":"page","link":"https:\/\/www.pointwestcu.com\/es\/acerca-de\/","title":{"rendered":"Acerca de"},"content":{"rendered":"<div class=\"co-flex_row co-flex_row__page-hero\" ><div class=\"co-flex_row--row co-row\">\t<header class=\"co-page_hero  co-page_hero__calypso co-page_hero__no_image\" aria-label=\"Encabezado: Acerca de Point West\">\n\t\t<div class=\"co-page_hero--inner\">\n\t\t\t<div class=\"prow items-center gap:5\">\n\t\t\t\t\t\t\t\t<div class=\"co-page_hero--text pcol-lg:7\">\n\t\t\t\t\t\t\t\t\t\t<h1 class=\"co-page_hero--title\">\n\t\t\t\t\t\tAcerca de Point West\t\t\t\t\t<\/h1>\n\t\t\t\t\t<p class=\"co-page_hero--tagline\">Point West Credit Union no es una simple instituci\u00f3n financiera: es un socio enfocado en la comunidad que se dedica a mejorar el bienestar financiero de sus miembros.<\/p>\t\t\t\t<\/div>\n\t\t\t\t\t\t\t<\/div>\n\t\t<\/div>\n\t<\/header>\n<\/div><\/div>\n\n<div class=\"co-flex_row co-flex_row__white co-flex_row__columns\" ><div class=\"co-flex_row--row co-row\">\t<div class=\"co-columns\">\n\t\t\t\t<header class=\"co-intro_text\">\n\t\t\t<h2 class=\"co-intro_text--title\">Alcance comunitario<\/h2>\t\t<\/header>\n\t\t\t\t\t<div class=\"co-columns--row prow prow-md:2 prow-lg:4 justify-center\">\n\t\t\t\t\t\t\t\t\t<div class=\"co-columns--box\">\n\t\t\t\t\t\t<h3 class=\"co-columns--box_headline\" >Historias de miembros<\/h3><div class=\"co-columns--box_desc text-component\"><p>Conozca c\u00f3mo Point West ha ayudado a sus miembros a alcanzar sus objetivos financieros y dejar huellas duraderas en sus vidas.<\/p>\n<\/div><div class=\"co-columns--box_button\"><a class=\"co-columns--button co-button\" href=\"https:\/\/www.pointwestcu.com\/es\/acerca-de\/historias-de-miembros\/\" target=\"_blank\" >Lea sus historias<\/a><\/div>\t\t\t\t\t<\/div>\n\t\t\t\t\t\t\t\t\t<div class=\"co-columns--box\">\n\t\t\t\t\t\t<h3 class=\"co-columns--box_headline\" >Nuestro Impacto<\/h3><div class=\"co-columns--box_desc text-component\"><p>Vea c\u00f3mo fortalecemos la comunidad ofreciendo servicios financieros asequibles y apoyando iniciativas locales.<\/p>\n<\/div><div class=\"co-columns--box_button\"><a class=\"co-columns--button co-button\" href=\"https:\/\/www.pointwestcu.com\/es\/acerca-de\/nuestro-impacto\/\" target=\"_blank\" >Vea el impacto<\/a><\/div>\t\t\t\t\t<\/div>\n\t\t\t\t\t\t\t\t\t<div class=\"co-columns--box\">\n\t\t\t\t\t\t<h3 class=\"co-columns--box_headline\" >Socios comunitarios<\/h3><div class=\"co-columns--box_desc text-component\"><p>Descubra las organizaciones locales con las que colaboramos para fomentar el crecimiento y la inclusi\u00f3n en toda la comunidad.<\/p>\n<\/div><div class=\"co-columns--box_button\"><a class=\"co-columns--button co-button\" href=\"https:\/\/www.pointwestcu.com\/es\/acerca-de\/socios-comunitarios\/\" target=\"_blank\" >Conozca a nuestros socios<\/a><\/div>\t\t\t\t\t<\/div>\n\t\t\t\t\t\t\t\t\t<div class=\"co-columns--box\">\n\t\t\t\t\t\t<h3 class=\"co-columns--box_headline\" >Participe<\/h3><div class=\"co-columns--box_desc text-component\"><p>Averig\u00fce c\u00f3mo puede contribuir a cumplir nuestra misi\u00f3n a trav\u00e9s de oportunidades de voluntariado y eventos comunitarios.<\/p>\n<\/div><div class=\"co-columns--box_button\"><a class=\"co-columns--button co-button\" href=\"https:\/\/www.pointwestcu.com\/es\/acerca-de\/complicarse\/\" target=\"_blank\" >\u00danase Nosotros<\/a><\/div>\t\t\t\t\t<\/div>\n\t\t\t\t\t\t\t<\/div>\n\t\t\t\t<\/div>\n<\/div><\/div>\n\n<div class=\"co-flex_row co-flex_row__white co-flex_row__last co-flex_row__columns\" ><div class=\"co-flex_row--row co-row\">\t<div class=\"co-columns\">\n\t\t\t\t<header class=\"co-intro_text\">\n\t\t\t<h2 class=\"co-intro_text--title\">Quienes somos<\/h2>\t\t<\/header>\n\t\t\t\t\t<div class=\"co-columns--row prow prow-md:2 prow-lg:4 justify-center\">\n\t\t\t\t\t\t\t\t\t<div class=\"co-columns--box\">\n\t\t\t\t\t\t<h3 class=\"co-columns--box_headline\" >Acerca de Point West<\/h3><div class=\"co-columns--box_desc text-component\"><p>Obtenga informaci\u00f3n sobre nuestra misi\u00f3n, valores y dedicaci\u00f3n a empoderar a nuestros miembros y la comunidad.<\/p>\n<\/div><div class=\"co-columns--box_button\"><a class=\"co-columns--button co-button\" href=\"https:\/\/www.pointwestcu.com\/es\/acerca-de\/apuntar-al-oeste\/\" target=\"_blank\" >Conozca m\u00e1s<\/a><\/div>\t\t\t\t\t<\/div>\n\t\t\t\t\t\t\t\t\t<div class=\"co-columns--box\">\n\t\t\t\t\t\t<h3 class=\"co-columns--box_headline\" >Qu\u00e9 nos hace diferentes<\/h3><div class=\"co-columns--box_desc text-component\"><p>Entienda por qu\u00e9 nos distingue nuestro compromiso con la responsabilidad social y el servicio centrado en los miembros.<\/p>\n<\/div><div class=\"co-columns--box_button\"><a class=\"co-columns--button co-button\" href=\"https:\/\/www.pointwestcu.com\/es\/acerca-de\/lo-que-nos-hace-diferentes\/\" target=\"_blank\" >Descubra la diferencia<\/a><\/div>\t\t\t\t\t<\/div>\n\t\t\t\t\t\t\t\t\t<div class=\"co-columns--box\">\n\t\t\t\t\t\t<h3 class=\"co-columns--box_headline\" >Declaraci\u00f3n de Creencias<\/h3><div class=\"co-columns--box_desc text-component\"><p>Explore los valores fundamentales y los principios rectores que impulsan nuestro compromiso con el empoderamiento financiero.<\/p>\n<\/div><div class=\"co-columns--box_button\"><a class=\"co-columns--button co-button\" href=\"https:\/\/www.pointwestcu.com\/es\/acerca-de\/declaracion-de-creencias\/\" target=\"_blank\" >Explore nuestras creencias<\/a><\/div>\t\t\t\t\t<\/div>\n\t\t\t\t\t\t\t\t\t<div class=\"co-columns--box\">\n\t\t\t\t\t\t<h3 class=\"co-columns--box_headline\" >Bolsa de trabajo<\/h3><div class=\"co-columns--box_desc text-component\"><p>\u00danase a nuestro equipo que marca la diferencia. Explore oportunidades laborales en Point West.<\/p>\n<\/div><div class=\"co-columns--box_button\"><a class=\"co-columns--button co-button\" href=\"https:\/\/www.pointwestcu.com\/es\/acerca-de\/carreras\/\" target=\"_blank\" >Presente una solicitud hoy<\/a><\/div>\t\t\t\t\t<\/div>\n\t\t\t\t\t\t\t<\/div>\n\t\t\t\t<\/div>\n<\/div><\/div>","protected":false},"excerpt":{"rendered":"","protected":false},"author":1,"featured_media":0,"parent":0,"menu_order":0,"comment_status":"closed","ping_status":"closed","template":"","meta":{"_acf_changed":true,"_searchwp_excluded":"","footnotes":""},"class_list":["post-2643","page","type-page","status-publish","hentry"],"acf":[],"yoast_head":"<!-- This site is optimized with the Yoast SEO plugin v27.4 - https:\/\/yoast.com\/product\/yoast-seo-wordpress\/ -->\n<title>About - Point West Credit Union<\/title>\n<meta name=\"robots\" content=\"index, follow, max-snippet:-1, max-image-preview:large, max-video-preview:-1\" \/>\n<link rel=\"canonical\" href=\"https:\/\/www.pointwestcu.com\/es\/acerca-de\/\" \/>\n<meta property=\"og:locale\" content=\"es_ES\" \/>\n<meta property=\"og:type\" content=\"article\" \/>\n<meta property=\"og:title\" content=\"About - Point West Credit Union\" \/>\n<meta property=\"og:url\" content=\"https:\/\/www.pointwestcu.com\/es\/acerca-de\/\" \/>\n<meta property=\"og:site_name\" content=\"Point West Credit Union\" \/>\n<meta property=\"article:modified_time\" content=\"2024-10-04T16:37:15+00:00\" \/>\n<meta name=\"twitter:card\" content=\"summary_large_image\" \/>\n<meta name=\"twitter:label1\" content=\"Est. reading time\" \/>\n\t<meta name=\"twitter:data1\" content=\"1 minuto\" \/>\n<script type=\"application\/ld+json\" class=\"yoast-schema-graph\">{\"@context\":\"https:\\\/\\\/schema.org\",\"@graph\":[{\"@type\":\"WebPage\",\"@id\":\"https:\\\/\\\/www.pointwestcu.com\\\/about\\\/\",\"url\":\"https:\\\/\\\/www.pointwestcu.com\\\/about\\\/\",\"name\":\"About - Point West Credit Union\",\"isPartOf\":{\"@id\":\"https:\\\/\\\/www.pointwestcu.com\\\/#website\"},\"datePublished\":\"2024-05-03T19:13:46+00:00\",\"dateModified\":\"2024-10-04T16:37:15+00:00\",\"breadcrumb\":{\"@id\":\"https:\\\/\\\/www.pointwestcu.com\\\/about\\\/#breadcrumb\"},\"inLanguage\":\"es-ES\",\"potentialAction\":[{\"@type\":\"ReadAction\",\"target\":[\"https:\\\/\\\/www.pointwestcu.com\\\/about\\\/\"]}]},{\"@type\":\"BreadcrumbList\",\"@id\":\"https:\\\/\\\/www.pointwestcu.com\\\/about\\\/#breadcrumb\",\"itemListElement\":[{\"@type\":\"ListItem\",\"position\":1,\"name\":\"Home\",\"item\":\"https:\\\/\\\/www.pointwestcu.com\\\/\"},{\"@type\":\"ListItem\",\"position\":2,\"name\":\"About\"}]},{\"@type\":\"WebSite\",\"@id\":\"https:\\\/\\\/www.pointwestcu.com\\\/#website\",\"url\":\"https:\\\/\\\/www.pointwestcu.com\\\/\",\"name\":\"Point West Credit Union\",\"description\":\"People Helping People\",\"potentialAction\":[{\"@type\":\"SearchAction\",\"target\":{\"@type\":\"EntryPoint\",\"urlTemplate\":\"https:\\\/\\\/www.pointwestcu.com\\\/?s={search_term_string}\"},\"query-input\":{\"@type\":\"PropertyValueSpecification\",\"valueRequired\":true,\"valueName\":\"search_term_string\"}}],\"inLanguage\":\"es-ES\"}]}<\/script>\n<!-- \/ Yoast SEO plugin. -->","yoast_head_json":{"title":"Acerca de - Point West Credit Union","robots":{"index":"index","follow":"follow","max-snippet":"max-snippet:-1","max-image-preview":"max-image-preview:large","max-video-preview":"max-video-preview:-1"},"canonical":"https:\/\/www.pointwestcu.com\/es\/acerca-de\/","og_locale":"es_ES","og_type":"article","og_title":"About - Point West Credit Union","og_url":"https:\/\/www.pointwestcu.com\/es\/acerca-de\/","og_site_name":"Point West Credit Union","article_modified_time":"2024-10-04T16:37:15+00:00","twitter_card":"summary_large_image","twitter_misc":{"Est. reading time":"1 minuto"},"schema":{"@context":"https:\/\/schema.org","@graph":[{"@type":"WebPage","@id":"https:\/\/www.pointwestcu.com\/about\/","url":"https:\/\/www.pointwestcu.com\/about\/","name":"Acerca de - Point West Credit Union","isPartOf":{"@id":"https:\/\/www.pointwestcu.com\/#website"},"datePublished":"2024-05-03T19:13:46+00:00","dateModified":"2024-10-04T16:37:15+00:00","breadcrumb":{"@id":"https:\/\/www.pointwestcu.com\/about\/#breadcrumb"},"inLanguage":"es-ES","potentialAction":[{"@type":"ReadAction","target":["https:\/\/www.pointwestcu.com\/about\/"]}]},{"@type":"BreadcrumbList","@id":"https:\/\/www.pointwestcu.com\/about\/#breadcrumb","itemListElement":[{"@type":"ListItem","position":1,"name":"Home","item":"https:\/\/www.pointwestcu.com\/"},{"@type":"ListItem","position":2,"name":"About"}]},{"@type":"WebSite","@id":"https:\/\/www.pointwestcu.com\/#website","url":"https:\/\/www.pointwestcu.com\/","name":"Point West Credit Union","description":"Gente Ayudando a Gente","potentialAction":[{"@type":"SearchAction","target":{"@type":"EntryPoint","urlTemplate":"https:\/\/www.pointwestcu.com\/?s={search_term_string}"},"query-input":{"@type":"PropertyValueSpecification","valueRequired":true,"valueName":"search_term_string"}}],"inLanguage":"es-ES"}]}},"_links":{"self":[{"href":"https:\/\/www.pointwestcu.com\/es\/wp-json\/wp\/v2\/pages\/2643","targetHints":{"allow":["GET"]}}],"collection":[{"href":"https:\/\/www.pointwestcu.com\/es\/wp-json\/wp\/v2\/pages"}],"about":[{"href":"https:\/\/www.pointwestcu.com\/es\/wp-json\/wp\/v2\/types\/page"}],"author":[{"embeddable":true,"href":"https:\/\/www.pointwestcu.com\/es\/wp-json\/wp\/v2\/users\/1"}],"replies":[{"embeddable":true,"href":"https:\/\/www.pointwestcu.com\/es\/wp-json\/wp\/v2\/comments?post=2643"}],"version-history":[{"count":0,"href":"https:\/\/www.pointwestcu.com\/es\/wp-json\/wp\/v2\/pages\/2643\/revisions"}],"wp:attachment":[{"href":"https:\/\/www.pointwestcu.com\/es\/wp-json\/wp\/v2\/media?parent=2643"}],"curies":[{"name":"gracias","href":"https:\/\/api.w.org\/{rel}","templated":true}]}}