{"id":2630,"date":"2024-05-03T12:13:46","date_gmt":"2024-05-03T19:13:46","guid":{"rendered":"https:\/\/pointwest.local\/business\/credit-cards-loans\/"},"modified":"2024-08-08T10:24:51","modified_gmt":"2024-08-08T17:24:51","slug":"prestamos-de-tarjetas-de-credito","status":"publish","type":"page","link":"https:\/\/www.pointwestcu.com\/es\/negocio\/prestamos-de-tarjetas-de-credito\/","title":{"rendered":"Tarjetas de cr\u00e9dito y pr\u00e9stamos para negocios"},"content":{"rendered":"<div class=\"co-flex_row co-flex_row__page-hero\" ><div class=\"co-flex_row--row co-row\">\t<header class=\"co-page_hero  co-page_hero__calypso co-page_hero__no_image\" aria-label=\"Encabezado: Tarjetas de cr\u00e9dito y pr\u00e9stamos comerciales\">\n\t\t<div class=\"co-page_hero--inner\">\n\t\t\t<div class=\"prow items-center gap:5\">\n\t\t\t\t\t\t\t\t<div class=\"co-page_hero--text pcol-lg:7\">\n\t\t\t\t\t\t\t\t\t\t<h1 class=\"co-page_hero--title\">\n\t\t\t\t\t\tTarjetas de cr\u00e9dito y pr\u00e9stamos para negocios\t\t\t\t\t<\/h1>\n\t\t\t\t\t\t\t\t\t<\/div>\n\t\t\t\t\t\t\t<\/div>\n\t\t<\/div>\n\t<\/header>\n<\/div><\/div>\n\n<div class=\"co-flex_row co-flex_row__white co-flex_row__last co-flex_row__columns\" ><div class=\"co-flex_row--row co-row\">\t<div class=\"co-columns\">\n\t\t\t\t\t<div class=\"co-columns--row prow prow-md:2 prow-lg:2 justify-center\">\n\t\t\t\t\t\t\t\t\t<div class=\"co-columns--box\">\n\t\t\t\t\t\t<h2 class=\"co-columns--box_headline\" >Pr\u00e9stamos para peque\u00f1os negocios<\/h2><div class=\"co-columns--box_desc text-component\"><p>Empodere su negocio con nuestros pr\u00e9stamos flexibles para peque\u00f1os negocios. Ya sea que necesite fondos para expandirse, equipos nuevos o capital de trabajo, ofrecemos soluciones financieras personalizadas para satisfacer sus necesidades \u00fanicas.<\/p>\n<\/div><div class=\"co-columns--box_button\"><a class=\"co-columns--button co-button\" href=\"https:\/\/www.pointwestcu.com\/es\/negocio\/prestamos-para-pequenas-empresas\/\" target=\"_blank\" >Explore nuestros pr\u00e9stamos para peque\u00f1os negocios<\/a><\/div>\t\t\t\t\t<\/div>\n\t\t\t\t\t\t\t\t\t<div class=\"co-columns--box\">\n\t\t\t\t\t\t<h2 class=\"co-columns--box_headline\" >Tarjetas de cr\u00e9dito para negocios<\/h2><div class=\"co-columns--box_desc text-component\"><p>Nuestras tarjetas de cr\u00e9dito para negocios est\u00e1n dise\u00f1adas para ayudarle a hacer m\u00e1s eficientes sus finanzas e impulsar el crecimiento de su empresa. Disfrute de tasas competitivas, recompensas y la comodidad de tener una l\u00ednea de cr\u00e9dito exclusiva.<\/p>\n<\/div><div class=\"co-columns--box_button\"><a class=\"co-columns--button co-button\" href=\"https:\/\/www.pointwestcu.com\/es\/negocio\/tarjeta-de-credito\/\" target=\"_blank\" >Explore nuestras tarjetas de cr\u00e9dito para negocios<\/a><\/div>\t\t\t\t\t<\/div>\n\t\t\t\t\t\t\t<\/div>\n\t\t\t\t<\/div>\n<\/div><\/div>","protected":false},"excerpt":{"rendered":"","protected":false},"author":1,"featured_media":0,"parent":2625,"menu_order":0,"comment_status":"closed","ping_status":"closed","template":"","meta":{"_acf_changed":true,"_searchwp_excluded":"","footnotes":""},"class_list":["post-2630","page","type-page","status-publish","hentry"],"acf":[],"yoast_head":"<!-- This site is optimized with the Yoast SEO plugin v27.4 - https:\/\/yoast.com\/product\/yoast-seo-wordpress\/ -->\n<title>Business Credit Cards &amp; Loans - Point West Credit Union<\/title>\n<meta name=\"robots\" content=\"index, follow, max-snippet:-1, max-image-preview:large, max-video-preview:-1\" \/>\n<link rel=\"canonical\" href=\"https:\/\/www.pointwestcu.com\/es\/negocio\/prestamos-de-tarjetas-de-credito\/\" \/>\n<meta property=\"og:locale\" content=\"es_ES\" \/>\n<meta property=\"og:type\" content=\"article\" \/>\n<meta property=\"og:title\" content=\"Business Credit Cards &amp; Loans - Point West Credit Union\" \/>\n<meta property=\"og:url\" content=\"https:\/\/www.pointwestcu.com\/es\/negocio\/prestamos-de-tarjetas-de-credito\/\" \/>\n<meta property=\"og:site_name\" content=\"Point West Credit Union\" \/>\n<meta property=\"article:modified_time\" content=\"2024-08-08T17:24:51+00:00\" \/>\n<meta name=\"twitter:card\" content=\"summary_large_image\" \/>\n<meta name=\"twitter:label1\" content=\"Est. reading time\" \/>\n\t<meta name=\"twitter:data1\" content=\"1 minuto\" \/>\n<script type=\"application\/ld+json\" class=\"yoast-schema-graph\">{\"@context\":\"https:\\\/\\\/schema.org\",\"@graph\":[{\"@type\":\"WebPage\",\"@id\":\"https:\\\/\\\/www.pointwestcu.com\\\/business\\\/credit-cards-loans\\\/\",\"url\":\"https:\\\/\\\/www.pointwestcu.com\\\/business\\\/credit-cards-loans\\\/\",\"name\":\"Business Credit Cards & Loans - Point West Credit Union\",\"isPartOf\":{\"@id\":\"https:\\\/\\\/www.pointwestcu.com\\\/#website\"},\"datePublished\":\"2024-05-03T19:13:46+00:00\",\"dateModified\":\"2024-08-08T17:24:51+00:00\",\"breadcrumb\":{\"@id\":\"https:\\\/\\\/www.pointwestcu.com\\\/business\\\/credit-cards-loans\\\/#breadcrumb\"},\"inLanguage\":\"es-ES\",\"potentialAction\":[{\"@type\":\"ReadAction\",\"target\":[\"https:\\\/\\\/www.pointwestcu.com\\\/business\\\/credit-cards-loans\\\/\"]}]},{\"@type\":\"BreadcrumbList\",\"@id\":\"https:\\\/\\\/www.pointwestcu.com\\\/business\\\/credit-cards-loans\\\/#breadcrumb\",\"itemListElement\":[{\"@type\":\"ListItem\",\"position\":1,\"name\":\"Home\",\"item\":\"https:\\\/\\\/www.pointwestcu.com\\\/\"},{\"@type\":\"ListItem\",\"position\":2,\"name\":\"Business\",\"item\":\"https:\\\/\\\/www.pointwestcu.com\\\/business\\\/\"},{\"@type\":\"ListItem\",\"position\":3,\"name\":\"Business Credit Cards &#038; Loans\"}]},{\"@type\":\"WebSite\",\"@id\":\"https:\\\/\\\/www.pointwestcu.com\\\/#website\",\"url\":\"https:\\\/\\\/www.pointwestcu.com\\\/\",\"name\":\"Point West Credit Union\",\"description\":\"People Helping People\",\"potentialAction\":[{\"@type\":\"SearchAction\",\"target\":{\"@type\":\"EntryPoint\",\"urlTemplate\":\"https:\\\/\\\/www.pointwestcu.com\\\/?s={search_term_string}\"},\"query-input\":{\"@type\":\"PropertyValueSpecification\",\"valueRequired\":true,\"valueName\":\"search_term_string\"}}],\"inLanguage\":\"es-ES\"}]}<\/script>\n<!-- \/ Yoast SEO plugin. -->","yoast_head_json":{"title":"Tarjetas de cr\u00e9dito y pr\u00e9stamos comerciales - Point West Credit Union","robots":{"index":"index","follow":"follow","max-snippet":"max-snippet:-1","max-image-preview":"max-image-preview:large","max-video-preview":"max-video-preview:-1"},"canonical":"https:\/\/www.pointwestcu.com\/es\/negocio\/prestamos-de-tarjetas-de-credito\/","og_locale":"es_ES","og_type":"article","og_title":"Business Credit Cards & Loans - Point West Credit Union","og_url":"https:\/\/www.pointwestcu.com\/es\/negocio\/prestamos-de-tarjetas-de-credito\/","og_site_name":"Point West Credit Union","article_modified_time":"2024-08-08T17:24:51+00:00","twitter_card":"summary_large_image","twitter_misc":{"Est. reading time":"1 minuto"},"schema":{"@context":"https:\/\/schema.org","@graph":[{"@type":"WebPage","@id":"https:\/\/www.pointwestcu.com\/business\/credit-cards-loans\/","url":"https:\/\/www.pointwestcu.com\/business\/credit-cards-loans\/","name":"Tarjetas de cr\u00e9dito y pr\u00e9stamos comerciales - Point West Credit Union","isPartOf":{"@id":"https:\/\/www.pointwestcu.com\/#website"},"datePublished":"2024-05-03T19:13:46+00:00","dateModified":"2024-08-08T17:24:51+00:00","breadcrumb":{"@id":"https:\/\/www.pointwestcu.com\/business\/credit-cards-loans\/#breadcrumb"},"inLanguage":"es-ES","potentialAction":[{"@type":"ReadAction","target":["https:\/\/www.pointwestcu.com\/business\/credit-cards-loans\/"]}]},{"@type":"BreadcrumbList","@id":"https:\/\/www.pointwestcu.com\/business\/credit-cards-loans\/#breadcrumb","itemListElement":[{"@type":"ListItem","position":1,"name":"Home","item":"https:\/\/www.pointwestcu.com\/"},{"@type":"ListItem","position":2,"name":"Business","item":"https:\/\/www.pointwestcu.com\/business\/"},{"@type":"ListItem","position":3,"name":"Business Credit Cards &#038; Loans"}]},{"@type":"WebSite","@id":"https:\/\/www.pointwestcu.com\/#website","url":"https:\/\/www.pointwestcu.com\/","name":"Point West Credit Union","description":"Gente Ayudando a Gente","potentialAction":[{"@type":"SearchAction","target":{"@type":"EntryPoint","urlTemplate":"https:\/\/www.pointwestcu.com\/?s={search_term_string}"},"query-input":{"@type":"PropertyValueSpecification","valueRequired":true,"valueName":"search_term_string"}}],"inLanguage":"es-ES"}]}},"_links":{"self":[{"href":"https:\/\/www.pointwestcu.com\/es\/wp-json\/wp\/v2\/pages\/2630","targetHints":{"allow":["GET"]}}],"collection":[{"href":"https:\/\/www.pointwestcu.com\/es\/wp-json\/wp\/v2\/pages"}],"about":[{"href":"https:\/\/www.pointwestcu.com\/es\/wp-json\/wp\/v2\/types\/page"}],"author":[{"embeddable":true,"href":"https:\/\/www.pointwestcu.com\/es\/wp-json\/wp\/v2\/users\/1"}],"replies":[{"embeddable":true,"href":"https:\/\/www.pointwestcu.com\/es\/wp-json\/wp\/v2\/comments?post=2630"}],"version-history":[{"count":0,"href":"https:\/\/www.pointwestcu.com\/es\/wp-json\/wp\/v2\/pages\/2630\/revisions"}],"up":[{"embeddable":true,"href":"https:\/\/www.pointwestcu.com\/es\/wp-json\/wp\/v2\/pages\/2625"}],"wp:attachment":[{"href":"https:\/\/www.pointwestcu.com\/es\/wp-json\/wp\/v2\/media?parent=2630"}],"curies":[{"name":"gracias","href":"https:\/\/api.w.org\/{rel}","templated":true}]}}