{"id":2617,"date":"2024-05-03T12:13:45","date_gmt":"2024-05-03T19:13:45","guid":{"rendered":"https:\/\/pointwest.local\/personal\/insurance\/"},"modified":"2024-10-28T11:54:18","modified_gmt":"2024-10-28T18:54:18","slug":"seguro","status":"publish","type":"page","link":"https:\/\/www.pointwestcu.com\/es\/personal\/seguro\/","title":{"rendered":"Seguros"},"content":{"rendered":"<div class=\"co-flex_row co-flex_row__page-hero\" ><div class=\"co-flex_row--row co-row\">\t<header class=\"co-page_hero  co-page_hero__calypso co-page_hero__has_image display-img-desktop\" aria-label=\"Encabezado: Productos de seguros\">\n\t\t<div class=\"co-page_hero--inner\">\n\t\t\t<div class=\"prow items-center gap:5\">\n\t\t\t\t\t\t\t\t\t<div class=\"co-page_hero--media pcol-lg:5\">\n\t\t\t\t\t\t<div class=\"co-page_hero--img_wrap\">\n\t\t\t\t\t\t\t<img loading=\"lazy\" decoding=\"async\" width=\"400\" height=\"400\" src=\"https:\/\/www.pointwestcu.com\/files\/2024\/03\/13.jpg\" class=\"co-page_hero--img\" alt=\"Miembros de PW sonriendo y posando para la c\u00e1mara.\" srcset=\"https:\/\/www.pointwestcu.com\/files\/2024\/03\/13.jpg 400w, https:\/\/www.pointwestcu.com\/files\/2024\/03\/13-300x300.jpg 300w, https:\/\/www.pointwestcu.com\/files\/2024\/03\/13-150x150.jpg 150w, https:\/\/www.pointwestcu.com\/files\/2024\/03\/13-12x12.jpg 12w, https:\/\/www.pointwestcu.com\/files\/2024\/03\/13-396x396.jpg 396w, https:\/\/www.pointwestcu.com\/files\/2024\/03\/13-350x350.jpg 350w\" sizes=\"auto, (max-width: 400px) 100vw, 400px\" \/>\t\t\t\t\t\t\t<!-- <div class=\"co-page_hero--blob\"><\/div> -->\n\t\t\t\t\t\t\t<div class=\"co-page_hero--blob left\">\n\t\t\t\t\t\t\t\t<div class=\"ps-blob\">\n\t\t\t\t\t\t\t\t\t<svg xmlns=\"http:\/\/www.w3.org\/2000\/svg\" viewbox=\"0 0 346 350\">\n\t\t\t\t\t\t\t\t\t\t<path d=\"M251.828 345.182c40.089-12.626 112.781-76.278 88.995-177.474-9.514-40.478-20.053-68.213-37.817-101.823C274.109 2.01 196.228-7.4 146.551 5.697 63.31 27.644-10.879 98.755 2.465 197.03c13.345 98.273 60.132 113.469 85.659 124.795 48.095 21.341 123.614 35.985 163.704 23.358Z\"\/>\n\t\t\t\t\t\t\t\t\t<\/svg>\n\t\t\t\t\t\t\t\t<\/div>\n\t\t\t\t\t\t\t<\/div>\n\t\t\t\t\t\t\t<div class=\"co-page_hero--blob right\">\n\t\t\t\t\t\t\t\t<div class=\"ps-blob\">\n\t\t\t\t\t\t\t\t\t<svg xmlns=\"http:\/\/www.w3.org\/2000\/svg\" viewbox=\"0 0 373 387\">\n\t\t\t\t\t\t\t\t\t\t<path d=\"M248.84 12.929c-39.932-20.483-141.923-26.03-197.127 70.37C29.63 121.86 17.586 151.316 6.82 190.782c-24.19 71.33 28.748 137.43 76.38 164.787 79.812 45.84 188.368 46.736 249.464-39.516 61.095-86.252 36.22-133.357 24.852-161.411-21.419-52.857-68.745-121.23-108.677-141.712Z\"\/>\n\t\t\t\t\t\t\t\t\t<\/svg>\n\t\t\t\t\t\t\t\t<\/div>\n\t\t\t\t\t\t\t<\/div>\n\t\t\t\t\t\t<\/div>\n\t\t\t\t\t<\/div>\n\t\t\t\t\t\t\t\t<div class=\"co-page_hero--text pcol-lg:7\">\n\t\t\t\t\t\t\t\t\t\t<h1 class=\"co-page_hero--title\">\n\t\t\t\t\t\tProductos de seguro\t\t\t\t\t<\/h1>\n\t\t\t\t\t<p class=\"co-page_hero--tagline\">Cobertura en la que puede confiar<\/p>\t\t\t\t<\/div>\n\t\t\t\t\t\t\t<\/div>\n\t\t<\/div>\n\t<\/header>\n<\/div><\/div>\n\n<div class=\"co-flex_row co-flex_row__white co-flex_row__page-intro\" ><div class=\"co-flex_row--row co-row\">\t<div class=\"co-page_intro\">\n\t\t<div class=\"co-page_intro--desc text-component\"><p>El seguro es un componente esencial de un plan financiero s\u00f3lido. Desde encontrar una p\u00f3liza que se ajuste a su presupuesto hasta asegurar que tenga cobertura adecuada, un seguro confiable le brinda tranquilidad hoy y ayuda financiera cuando m\u00e1s la necesite. Con m\u00e1s de 80 a\u00f1os de experiencia atendiendo a las cooperativas de cr\u00e9dito y sus miembros, TruStage ofrece protecci\u00f3n confiable para lo m\u00e1s importante. Explore nuestra gama de productos y programas, como seguro de vida, auto, vivienda, muerte accidental y p\u00e9rdidas org\u00e1nicas, y m\u00e1s. <\/p>\n<\/div>\t<\/div>\n<\/div><\/div>\n\n<div class=\"co-flex_row co-flex_row__white co-flex_row__next_row_diff co-flex_row__accordions\" ><div class=\"co-flex_row--row co-row\">\t<section class=\"co-accords_section\" aria-label=\"Resumen de los productos de seguro\">\n\t\t\t\t<header class=\"co-intro_text\">\n\t\t\t<h2 class=\"co-intro_text--title\">Resumen de los productos de seguro<\/h2>\t\t<\/header>\n\t\t\t\t<div class=\"co-accordion\" data-animation=\"on\" data-multi-items=\"on\">\n\t\t\t\t\t\t\t<div class=\"co-accordion--item\">\n\t\t\t\t\t<button\n\t\t\t\t\t\t\t\t\t\t\t\tclass=\"co-accordion--header\t\t\t\t\t\t\tjs-accord_toggle\t\t\t\t\t\t\tclosed\"\n\t\t\t\t\t>\n\t\t\t\t\t\tSeguro de muerte accidental y p\u00e9rdidas org\u00e1nicas\t\t\t\t\t\t<svg class=\"co-accordion--icon no-js:is-hidden\" viewbox=\"0 0 20 20\"><g class=\"icon__group\" fill=\"none\" stroke=\"currentColor\" stroke-linecap=\"round\" stroke-linejoin=\"round\"><line x1=\"3\" y1=\"3\" x2=\"17\" y2=\"17\"><\/line><line x1=\"17\" y1=\"3\" x2=\"3\" y2=\"17\"><\/line><\/g><\/svg>\n\t\t\t\t\t<\/button>\n\t\t\t\t\t<div class=\"co-accordion--panel\t\t\t\t\t\tjs-accord_content\t\t\t\t\t\ttext-component\">\n\t\t\t\t\t\t<h3>Ventaja exclusiva para los miembros: seguros de TruStage\u00ae<\/h3>\n<p>Como miembro valioso de la cooperativa de cr\u00e9dito, tiene acceso a los productos de seguro de TruStage\u00ae, como una p\u00f3liza gratuita de seguro de muerte accidental y p\u00e9rdidas org\u00e1nicas (AD&amp;D, por su sigla en ingl\u00e9s). La cooperativa de cr\u00e9dito paga la totalidad de esta cobertura sin costo: \u00a1lo \u00fanico que debe hacer es solicitarla!<\/p>\n<p>Adem\u00e1s de su cobertura gratuita, tiene la opci\u00f3n de aumentar su protecci\u00f3n. Por tan solo unos $10 al mes*, puede obtener una cobertura de $100,000, una forma segura de proteger a su familia de los perjuicios financieros que supondr\u00eda una muerte accidental o lesi\u00f3n grave y permanente. Se garantiza la cobertura sin el requisito de preguntas m\u00e9dicas o ex\u00e1menes de salud.<\/p>\n<h3>Solicite su cobertura<\/h3>\n<ul>\n<li><strong>En l\u00ednea<\/strong>: presente una solicitud r\u00e1pidamente en\u00a0<a href=\"http:\/\/www.trustage.com\/ADD\" target=\"_new\" rel=\"noreferrer\">www.TruStage.com\/ADD<\/a>\u00a0para pedir su cobertura gratuita de muerte accidental y p\u00e9rdidas org\u00e1nicas en solo unos minutos.<\/li>\n<li><strong>Tel\u00e9fono<\/strong>: llame al 1-800-798-8798 para hablar con uno de nuestros representantes de seguro autorizados de TruStage. Se ofrece sin costo y sin compromisos.<\/li>\n<\/ul>\n<h3>\u00bfPor qu\u00e9 TruStage?<\/h3>\n<p>Ofrecemos los programas de seguro de TruStage porque se basan en valores, integridad y apoyo experto. TruStage fue creado por cooperativas de cr\u00e9dito, para las cooperativas de cr\u00e9dito y sus miembros. Como parte de su planificaci\u00f3n financiera, descubra c\u00f3mo los productos y programas de TruStage pueden beneficiarle.<\/p>\n<h3>Acerca del seguro de muerte accidental y p\u00e9rdidas org\u00e1nicas de TruStage\u00ae<\/h3>\n<p>Este seguro de TruStage\u00ae es ofrecido por TruStage Insurance Agency, LLC y emitido por CMFG Life Insurance Company, PO Box 61, Waverly, IA 50677 0061. Este seguro no es un dep\u00f3sito y no est\u00e1 asegurado por el Gobierno federal ni garantizado por su cooperativa de cr\u00e9dito.<\/p>\n\t\t\t\t\t<\/div>\n\t\t\t\t<\/div>\n\t\t\t\t\t\t\t<div class=\"co-accordion--item\">\n\t\t\t\t\t<button\n\t\t\t\t\t\t\t\t\t\t\t\tclass=\"co-accordion--header\t\t\t\t\t\t\tjs-accord_toggle\t\t\t\t\t\t\tclosed\"\n\t\t\t\t\t>\n\t\t\t\t\t\tSeguro de auto y vivienda con TruStage\u00ae\t\t\t\t\t\t<svg class=\"co-accordion--icon no-js:is-hidden\" viewbox=\"0 0 20 20\"><g class=\"icon__group\" fill=\"none\" stroke=\"currentColor\" stroke-linecap=\"round\" stroke-linejoin=\"round\"><line x1=\"3\" y1=\"3\" x2=\"17\" y2=\"17\"><\/line><line x1=\"17\" y1=\"3\" x2=\"3\" y2=\"17\"><\/line><\/g><\/svg>\n\t\t\t\t\t<\/button>\n\t\t\t\t\t<div class=\"co-accordion--panel\t\t\t\t\t\tjs-accord_content\t\t\t\t\t\ttext-component\">\n\t\t\t\t\t\t<p>\u00bfSab\u00eda que una de las ventajas de su membres\u00eda en la cooperativa de cr\u00e9dito es el acceso al programa de seguro de auto y vivienda de TruStage\u00ae? Los miembros podr\u00edan ahorrar un promedio de $509** en seguro de auto. Cambiarse es m\u00e1s sencillo de lo que cree.<\/p>\n<ul>\n<li><strong>Llame por tel\u00e9fono<\/strong>: marque el 1-855-589-2146 para hablar con uno de nuestros representantes de seguro autorizados de TruStage.<\/li>\n<li><strong>Visite el sitio web<\/strong>:\u00a0<a href=\"http:\/\/www.trustage.com\/AutoCoverage\" target=\"_new\" rel=\"noreferrer\">www.TruStage.com\/AutoCoverage<\/a><\/li>\n<\/ul>\n<p>Sin presi\u00f3n y sin compromisos. Las cooperativas de cr\u00e9dito como la nuestra ponen a su disposici\u00f3n los programas de seguro de TruStage, que se dedican a ayudar a miembros como usted a tener seguridad financiera.<\/p>\n<h3>Acerca del seguro de auto y vivienda de TruStage\u00ae<\/h3>\n<p>Este programa es ofrecido por TruStage\u00ae Insurance Agency, LLC y es emitido por aseguradoras l\u00edderes. Este seguro no es un dep\u00f3sito y no est\u00e1 asegurado por el Gobierno federal ni garantizado por su cooperativa de cr\u00e9dito. Los descuentos no est\u00e1n disponibles en todos los estados y estos podr\u00edan variar seg\u00fan el estado.<\/p>\n\t\t\t\t\t<\/div>\n\t\t\t\t<\/div>\n\t\t\t\t\t<\/div>\n\t\t\t<\/section>\n<\/div><\/div>\n\n<div class=\"co-flex_row co-flex_row__gray co-flex_row__product-comparison\" ><div class=\"co-flex_row--row co-row\">\t<section class=\"co-comp_table_outer_wrap js-comp_table\">\n\t\t\t\t<header class=\"co-intro_text\">\n\t\t\t<h2 class=\"co-intro_text--title\">Compare los seguros de muerte accidental y p\u00e9rdidas org\u00e1nicas y de auto de TruStage\u00ae<\/h2>\t\t<\/header>\n\t\t\t\t<div class=\"co-comp_table_wrap\">\n\t\t\t\t\t\t\t<div class=\"co-comp_table co-comp_table__key_0\">\n\t\t\t\t\t<div class=\"co-comp_item\">\n\t\t\t\t\t\t<div class=\"co-comp_item--title js-comp_table_title text-component\">\n\t\t\t\t\t\t\t\t\t\t\t\t\t<\/div>\n\t\t\t\t\t\t\t\t\t\t\t\t<ul class=\"co-comp_item--list js-comp_table_list\">\n\t\t\t\t\t\t\t\t\t\t\t\t\t\t\t<li class=\"co-comp_item--item js-comp_table_cell\">\n\t\t\t\t\t\t\t\t\t\t\t\t\t\t\t\t\t\t<div class=\"co-comp_item--name\">\n\t\t\t\t\t\t\t\t\t\t<p>Mejor si usted quiere<\/p>\t\t\t\t\t\t\t\t\t<\/div>\n\t\t\t\t\t\t\t\t\t<div class=\"co-comp_item--value text-component\">\n\t\t\t\t\t\t\t\t\t\t<p>Mejor si usted quiere<\/p>\t\t\t\t\t\t\t\t\t<\/div>\n\t\t\t\t\t\t\t\t<\/li>\n\t\t\t\t\t\t\t\t\t\t\t\t\t\t\t<li class=\"co-comp_item--item js-comp_table_cell\">\n\t\t\t\t\t\t\t\t\t\t\t\t\t\t\t\t\t\t<div class=\"co-comp_item--name\">\n\t\t\t\t\t\t\t\t\t\t<p>Incluido con la membres\u00eda<\/p>\t\t\t\t\t\t\t\t\t<\/div>\n\t\t\t\t\t\t\t\t\t<div class=\"co-comp_item--value text-component\">\n\t\t\t\t\t\t\t\t\t\t<p>Incluido con la membres\u00eda<\/p>\t\t\t\t\t\t\t\t\t<\/div>\n\t\t\t\t\t\t\t\t<\/li>\n\t\t\t\t\t\t\t\t\t\t\t\t\t\t\t<li class=\"co-comp_item--item js-comp_table_cell\">\n\t\t\t\t\t\t\t\t\t\t\t\t\t\t\t\t\t\t<div class=\"co-comp_item--name\">\n\t\t\t\t\t\t\t\t\t\t<p>Beneficios adicionales<\/p>\t\t\t\t\t\t\t\t\t<\/div>\n\t\t\t\t\t\t\t\t\t<div class=\"co-comp_item--value text-component\">\n\t\t\t\t\t\t\t\t\t\t<p>Beneficios adicionales<\/p>\t\t\t\t\t\t\t\t\t<\/div>\n\t\t\t\t\t\t\t\t<\/li>\n\t\t\t\t\t\t\t\t\t\t\t\t\t\t\t<li class=\"co-comp_item--item js-comp_table_cell co-comp_item--item__last\">\n\t\t\t\t\t\t\t\t\t\t\t\t\t\t\t\t\t\t<div class=\"co-comp_item--name\">\n\t\t\t\t\t\t\t\t\t\t<p>Comience<\/p>\t\t\t\t\t\t\t\t\t<\/div>\n\t\t\t\t\t\t\t\t\t<div class=\"co-comp_item--value text-component\">\n\t\t\t\t\t\t\t\t\t\t<p>Comience<\/p>\t\t\t\t\t\t\t\t\t<\/div>\n\t\t\t\t\t\t\t\t<\/li>\n\t\t\t\t\t\t\t\t\t\t\t\t\t<\/ul>\n\t\t\t\t\t<\/div>\n\t\t\t\t<\/div>\n\t\t\t\t\t\t\t<div class=\"co-comp_table co-comp_table__key_1\">\n\t\t\t\t\t<div class=\"co-comp_item\">\n\t\t\t\t\t\t<div class=\"co-comp_item--title js-comp_table_title text-component\">\n\t\t\t\t\t\t\t<p>Seguro de muerte accidental y p\u00e9rdidas org\u00e1nicas (AD&amp;D)<\/p>\t\t\t\t\t\t<\/div>\n\t\t\t\t\t\t\t\t\t\t\t\t<ul class=\"co-comp_item--list js-comp_table_list\">\n\t\t\t\t\t\t\t\t\t\t\t\t\t\t\t<li class=\"co-comp_item--item js-comp_table_cell\">\n\t\t\t\t\t\t\t\t\t\t\t\t\t\t\t\t\t\t<div class=\"co-comp_item--name\">\n\t\t\t\t\t\t\t\t\t\t<p>Mejor si usted quiere<\/p>\t\t\t\t\t\t\t\t\t<\/div>\n\t\t\t\t\t\t\t\t\t<div class=\"co-comp_item--value text-component\">\n\t\t\t\t\t\t\t\t\t\t<p>Una forma asequible de salvaguardar a su familia de los efectos duraderos de una muerte accidental o lesi\u00f3n grave y permanente.<\/p>\t\t\t\t\t\t\t\t\t<\/div>\n\t\t\t\t\t\t\t\t<\/li>\n\t\t\t\t\t\t\t\t\t\t\t\t\t\t\t<li class=\"co-comp_item--item js-comp_table_cell\">\n\t\t\t\t\t\t\t\t\t\t\t\t\t\t\t\t\t\t<div class=\"co-comp_item--name\">\n\t\t\t\t\t\t\t\t\t\t<p>Incluido con la membres\u00eda<\/p>\t\t\t\t\t\t\t\t\t<\/div>\n\t\t\t\t\t\t\t\t\t<div class=\"co-comp_item--value text-component\">\n\t\t\t\t\t\t\t\t\t\t<p><svg xmlns=\"http:\/\/www.w3.org\/2000\/svg\" width=\"37\" height=\"29\" viewbox=\"0 0 37 29\" fill=\"none\">\n\t\t\t\t\t\t\t<path fill-rule=\"evenodd\" clip-rule=\"evenodd\" d=\"M36.174 1.42173C36.9008 2.07595 36.9449 3.17775 36.2726 3.88266L13.4899 27.7717C13.1562 28.1216 12.689 28.3229 12.1976 28.3284C11.7062 28.3339 11.2337 28.1431 10.8906 27.8008L0.857265 17.7886C0.166136 17.0989 0.180484 15.9965 0.889311 15.3262C1.59814 14.6559 2.73303 14.6717 3.42416 15.3613L12.1398 24.0586L33.6409 1.51353C34.3132 0.808615 35.4473 0.767514 36.174 1.42173Z\" fill=\"#00687F\"\/>\n\t\t\t\t\t\t<\/svg><\/p>\t\t\t\t\t\t\t\t\t<\/div>\n\t\t\t\t\t\t\t\t<\/li>\n\t\t\t\t\t\t\t\t\t\t\t\t\t\t\t<li class=\"co-comp_item--item js-comp_table_cell\">\n\t\t\t\t\t\t\t\t\t\t\t\t\t\t\t\t\t\t<div class=\"co-comp_item--name\">\n\t\t\t\t\t\t\t\t\t\t<p>Beneficios adicionales<\/p>\t\t\t\t\t\t\t\t\t<\/div>\n\t\t\t\t\t\t\t\t\t<div class=\"co-comp_item--value text-component\">\n\t\t\t\t\t\t\t\t\t\t<ul>\n<li>No se hacen preguntas m\u00e9dicas ni se requieren ex\u00e1menes de salud.<\/li>\n<li>Tiene la opci\u00f3n de agregar cobertura adicional a cambio de una cuota.<\/li>\n<\/ul>\t\t\t\t\t\t\t\t\t<\/div>\n\t\t\t\t\t\t\t\t<\/li>\n\t\t\t\t\t\t\t\t\t\t\t\t\t\t\t<li class=\"co-comp_item--item js-comp_table_cell co-comp_item--item__last\">\n\t\t\t\t\t\t\t\t\t\t\t\t\t\t\t\t\t\t<div class=\"co-comp_item--name\">\n\t\t\t\t\t\t\t\t\t\t<p>Comience<\/p>\t\t\t\t\t\t\t\t\t<\/div>\n\t\t\t\t\t\t\t\t\t<div class=\"co-comp_item--value text-component\">\n\t\t\t\t\t\t\t\t\t\t<p><a href=\"https:\/\/www.trustage.com\/add-insurance\/no-cost-coverage?orgIdentifier=000000011340&amp;marketingCampaignCode=BCDDDXBDB4&amp;utm_source=000000011340&amp;utm_medium=CULK_Link&amp;utm_campaign=BCDDDXBDB4&amp;utm_content=CB000156\/\" class=\"co-button\">Inscr\u00edbase hoy mismo<\/a><\/p>\t\t\t\t\t\t\t\t\t<\/div>\n\t\t\t\t\t\t\t\t<\/li>\n\t\t\t\t\t\t\t\t\t\t\t\t\t<\/ul>\n\t\t\t\t\t<\/div>\n\t\t\t\t<\/div>\n\t\t\t\t\t\t\t<div class=\"co-comp_table co-comp_table__key_2\">\n\t\t\t\t\t<div class=\"co-comp_item\">\n\t\t\t\t\t\t<div class=\"co-comp_item--title js-comp_table_title text-component\">\n\t\t\t\t\t\t\t<p>Seguro de auto<\/p>\t\t\t\t\t\t<\/div>\n\t\t\t\t\t\t\t\t\t\t\t\t<ul class=\"co-comp_item--list js-comp_table_list\">\n\t\t\t\t\t\t\t\t\t\t\t\t\t\t\t<li class=\"co-comp_item--item js-comp_table_cell\">\n\t\t\t\t\t\t\t\t\t\t\t\t\t\t\t\t\t\t<div class=\"co-comp_item--name\">\n\t\t\t\t\t\t\t\t\t\t<p>Mejor si usted quiere<\/p>\t\t\t\t\t\t\t\t\t<\/div>\n\t\t\t\t\t\t\t\t\t<div class=\"co-comp_item--value text-component\">\n\t\t\t\t\t\t\t\t\t\t<p>Una forma asequible de protegerse contra p\u00e9rdidas econ\u00f3micas en el supuesto de un accidente automovil\u00edstico o robo.<\/p>\t\t\t\t\t\t\t\t\t<\/div>\n\t\t\t\t\t\t\t\t<\/li>\n\t\t\t\t\t\t\t\t\t\t\t\t\t\t\t<li class=\"co-comp_item--item js-comp_table_cell\">\n\t\t\t\t\t\t\t\t\t\t\t\t\t\t\t\t\t\t<div class=\"co-comp_item--name\">\n\t\t\t\t\t\t\t\t\t\t<p>Incluido con la membres\u00eda<\/p>\t\t\t\t\t\t\t\t\t<\/div>\n\t\t\t\t\t\t\t\t\t<div class=\"co-comp_item--value text-component\">\n\t\t\t\t\t\t\t\t\t\t<p><svg xmlns=\"http:\/\/www.w3.org\/2000\/svg\" width=\"31\" height=\"32\" viewbox=\"0 0 31 32\" fill=\"none\">\n\t\t\t\t\t\t\t<path fill-rule=\"evenodd\" clip-rule=\"evenodd\" d=\"M30.3343 3.43126C31.1193 2.64631 31.1193 1.37366 30.3343 0.588711C29.5494 -0.196237 28.2767 -0.196237 27.4918 0.58871L14.9233 13.1571L3.4324 1.66621C2.64745 0.88126 1.3748 0.88126 0.589856 1.66621C-0.195091 2.45115 -0.195091 3.72381 0.589856 4.50875L12.0808 15.9997L0.58871 27.4918C-0.196236 28.2767 -0.196237 29.5494 0.58871 30.3343C1.37366 31.1193 2.64631 31.1193 3.43126 30.3343L14.9233 18.8422L27.4929 31.4118C28.2779 32.1968 29.5505 32.1968 30.3355 31.4118C31.1204 30.6269 31.1204 29.3542 30.3355 28.5693L17.7659 15.9997L30.3343 3.43126Z\" fill=\"#E04403\"\/>\n\t\t\t\t\t\t<\/svg><\/p>\t\t\t\t\t\t\t\t\t<\/div>\n\t\t\t\t\t\t\t\t<\/li>\n\t\t\t\t\t\t\t\t\t\t\t\t\t\t\t<li class=\"co-comp_item--item js-comp_table_cell\">\n\t\t\t\t\t\t\t\t\t\t\t\t\t\t\t\t\t\t<div class=\"co-comp_item--name\">\n\t\t\t\t\t\t\t\t\t\t<p>Beneficios adicionales<\/p>\t\t\t\t\t\t\t\t\t<\/div>\n\t\t\t\t\t\t\t\t\t<div class=\"co-comp_item--value text-component\">\n\t\t\t\t\t\t\t\t\t\t<ul>\n<li>Perd\u00f3n de accidentes.<\/li>\n<li>Asistencia en carretera las 24 horas.<\/li>\n<li>Tasa fija de 12 meses.<\/li>\n<li>Reemplazo de su autom\u00f3vil completamente destrozado con un modelo que es un a\u00f1o m\u00e1s nuevo.<\/li>\n<\/ul>\t\t\t\t\t\t\t\t\t<\/div>\n\t\t\t\t\t\t\t\t<\/li>\n\t\t\t\t\t\t\t\t\t\t\t\t\t\t\t<li class=\"co-comp_item--item js-comp_table_cell co-comp_item--item__last\">\n\t\t\t\t\t\t\t\t\t\t\t\t\t\t\t\t\t\t<div class=\"co-comp_item--name\">\n\t\t\t\t\t\t\t\t\t\t<p>Comience<\/p>\t\t\t\t\t\t\t\t\t<\/div>\n\t\t\t\t\t\t\t\t\t<div class=\"co-comp_item--value text-component\">\n\t\t\t\t\t\t\t\t\t\t<p><a href=\"https:\/\/www.trustage.com\/auto-insurance?orgIdentifier=000000011340&amp;marketingCampaignCode=ICTBC14B&amp;utm_source=000000011340&amp;utm_medium=CULK_Link&amp;utm_campaign=ICTBC14B&amp;utm_content=CB000157\" class=\"co-button\">Obtenga una cotizaci\u00f3n gratis<\/a><\/p>\t\t\t\t\t\t\t\t\t<\/div>\n\t\t\t\t\t\t\t\t<\/li>\n\t\t\t\t\t\t\t\t\t\t\t\t\t<\/ul>\n\t\t\t\t\t<\/div>\n\t\t\t\t<\/div>\n\t\t\t\t\t<\/div>\n\t\t\t<\/section>\n\t<\/div><\/div>\n\n<div class=\"co-flex_row co-flex_row__back-to-top\" ><div class=\"co-flex_row--row co-row\"><div class=\"co-back_top\">\t\n  <a class=\"co-back_top--link\" href=\"#\" aria-label=\"\">\n\tVolver arriba\t<svg class=\"co-back_top--link_icon\" aria-label=\"Volver arriba\" width=\"18\" height=\"27\" viewbox=\"0 0 18 27\" fill=\"none\" xmlns=\"http:\/\/www.w3.org\/2000\/svg\">\n\t\t<path fill-rule=\"evenodd\" clip-rule=\"evenodd\" d=\"M0.357965 8.16977L8.1358 0.359459C8.61308 -0.119821 9.38692 -0.119821 9.8642 0.359459L17.642 8.16977C18.1193 8.64905 18.1193 9.42612 17.642 9.9054C17.1647 10.3847 16.3909 10.3847 15.9136 9.9054L10.2222 4.19017L10.2222 25.7727C10.2222 26.4505 9.67498 27 9 27C8.32502 27 7.77783 26.4505 7.77783 25.7727L7.77783 4.19017L2.08637 9.9054C1.60909 10.3847 0.835252 10.3847 0.357965 9.9054C-0.119321 9.42612 -0.119321 8.64905 0.357965 8.16977Z\" fill=\"#FAAA64\"\/>\n\t<\/svg>\n  <\/a>\n<\/div>\n<\/div><\/div>\n\n<div class=\"co-flex_row co-flex_row__white co-flex_row__last co-flex_row__disclosures\" ><div class=\"co-flex_row--row co-row\">\t<div class=\"co-disclosures\">\n\t\t<h2 class=\"co-disclosures--title\">Divulgaciones<\/h2>\n\t\t<dl class=\"co-disclosures--list\">\n\t\t\t\t\t\t\t<div class=\"co-disclosure\">\n\t\t\t\t\t<dd class=\"co-disclosure--desc text-component\">\n\t\t\t\t\t\t\t\t\t\t\t\t<div class=\"text-component\"><p>* Los costos del seguro de muerte accidental y p\u00e9rdidas org\u00e1nicas son de entre $10 y $15 al mes para la cobertura de $100,000. N\u00fameros de p\u00f3liza base de AD&amp;D E10-ADD-2012 y E10a-014-2012 2018 TruStage Insurance Agency ADI-1366222.4<\/p>\n<p>** Los ahorros anuales medios se basan en una encuesta nacional llevada a cabo del 1.o de agosto de 2015 al 1.o de agosto de 2016 en la que clientes nuevos declararon haber ahorrado en comparaci\u00f3n con primas anteriores al cambiarse a Liberty Mutual. La comparaci\u00f3n de ahorros no aplica a Massachusetts. \u00a9 TruStage Insurance Agency 2017 AHE, AHL-1139589.4<\/p>\n<\/div>\t\t\t\t\t<\/dd>\n\t\t\t\t<\/div>\n\t\t\t\t\t<\/dl>\n\t<\/div>\n<\/div><\/div>","protected":false},"excerpt":{"rendered":"","protected":false},"author":1,"featured_media":0,"parent":2596,"menu_order":0,"comment_status":"closed","ping_status":"closed","template":"","meta":{"_acf_changed":true,"_searchwp_excluded":"","footnotes":""},"class_list":["post-2617","page","type-page","status-publish","hentry"],"acf":[],"yoast_head":"<!-- This site is optimized with the Yoast SEO plugin v27.4 - https:\/\/yoast.com\/product\/yoast-seo-wordpress\/ -->\n<title>Insurance - Point West Credit Union<\/title>\n<meta name=\"robots\" content=\"index, follow, max-snippet:-1, max-image-preview:large, max-video-preview:-1\" \/>\n<link rel=\"canonical\" href=\"https:\/\/www.pointwestcu.com\/es\/personal\/seguro\/\" \/>\n<meta property=\"og:locale\" content=\"es_ES\" \/>\n<meta property=\"og:type\" content=\"article\" \/>\n<meta property=\"og:title\" content=\"Insurance - Point West Credit Union\" \/>\n<meta property=\"og:url\" content=\"https:\/\/www.pointwestcu.com\/es\/personal\/seguro\/\" \/>\n<meta property=\"og:site_name\" content=\"Point West Credit Union\" \/>\n<meta property=\"article:modified_time\" content=\"2024-10-28T18:54:18+00:00\" \/>\n<meta name=\"twitter:card\" content=\"summary_large_image\" \/>\n<meta name=\"twitter:label1\" content=\"Est. reading time\" \/>\n\t<meta name=\"twitter:data1\" content=\"3 minutos\" \/>\n<script type=\"application\/ld+json\" class=\"yoast-schema-graph\">{\"@context\":\"https:\\\/\\\/schema.org\",\"@graph\":[{\"@type\":\"WebPage\",\"@id\":\"https:\\\/\\\/www.pointwestcu.com\\\/personal\\\/insurance\\\/\",\"url\":\"https:\\\/\\\/www.pointwestcu.com\\\/personal\\\/insurance\\\/\",\"name\":\"Insurance - Point West Credit Union\",\"isPartOf\":{\"@id\":\"https:\\\/\\\/www.pointwestcu.com\\\/#website\"},\"datePublished\":\"2024-05-03T19:13:45+00:00\",\"dateModified\":\"2024-10-28T18:54:18+00:00\",\"breadcrumb\":{\"@id\":\"https:\\\/\\\/www.pointwestcu.com\\\/personal\\\/insurance\\\/#breadcrumb\"},\"inLanguage\":\"es-ES\",\"potentialAction\":[{\"@type\":\"ReadAction\",\"target\":[\"https:\\\/\\\/www.pointwestcu.com\\\/personal\\\/insurance\\\/\"]}]},{\"@type\":\"BreadcrumbList\",\"@id\":\"https:\\\/\\\/www.pointwestcu.com\\\/personal\\\/insurance\\\/#breadcrumb\",\"itemListElement\":[{\"@type\":\"ListItem\",\"position\":1,\"name\":\"Home\",\"item\":\"https:\\\/\\\/www.pointwestcu.com\\\/\"},{\"@type\":\"ListItem\",\"position\":2,\"name\":\"Personal\",\"item\":\"https:\\\/\\\/www.pointwestcu.com\\\/personal\\\/\"},{\"@type\":\"ListItem\",\"position\":3,\"name\":\"Insurance\"}]},{\"@type\":\"WebSite\",\"@id\":\"https:\\\/\\\/www.pointwestcu.com\\\/#website\",\"url\":\"https:\\\/\\\/www.pointwestcu.com\\\/\",\"name\":\"Point West Credit Union\",\"description\":\"People Helping People\",\"potentialAction\":[{\"@type\":\"SearchAction\",\"target\":{\"@type\":\"EntryPoint\",\"urlTemplate\":\"https:\\\/\\\/www.pointwestcu.com\\\/?s={search_term_string}\"},\"query-input\":{\"@type\":\"PropertyValueSpecification\",\"valueRequired\":true,\"valueName\":\"search_term_string\"}}],\"inLanguage\":\"es-ES\"}]}<\/script>\n<!-- \/ Yoast SEO plugin. -->","yoast_head_json":{"title":"Seguros - Cooperativa de cr\u00e9dito Point West","robots":{"index":"index","follow":"follow","max-snippet":"max-snippet:-1","max-image-preview":"max-image-preview:large","max-video-preview":"max-video-preview:-1"},"canonical":"https:\/\/www.pointwestcu.com\/es\/personal\/seguro\/","og_locale":"es_ES","og_type":"article","og_title":"Insurance - Point West Credit Union","og_url":"https:\/\/www.pointwestcu.com\/es\/personal\/seguro\/","og_site_name":"Point West Credit Union","article_modified_time":"2024-10-28T18:54:18+00:00","twitter_card":"summary_large_image","twitter_misc":{"Est. reading time":"3 minutos"},"schema":{"@context":"https:\/\/schema.org","@graph":[{"@type":"WebPage","@id":"https:\/\/www.pointwestcu.com\/personal\/insurance\/","url":"https:\/\/www.pointwestcu.com\/personal\/insurance\/","name":"Seguros - Cooperativa de cr\u00e9dito Point West","isPartOf":{"@id":"https:\/\/www.pointwestcu.com\/#website"},"datePublished":"2024-05-03T19:13:45+00:00","dateModified":"2024-10-28T18:54:18+00:00","breadcrumb":{"@id":"https:\/\/www.pointwestcu.com\/personal\/insurance\/#breadcrumb"},"inLanguage":"es-ES","potentialAction":[{"@type":"ReadAction","target":["https:\/\/www.pointwestcu.com\/personal\/insurance\/"]}]},{"@type":"BreadcrumbList","@id":"https:\/\/www.pointwestcu.com\/personal\/insurance\/#breadcrumb","itemListElement":[{"@type":"ListItem","position":1,"name":"Home","item":"https:\/\/www.pointwestcu.com\/"},{"@type":"ListItem","position":2,"name":"Personal","item":"https:\/\/www.pointwestcu.com\/personal\/"},{"@type":"ListItem","position":3,"name":"Insurance"}]},{"@type":"WebSite","@id":"https:\/\/www.pointwestcu.com\/#website","url":"https:\/\/www.pointwestcu.com\/","name":"Point West Credit Union","description":"Gente Ayudando a Gente","potentialAction":[{"@type":"SearchAction","target":{"@type":"EntryPoint","urlTemplate":"https:\/\/www.pointwestcu.com\/?s={search_term_string}"},"query-input":{"@type":"PropertyValueSpecification","valueRequired":true,"valueName":"search_term_string"}}],"inLanguage":"es-ES"}]}},"_links":{"self":[{"href":"https:\/\/www.pointwestcu.com\/es\/wp-json\/wp\/v2\/pages\/2617","targetHints":{"allow":["GET"]}}],"collection":[{"href":"https:\/\/www.pointwestcu.com\/es\/wp-json\/wp\/v2\/pages"}],"about":[{"href":"https:\/\/www.pointwestcu.com\/es\/wp-json\/wp\/v2\/types\/page"}],"author":[{"embeddable":true,"href":"https:\/\/www.pointwestcu.com\/es\/wp-json\/wp\/v2\/users\/1"}],"replies":[{"embeddable":true,"href":"https:\/\/www.pointwestcu.com\/es\/wp-json\/wp\/v2\/comments?post=2617"}],"version-history":[{"count":0,"href":"https:\/\/www.pointwestcu.com\/es\/wp-json\/wp\/v2\/pages\/2617\/revisions"}],"up":[{"embeddable":true,"href":"https:\/\/www.pointwestcu.com\/es\/wp-json\/wp\/v2\/pages\/2596"}],"wp:attachment":[{"href":"https:\/\/www.pointwestcu.com\/es\/wp-json\/wp\/v2\/media?parent=2617"}],"curies":[{"name":"gracias","href":"https:\/\/api.w.org\/{rel}","templated":true}]}}