{"id":2616,"date":"2024-05-03T12:13:45","date_gmt":"2024-05-03T19:13:45","guid":{"rendered":"https:\/\/pointwest.local\/personal\/investing\/"},"modified":"2025-12-29T07:21:06","modified_gmt":"2025-12-29T15:21:06","slug":"invertir","status":"publish","type":"page","link":"https:\/\/www.pointwestcu.com\/es\/personal\/invertir\/","title":{"rendered":"Inversiones"},"content":{"rendered":"<div class=\"co-flex_row co-flex_row__reduced-hero\" ><div class=\"co-flex_row--row co-row\">\t<header class=\"co-tinyHero\" aria-label=\"Encabezado: Servicios de inversi\u00f3n\">\n\t\t<div class=\"co-row\">\n\t\t\t<div class=\"co-tinyHero--inner prow gap:0 items-center@lg\">\n\t\t\t\t<div class=\"co-tinyHero--heading pcol-lg:5\">\n\t\t\t\t\t<h1 class=\"co-tinyHero--title\">Servicios de inversi\u00f3n<\/h1>\t\t\t\t<\/div>\n\t\t\t\t<div class=\"co-tinyHero--tagline pcol-lg:7\">\n\t\t\t\t\t\t\t\t\t<\/div>\n\t\t\t<\/div>\n\t\t<\/div>\n\t<\/header>\n<\/div><\/div>\n\n<div class=\"co-flex_row co-flex_row__white co-flex_row__next_row_diff co-flex_row__page-intro\" ><div class=\"co-flex_row--row co-row\">\t<div class=\"co-page_intro\">\n\t\t<div class=\"co-page_intro--desc text-component\"><p>Sabemos que establecer objetivos financieros y planificar su futuro puede parecer abrumador. Por eso Point West ofrece servicios de inversi\u00f3n profesionales cortes\u00eda de nuestra asociaci\u00f3n con Jeff Brooks, Asesor socio en Allworth Financial.<\/p>\n<\/div>\t<\/div>\n<\/div><\/div>\n\n<div class=\"co-flex_row co-flex_row__gray co-flex_row__next_row_diff co-flex_row__long-form-text\" ><div class=\"co-flex_row--row co-row\">\t<div class=\"co-long_form\">\n\t\t\t\t<header class=\"co-intro_text\">\n\t\t\t<h2 class=\"co-intro_text--title\">\u00bfPor qu\u00e9 invertir con Jeff?<\/h2>\t\t<\/header>\n\t\t\t\t\t<div class=\"co-long_form--block prow items-start\">\n\t\t\t\t<div class=\"co-long_form--text pcol-md:6 offset-md:1\">\n\t\t\t\t\t<h3 class=\"co-long_form--headline\" >Forjar una relaci\u00f3n<\/h3><div class=\"co-long_form--content text-component\"><p>Usted sabe cu\u00e1l es su situaci\u00f3n actual y a d\u00f3nde quiere llegar. Nuestra meta es ayudarle a llegar ah\u00ed. Los servicios que se ofrecen incluyen lo siguiente:<\/p>\n<ul>\n<li>Gesti\u00f3n de activos<\/li>\n<li>Planificaci\u00f3n previa a la jubilaci\u00f3n<\/li>\n<li>Estrategias de ingreso en la jubilaci\u00f3n<\/li>\n<li>Asignaci\u00f3n de activos<\/li>\n<li>Evaluaci\u00f3n y asesor\u00eda del Sistema de Pensiones de Empleados P\u00fablicos (PERS, por su sigla en ingl\u00e9s)<\/li>\n<\/ul>\n<\/div>\t\t\t\t<\/div>\n\t\t\t\t\t\t\t\t\t<div class=\"pcol-md:4\">\n\t\t\t\t\t\t<div class=\"co-long_form--media\">\n\t\t\t\t\t\t\t<img loading=\"lazy\" decoding=\"async\" width=\"300\" height=\"300\" src=\"https:\/\/www.pointwestcu.com\/files\/2024\/03\/21-1-300x300.jpg\" class=\"co-long_form--image\" alt=\"Miembros de PW conversando en la sucursal.\" srcset=\"https:\/\/www.pointwestcu.com\/files\/2024\/03\/21-1-300x300.jpg 300w, https:\/\/www.pointwestcu.com\/files\/2024\/03\/21-1-150x150.jpg 150w, https:\/\/www.pointwestcu.com\/files\/2024\/03\/21-1-12x12.jpg 12w, https:\/\/www.pointwestcu.com\/files\/2024\/03\/21-1.jpg 330w\" sizes=\"auto, (max-width: 300px) 100vw, 300px\" \/>\t\t\t\t\t\t<\/div>\n\t\t\t\t\t<\/div>\n\t\t\t\t\t\t\t<\/div>\n\t\t\t\t\t\t<div class=\"co-long_form--block prow items-start flex-row-reverse\">\n\t\t\t\t<div class=\"co-long_form--text pcol-md:6 offset-md:1\">\n\t\t\t\t\t<h3 class=\"co-long_form--headline\" >Enfoque centrado en los miembros<\/h3><div class=\"co-long_form--content text-component\"><header id=\"\" class=\"co-intro_text co-simple_fade\">\n<div class=\"co-intro_text--intro co-simple_fade\">\n<p style=\"text-align: left;\">Cuando se trata de consejos financieros, nos enfocamos en usted. Ya sea que ahorre para la jubilaci\u00f3n, planifique para algo especial o simplemente busque un poco m\u00e1s de estabilidad financiera, estamos aqu\u00ed para ayudarle a perseguir sus metas. A continuaci\u00f3n le indicamos algunas ventajas de tener un asesor financiero:<\/p>\n<\/div>\n<\/header>\n<ul>\n<li style=\"text-align: left;\">Organice y simplifique su vida financiera<\/li>\n<li style=\"text-align: left;\">Acceda a conocimientos profundos sobre soluciones financieras<\/li>\n<li style=\"text-align: left;\">Dedique m\u00e1s tiempo a hacer lo que m\u00e1s valora<\/li>\n<li style=\"text-align: left;\">Disfrute de una sensaci\u00f3n de comodidad sabiendo que un experto que todos los d\u00edas se dedica a las finanzas trabaja para usted.<\/li>\n<li style=\"text-align: left;\">Consulte sin compromiso<\/li>\n<\/ul>\n<\/div>\t\t\t\t<\/div>\n\t\t\t\t\t\t\t\t\t<div class=\"pcol-md:4\">\n\t\t\t\t\t\t<div class=\"co-long_form--media\">\n\t\t\t\t\t\t\t<img loading=\"lazy\" decoding=\"async\" width=\"300\" height=\"300\" src=\"https:\/\/www.pointwestcu.com\/files\/2024\/03\/40-1-300x300.jpg\" class=\"co-long_form--image\" alt=\"miembro sonriendo a la c\u00e1mara\" srcset=\"https:\/\/www.pointwestcu.com\/files\/2024\/03\/40-1-300x300.jpg 300w, https:\/\/www.pointwestcu.com\/files\/2024\/03\/40-1-150x150.jpg 150w, https:\/\/www.pointwestcu.com\/files\/2024\/03\/40-1-12x12.jpg 12w, https:\/\/www.pointwestcu.com\/files\/2024\/03\/40-1.jpg 330w\" sizes=\"auto, (max-width: 300px) 100vw, 300px\" \/>\t\t\t\t\t\t<\/div>\n\t\t\t\t\t<\/div>\n\t\t\t\t\t\t\t<\/div>\n\t\t\t\t<\/div>\n<\/div><\/div>\n\n<div class=\"co-flex_row co-flex_row__white co-flex_row__one-column-bio\" ><div class=\"co-flex_row--row co-row\">\t<div class=\"co-team\">\n\t\t\t\t\t<ul class=\"co-team--list\">\n\t\t\t\t\t\t\t<li class=\"co-team--member prow justify-center\">\n\t\t\t\t\t<div class=\"pcol-md:4\">\n\t\t\t\t\t\t\t\t\t\t\t\t\t<div class=\"co-team--member__image_wrap\">\n\t\t\t\t\t\t\t\t<img loading=\"lazy\" decoding=\"async\" width=\"330\" height=\"330\" src=\"https:\/\/www.pointwestcu.com\/files\/2024\/03\/Long-Form-Text-330-x-330-px.jpg\" class=\"co-team--member__image\" alt=\"Jeff Brooks, socio asesor, retrato\" srcset=\"https:\/\/www.pointwestcu.com\/files\/2024\/03\/Long-Form-Text-330-x-330-px.jpg 330w, https:\/\/www.pointwestcu.com\/files\/2024\/03\/Long-Form-Text-330-x-330-px-300x300.jpg 300w, https:\/\/www.pointwestcu.com\/files\/2024\/03\/Long-Form-Text-330-x-330-px-150x150.jpg 150w, https:\/\/www.pointwestcu.com\/files\/2024\/03\/Long-Form-Text-330-x-330-px-12x12.jpg 12w\" sizes=\"auto, (max-width: 330px) 100vw, 330px\" \/>\t\t\t\t\t\t\t<\/div>\n\t\t\t\t\t\t\t\t\t\t\t<\/div>\n\t\t\t\t\t<div class=\"pcol-md:8\">\n\t\t\t\t\t\t<h2 class=\"co-team--member__name\" >Jeff Brooks<\/h2><div class=\"co-team--member__title\">Asesor financiero<\/div><div class=\"co-team--member__content text-component\"><p>Jeff Brooks es asesor asociado en la oficina de Vancouver, WA de Allworth Financial. Brinda servicios financieros altamente personalizados a individuos y empresas, enfoc\u00e1ndose en crear carteras personalizadas adaptadas a las necesidades espec\u00edficas de cada cliente. Comenz\u00f3 su carrera en el registro de valores en 2002 y obtuvo su designaci\u00f3n de Asesor Financiero Conductual\u2122 (BFA\u2122) en 2019. Esta designaci\u00f3n combina los principios financieros tradicionales con conocimientos de psicolog\u00eda y neurociencia, mejorando la inteligencia emocional y las habilidades de toma de decisiones de los clientes. Jeff, residente de toda la vida del Noroeste, se cri\u00f3 en Portland, Oreg\u00f3n, y actualmente vive en Washougal, Washington. Tiene una rica historia de participaci\u00f3n comunitaria, particularmente en f\u00fatbol, habiendo entrenado en varios niveles, incluidos la universidad y la escuela secundaria. Cabe destacar que Jeff dirigi\u00f3 el equipo de f\u00fatbol universitario masculino de Mt. View High School durante 18 a\u00f1os, logrando un Campeonato Estatal durante su mandato. En reconocimiento a sus logros, ser\u00e1 incluido en el Sal\u00f3n de la Fama del Atletismo de la Universidad de Linfield en octubre de 2024.<\/p>\n<p>Jeff est\u00e1 casado y tiene dos hijos. Es un apasionado del f\u00fatbol, entrenador y jugador retirado. Le gusta acampar y cocinar en su tiempo libre. Adem\u00e1s, \u00e9l y su familia cr\u00edan perros golden retriever a trav\u00e9s de Golden Bond Rescue.<\/p>\n<p><strong>Jeff Brooks, <\/strong>Asesor financiero<br \/>\nVancouver: (360) 735-1239<br \/>\nPortland: (503) 244-9215<br \/>\nTel\u00e9fono: (360) 694-0159<br \/>\n<a href=\"mailto:jeff.brooks@allworthfinancial.com\">jeff.brooks@allworthfinancial.com<\/a><\/p>\n<\/div>\t\t\t\t\t<\/div>\n\t\t\t\t<\/li>\n\t\t\t\t\t\t\t<\/ul>\n\t\t\t<\/div>\n<\/div><\/div>\n\n<div class=\"co-flex_row co-flex_row__white co-flex_row__single-path-cta\" ><div class=\"co-flex_row--row co-row\">\t<div class=\"co-sp_cta\">\n\t\t<div class=\"co-sp_cta--inner\">\n\t\t\t\t\t<header class=\"co-intro_text\">\n\t\t\t<h2 class=\"co-intro_text--title\">\u00bfLe gustar\u00eda comenzar?<\/h2>\t\t<\/header>\n\t\t<a class=\"co-sp_cta--button\" href=\"mailto:dean@jeff.brooks@allworthfinancial.com\" target=\"_blank\" >Env\u00ede un correo electr\u00f3nico a Jeff<\/a>\t\t<\/div>\n\t<\/div>\n<\/div><\/div>\n\n<div class=\"co-flex_row co-flex_row__white co-flex_row__disclosures\" ><div class=\"co-flex_row--row co-row\">\t<div class=\"co-disclosures\">\n\t\t<h2 class=\"co-disclosures--title\">Divulgaciones<\/h2>\n\t\t<dl class=\"co-disclosures--list\">\n\t\t\t\t\t\t\t<div class=\"co-disclosure\">\n\t\t\t\t\t<dd class=\"co-disclosure--desc text-component\">\n\t\t\t\t\t\t\t\t\t\t\t\t<div class=\"text-component\"><p><em>No est\u00e1 asegurado por la NCUA \/ No tiene garant\u00edas de la cooperativa de cr\u00e9dito \/ Puede perder valor \/ No es un dep\u00f3sito \/ No est\u00e1 asegurado por ninguna agencia gubernamental<\/em><\/p>\n<p>Servicios de asesoramiento ofrecidos a trav\u00e9s de Allworth Financial, un Asesor de Inversiones Registrado\u00a0<a title=\"Divulgaciones\" href=\"https:\/\/allworthfinancial.com\/disclosures?hsLang=en\" data-udi=\"umb:\/\/document\/ebda02891a3d46b39fb88aa5e9a4ed33\">Divulgaciones<\/a>\u00a0|\u00a0<a href=\"https:\/\/allworthfinancial.com\/disclosures\/#privacy-policy\">Pol\u00edtica de Privacidad<\/a><\/p>\n<p>Valores ofrecidos a trav\u00e9s de AW Securities, un Corredor\/Distribuidor Registrado, miembro de FINRA\/SIPC. Consulte el historial de esta empresa en\u00a0<a href=\"https:\/\/brokercheck.finra.org\/\" target=\"_blank\" rel=\"noopener\">BrokerCheck de FINRA.<\/a><\/p>\n<p>Agencia de Seguros HMRN, LLC licencia #0D34087<\/p>\n<p><sup>1<\/sup>Barron\u2019s 2024 Top 100 RIA Firms. Barron\u2019s\u00a9 es una marca registrada de Dow Jones L.P. La clasificaci\u00f3n de empresas de asesoramiento independientes se basa en los activos gestionados por las empresas, el crecimiento, el gasto en tecnolog\u00eda, la planificaci\u00f3n de la sucesi\u00f3n y otras m\u00e9tricas.<\/p>\n<p><sup>2<\/sup>\u00a0Tasa de Retenci\u00f3n Fuente: Datos internos de Allworth, a\u00f1o fiscal 2022.<\/p>\n<p><sup>3<\/sup>\u00a0El Premio NBRI Circle of Excellence se otorga a los clientes de NBRI que cumplen uno o ambos de los siguientes criterios: Puntuaci\u00f3n total de la empresa en o por encima del percentil 75 del NBRI ClearPath Benchmarking Database y\/o mejora de cinco (5) o m\u00e1s percentiles de referencia en la puntuaci\u00f3n total de la empresa respecto a la encuesta anterior.<\/p>\n<p><sup>4<\/sup>\u00a0A partir del 1\/7\/2024, Allworth Financial, un asesor de inversiones registrado en la SEC, y AW Securities, un corredor\/distribuidor registrado, gestionan aproximadamente $22.5 mil millones en activos totales bajo administraci\u00f3n y supervisi\u00f3n.<\/p>\n<p><em><sup>5<\/sup>\u00a0InvestmentNews 2020 y 2021 Mejores Lugares para Trabajar para Asesores Financieros. La clasificaci\u00f3n refleja respuestas y puntuaciones de encuestas realizadas tanto por empleadores como por empleados. Los empleadores reportan las pol\u00edticas, pr\u00e1cticas y demograf\u00eda de su lugar de trabajo. Los empleados completan una encuesta dise\u00f1ada para medir la experiencia del empleado.\u00a0<\/em><\/p>\n<p><sup>6<\/sup>\u00a0\u00a0Estudio sobre el Valor de un Asesor 2021 \/ Russell Investments.<\/p>\n<p><em><sup>7<\/sup>\u00a0Clasificado 9\u00b0 en Gestores de Patrimonio por Crecimiento de Activos en EE. UU. seg\u00fan RIA Channel, 2022. RIA Database y RIA Channel son marcas registradas propiedad de Labworks, LLC.<\/em><\/p>\n<p><em><sup>8\u00a0<\/sup><\/em><em>USA Today Mejores Firmas de Asesoramiento Financiero 2024. La clasificaci\u00f3n se basa en el crecimiento de los activos bajo administraci\u00f3n (AUM) de las empresas a corto y largo plazo y el n\u00famero de recomendaciones recibidas de clientes y colegas.<\/em><\/p>\n<p><em><sup>9\u00a0<\/sup>NBRI Best in Class Ethics 2023. El nivel Best in Class se otorga a los clientes con un desempe\u00f1o en o por encima del percentil 90 del NBRI ClearPath Benchmarking Database.<\/em><\/p>\n<p><sup>\u2722<\/sup>\u00a0Scott Hanson, Asesor de Inversiones 2005, 25 personas m\u00e1s influyentes en la industria de servicios financieros. La clasificaci\u00f3n refleja a 25 personas que la revista Investment Advisor considera han tenido o tendr\u00e1n la mayor influencia en la industria de servicios financieros.<\/p>\n<p><sup>\u273c<\/sup>Pat McClain, InvestmentNews 2014, Premio Invest in Others al Servicio Comunitario, presentado a un asesor que ha tenido un impacto sobresaliente en una comunidad a trav\u00e9s de contribuciones gerenciales a una organizaci\u00f3n sin fines de lucro.<\/p>\n<p><sup>\u2020<\/sup>Financial Times, FT 300 Top Registered Investment Advisers, junio de 2019. La clasificaci\u00f3n refleja seis \u00e1reas de consideraci\u00f3n, incluyendo los a\u00f1os de existencia de la empresa, certificaciones de la industria de empleados clave, AUM, crecimiento de activos, historial de cumplimiento de la SEC y accesibilidad en l\u00ednea, y calcula una puntuaci\u00f3n num\u00e9rica para cada empresa.<\/p>\n<p>El Certified Financial Planner Board of Standards Inc. posee las marcas de certificaci\u00f3n CFP\u00ae, CERTIFIED FINANCIAL PLANNER\u2122, CFP\u00ae (con dise\u00f1o de placa) y CFP\u00ae (con dise\u00f1o de llama) en los EE. UU., que otorga a las personas que cumplen con los requisitos iniciales y continuos de certificaci\u00f3n de la Junta CFP.<\/p>\n<p><strong><u>Informaci\u00f3n Importante<\/u><\/strong><\/p>\n<p>La informaci\u00f3n presentada es solo para fines educativos y no pretende ser un an\u00e1lisis exhaustivo de los temas discutidos. No debe interpretarse como asesoramiento de inversi\u00f3n personalizado ni confiarse como tal.<\/p>\n<p>Allworth Financial, LP (\"Allworth\") no hace representaciones ni garant\u00edas sobre la exactitud, puntualidad, idoneidad, integridad o relevancia de la informaci\u00f3n presentada. Si bien se hacen esfuerzos para garantizar la precisi\u00f3n de la informaci\u00f3n, est\u00e1 sujeta a cambios sin previo aviso. Allworth realiza una consulta razonable para determinar que la informaci\u00f3n proporcionada por fuentes externas es razonable, pero no puede garantizar su precisi\u00f3n o integridad. Las opiniones expresadas tambi\u00e9n est\u00e1n sujetas a cambios sin previo aviso y no deben interpretarse como asesoramiento de inversi\u00f3n.<\/p>\n<p>La informaci\u00f3n no tiene la intenci\u00f3n de transmitir ninguna garant\u00eda impl\u00edcita o expl\u00edcita ni un sentido de seguridad de que, si se sigue, cualquier estrategia de inversi\u00f3n referenciada producir\u00e1 un resultado positivo o deseado. Todas las inversiones implican riesgos, incluida la posible p\u00e9rdida del capital. No se puede garantizar que cualquier estrategia o decisi\u00f3n de inversi\u00f3n alcance sus objetivos previstos o resulte en un retorno positivo. Es importante considerar cuidadosamente sus objetivos de inversi\u00f3n, tolerancia al riesgo y buscar asesoramiento profesional antes de tomar cualquier decisi\u00f3n de inversi\u00f3n.<\/p>\n<\/div>\t\t\t\t\t<\/dd>\n\t\t\t\t<\/div>\n\t\t\t\t\t<\/dl>\n\t<\/div>\n<\/div><\/div>\n\n<div class=\"co-flex_row co-flex_row__last co-flex_row__back-to-top\" ><div class=\"co-flex_row--row co-row\"><div class=\"co-back_top\">\t\n  <a class=\"co-back_top--link\" href=\"#\" aria-label=\"\">\n\tVolver arriba\t<svg class=\"co-back_top--link_icon\" aria-label=\"Volver arriba\" width=\"18\" height=\"27\" viewbox=\"0 0 18 27\" fill=\"none\" xmlns=\"http:\/\/www.w3.org\/2000\/svg\">\n\t\t<path fill-rule=\"evenodd\" clip-rule=\"evenodd\" d=\"M0.357965 8.16977L8.1358 0.359459C8.61308 -0.119821 9.38692 -0.119821 9.8642 0.359459L17.642 8.16977C18.1193 8.64905 18.1193 9.42612 17.642 9.9054C17.1647 10.3847 16.3909 10.3847 15.9136 9.9054L10.2222 4.19017L10.2222 25.7727C10.2222 26.4505 9.67498 27 9 27C8.32502 27 7.77783 26.4505 7.77783 25.7727L7.77783 4.19017L2.08637 9.9054C1.60909 10.3847 0.835252 10.3847 0.357965 9.9054C-0.119321 9.42612 -0.119321 8.64905 0.357965 8.16977Z\" fill=\"#FAAA64\"\/>\n\t<\/svg>\n  <\/a>\n<\/div>\n<\/div><\/div>","protected":false},"excerpt":{"rendered":"","protected":false},"author":1,"featured_media":0,"parent":2596,"menu_order":0,"comment_status":"closed","ping_status":"closed","template":"","meta":{"_acf_changed":false,"_searchwp_excluded":"","footnotes":""},"class_list":["post-2616","page","type-page","status-publish","hentry"],"acf":[],"yoast_head":"<!-- This site is optimized with the Yoast SEO plugin v27.4 - https:\/\/yoast.com\/product\/yoast-seo-wordpress\/ -->\n<title>Investing - Point West Credit Union<\/title>\n<meta name=\"robots\" content=\"index, follow, max-snippet:-1, max-image-preview:large, max-video-preview:-1\" \/>\n<link rel=\"canonical\" href=\"https:\/\/www.pointwestcu.com\/es\/personal\/invertir\/\" \/>\n<meta property=\"og:locale\" content=\"es_ES\" \/>\n<meta property=\"og:type\" content=\"article\" \/>\n<meta property=\"og:title\" content=\"Investing - Point West Credit Union\" \/>\n<meta property=\"og:url\" content=\"https:\/\/www.pointwestcu.com\/es\/personal\/invertir\/\" \/>\n<meta property=\"og:site_name\" content=\"Point West Credit Union\" \/>\n<meta property=\"article:modified_time\" content=\"2025-12-29T15:21:06+00:00\" \/>\n<meta name=\"twitter:card\" content=\"summary_large_image\" \/>\n<meta name=\"twitter:label1\" content=\"Est. reading time\" \/>\n\t<meta name=\"twitter:data1\" content=\"6 minutos\" \/>\n<script type=\"application\/ld+json\" class=\"yoast-schema-graph\">{\"@context\":\"https:\\\/\\\/schema.org\",\"@graph\":[{\"@type\":\"WebPage\",\"@id\":\"https:\\\/\\\/www.pointwestcu.com\\\/personal\\\/investing\\\/\",\"url\":\"https:\\\/\\\/www.pointwestcu.com\\\/personal\\\/investing\\\/\",\"name\":\"Investing - Point West Credit Union\",\"isPartOf\":{\"@id\":\"https:\\\/\\\/www.pointwestcu.com\\\/#website\"},\"datePublished\":\"2024-05-03T19:13:45+00:00\",\"dateModified\":\"2025-12-29T15:21:06+00:00\",\"breadcrumb\":{\"@id\":\"https:\\\/\\\/www.pointwestcu.com\\\/personal\\\/investing\\\/#breadcrumb\"},\"inLanguage\":\"es-ES\",\"potentialAction\":[{\"@type\":\"ReadAction\",\"target\":[\"https:\\\/\\\/www.pointwestcu.com\\\/personal\\\/investing\\\/\"]}]},{\"@type\":\"BreadcrumbList\",\"@id\":\"https:\\\/\\\/www.pointwestcu.com\\\/personal\\\/investing\\\/#breadcrumb\",\"itemListElement\":[{\"@type\":\"ListItem\",\"position\":1,\"name\":\"Home\",\"item\":\"https:\\\/\\\/www.pointwestcu.com\\\/\"},{\"@type\":\"ListItem\",\"position\":2,\"name\":\"Personal\",\"item\":\"https:\\\/\\\/www.pointwestcu.com\\\/personal\\\/\"},{\"@type\":\"ListItem\",\"position\":3,\"name\":\"Investing\"}]},{\"@type\":\"WebSite\",\"@id\":\"https:\\\/\\\/www.pointwestcu.com\\\/#website\",\"url\":\"https:\\\/\\\/www.pointwestcu.com\\\/\",\"name\":\"Point West Credit Union\",\"description\":\"People Helping People\",\"potentialAction\":[{\"@type\":\"SearchAction\",\"target\":{\"@type\":\"EntryPoint\",\"urlTemplate\":\"https:\\\/\\\/www.pointwestcu.com\\\/?s={search_term_string}\"},\"query-input\":{\"@type\":\"PropertyValueSpecification\",\"valueRequired\":true,\"valueName\":\"search_term_string\"}}],\"inLanguage\":\"es-ES\"}]}<\/script>\n<!-- \/ Yoast SEO plugin. -->","yoast_head_json":{"title":"Inversi\u00f3n - Cooperativa de cr\u00e9dito Point West","robots":{"index":"index","follow":"follow","max-snippet":"max-snippet:-1","max-image-preview":"max-image-preview:large","max-video-preview":"max-video-preview:-1"},"canonical":"https:\/\/www.pointwestcu.com\/es\/personal\/invertir\/","og_locale":"es_ES","og_type":"article","og_title":"Investing - Point West Credit Union","og_url":"https:\/\/www.pointwestcu.com\/es\/personal\/invertir\/","og_site_name":"Point West Credit Union","article_modified_time":"2025-12-29T15:21:06+00:00","twitter_card":"summary_large_image","twitter_misc":{"Est. reading time":"6 minutos"},"schema":{"@context":"https:\/\/schema.org","@graph":[{"@type":"WebPage","@id":"https:\/\/www.pointwestcu.com\/personal\/investing\/","url":"https:\/\/www.pointwestcu.com\/personal\/investing\/","name":"Inversi\u00f3n - Cooperativa de cr\u00e9dito Point West","isPartOf":{"@id":"https:\/\/www.pointwestcu.com\/#website"},"datePublished":"2024-05-03T19:13:45+00:00","dateModified":"2025-12-29T15:21:06+00:00","breadcrumb":{"@id":"https:\/\/www.pointwestcu.com\/personal\/investing\/#breadcrumb"},"inLanguage":"es-ES","potentialAction":[{"@type":"ReadAction","target":["https:\/\/www.pointwestcu.com\/personal\/investing\/"]}]},{"@type":"BreadcrumbList","@id":"https:\/\/www.pointwestcu.com\/personal\/investing\/#breadcrumb","itemListElement":[{"@type":"ListItem","position":1,"name":"Home","item":"https:\/\/www.pointwestcu.com\/"},{"@type":"ListItem","position":2,"name":"Personal","item":"https:\/\/www.pointwestcu.com\/personal\/"},{"@type":"ListItem","position":3,"name":"Investing"}]},{"@type":"WebSite","@id":"https:\/\/www.pointwestcu.com\/#website","url":"https:\/\/www.pointwestcu.com\/","name":"Point West Credit Union","description":"Gente Ayudando a Gente","potentialAction":[{"@type":"SearchAction","target":{"@type":"EntryPoint","urlTemplate":"https:\/\/www.pointwestcu.com\/?s={search_term_string}"},"query-input":{"@type":"PropertyValueSpecification","valueRequired":true,"valueName":"search_term_string"}}],"inLanguage":"es-ES"}]}},"_links":{"self":[{"href":"https:\/\/www.pointwestcu.com\/es\/wp-json\/wp\/v2\/pages\/2616","targetHints":{"allow":["GET"]}}],"collection":[{"href":"https:\/\/www.pointwestcu.com\/es\/wp-json\/wp\/v2\/pages"}],"about":[{"href":"https:\/\/www.pointwestcu.com\/es\/wp-json\/wp\/v2\/types\/page"}],"author":[{"embeddable":true,"href":"https:\/\/www.pointwestcu.com\/es\/wp-json\/wp\/v2\/users\/1"}],"replies":[{"embeddable":true,"href":"https:\/\/www.pointwestcu.com\/es\/wp-json\/wp\/v2\/comments?post=2616"}],"version-history":[{"count":1,"href":"https:\/\/www.pointwestcu.com\/es\/wp-json\/wp\/v2\/pages\/2616\/revisions"}],"predecessor-version":[{"id":14844,"href":"https:\/\/www.pointwestcu.com\/es\/wp-json\/wp\/v2\/pages\/2616\/revisions\/14844"}],"up":[{"embeddable":true,"href":"https:\/\/www.pointwestcu.com\/es\/wp-json\/wp\/v2\/pages\/2596"}],"wp:attachment":[{"href":"https:\/\/www.pointwestcu.com\/es\/wp-json\/wp\/v2\/media?parent=2616"}],"curies":[{"name":"gracias","href":"https:\/\/api.w.org\/{rel}","templated":true}]}}