{"id":2610,"date":"2024-05-03T12:13:45","date_gmt":"2024-05-03T19:13:45","guid":{"rendered":"https:\/\/pointwest.local\/personal\/home-loans\/buy\/"},"modified":"2024-12-04T09:27:38","modified_gmt":"2024-12-04T17:27:38","slug":"comprar","status":"publish","type":"page","link":"https:\/\/www.pointwestcu.com\/es\/personal\/prestamos-hipotecarios\/comprar\/","title":{"rendered":"Compre o refinancie una vivienda"},"content":{"rendered":"<div class=\"co-flex_row co-flex_row__page-hero\" ><div class=\"co-flex_row--row co-row\">\t<header class=\"co-page_hero  co-page_hero__calypso co-page_hero__has_image display-img-desktop\" aria-label=\"Encabezado: Comprar o refinanciar una vivienda\">\n\t\t<div class=\"co-page_hero--inner\">\n\t\t\t<div class=\"prow items-center gap:5\">\n\t\t\t\t\t\t\t\t\t<div class=\"co-page_hero--media pcol-lg:5\">\n\t\t\t\t\t\t<div class=\"co-page_hero--img_wrap\">\n\t\t\t\t\t\t\t<img loading=\"lazy\" decoding=\"async\" width=\"400\" height=\"400\" src=\"https:\/\/www.pointwestcu.com\/files\/2024\/03\/33.jpg\" class=\"co-page_hero--img\" alt=\"Miembro de PW sonriendo y posando para la c\u00e1mara.\" srcset=\"https:\/\/www.pointwestcu.com\/files\/2024\/03\/33.jpg 400w, https:\/\/www.pointwestcu.com\/files\/2024\/03\/33-300x300.jpg 300w, https:\/\/www.pointwestcu.com\/files\/2024\/03\/33-150x150.jpg 150w, https:\/\/www.pointwestcu.com\/files\/2024\/03\/33-12x12.jpg 12w, https:\/\/www.pointwestcu.com\/files\/2024\/03\/33-396x396.jpg 396w, https:\/\/www.pointwestcu.com\/files\/2024\/03\/33-350x350.jpg 350w\" sizes=\"auto, (max-width: 400px) 100vw, 400px\" \/>\t\t\t\t\t\t\t<!-- <div class=\"co-page_hero--blob\"><\/div> -->\n\t\t\t\t\t\t\t<div class=\"co-page_hero--blob left\">\n\t\t\t\t\t\t\t\t<div class=\"ps-blob\">\n\t\t\t\t\t\t\t\t\t<svg xmlns=\"http:\/\/www.w3.org\/2000\/svg\" viewbox=\"0 0 346 350\">\n\t\t\t\t\t\t\t\t\t\t<path d=\"M251.828 345.182c40.089-12.626 112.781-76.278 88.995-177.474-9.514-40.478-20.053-68.213-37.817-101.823C274.109 2.01 196.228-7.4 146.551 5.697 63.31 27.644-10.879 98.755 2.465 197.03c13.345 98.273 60.132 113.469 85.659 124.795 48.095 21.341 123.614 35.985 163.704 23.358Z\"\/>\n\t\t\t\t\t\t\t\t\t<\/svg>\n\t\t\t\t\t\t\t\t<\/div>\n\t\t\t\t\t\t\t<\/div>\n\t\t\t\t\t\t\t<div class=\"co-page_hero--blob right\">\n\t\t\t\t\t\t\t\t<div class=\"ps-blob\">\n\t\t\t\t\t\t\t\t\t<svg xmlns=\"http:\/\/www.w3.org\/2000\/svg\" viewbox=\"0 0 373 387\">\n\t\t\t\t\t\t\t\t\t\t<path d=\"M248.84 12.929c-39.932-20.483-141.923-26.03-197.127 70.37C29.63 121.86 17.586 151.316 6.82 190.782c-24.19 71.33 28.748 137.43 76.38 164.787 79.812 45.84 188.368 46.736 249.464-39.516 61.095-86.252 36.22-133.357 24.852-161.411-21.419-52.857-68.745-121.23-108.677-141.712Z\"\/>\n\t\t\t\t\t\t\t\t\t<\/svg>\n\t\t\t\t\t\t\t\t<\/div>\n\t\t\t\t\t\t\t<\/div>\n\t\t\t\t\t\t<\/div>\n\t\t\t\t\t<\/div>\n\t\t\t\t\t\t\t\t<div class=\"co-page_hero--text pcol-lg:7\">\n\t\t\t\t\t\t\t\t\t\t<h1 class=\"co-page_hero--title\">\n\t\t\t\t\t\tCompre o refinancie una vivienda\t\t\t\t\t<\/h1>\n\t\t\t\t\t<p class=\"co-page_hero--tagline\">Es hora de hacer realidad sus objetivos de vivienda<\/p>\t\t\t\t\t\t<div class=\"co-page_hero--buttons\">\n\t\t\t\t\t\t\t<a class=\"co-page_hero--button\" href=\"https:\/\/www.pointwestcu.com\/es\/speed-bump\/?url=https%3A%2F%2Fapps.consolidatedccu.com%2Fmortgage%2Fmortgage.html%3Fa%3DPOINT_WEST&#038;prev=https%3A%2F%2Fwww.pointwestcu.com%2Fes%2Fpersonal%2Fprestamos-hipotecarios%2Fcomprar%2F\" target=\"_blank\" >Solicite uno ahora<\/a><a class=\"co-page_hero--link\" href=\"https:\/\/www.pointwestcu.com\/es\/personal\/prestamos-hipotecarios\/pedir-prestado-contra-su-casa\/\"  >\u00bfBusca opciones de segunda hipoteca?<\/a>\t\t\t\t\t\t<\/div>\n\t\t\t\t\t\t\t\t\t\t<\/div>\n\t\t\t\t\t\t\t<\/div>\n\t\t<\/div>\n\t<\/header>\n<\/div><\/div>\n\n<div class=\"co-flex_row co-flex_row__white co-flex_row__page-intro\" ><div class=\"co-flex_row--row co-row\">\t<div class=\"co-page_intro\">\n\t\t<div class=\"co-page_intro--desc text-component\"><p>Ya sea si comprar\u00e1 una vivienda nueva, la refinanciar\u00e1 o aprovechar\u00e1 su capital, le ofrecemos pr\u00e9stamos con cuotas m\u00ednimas, tasas de inter\u00e9s bajas y planes de pago flexibles. Nuestro equipo de pr\u00e9stamos y socios de confianza le ayudar\u00e1n a encontrar las opciones de pr\u00e9stamo a la medida de sus necesidades.<\/p>\n<\/div>\t<\/div>\n<\/div><\/div>\n\n<div class=\"co-flex_row co-flex_row__sticky-nav\" ><div class=\"co-flex_row--row co-row\">\t<div class=\"co-sticky_nav_wrap is-active\" id=\"js-sticky_nav_wrap\">\n\t\t<nav\n\t\t\tclass=\"co-sticky_nav\"\n\t\t\tid=\"js-sticky_nav\"\n\t\t\taria-label=\"Navegaci\u00f3n por ancla de p\u00e1gina\"\n\t\t>\n\t\t\t<div class=\"co-sticky_nav--mobile\">\n\t\t\t\t<button\n\t\t\t\t\tclass=\"co-sticky_nav--toggle\"\n\t\t\t\t\tid=\"js-sticky_nav_toggle\"\n\t\t\t\t\taria-label=\"Abrir y cerrar el men\u00fa de la p\u00e1gina\"\n\t\t\t\t>Men\u00fa de p\u00e1gina<\/button>\n\t\t\t<\/div>\n\t\t\t<div class=\"co-row\">\n\t\t\t\t<div\n\t\t\t\t\tclass=\"co-sticky_nav--links\"\n\t\t\t\t\tid=\"js-sticky_nav_links\"\n\t\t\t\t>\n\t\t\t\t\t\t\t\t\t\t\t<a\n\t\t\t\t\t\t\thref=\"#path\"\n\t\t\t\t\t\t\tclass=\"co-sticky_nav--link\t\t\t\t\t\t\t\tjs-sticky_nav_item\"\n\t\t\t\t\t\t\taria-label=\"Su Camino\"\t\t\t\t\t\t>\n\t\t\t\t\t\t\tSu Camino\t\t\t\t\t\t<\/a>\n\t\t\t\t\t\t\t\t\t\t\t<a\n\t\t\t\t\t\t\thref=\"#first\"\n\t\t\t\t\t\t\tclass=\"co-sticky_nav--link\t\t\t\t\t\t\t\tjs-sticky_nav_item\"\n\t\t\t\t\t\t\taria-label=\"Primera hipoteca, refinanciamiento y cr\u00e9dito preautorizado\"\t\t\t\t\t\t>\n\t\t\t\t\t\t\tPrimera hipoteca, refinanciamiento y cr\u00e9dito preautorizado\t\t\t\t\t\t<\/a>\n\t\t\t\t\t\t\t\t\t\t\t<a\n\t\t\t\t\t\t\thref=\"#second\"\n\t\t\t\t\t\t\tclass=\"co-sticky_nav--link\t\t\t\t\t\t\t\tjs-sticky_nav_item\"\n\t\t\t\t\t\t\taria-label=\"opciones de segunda hipoteca\"\t\t\t\t\t\t>\n\t\t\t\t\t\t\topciones de segunda hipoteca\t\t\t\t\t\t<\/a>\n\t\t\t\t\t\t\t\t\t<\/div>\n\t\t\t<\/div>\n\t\t<\/nav>\n\t<\/div>\n<\/div><\/div>\n\n<div class=\"co-flex_row co-flex_row__gray co-flex_row__next_row_diff co-flex_row__columns\" id=\"path\"><div class=\"co-flex_row--row co-row\">\t<div class=\"co-columns\">\n\t\t\t\t<header class=\"co-intro_text\">\n\t\t\t<h2 class=\"co-intro_text--title\">Su camino a ser propietario de una vivienda<\/h2>\t\t<\/header>\n\t\t\t\t\t<div class=\"co-columns--row prow prow-md:2 prow-lg:3 co-columns--row__icons justify-center\">\n\t\t\t\t\t\t\t\t\t<div class=\"co-columns--box\">\n\t\t\t\t\t\t<div class=\"co-columns--box_icon_w\">\t<svg\n\t\tclass=\"co-columns--box_icon Number1\"\n\t\tviewbox=\"0 0 46 92\"\n\t\twidth=\"46\"\n\t\theight=\"92\"\n\t>\n\t\t<title>N\u00famero 1<\/title>\n\t\t<path fill=\"#00687F\" fill-rule=\"evenodd\" d=\"M16.09 18.71v66.91h24.5V0H0v18.71h16.09ZM18.79 92v-3.64H42.2V3.64H46V92H18.79ZM.92 22.96V19.3H15v3.65H.92Z\" clip-rule=\"evenodd\"\/>\t<\/svg>\n<\/div><h3 class=\"co-columns--box_headline\" >Obtenga cr\u00e9dito preautorizado<\/h3><div class=\"co-columns--box_desc text-component\"><p>Asegure su financiamiento antes de comenzar a buscar una vivienda. El cr\u00e9dito preautorizado le permite conocer claramente su presupuesto y fortalece su oferta. <a href=\"https:\/\/apps.consolidatedccu.com\/mortgage\/mortgage.html?a=POINT_WEST\">Obtenga cr\u00e9dito preautorizado hoy mismo.<\/a><\/p>\n<\/div><div class=\"co-columns--box_button\"><\/div>\t\t\t\t\t<\/div>\n\t\t\t\t\t\t\t\t\t<div class=\"co-columns--box\">\n\t\t\t\t\t\t<div class=\"co-columns--box_icon_w\">\t<svg\n\t\tclass=\"co-columns--box_icon Number2\"\n\t\tviewbox=\"0 0 76 92\"\n\t\twidth=\"76\"\n\t\theight=\"92\"\n\t>\n\t\t<title>N\u00famero 2<\/title>\n\t\t<path fill=\"#00687F\" fill-rule=\"evenodd\" d=\"M39.66 43.67 10.04 71.33v.37L4.36 77v15H70.3V73.02H37.6l16-14.75c4.04-3.7 7.06-7.05 9.08-10.03a29.07 29.07 0 0 0 4.24-8.59A31.98 31.98 0 0 0 68 31.43c0-5.24-1.4-9.8-4.23-13.66-2.74-3.87-6.58-6.85-11.5-8.95-4.92-2.1-10.65-3.14-17.18-3.14-4.88 0-9.35.55-13.42 1.66 5.08-1.98 10.88-2.97 17.4-2.97 6.53 0 12.26 1.05 17.18 3.14 4.92 2.1 8.75 5.08 11.5 8.95 2.82 3.87 4.23 8.42 4.23 13.66 0 2.73-.36 5.46-1.08 8.2a24.18 24.18 0 0 0 1.7-4.35 31.98 31.98 0 0 0 1.1-8.22c0-5.24-1.42-9.8-4.25-13.66-2.74-3.87-6.57-6.85-11.5-8.95C53.06 1.04 47.33 0 40.79 0c-8.3 0-15.45 1.61-21.42 4.84a35.57 35.57 0 0 0-11.31 9.35A32.86 32.86 0 0 0 0 23.33l17.79 9.91a16.5 16.5 0 0 1 6.54-6.16 18.5 18.5 0 0 1 8.59-2.06c3.63 0 6.33.77 8.1 2.3 1.86 1.53 2.79 3.67 2.79 6.4 0 1.14-.2 2.39-.6 3.76a13.65 13.65 0 0 1-2.18 4.35c-.38.58-.84 1.2-1.37 1.84Zm6.67 23.67-4.74 4.37h32.7v14.61H76V67.34H46.33Z\" clip-rule=\"evenodd\"\/>\t<\/svg>\n<\/div><h3 class=\"co-columns--box_headline\" >Busque su vivienda<\/h3><div class=\"co-columns--box_desc text-component\"><p>Busque su vivienda ideal con seguridad. Utilice su cr\u00e9dito preautorizado para guiar su b\u00fasqueda y tomar decisiones informadas dentro de su presupuesto.<\/p>\n<\/div><div class=\"co-columns--box_button\"><\/div>\t\t\t\t\t<\/div>\n\t\t\t\t\t\t\t\t\t<div class=\"co-columns--box\">\n\t\t\t\t\t\t<div class=\"co-columns--box_icon_w\">\t<svg\n\t\tclass=\"co-columns--box_icon Number3\"\n\t\tviewbox=\"0 0 77 92\"\n\t\twidth=\"77\"\n\t\theight=\"92\"\n\t>\n\t\t<title>N\u00famero 3<\/title>\n\t\t<path fill=\"#00687F\" fill-rule=\"evenodd\" d=\"m14.16 61.2-1.7 3.51a45.6 45.6 0 0 0 22.5 6.13c4.06 0 7.32-.71 9.78-2.15-.45.44-.97.85-1.56 1.22-2.5 1.56-5.85 2.35-10.08 2.35a45.6 45.6 0 0 1-12.57-1.86c-4.23-1.23-8.09-3-11.57-5.3L0 83.49a56.14 56.14 0 0 0 15.68 6.29A76.23 76.23 0 0 0 33.84 92c8.8 0 15.97-1.36 21.53-4.07 5.56-2.8 9.66-6.38 12.32-10.74 2.74-4.36 4.1-9 4.1-13.94 0-7.57-2.81-13.74-8.46-18.51-3.53-3.1-8.15-5.2-13.84-6.32l17.95-19.23V3.9H4.48v18.88h34.34L23.28 39.43v15.43H33.6c4.72 0 8.13.78 10.2 2.34a7.04 7.04 0 0 1 3.11 6.05c0 1.5-.34 2.83-1.02 3.97-2.1.76-4.63 1.14-7.59 1.14a45.6 45.6 0 0 1-12.56-1.85c-4.24-1.23-8.1-3-11.58-5.3Zm55.4 14.58a25.54 25.54 0 0 1-5.3 6.15c3.73-2.42 6.6-5.3 8.63-8.63 2.74-4.36 4.11-9 4.11-13.94 0-7.57-2.82-13.74-8.46-18.51-3.54-3.1-8.16-5.2-13.85-6.32L72.64 15.3V0H9.68v2.48H69.3v15.3L53.82 34.37l-2.47 2.65.86.18c5.3 1.16 9.63 3.2 12.99 6.14 5.64 4.77 8.46 10.94 8.46 18.51 0 4.94-1.37 9.58-4.1 13.94Z\" clip-rule=\"evenodd\"\/>\t<\/svg>\n<\/div><h3 class=\"co-columns--box_headline\" >Presente una solicitud <\/h3><div class=\"co-columns--box_desc text-component\"><p>Una vez que haya encontrado la vivienda indicada, complete la solicitud de su pr\u00e9stamo. Nuestro equipo le ayudar\u00e1 a finalizar su hipoteca de manera r\u00e1pida y eficaz.<\/p>\n<\/div><div class=\"co-columns--box_button\"><\/div>\t\t\t\t\t<\/div>\n\t\t\t\t\t\t\t<\/div>\n\t\t\t\t<\/div>\n<\/div><\/div>\n\n<div class=\"co-flex_row co-flex_row__white co-flex_row__single-path-cta\" ><div class=\"co-flex_row--row co-row\">\t<div class=\"co-sp_cta\">\n\t\t<div class=\"co-sp_cta--inner\">\n\t\t\t\t\t<header class=\"co-intro_text has_intro\">\n\t\t\t<h2 class=\"co-intro_text--title\">Le facilitamos hacerse propietario de una vivienda<\/h2><div class=\"co-intro_text--intro text-component\"><p>Caminos de cr\u00e9dito le ofrece un plan personalizado y monitoreo de cr\u00e9dito al instante para guiar su proceso de compra de vivienda o refinanciamiento. Disfrute de acceso las 24 horas del d\u00eda a estrategias dise\u00f1adas para mejorar su calificaci\u00f3n crediticia, \u00a1todo sin costo alguno!<\/p>\n<\/div>\t\t<\/header>\n\t\t<a class=\"co-sp_cta--button\" href=\"https:\/\/www.pointwestcu.com\/es\/recursos\/guias-financieras\/vias-de-credito\/\" target=\"_blank\" >Conozca m\u00e1s<\/a>\t\t<\/div>\n\t<\/div>\n<\/div><\/div>\n\n<div class=\"co-flex_row co-flex_row__white co-flex_row__long-form-text\" id=\"first\"><div class=\"co-flex_row--row co-row\">\t<div class=\"co-long_form\">\n\t\t\t\t\t<div class=\"co-long_form--block prow items-start\">\n\t\t\t\t<div class=\"co-long_form--text pcol-md:6 offset-md:1\">\n\t\t\t\t\t<h2 class=\"co-long_form--headline\" >Primera hipoteca, refinanciamiento y cr\u00e9dito preautorizado<\/h2><div class=\"co-long_form--content text-component\"><p>Le ofrecemos lo que usted necesita si comprar\u00e1 una vivienda nueva, refinanciar\u00e1 la que tiene u obtendr\u00e1 cr\u00e9dito preautorizado. Mediante nuestra colaboraci\u00f3n con Consolidated Community Credit Union, ofrecemos varias soluciones hipotecarias confeccionadas a la medida de sus necesidades. \u00a1Comience ya! Comun\u00edquese con nuestro equipo de pr\u00e9stamos enviando un correo a <a href=\"mailto:loans@pointwestcu.com\">loans@pointwestcu.com<\/a>, llamando al 503.546.5000 o presentando una solicitud en l\u00ednea hoy mismo.<\/p>\n<\/div><a class=\"co-long_form--button co-button\" href=\"https:\/\/www.pointwestcu.com\/es\/speed-bump\/?url=https%3A%2F%2Fapps.consolidatedccu.com%2Fmortgage%2Fmortgage.html%3Fa%3DPOINT_WEST&#038;prev=https%3A%2F%2Fwww.pointwestcu.com%2Fes%2Fpersonal%2Fprestamos-hipotecarios%2Fcomprar%2F\" target=\"_blank\" >Comience<\/a>\t\t\t\t<\/div>\n\t\t\t\t\t\t\t\t\t<div class=\"pcol-md:4\">\n\t\t\t\t\t\t<div class=\"co-long_form--media\">\n\t\t\t\t\t\t\t<img loading=\"lazy\" decoding=\"async\" width=\"300\" height=\"300\" src=\"https:\/\/www.pointwestcu.com\/files\/2024\/03\/72-1-300x300.jpg\" class=\"co-long_form--image\" alt=\"Miembro del personal de PW posando para la c\u00e1mara frente a una ventana.\" srcset=\"https:\/\/www.pointwestcu.com\/files\/2024\/03\/72-1-300x300.jpg 300w, https:\/\/www.pointwestcu.com\/files\/2024\/03\/72-1-150x150.jpg 150w, https:\/\/www.pointwestcu.com\/files\/2024\/03\/72-1-12x12.jpg 12w, https:\/\/www.pointwestcu.com\/files\/2024\/03\/72-1.jpg 330w\" sizes=\"auto, (max-width: 300px) 100vw, 300px\" \/>\t\t\t\t\t\t<\/div>\n\t\t\t\t\t<\/div>\n\t\t\t\t\t\t\t<\/div>\n\t\t\t\t<\/div>\n<\/div><\/div>\n\n<div class=\"co-flex_row co-flex_row__white co-flex_row__single-path-cta\" id=\"second\"><div class=\"co-flex_row--row co-row\">\t<div class=\"co-sp_cta\">\n\t\t<div class=\"co-sp_cta--inner\">\n\t\t\t\t\t<header class=\"co-intro_text has_intro\">\n\t\t\t<h2 class=\"co-intro_text--title\">\u00bfBusca opciones de segunda hipoteca?<\/h2><div class=\"co-intro_text--intro text-component\"><p>Eche un vistazo a nuestros productos de pr\u00e9stamo con garant\u00eda hipotecaria y l\u00ednea de cr\u00e9dito.<\/p>\n<\/div>\t\t<\/header>\n\t\t<a class=\"co-sp_cta--button\" href=\"https:\/\/www.pointwestcu.com\/es\/personal\/prestamos-hipotecarios\/pedir-prestado-contra-su-casa\/\"  >Ver mis opciones<\/a>\t\t<\/div>\n\t<\/div>\n<\/div><\/div>\n\n<div class=\"co-flex_row co-flex_row__last co-flex_row__back-to-top\" ><div class=\"co-flex_row--row co-row\"><div class=\"co-back_top\">\t\n  <a class=\"co-back_top--link\" href=\"#\" aria-label=\"\">\n\tVolver arriba\t<svg class=\"co-back_top--link_icon\" aria-label=\"Volver arriba\" width=\"18\" height=\"27\" viewbox=\"0 0 18 27\" fill=\"none\" xmlns=\"http:\/\/www.w3.org\/2000\/svg\">\n\t\t<path fill-rule=\"evenodd\" clip-rule=\"evenodd\" d=\"M0.357965 8.16977L8.1358 0.359459C8.61308 -0.119821 9.38692 -0.119821 9.8642 0.359459L17.642 8.16977C18.1193 8.64905 18.1193 9.42612 17.642 9.9054C17.1647 10.3847 16.3909 10.3847 15.9136 9.9054L10.2222 4.19017L10.2222 25.7727C10.2222 26.4505 9.67498 27 9 27C8.32502 27 7.77783 26.4505 7.77783 25.7727L7.77783 4.19017L2.08637 9.9054C1.60909 10.3847 0.835252 10.3847 0.357965 9.9054C-0.119321 9.42612 -0.119321 8.64905 0.357965 8.16977Z\" fill=\"#FAAA64\"\/>\n\t<\/svg>\n  <\/a>\n<\/div>\n<\/div><\/div>","protected":false},"excerpt":{"rendered":"","protected":false},"author":1,"featured_media":0,"parent":2609,"menu_order":0,"comment_status":"closed","ping_status":"closed","template":"","meta":{"_acf_changed":true,"_searchwp_excluded":"","footnotes":""},"class_list":["post-2610","page","type-page","status-publish","hentry"],"acf":[],"yoast_head":"<!-- This site is optimized with the Yoast SEO plugin v27.5 - https:\/\/yoast.com\/product\/yoast-seo-wordpress\/ -->\n<title>Buy or Refinance a Home - Point West Credit Union<\/title>\n<meta name=\"robots\" content=\"index, follow, max-snippet:-1, max-image-preview:large, max-video-preview:-1\" \/>\n<link rel=\"canonical\" href=\"https:\/\/www.pointwestcu.com\/es\/personal\/prestamos-hipotecarios\/comprar\/\" \/>\n<meta property=\"og:locale\" content=\"es_ES\" \/>\n<meta property=\"og:type\" content=\"article\" \/>\n<meta property=\"og:title\" content=\"Buy or Refinance a Home - Point West Credit Union\" \/>\n<meta property=\"og:url\" content=\"https:\/\/www.pointwestcu.com\/es\/personal\/prestamos-hipotecarios\/comprar\/\" \/>\n<meta property=\"og:site_name\" content=\"Point West Credit Union\" \/>\n<meta property=\"article:modified_time\" content=\"2024-12-04T17:27:38+00:00\" \/>\n<meta name=\"twitter:card\" content=\"summary_large_image\" \/>\n<meta name=\"twitter:label1\" content=\"Est. reading time\" \/>\n\t<meta name=\"twitter:data1\" content=\"2 minutos\" \/>\n<script type=\"application\/ld+json\" class=\"yoast-schema-graph\">{\"@context\":\"https:\\\/\\\/schema.org\",\"@graph\":[{\"@type\":\"WebPage\",\"@id\":\"https:\\\/\\\/www.pointwestcu.com\\\/personal\\\/home-loans\\\/buy\\\/\",\"url\":\"https:\\\/\\\/www.pointwestcu.com\\\/personal\\\/home-loans\\\/buy\\\/\",\"name\":\"Buy or Refinance a Home - Point West Credit Union\",\"isPartOf\":{\"@id\":\"https:\\\/\\\/www.pointwestcu.com\\\/#website\"},\"datePublished\":\"2024-05-03T19:13:45+00:00\",\"dateModified\":\"2024-12-04T17:27:38+00:00\",\"breadcrumb\":{\"@id\":\"https:\\\/\\\/www.pointwestcu.com\\\/personal\\\/home-loans\\\/buy\\\/#breadcrumb\"},\"inLanguage\":\"es-ES\",\"potentialAction\":[{\"@type\":\"ReadAction\",\"target\":[\"https:\\\/\\\/www.pointwestcu.com\\\/personal\\\/home-loans\\\/buy\\\/\"]}]},{\"@type\":\"BreadcrumbList\",\"@id\":\"https:\\\/\\\/www.pointwestcu.com\\\/personal\\\/home-loans\\\/buy\\\/#breadcrumb\",\"itemListElement\":[{\"@type\":\"ListItem\",\"position\":1,\"name\":\"Home\",\"item\":\"https:\\\/\\\/www.pointwestcu.com\\\/\"},{\"@type\":\"ListItem\",\"position\":2,\"name\":\"Personal\",\"item\":\"https:\\\/\\\/www.pointwestcu.com\\\/personal\\\/\"},{\"@type\":\"ListItem\",\"position\":3,\"name\":\"Home Loans\",\"item\":\"https:\\\/\\\/www.pointwestcu.com\\\/personal\\\/home-loans\\\/\"},{\"@type\":\"ListItem\",\"position\":4,\"name\":\"Buy or Refinance a Home\"}]},{\"@type\":\"WebSite\",\"@id\":\"https:\\\/\\\/www.pointwestcu.com\\\/#website\",\"url\":\"https:\\\/\\\/www.pointwestcu.com\\\/\",\"name\":\"Point West Credit Union\",\"description\":\"People Helping People\",\"potentialAction\":[{\"@type\":\"SearchAction\",\"target\":{\"@type\":\"EntryPoint\",\"urlTemplate\":\"https:\\\/\\\/www.pointwestcu.com\\\/?s={search_term_string}\"},\"query-input\":{\"@type\":\"PropertyValueSpecification\",\"valueRequired\":true,\"valueName\":\"search_term_string\"}}],\"inLanguage\":\"es-ES\"}]}<\/script>\n<!-- \/ Yoast SEO plugin. -->","yoast_head_json":{"title":"Comprar o refinanciar una vivienda - Point West Credit Union","robots":{"index":"index","follow":"follow","max-snippet":"max-snippet:-1","max-image-preview":"max-image-preview:large","max-video-preview":"max-video-preview:-1"},"canonical":"https:\/\/www.pointwestcu.com\/es\/personal\/prestamos-hipotecarios\/comprar\/","og_locale":"es_ES","og_type":"article","og_title":"Buy or Refinance a Home - Point West Credit Union","og_url":"https:\/\/www.pointwestcu.com\/es\/personal\/prestamos-hipotecarios\/comprar\/","og_site_name":"Point West Credit Union","article_modified_time":"2024-12-04T17:27:38+00:00","twitter_card":"summary_large_image","twitter_misc":{"Est. reading time":"2 minutos"},"schema":{"@context":"https:\/\/schema.org","@graph":[{"@type":"WebPage","@id":"https:\/\/www.pointwestcu.com\/personal\/home-loans\/buy\/","url":"https:\/\/www.pointwestcu.com\/personal\/home-loans\/buy\/","name":"Comprar o refinanciar una vivienda - Point West Credit Union","isPartOf":{"@id":"https:\/\/www.pointwestcu.com\/#website"},"datePublished":"2024-05-03T19:13:45+00:00","dateModified":"2024-12-04T17:27:38+00:00","breadcrumb":{"@id":"https:\/\/www.pointwestcu.com\/personal\/home-loans\/buy\/#breadcrumb"},"inLanguage":"es-ES","potentialAction":[{"@type":"ReadAction","target":["https:\/\/www.pointwestcu.com\/personal\/home-loans\/buy\/"]}]},{"@type":"BreadcrumbList","@id":"https:\/\/www.pointwestcu.com\/personal\/home-loans\/buy\/#breadcrumb","itemListElement":[{"@type":"ListItem","position":1,"name":"Home","item":"https:\/\/www.pointwestcu.com\/"},{"@type":"ListItem","position":2,"name":"Personal","item":"https:\/\/www.pointwestcu.com\/personal\/"},{"@type":"ListItem","position":3,"name":"Home Loans","item":"https:\/\/www.pointwestcu.com\/personal\/home-loans\/"},{"@type":"ListItem","position":4,"name":"Buy or Refinance a Home"}]},{"@type":"WebSite","@id":"https:\/\/www.pointwestcu.com\/#website","url":"https:\/\/www.pointwestcu.com\/","name":"Point West Credit Union","description":"Gente Ayudando a Gente","potentialAction":[{"@type":"SearchAction","target":{"@type":"EntryPoint","urlTemplate":"https:\/\/www.pointwestcu.com\/?s={search_term_string}"},"query-input":{"@type":"PropertyValueSpecification","valueRequired":true,"valueName":"search_term_string"}}],"inLanguage":"es-ES"}]}},"_links":{"self":[{"href":"https:\/\/www.pointwestcu.com\/es\/wp-json\/wp\/v2\/pages\/2610","targetHints":{"allow":["GET"]}}],"collection":[{"href":"https:\/\/www.pointwestcu.com\/es\/wp-json\/wp\/v2\/pages"}],"about":[{"href":"https:\/\/www.pointwestcu.com\/es\/wp-json\/wp\/v2\/types\/page"}],"author":[{"embeddable":true,"href":"https:\/\/www.pointwestcu.com\/es\/wp-json\/wp\/v2\/users\/1"}],"replies":[{"embeddable":true,"href":"https:\/\/www.pointwestcu.com\/es\/wp-json\/wp\/v2\/comments?post=2610"}],"version-history":[{"count":0,"href":"https:\/\/www.pointwestcu.com\/es\/wp-json\/wp\/v2\/pages\/2610\/revisions"}],"up":[{"embeddable":true,"href":"https:\/\/www.pointwestcu.com\/es\/wp-json\/wp\/v2\/pages\/2609"}],"wp:attachment":[{"href":"https:\/\/www.pointwestcu.com\/es\/wp-json\/wp\/v2\/media?parent=2610"}],"curies":[{"name":"gracias","href":"https:\/\/api.w.org\/{rel}","templated":true}]}}