{"id":2609,"date":"2024-05-03T12:13:45","date_gmt":"2024-05-03T19:13:45","guid":{"rendered":"https:\/\/pointwest.local\/personal\/home-loans\/"},"modified":"2025-01-07T13:37:59","modified_gmt":"2025-01-07T21:37:59","slug":"prestamos-hipotecarios","status":"publish","type":"page","link":"https:\/\/www.pointwestcu.com\/es\/personal\/prestamos-hipotecarios\/","title":{"rendered":"Pr\u00e9stamos hipotecarios"},"content":{"rendered":"<div class=\"co-flex_row co-flex_row__page-hero\" ><div class=\"co-flex_row--row co-row\">\t<header class=\"co-page_hero  co-page_hero__calypso co-page_hero__no_image\" aria-label=\"Encabezado: Pr\u00e9stamos hipotecarios\">\n\t\t<div class=\"co-page_hero--inner\">\n\t\t\t<div class=\"prow items-center gap:5\">\n\t\t\t\t\t\t\t\t<div class=\"co-page_hero--text pcol-lg:7\">\n\t\t\t\t\t\t\t\t\t\t<h1 class=\"co-page_hero--title\">\n\t\t\t\t\t\tPr\u00e9stamos hipotecarios\t\t\t\t\t<\/h1>\n\t\t\t\t\t<p class=\"co-page_hero--tagline\">Encuentre la opci\u00f3n de pr\u00e9stamo para viviendas que se ajuste a sus necesidades<\/p>\t\t\t\t<\/div>\n\t\t\t\t\t\t\t<\/div>\n\t\t<\/div>\n\t<\/header>\n<\/div><\/div>\n\n<div class=\"co-flex_row co-flex_row__white co-flex_row__last co-flex_row__columns\" ><div class=\"co-flex_row--row co-row\">\t<div class=\"co-columns\">\n\t\t\t\t\t<div class=\"co-columns--row prow prow-md:2 prow-lg:2 co-columns--row__images justify-center\">\n\t\t\t\t\t\t\t\t\t<div class=\"co-columns--box\">\n\t\t\t\t\t\t<div class=\"co-columns--box_image_w\"><img loading=\"lazy\" decoding=\"async\" width=\"330\" height=\"330\" src=\"https:\/\/www.pointwestcu.com\/files\/2024\/03\/330x330-First-Time-Buyer.jpg\" class=\"co-columns--box_image\" alt=\"Imagen de un comprador de vivienda por primera vez con un agente inmobiliario mirando casas\" srcset=\"https:\/\/www.pointwestcu.com\/files\/2024\/03\/330x330-First-Time-Buyer.jpg 330w, https:\/\/www.pointwestcu.com\/files\/2024\/03\/330x330-First-Time-Buyer-300x300.jpg 300w, https:\/\/www.pointwestcu.com\/files\/2024\/03\/330x330-First-Time-Buyer-150x150.jpg 150w, https:\/\/www.pointwestcu.com\/files\/2024\/03\/330x330-First-Time-Buyer-12x12.jpg 12w\" sizes=\"auto, (max-width: 330px) 100vw, 330px\" \/><\/div><h2 class=\"co-columns--box_headline\" >Compre o refinancie su vivienda<\/h2><div class=\"co-columns--box_desc text-component\"><p>\u00bfQuisiera comprar o refinanciar su primera vivienda? \u00a1Le ofrecemos opciones! Ya sea si comprar\u00e1 su primera vivienda o desea refinanciarla, nuestro equipo est\u00e1 a su disposici\u00f3n para encontrar la mejor soluci\u00f3n.<\/p>\n<\/div><div class=\"co-columns--box_button\"><a class=\"co-columns--button co-button\" href=\"https:\/\/www.pointwestcu.com\/es\/personal\/prestamos-hipotecarios\/comprar\/\" target=\"_blank\" >Explore nuestras soluciones de primera hipoteca<\/a><\/div>\t\t\t\t\t<\/div>\n\t\t\t\t\t\t\t\t\t<div class=\"co-columns--box\">\n\t\t\t\t\t\t<div class=\"co-columns--box_image_w\"><img loading=\"lazy\" decoding=\"async\" width=\"330\" height=\"330\" src=\"https:\/\/www.pointwestcu.com\/files\/2024\/03\/330x330-Refi.jpg\" class=\"co-columns--box_image\" alt=\"imagen de una casa grande\" srcset=\"https:\/\/www.pointwestcu.com\/files\/2024\/03\/330x330-Refi.jpg 330w, https:\/\/www.pointwestcu.com\/files\/2024\/03\/330x330-Refi-300x300.jpg 300w, https:\/\/www.pointwestcu.com\/files\/2024\/03\/330x330-Refi-150x150.jpg 150w, https:\/\/www.pointwestcu.com\/files\/2024\/03\/330x330-Refi-12x12.jpg 12w\" sizes=\"auto, (max-width: 330px) 100vw, 330px\" \/><\/div><h2 class=\"co-columns--box_headline\" >Pida un pr\u00e9stamo con garant\u00eda hipotecaria<\/h2><div class=\"co-columns--box_desc text-component\"><p>Pida un pr\u00e9stamo con el capital de su vivienda usando nuestros productos de garant\u00eda hipotecaria. Disfrute de tasas competitivas, plazos flexibles y fondos para lo que sea, desde renovaciones hasta compras importantes.<\/p>\n<\/div><div class=\"co-columns--box_button\"><a class=\"co-columns--button co-button\" href=\"https:\/\/www.pointwestcu.com\/es\/personal\/prestamos-hipotecarios\/pedir-prestado-contra-su-casa\/\" target=\"_blank\" >Explore nuestros productos de garant\u00eda hipotecaria<\/a><\/div>\t\t\t\t\t<\/div>\n\t\t\t\t\t\t\t<\/div>\n\t\t\t\t<\/div>\n<\/div><\/div>","protected":false},"excerpt":{"rendered":"","protected":false},"author":1,"featured_media":0,"parent":2596,"menu_order":0,"comment_status":"closed","ping_status":"closed","template":"","meta":{"_acf_changed":false,"_searchwp_excluded":"","footnotes":""},"class_list":["post-2609","page","type-page","status-publish","hentry"],"acf":[],"yoast_head":"<!-- This site is optimized with the Yoast SEO plugin v27.4 - https:\/\/yoast.com\/product\/yoast-seo-wordpress\/ -->\n<title>Home Loans - Point West Credit Union<\/title>\n<meta name=\"robots\" content=\"index, follow, max-snippet:-1, max-image-preview:large, max-video-preview:-1\" \/>\n<link rel=\"canonical\" href=\"https:\/\/www.pointwestcu.com\/es\/personal\/prestamos-hipotecarios\/\" \/>\n<meta property=\"og:locale\" content=\"es_ES\" \/>\n<meta property=\"og:type\" content=\"article\" \/>\n<meta property=\"og:title\" content=\"Home Loans - Point West Credit Union\" \/>\n<meta property=\"og:url\" content=\"https:\/\/www.pointwestcu.com\/es\/personal\/prestamos-hipotecarios\/\" \/>\n<meta property=\"og:site_name\" content=\"Point West Credit Union\" \/>\n<meta property=\"article:modified_time\" content=\"2025-01-07T21:37:59+00:00\" \/>\n<meta name=\"twitter:card\" content=\"summary_large_image\" \/>\n<meta name=\"twitter:label1\" content=\"Est. reading time\" \/>\n\t<meta name=\"twitter:data1\" content=\"1 minuto\" \/>\n<script type=\"application\/ld+json\" class=\"yoast-schema-graph\">{\"@context\":\"https:\\\/\\\/schema.org\",\"@graph\":[{\"@type\":\"WebPage\",\"@id\":\"https:\\\/\\\/www.pointwestcu.com\\\/personal\\\/home-loans\\\/\",\"url\":\"https:\\\/\\\/www.pointwestcu.com\\\/personal\\\/home-loans\\\/\",\"name\":\"Home Loans - Point West Credit Union\",\"isPartOf\":{\"@id\":\"https:\\\/\\\/www.pointwestcu.com\\\/#website\"},\"datePublished\":\"2024-05-03T19:13:45+00:00\",\"dateModified\":\"2025-01-07T21:37:59+00:00\",\"breadcrumb\":{\"@id\":\"https:\\\/\\\/www.pointwestcu.com\\\/personal\\\/home-loans\\\/#breadcrumb\"},\"inLanguage\":\"es-ES\",\"potentialAction\":[{\"@type\":\"ReadAction\",\"target\":[\"https:\\\/\\\/www.pointwestcu.com\\\/personal\\\/home-loans\\\/\"]}]},{\"@type\":\"BreadcrumbList\",\"@id\":\"https:\\\/\\\/www.pointwestcu.com\\\/personal\\\/home-loans\\\/#breadcrumb\",\"itemListElement\":[{\"@type\":\"ListItem\",\"position\":1,\"name\":\"Home\",\"item\":\"https:\\\/\\\/www.pointwestcu.com\\\/\"},{\"@type\":\"ListItem\",\"position\":2,\"name\":\"Personal\",\"item\":\"https:\\\/\\\/www.pointwestcu.com\\\/personal\\\/\"},{\"@type\":\"ListItem\",\"position\":3,\"name\":\"Home Loans\"}]},{\"@type\":\"WebSite\",\"@id\":\"https:\\\/\\\/www.pointwestcu.com\\\/#website\",\"url\":\"https:\\\/\\\/www.pointwestcu.com\\\/\",\"name\":\"Point West Credit Union\",\"description\":\"People Helping People\",\"potentialAction\":[{\"@type\":\"SearchAction\",\"target\":{\"@type\":\"EntryPoint\",\"urlTemplate\":\"https:\\\/\\\/www.pointwestcu.com\\\/?s={search_term_string}\"},\"query-input\":{\"@type\":\"PropertyValueSpecification\",\"valueRequired\":true,\"valueName\":\"search_term_string\"}}],\"inLanguage\":\"es-ES\"}]}<\/script>\n<!-- \/ Yoast SEO plugin. -->","yoast_head_json":{"title":"Pr\u00e9stamos hipotecarios - Point West Credit Union","robots":{"index":"index","follow":"follow","max-snippet":"max-snippet:-1","max-image-preview":"max-image-preview:large","max-video-preview":"max-video-preview:-1"},"canonical":"https:\/\/www.pointwestcu.com\/es\/personal\/prestamos-hipotecarios\/","og_locale":"es_ES","og_type":"article","og_title":"Home Loans - Point West Credit Union","og_url":"https:\/\/www.pointwestcu.com\/es\/personal\/prestamos-hipotecarios\/","og_site_name":"Point West Credit Union","article_modified_time":"2025-01-07T21:37:59+00:00","twitter_card":"summary_large_image","twitter_misc":{"Est. reading time":"1 minuto"},"schema":{"@context":"https:\/\/schema.org","@graph":[{"@type":"WebPage","@id":"https:\/\/www.pointwestcu.com\/personal\/home-loans\/","url":"https:\/\/www.pointwestcu.com\/personal\/home-loans\/","name":"Pr\u00e9stamos hipotecarios - Point West Credit Union","isPartOf":{"@id":"https:\/\/www.pointwestcu.com\/#website"},"datePublished":"2024-05-03T19:13:45+00:00","dateModified":"2025-01-07T21:37:59+00:00","breadcrumb":{"@id":"https:\/\/www.pointwestcu.com\/personal\/home-loans\/#breadcrumb"},"inLanguage":"es-ES","potentialAction":[{"@type":"ReadAction","target":["https:\/\/www.pointwestcu.com\/personal\/home-loans\/"]}]},{"@type":"BreadcrumbList","@id":"https:\/\/www.pointwestcu.com\/personal\/home-loans\/#breadcrumb","itemListElement":[{"@type":"ListItem","position":1,"name":"Home","item":"https:\/\/www.pointwestcu.com\/"},{"@type":"ListItem","position":2,"name":"Personal","item":"https:\/\/www.pointwestcu.com\/personal\/"},{"@type":"ListItem","position":3,"name":"Home Loans"}]},{"@type":"WebSite","@id":"https:\/\/www.pointwestcu.com\/#website","url":"https:\/\/www.pointwestcu.com\/","name":"Point West Credit Union","description":"Gente Ayudando a Gente","potentialAction":[{"@type":"SearchAction","target":{"@type":"EntryPoint","urlTemplate":"https:\/\/www.pointwestcu.com\/?s={search_term_string}"},"query-input":{"@type":"PropertyValueSpecification","valueRequired":true,"valueName":"search_term_string"}}],"inLanguage":"es-ES"}]}},"_links":{"self":[{"href":"https:\/\/www.pointwestcu.com\/es\/wp-json\/wp\/v2\/pages\/2609","targetHints":{"allow":["GET"]}}],"collection":[{"href":"https:\/\/www.pointwestcu.com\/es\/wp-json\/wp\/v2\/pages"}],"about":[{"href":"https:\/\/www.pointwestcu.com\/es\/wp-json\/wp\/v2\/types\/page"}],"author":[{"embeddable":true,"href":"https:\/\/www.pointwestcu.com\/es\/wp-json\/wp\/v2\/users\/1"}],"replies":[{"embeddable":true,"href":"https:\/\/www.pointwestcu.com\/es\/wp-json\/wp\/v2\/comments?post=2609"}],"version-history":[{"count":0,"href":"https:\/\/www.pointwestcu.com\/es\/wp-json\/wp\/v2\/pages\/2609\/revisions"}],"up":[{"embeddable":true,"href":"https:\/\/www.pointwestcu.com\/es\/wp-json\/wp\/v2\/pages\/2596"}],"wp:attachment":[{"href":"https:\/\/www.pointwestcu.com\/es\/wp-json\/wp\/v2\/media?parent=2609"}],"curies":[{"name":"gracias","href":"https:\/\/api.w.org\/{rel}","templated":true}]}}