{"id":2607,"date":"2024-05-03T12:13:45","date_gmt":"2024-05-03T19:13:45","guid":{"rendered":"https:\/\/pointwest.local\/personal\/credit-builder-loans\/"},"modified":"2024-12-04T10:18:23","modified_gmt":"2024-12-04T18:18:23","slug":"prestamos-para-la-creacion-de-credito","status":"publish","type":"page","link":"https:\/\/www.pointwestcu.com\/es\/personal\/prestamos-para-la-creacion-de-credito\/","title":{"rendered":"Pr\u00e9stamo para establecer cr\u00e9dito"},"content":{"rendered":"<div class=\"co-flex_row co-flex_row__page-hero\" ><div class=\"co-flex_row--row co-row\">\t<header class=\"co-page_hero  co-page_hero__calypso co-page_hero__has_image display-img-desktop\" aria-label=\"Header: Credit Builder Loan\">\n\t\t<div class=\"co-page_hero--inner\">\n\t\t\t<div class=\"prow items-center gap:5\">\n\t\t\t\t\t\t\t\t\t<div class=\"co-page_hero--media pcol-lg:5\">\n\t\t\t\t\t\t<div class=\"co-page_hero--img_wrap\">\n\t\t\t\t\t\t\t<img loading=\"lazy\" decoding=\"async\" width=\"400\" height=\"400\" src=\"https:\/\/www.pointwestcu.com\/files\/2024\/03\/36.jpg\" class=\"co-page_hero--img\" alt=\"PW members smiling and posing for the camera.\" srcset=\"https:\/\/www.pointwestcu.com\/files\/2024\/03\/36.jpg 400w, https:\/\/www.pointwestcu.com\/files\/2024\/03\/36-300x300.jpg 300w, https:\/\/www.pointwestcu.com\/files\/2024\/03\/36-150x150.jpg 150w, https:\/\/www.pointwestcu.com\/files\/2024\/03\/36-12x12.jpg 12w, https:\/\/www.pointwestcu.com\/files\/2024\/03\/36-396x396.jpg 396w, https:\/\/www.pointwestcu.com\/files\/2024\/03\/36-350x350.jpg 350w\" sizes=\"auto, (max-width: 400px) 100vw, 400px\" \/>\t\t\t\t\t\t\t<!-- <div class=\"co-page_hero--blob\"><\/div> -->\n\t\t\t\t\t\t\t<div class=\"co-page_hero--blob left\">\n\t\t\t\t\t\t\t\t<div class=\"ps-blob\">\n\t\t\t\t\t\t\t\t\t<svg xmlns=\"http:\/\/www.w3.org\/2000\/svg\" viewBox=\"0 0 346 350\">\n\t\t\t\t\t\t\t\t\t\t<path d=\"M251.828 345.182c40.089-12.626 112.781-76.278 88.995-177.474-9.514-40.478-20.053-68.213-37.817-101.823C274.109 2.01 196.228-7.4 146.551 5.697 63.31 27.644-10.879 98.755 2.465 197.03c13.345 98.273 60.132 113.469 85.659 124.795 48.095 21.341 123.614 35.985 163.704 23.358Z\"\/>\n\t\t\t\t\t\t\t\t\t<\/svg>\n\t\t\t\t\t\t\t\t<\/div>\n\t\t\t\t\t\t\t<\/div>\n\t\t\t\t\t\t\t<div class=\"co-page_hero--blob right\">\n\t\t\t\t\t\t\t\t<div class=\"ps-blob\">\n\t\t\t\t\t\t\t\t\t<svg xmlns=\"http:\/\/www.w3.org\/2000\/svg\" viewBox=\"0 0 373 387\">\n\t\t\t\t\t\t\t\t\t\t<path d=\"M248.84 12.929c-39.932-20.483-141.923-26.03-197.127 70.37C29.63 121.86 17.586 151.316 6.82 190.782c-24.19 71.33 28.748 137.43 76.38 164.787 79.812 45.84 188.368 46.736 249.464-39.516 61.095-86.252 36.22-133.357 24.852-161.411-21.419-52.857-68.745-121.23-108.677-141.712Z\"\/>\n\t\t\t\t\t\t\t\t\t<\/svg>\n\t\t\t\t\t\t\t\t<\/div>\n\t\t\t\t\t\t\t<\/div>\n\t\t\t\t\t\t<\/div>\n\t\t\t\t\t<\/div>\n\t\t\t\t\t\t\t\t<div class=\"co-page_hero--text pcol-lg:7\">\n\t\t\t\t\t\t\t\t\t\t<h1 class=\"co-page_hero--title\">\n\t\t\t\t\t\tCredit Builder Loan\t\t\t\t\t<\/h1>\n\t\t\t\t\t<p class=\"co-page_hero--tagline\">Elevate your credit score<\/p>\t\t\t\t\t\t<div class=\"co-page_hero--buttons\">\n\t\t\t\t\t\t\t<a class=\"co-page_hero--button\" href=\"https:\/\/www.pointwestcu.com\/es\/speed-bump\/?url=https%3A%2F%2Fapp.loanspq.com%2Fapply.aspx%3Fenc%3DKw21Wblm1yxpjJabdoZaD38XjfmDRKe1P3fPCS1-xvwZgFpV6XqhYbUyDAdMFC6Sj_6Sm8vj-sF2e2YzAmBaTA%26_gl%3D1%2Antmrwq%2A_ga%2ANzAzNjc1MTU3LjE2OTEwODM2MjQ.%2A_ga_FHFJP488L4%2AMTcxOTYxMjQwMS4zNzIuMS4xNzE5NjEyNDc1LjAuMC4w&#038;prev=https%3A%2F%2Fwww.pointwestcu.com%2Fes%2Fpersonal%2Fprestamos-para-la-creacion-de-credito%2F\" target=\"_blank\" >Apply Now<\/a>\t\t\t\t\t\t<\/div>\n\t\t\t\t\t\t\t\t\t\t<\/div>\n\t\t\t\t\t\t\t<\/div>\n\t\t<\/div>\n\t<\/header>\n<\/div><\/div>\n\n<div class=\"co-flex_row co-flex_row__white co-flex_row__page-intro\" ><div class=\"co-flex_row--row co-row\">\t<div class=\"co-page_intro\">\n\t\t<div class=\"co-page_intro--desc text-component\"><p>Looking to build or repair your credit? Our Credit Builder loan offers an easy, affordable, and effective way to boost your credit score. With flexible terms and monthly payments as low as $10, this loan is tailored to meet your credit-building needs. Funds are secured and placed in your savings account upon full repayment.<\/p>\n<\/div>\t<\/div>\n<\/div><\/div>\n\n<div class=\"co-flex_row co-flex_row__white co-flex_row__next_row_diff co-flex_row__single-path-cta\" ><div class=\"co-flex_row--row co-row\">\t<div class=\"co-sp_cta\">\n\t\t<div class=\"co-sp_cta--inner\">\n\t\t\t\t\t<header class=\"co-intro_text has_intro\">\n\t\t\t<h2 class=\"co-intro_text--title\">Your Path to Better Credit<\/h2><div class=\"co-intro_text--intro text-component\"><p>Take the first step towards a stronger financial future with Credit Pathways. Learn how to improve your credit score and achieve your financial goals.<\/p>\n<\/div>\t\t<\/header>\n\t\t<a class=\"co-sp_cta--button\" href=\"https:\/\/www.pointwestcu.com\/resources\/financial-guides\/credit-pathways\/\" target=\"_blank\" >Learn more<\/a>\t\t<\/div>\n\t<\/div>\n<\/div><\/div>\n\n<div class=\"co-flex_row co-flex_row__gray co-flex_row__next_row_diff co-flex_row__long-form-text\" ><div class=\"co-flex_row--row co-row\">\t<div class=\"co-long_form\">\n\t\t\t\t<header class=\"co-intro_text has_intro\">\n\t\t\t<h2 class=\"co-intro_text--title\">Credit Builder Loan Rates<\/h2><div class=\"co-intro_text--intro text-component\"><p>If you have reported losses on your current credit report or any loans that are currently delinquent, it\u2019s <strong>highly recommended<\/strong> that you pay off any owed balances and\/or bring any active loans current before applying for a credit builder loan. Point West\u2019s member service team can work with you to identify any areas of concern and work with you to address them to ensure your credit builder loan can be successful. We also offer comprehensive credit tools and counseling via our partner Credit Pathways. Click\u00a0<a href=\"https:\/\/www.pointwestcu.com\/credit-pathways\/\">here<\/a>\u00a0to see if Credit Pathways can help you.<\/p>\n<\/div>\t\t<\/header>\n\t\t\t\t\t<div class=\"co-long_form--block co-long_form--block__nomedia prow items-start  flex-center\">\n\t\t\t\t<div class=\"co-long_form--text pcol-md:8\">\n\t\t\t\t\t<div class=\"co-long_form--content text-component\"><p>&nbsp;<\/p>\n<div id=\"creditbuilderloan\" class=\"co-rates_table_wrap co-rates_table_wrap__products_list\">\n<div class=\"co-rates_table_wrap co-rates_table_wrap__rates_list\">\n\t<table class=\"co-rates_table\">\n\t\t<caption class=\"co-rates_table_wrap--title\" id=\"creditbuilderloan\">\n\t\t\tCredit Builder Loan\t\t<\/caption>\n\t\t\t\t\t<thead>\n\t\t\t\t<tr>\n\t\t\t\t\t\t\t\t\t\t\t<th\n\t\t\t\t\t\t\tclass=\"co-rates_table--heading\"\n\t\t\t\t\t\t\tscope=\"col\"\n\t\t\t\t\t\t>\n\t\t\t\t\t\t\t<p>Term<\/p>\t\t\t\t\t\t<\/th>\n\t\t\t\t\t\t\t\t\t\t\t<th\n\t\t\t\t\t\t\tclass=\"co-rates_table--heading\"\n\t\t\t\t\t\t\tscope=\"col\"\n\t\t\t\t\t\t>\n\t\t\t\t\t\t\t<p>Loan Amount<\/p>\t\t\t\t\t\t<\/th>\n\t\t\t\t\t\t\t\t\t\t\t<th\n\t\t\t\t\t\t\tclass=\"co-rates_table--heading\"\n\t\t\t\t\t\t\tscope=\"col\"\n\t\t\t\t\t\t>\n\t\t\t\t\t\t\t<p>Rate<\/p>\t\t\t\t\t\t<\/th>\n\t\t\t\t\t\t\t\t\t\t\t<th\n\t\t\t\t\t\t\tclass=\"co-rates_table--heading\"\n\t\t\t\t\t\t\tscope=\"col\"\n\t\t\t\t\t\t>\n\t\t\t\t\t\t\t<p>Application Fee<\/p>\t\t\t\t\t\t<\/th>\n\t\t\t\t\t\t\t\t\t\t\t<th\n\t\t\t\t\t\t\tclass=\"co-rates_table--heading\"\n\t\t\t\t\t\t\tscope=\"col\"\n\t\t\t\t\t\t>\n\t\t\t\t\t\t\t<p>Monthly Payment<\/p>\t\t\t\t\t\t<\/th>\n\t\t\t\t\t\t\t\t\t<\/tr>\n\t\t\t<\/thead>\n\t\t\t\t\t<tfoot>\n\t\t\t\t<tr>\n\t\t\t\t\t<td class=\"co-rates_table--foot_cell\" colspan=\"5\">\n\t\t\t\t\t\t<p>*APR = Annual Percentage Rate. All rates and programs are subject to change at any time. The application fee is due at the time of application. Contact Point West at 503.546.5000 or 888.468.5826 for the latest complete rates and terms.<\/p>\n\t\t\t\t\t<\/td>\n\t\t\t\t<\/tr>\n\t\t\t<\/tfoot>\n\t\t\t\t\t<tbody>\n\t\t\t\t\t\t\t\t\t<tr class=\"co-rates_table--row\">\n\t\t\t\t\t\t\t\t\t\t\t\t\t<td class=\"co-rates_table--cell\">\n\t\t\t\t\t\t\t\t<div class=\"co-rates_table--cell_mobile_title\">\n\t\t\t\t\t\t\t\t\t<p>Term<\/p>\t\t\t\t\t\t\t\t<\/div>\n\t\t\t\t\t\t\t\t<p>6 months<\/p>\t\t\t\t\t\t\t<\/td>\n\t\t\t\t\t\t\t\t\t\t\t\t\t<td class=\"co-rates_table--cell\">\n\t\t\t\t\t\t\t\t<div class=\"co-rates_table--cell_mobile_title\">\n\t\t\t\t\t\t\t\t\t<p>Loan Amount<\/p>\t\t\t\t\t\t\t\t<\/div>\n\t\t\t\t\t\t\t\t<p>$60.00<\/p>\t\t\t\t\t\t\t<\/td>\n\t\t\t\t\t\t\t\t\t\t\t\t\t<td class=\"co-rates_table--cell\">\n\t\t\t\t\t\t\t\t<div class=\"co-rates_table--cell_mobile_title\">\n\t\t\t\t\t\t\t\t\t<p>Rate<\/p>\t\t\t\t\t\t\t\t<\/div>\n\t\t\t\t\t\t\t\t<p>0.00%<\/p>\t\t\t\t\t\t\t<\/td>\n\t\t\t\t\t\t\t\t\t\t\t\t\t<td class=\"co-rates_table--cell\">\n\t\t\t\t\t\t\t\t<div class=\"co-rates_table--cell_mobile_title\">\n\t\t\t\t\t\t\t\t\t<p>Application Fee<\/p>\t\t\t\t\t\t\t\t<\/div>\n\t\t\t\t\t\t\t\t<p>$5.00<\/p>\t\t\t\t\t\t\t<\/td>\n\t\t\t\t\t\t\t\t\t\t\t\t\t<td class=\"co-rates_table--cell\">\n\t\t\t\t\t\t\t\t<div class=\"co-rates_table--cell_mobile_title\">\n\t\t\t\t\t\t\t\t\t<p>Monthly Payment<\/p>\t\t\t\t\t\t\t\t<\/div>\n\t\t\t\t\t\t\t\t<p>$10.00<\/p>\t\t\t\t\t\t\t<\/td>\n\t\t\t\t\t\t\t\t\t\t\t<\/tr>\n\t\t\t\t\t\t\t\t\t<tr class=\"co-rates_table--row\">\n\t\t\t\t\t\t\t\t\t\t\t\t\t<td class=\"co-rates_table--cell\">\n\t\t\t\t\t\t\t\t<div class=\"co-rates_table--cell_mobile_title\">\n\t\t\t\t\t\t\t\t\t<p>Term<\/p>\t\t\t\t\t\t\t\t<\/div>\n\t\t\t\t\t\t\t\t<p>12 months<\/p>\t\t\t\t\t\t\t<\/td>\n\t\t\t\t\t\t\t\t\t\t\t\t\t<td class=\"co-rates_table--cell\">\n\t\t\t\t\t\t\t\t<div class=\"co-rates_table--cell_mobile_title\">\n\t\t\t\t\t\t\t\t\t<p>Loan Amount<\/p>\t\t\t\t\t\t\t\t<\/div>\n\t\t\t\t\t\t\t\t<p>$120.00<\/p>\t\t\t\t\t\t\t<\/td>\n\t\t\t\t\t\t\t\t\t\t\t\t\t<td class=\"co-rates_table--cell\">\n\t\t\t\t\t\t\t\t<div class=\"co-rates_table--cell_mobile_title\">\n\t\t\t\t\t\t\t\t\t<p>Rate<\/p>\t\t\t\t\t\t\t\t<\/div>\n\t\t\t\t\t\t\t\t<p>0.00%<\/p>\t\t\t\t\t\t\t<\/td>\n\t\t\t\t\t\t\t\t\t\t\t\t\t<td class=\"co-rates_table--cell\">\n\t\t\t\t\t\t\t\t<div class=\"co-rates_table--cell_mobile_title\">\n\t\t\t\t\t\t\t\t\t<p>Application Fee<\/p>\t\t\t\t\t\t\t\t<\/div>\n\t\t\t\t\t\t\t\t<p>$10.00<\/p>\t\t\t\t\t\t\t<\/td>\n\t\t\t\t\t\t\t\t\t\t\t\t\t<td class=\"co-rates_table--cell\">\n\t\t\t\t\t\t\t\t<div class=\"co-rates_table--cell_mobile_title\">\n\t\t\t\t\t\t\t\t\t<p>Monthly Payment<\/p>\t\t\t\t\t\t\t\t<\/div>\n\t\t\t\t\t\t\t\t<p>$10.00<\/p>\t\t\t\t\t\t\t<\/td>\n\t\t\t\t\t\t\t\t\t\t\t<\/tr>\n\t\t\t\t\t\t\t\t\t<tr class=\"co-rates_table--row\">\n\t\t\t\t\t\t\t\t\t\t\t\t\t<td class=\"co-rates_table--cell\">\n\t\t\t\t\t\t\t\t<div class=\"co-rates_table--cell_mobile_title\">\n\t\t\t\t\t\t\t\t\t<p>Term<\/p>\t\t\t\t\t\t\t\t<\/div>\n\t\t\t\t\t\t\t\t<p>18 months<\/p>\t\t\t\t\t\t\t<\/td>\n\t\t\t\t\t\t\t\t\t\t\t\t\t<td class=\"co-rates_table--cell\">\n\t\t\t\t\t\t\t\t<div class=\"co-rates_table--cell_mobile_title\">\n\t\t\t\t\t\t\t\t\t<p>Loan Amount<\/p>\t\t\t\t\t\t\t\t<\/div>\n\t\t\t\t\t\t\t\t<p>$180.00<\/p>\t\t\t\t\t\t\t<\/td>\n\t\t\t\t\t\t\t\t\t\t\t\t\t<td class=\"co-rates_table--cell\">\n\t\t\t\t\t\t\t\t<div class=\"co-rates_table--cell_mobile_title\">\n\t\t\t\t\t\t\t\t\t<p>Rate<\/p>\t\t\t\t\t\t\t\t<\/div>\n\t\t\t\t\t\t\t\t<p>0.00%<\/p>\t\t\t\t\t\t\t<\/td>\n\t\t\t\t\t\t\t\t\t\t\t\t\t<td class=\"co-rates_table--cell\">\n\t\t\t\t\t\t\t\t<div class=\"co-rates_table--cell_mobile_title\">\n\t\t\t\t\t\t\t\t\t<p>Application Fee<\/p>\t\t\t\t\t\t\t\t<\/div>\n\t\t\t\t\t\t\t\t<p>$15.00<\/p>\t\t\t\t\t\t\t<\/td>\n\t\t\t\t\t\t\t\t\t\t\t\t\t<td class=\"co-rates_table--cell\">\n\t\t\t\t\t\t\t\t<div class=\"co-rates_table--cell_mobile_title\">\n\t\t\t\t\t\t\t\t\t<p>Monthly Payment<\/p>\t\t\t\t\t\t\t\t<\/div>\n\t\t\t\t\t\t\t\t<p>$10.00<\/p>\t\t\t\t\t\t\t<\/td>\n\t\t\t\t\t\t\t\t\t\t\t<\/tr>\n\t\t\t\t\t\t\t\t\t<tr class=\"co-rates_table--row\">\n\t\t\t\t\t\t\t\t\t\t\t\t\t<td class=\"co-rates_table--cell\">\n\t\t\t\t\t\t\t\t<div class=\"co-rates_table--cell_mobile_title\">\n\t\t\t\t\t\t\t\t\t<p>Term<\/p>\t\t\t\t\t\t\t\t<\/div>\n\t\t\t\t\t\t\t\t<p>24 months<\/p>\t\t\t\t\t\t\t<\/td>\n\t\t\t\t\t\t\t\t\t\t\t\t\t<td class=\"co-rates_table--cell\">\n\t\t\t\t\t\t\t\t<div class=\"co-rates_table--cell_mobile_title\">\n\t\t\t\t\t\t\t\t\t<p>Loan Amount<\/p>\t\t\t\t\t\t\t\t<\/div>\n\t\t\t\t\t\t\t\t<p>$240.00<\/p>\t\t\t\t\t\t\t<\/td>\n\t\t\t\t\t\t\t\t\t\t\t\t\t<td class=\"co-rates_table--cell\">\n\t\t\t\t\t\t\t\t<div class=\"co-rates_table--cell_mobile_title\">\n\t\t\t\t\t\t\t\t\t<p>Rate<\/p>\t\t\t\t\t\t\t\t<\/div>\n\t\t\t\t\t\t\t\t<p>0.00%<\/p>\t\t\t\t\t\t\t<\/td>\n\t\t\t\t\t\t\t\t\t\t\t\t\t<td class=\"co-rates_table--cell\">\n\t\t\t\t\t\t\t\t<div class=\"co-rates_table--cell_mobile_title\">\n\t\t\t\t\t\t\t\t\t<p>Application Fee<\/p>\t\t\t\t\t\t\t\t<\/div>\n\t\t\t\t\t\t\t\t<p>$20.00<\/p>\t\t\t\t\t\t\t<\/td>\n\t\t\t\t\t\t\t\t\t\t\t\t\t<td class=\"co-rates_table--cell\">\n\t\t\t\t\t\t\t\t<div class=\"co-rates_table--cell_mobile_title\">\n\t\t\t\t\t\t\t\t\t<p>Monthly Payment<\/p>\t\t\t\t\t\t\t\t<\/div>\n\t\t\t\t\t\t\t\t<p>$10.00<\/p>\t\t\t\t\t\t\t<\/td>\n\t\t\t\t\t\t\t\t\t\t\t<\/tr>\n\t\t\t\t\t\t\t\t\t<tr class=\"co-rates_table--row\">\n\t\t\t\t\t\t\t\t\t\t\t\t\t<td class=\"co-rates_table--cell\">\n\t\t\t\t\t\t\t\t<div class=\"co-rates_table--cell_mobile_title\">\n\t\t\t\t\t\t\t\t\t<p>Term<\/p>\t\t\t\t\t\t\t\t<\/div>\n\t\t\t\t\t\t\t\t<p>36 months<\/p>\t\t\t\t\t\t\t<\/td>\n\t\t\t\t\t\t\t\t\t\t\t\t\t<td class=\"co-rates_table--cell\">\n\t\t\t\t\t\t\t\t<div class=\"co-rates_table--cell_mobile_title\">\n\t\t\t\t\t\t\t\t\t<p>Loan Amount<\/p>\t\t\t\t\t\t\t\t<\/div>\n\t\t\t\t\t\t\t\t<p>$360.00<\/p>\t\t\t\t\t\t\t<\/td>\n\t\t\t\t\t\t\t\t\t\t\t\t\t<td class=\"co-rates_table--cell\">\n\t\t\t\t\t\t\t\t<div class=\"co-rates_table--cell_mobile_title\">\n\t\t\t\t\t\t\t\t\t<p>Rate<\/p>\t\t\t\t\t\t\t\t<\/div>\n\t\t\t\t\t\t\t\t<p>0.00%<\/p>\t\t\t\t\t\t\t<\/td>\n\t\t\t\t\t\t\t\t\t\t\t\t\t<td class=\"co-rates_table--cell\">\n\t\t\t\t\t\t\t\t<div class=\"co-rates_table--cell_mobile_title\">\n\t\t\t\t\t\t\t\t\t<p>Application Fee<\/p>\t\t\t\t\t\t\t\t<\/div>\n\t\t\t\t\t\t\t\t<p>$45.00<\/p>\t\t\t\t\t\t\t<\/td>\n\t\t\t\t\t\t\t\t\t\t\t\t\t<td class=\"co-rates_table--cell\">\n\t\t\t\t\t\t\t\t<div class=\"co-rates_table--cell_mobile_title\">\n\t\t\t\t\t\t\t\t\t<p>Monthly Payment<\/p>\t\t\t\t\t\t\t\t<\/div>\n\t\t\t\t\t\t\t\t<p>$10.00<\/p>\t\t\t\t\t\t\t<\/td>\n\t\t\t\t\t\t\t\t\t\t\t<\/tr>\n\t\t\t\t\t\t\t<\/tbody>\n\t\t\t<\/table>\n<\/div>\n<\/div>\n<\/div>\t\t\t\t<\/div>\n\t\t\t\t\t\t\t<\/div>\n\t\t\t\t<\/div>\n<\/div><\/div>\n\n<div class=\"co-flex_row co-flex_row__white co-flex_row__related-products\" ><div class=\"co-flex_row--row co-row\">\t<div class=\"co-rel_prods\">\n\t\t\t\t<header class=\"co-intro_text\">\n\t\t\t<h2 class=\"co-intro_text--title\">Explore related products and services<\/h2>\t\t<\/header>\n\t\t\t\t<div class=\"co-rel_prods--row\">\n\t\t\t\t\t\t\t<div class=\"co-rel_prods--cols prow prow-lg:2 justify-center co-rel_prods--cols__2\">\n\t\t\t\t\t\t\t\t\t\t\t<div class=\"co-rel_prods--col\">\n\t\t\t\t\t\t\t<div class=\"co-rel_prods--col_content\">\n\t\t\t\t\t\t\t\t<h3 class=\"co-rel_prods--col_title\">Credit Pathways<\/h3><div class=\"co-rel_prods--col_desc text-component\"><div class=\"flex max-w-full flex-col flex-grow\">\r\n<div class=\"min-h-[20px] text-message flex w-full flex-col items-end gap-2 break-words [.text-message+&amp;]:mt-5 overflow-x-auto whitespace-normal\" dir=\"auto\" data-message-author-role=\"assistant\" data-message-id=\"3c2660da-aa78-43d7-9c24-2c39a4ceccac\">\r\n<div class=\"flex w-full flex-col gap-1 empty:hidden first:pt-[3px]\">\r\n<div class=\"markdown prose w-full break-words dark:prose-invert dark\">\r\n\r\nCreate a custom plan designed around your specific financial needs. Credit Pathways offers 24\/7 access to tailored strategies and real-time credit tracking to help you succeed\u2014all free to enroll and use, giving you the tools you need at no cost.\r\n\r\n<\/div>\r\n<\/div>\r\n<\/div>\r\n<\/div><\/div><a class=\"co-rel_prods--col_cta\" href=\"https:\/\/www.pointwestcu.com\/es\/recursos\/guias-financieras\/vias-de-credito\/\" target=\"_blank\" aria-label=\"Read more about Credit Pathways\">Read more<\/a>\t\t\t\t\t\t\t<\/div>\n\t\t\t\t\t\t\t<div class=\"co-rel_prods--col_deco\"><\/div>\n\t\t\t\t\t\t<\/div>\n\t\t\t\t\t\t\t\t\t\t\t\t<div class=\"co-rel_prods--col\">\n\t\t\t\t\t\t\t<div class=\"co-rel_prods--col_content\">\n\t\t\t\t\t\t\t\t<h3 class=\"co-rel_prods--col_title\">Quick Cash Loan<\/h3><div class=\"co-rel_prods--col_desc text-component\">Whether you need extra cash for college, groceries, an emergency car repair, or anything in between, a Boost Loan can help. In under 60 seconds, you can get money deposited directly into your account, no credit check required! Boost Loans are a smart and affordable alternative to high-interest payday loans!<\/div><a class=\"co-rel_prods--col_cta\" href=\"https:\/\/www.pointwestcu.com\/es\/personal\/prestamo-de-dinero-rapido\/\" target=\"_blank\" aria-label=\"Read more about Quick Cash Loan\">Read more<\/a>\t\t\t\t\t\t\t<\/div>\n\t\t\t\t\t\t\t<div class=\"co-rel_prods--col_deco\"><\/div>\n\t\t\t\t\t\t<\/div>\n\t\t\t\t\t\t\t\t\t\t<\/div>\n\t\t\t\t\t<\/div>\n\t<\/div>\n<\/div><\/div>\n\n<div class=\"co-flex_row co-flex_row__white co-flex_row__last co-flex_row__single-path-cta\" ><div class=\"co-flex_row--row co-row\">\t<div class=\"co-sp_cta\">\n\t\t<div class=\"co-sp_cta--inner\">\n\t\t\t\t\t<header class=\"co-intro_text\">\n\t\t\t<h2 class=\"co-intro_text--title\">Let&#8217;s get your credit back on track!<\/h2>\t\t<\/header>\n\t\t<a class=\"co-sp_cta--button\" href=\"https:\/\/www.pointwestcu.com\/es\/speed-bump\/?url=https%3A%2F%2Fapp.loanspq.com%2Fapply.aspx%3Fenc%3DKw21Wblm1yxpjJabdoZaD38XjfmDRKe1P3fPCS1-xvwZgFpV6XqhYbUyDAdMFC6Sj_6Sm8vj-sF2e2YzAmBaTA%26_gl%3D1%2Antmrwq%2A_ga%2ANzAzNjc1MTU3LjE2OTEwODM2MjQ.%2A_ga_FHFJP488L4%2AMTcxOTYxMjQwMS4zNzIuMS4xNzE5NjEyNDc1LjAuMC4w&#038;prev=https%3A%2F%2Fwww.pointwestcu.com%2Fes%2Fpersonal%2Fprestamos-para-la-creacion-de-credito%2F\" target=\"_blank\" >Apply now<\/a>\t\t<\/div>\n\t<\/div>\n<\/div><\/div>","protected":false},"excerpt":{"rendered":"","protected":false},"author":1,"featured_media":0,"parent":2596,"menu_order":0,"comment_status":"closed","ping_status":"closed","template":"","meta":{"_acf_changed":true,"_searchwp_excluded":"","footnotes":""},"class_list":["post-2607","page","type-page","status-publish","hentry"],"acf":[],"yoast_head":"<!-- This site is optimized with the Yoast SEO plugin v27.6 - https:\/\/yoast.com\/product\/yoast-seo-wordpress\/ -->\n<title>Credit Builder Loan - Point West Credit Union<\/title>\n<meta name=\"robots\" content=\"index, follow, max-snippet:-1, max-image-preview:large, max-video-preview:-1\" \/>\n<link rel=\"canonical\" href=\"https:\/\/www.pointwestcu.com\/es\/personal\/prestamos-para-la-creacion-de-credito\/\" \/>\n<meta property=\"og:locale\" content=\"es_ES\" \/>\n<meta property=\"og:type\" content=\"article\" \/>\n<meta property=\"og:title\" content=\"Credit Builder Loan - Point West Credit Union\" \/>\n<meta property=\"og:url\" content=\"https:\/\/www.pointwestcu.com\/es\/personal\/prestamos-para-la-creacion-de-credito\/\" \/>\n<meta property=\"og:site_name\" content=\"Point West Credit Union\" \/>\n<meta property=\"article:modified_time\" content=\"2024-12-04T18:18:23+00:00\" \/>\n<meta name=\"twitter:card\" content=\"summary_large_image\" \/>\n<meta name=\"twitter:label1\" content=\"Est. reading time\" \/>\n\t<meta name=\"twitter:data1\" content=\"2 minutos\" \/>\n<script type=\"application\/ld+json\" class=\"yoast-schema-graph\">{\"@context\":\"https:\\\/\\\/schema.org\",\"@graph\":[{\"@type\":\"WebPage\",\"@id\":\"https:\\\/\\\/www.pointwestcu.com\\\/personal\\\/credit-builder-loans\\\/\",\"url\":\"https:\\\/\\\/www.pointwestcu.com\\\/personal\\\/credit-builder-loans\\\/\",\"name\":\"Credit Builder Loan - Point West Credit Union\",\"isPartOf\":{\"@id\":\"https:\\\/\\\/www.pointwestcu.com\\\/#website\"},\"datePublished\":\"2024-05-03T19:13:45+00:00\",\"dateModified\":\"2024-12-04T18:18:23+00:00\",\"breadcrumb\":{\"@id\":\"https:\\\/\\\/www.pointwestcu.com\\\/personal\\\/credit-builder-loans\\\/#breadcrumb\"},\"inLanguage\":\"es-ES\",\"potentialAction\":[{\"@type\":\"ReadAction\",\"target\":[\"https:\\\/\\\/www.pointwestcu.com\\\/personal\\\/credit-builder-loans\\\/\"]}]},{\"@type\":\"BreadcrumbList\",\"@id\":\"https:\\\/\\\/www.pointwestcu.com\\\/personal\\\/credit-builder-loans\\\/#breadcrumb\",\"itemListElement\":[{\"@type\":\"ListItem\",\"position\":1,\"name\":\"Home\",\"item\":\"https:\\\/\\\/www.pointwestcu.com\\\/\"},{\"@type\":\"ListItem\",\"position\":2,\"name\":\"Personal\",\"item\":\"https:\\\/\\\/www.pointwestcu.com\\\/personal\\\/\"},{\"@type\":\"ListItem\",\"position\":3,\"name\":\"Credit Builder Loan\"}]},{\"@type\":\"WebSite\",\"@id\":\"https:\\\/\\\/www.pointwestcu.com\\\/#website\",\"url\":\"https:\\\/\\\/www.pointwestcu.com\\\/\",\"name\":\"Point West Credit Union\",\"description\":\"People Helping People\",\"potentialAction\":[{\"@type\":\"SearchAction\",\"target\":{\"@type\":\"EntryPoint\",\"urlTemplate\":\"https:\\\/\\\/www.pointwestcu.com\\\/?s={search_term_string}\"},\"query-input\":{\"@type\":\"PropertyValueSpecification\",\"valueRequired\":true,\"valueName\":\"search_term_string\"}}],\"inLanguage\":\"es-ES\"}]}<\/script>\n<!-- \/ Yoast SEO plugin. -->","yoast_head_json":{"title":"Pr\u00e9stamo para la creaci\u00f3n de cr\u00e9dito - Point West Credit Union","robots":{"index":"index","follow":"follow","max-snippet":"max-snippet:-1","max-image-preview":"max-image-preview:large","max-video-preview":"max-video-preview:-1"},"canonical":"https:\/\/www.pointwestcu.com\/es\/personal\/prestamos-para-la-creacion-de-credito\/","og_locale":"es_ES","og_type":"article","og_title":"Credit Builder Loan - Point West Credit Union","og_url":"https:\/\/www.pointwestcu.com\/es\/personal\/prestamos-para-la-creacion-de-credito\/","og_site_name":"Point West Credit Union","article_modified_time":"2024-12-04T18:18:23+00:00","twitter_card":"summary_large_image","twitter_misc":{"Est. reading time":"2 minutos"},"schema":{"@context":"https:\/\/schema.org","@graph":[{"@type":"WebPage","@id":"https:\/\/www.pointwestcu.com\/personal\/credit-builder-loans\/","url":"https:\/\/www.pointwestcu.com\/personal\/credit-builder-loans\/","name":"Pr\u00e9stamo para la creaci\u00f3n de cr\u00e9dito - Point West Credit Union","isPartOf":{"@id":"https:\/\/www.pointwestcu.com\/#website"},"datePublished":"2024-05-03T19:13:45+00:00","dateModified":"2024-12-04T18:18:23+00:00","breadcrumb":{"@id":"https:\/\/www.pointwestcu.com\/personal\/credit-builder-loans\/#breadcrumb"},"inLanguage":"es-ES","potentialAction":[{"@type":"ReadAction","target":["https:\/\/www.pointwestcu.com\/personal\/credit-builder-loans\/"]}]},{"@type":"BreadcrumbList","@id":"https:\/\/www.pointwestcu.com\/personal\/credit-builder-loans\/#breadcrumb","itemListElement":[{"@type":"ListItem","position":1,"name":"Home","item":"https:\/\/www.pointwestcu.com\/"},{"@type":"ListItem","position":2,"name":"Personal","item":"https:\/\/www.pointwestcu.com\/personal\/"},{"@type":"ListItem","position":3,"name":"Credit Builder Loan"}]},{"@type":"WebSite","@id":"https:\/\/www.pointwestcu.com\/#website","url":"https:\/\/www.pointwestcu.com\/","name":"Point West Credit Union","description":"Gente Ayudando a Gente","potentialAction":[{"@type":"SearchAction","target":{"@type":"EntryPoint","urlTemplate":"https:\/\/www.pointwestcu.com\/?s={search_term_string}"},"query-input":{"@type":"PropertyValueSpecification","valueRequired":true,"valueName":"search_term_string"}}],"inLanguage":"es-ES"}]}},"_links":{"self":[{"href":"https:\/\/www.pointwestcu.com\/es\/wp-json\/wp\/v2\/pages\/2607","targetHints":{"allow":["GET"]}}],"collection":[{"href":"https:\/\/www.pointwestcu.com\/es\/wp-json\/wp\/v2\/pages"}],"about":[{"href":"https:\/\/www.pointwestcu.com\/es\/wp-json\/wp\/v2\/types\/page"}],"author":[{"embeddable":true,"href":"https:\/\/www.pointwestcu.com\/es\/wp-json\/wp\/v2\/users\/1"}],"replies":[{"embeddable":true,"href":"https:\/\/www.pointwestcu.com\/es\/wp-json\/wp\/v2\/comments?post=2607"}],"version-history":[{"count":0,"href":"https:\/\/www.pointwestcu.com\/es\/wp-json\/wp\/v2\/pages\/2607\/revisions"}],"up":[{"embeddable":true,"href":"https:\/\/www.pointwestcu.com\/es\/wp-json\/wp\/v2\/pages\/2596"}],"wp:attachment":[{"href":"https:\/\/www.pointwestcu.com\/es\/wp-json\/wp\/v2\/media?parent=2607"}],"curies":[{"name":"gracias","href":"https:\/\/api.w.org\/{rel}","templated":true}]}}