{"id":2604,"date":"2024-05-03T12:13:45","date_gmt":"2024-05-03T19:13:45","guid":{"rendered":"https:\/\/pointwest.local\/personal\/lending\/"},"modified":"2024-06-28T10:27:52","modified_gmt":"2024-06-28T17:27:52","slug":"prestamo","status":"publish","type":"page","link":"https:\/\/www.pointwestcu.com\/es\/personal\/prestamo\/","title":{"rendered":"Pr\u00e9stamos personales"},"content":{"rendered":"<div class=\"co-flex_row co-flex_row__page-hero\" ><div class=\"co-flex_row--row co-row\">\t<header class=\"co-page_hero  co-page_hero__gray co-page_hero__no_image\" aria-label=\"Encabezado: Pr\u00e9stamos personales\">\n\t\t<div class=\"co-page_hero--inner\">\n\t\t\t<div class=\"prow items-center gap:5\">\n\t\t\t\t\t\t\t\t<div class=\"co-page_hero--text pcol-lg:7\">\n\t\t\t\t\t\t\t\t\t\t<h1 class=\"co-page_hero--title\">\n\t\t\t\t\t\tPr\u00e9stamos personales\t\t\t\t\t<\/h1>\n\t\t\t\t\t<p class=\"co-page_hero--tagline\">Pr\u00e9stamos flexibles para cada necesidad financiera<\/p>\t\t\t\t<\/div>\n\t\t\t\t\t\t\t<\/div>\n\t\t<\/div>\n\t<\/header>\n<\/div><\/div>\n\n<div class=\"co-flex_row co-flex_row__white co-flex_row__last co-flex_row__columns\" ><div class=\"co-flex_row--row co-row\">\t<div class=\"co-columns\">\n\t\t\t\t\t<div class=\"co-columns--row prow prow-md:2 prow-lg:4 justify-center\">\n\t\t\t\t\t\t\t\t\t<div class=\"co-columns--box\">\n\t\t\t\t\t\t<h2 class=\"co-columns--box_headline\" >Pr\u00e9stamo en efectivo r\u00e1pido<\/h2><div class=\"co-columns--box_desc text-component\"><p>Obtenga dinero cuando m\u00e1s lo necesite, deposit\u00e1ndolo directamente a su cuenta; \u00a1no requiere calificaci\u00f3n crediticia! Disponible las 24 horas del d\u00eda a trav\u00e9s de la banca en l\u00ednea y nuestra aplicaci\u00f3n m\u00f3vil.<\/p>\n<\/div><div class=\"co-columns--box_button\"><a class=\"co-columns--button co-button\" href=\"https:\/\/www.pointwestcu.com\/es\/personal\/prestamo-de-dinero-rapido\/\" target=\"_blank\" >Explore nuestro pr\u00e9stamo de efectivo r\u00e1pido<\/a><\/div>\t\t\t\t\t<\/div>\n\t\t\t\t\t\t\t\t\t<div class=\"co-columns--box\">\n\t\t\t\t\t\t<h2 class=\"co-columns--box_headline\" >Pr\u00e9stamos personales<\/h2><div class=\"co-columns--box_desc text-component\"><p>\u00bfPlanea un evento, vacaci\u00f3n o proyecto importante? Point West le ofrece pr\u00e9stamos personales a la medida de sus necesidades. \u00a1Consulte con nuestro equipo de pr\u00e9stamos hoy mismo!<\/p>\n<\/div><div class=\"co-columns--box_button\"><a class=\"co-columns--button co-button\" href=\"https:\/\/www.pointwestcu.com\/es\/personal\/prestamos\/\" target=\"_blank\" >Explore nuestros pr\u00e9stamos personales<\/a><\/div>\t\t\t\t\t<\/div>\n\t\t\t\t\t\t\t\t\t<div class=\"co-columns--box\">\n\t\t\t\t\t\t<h2 class=\"co-columns--box_headline\" >Pr\u00e9stamo para establecer cr\u00e9dito<\/h2><div class=\"co-columns--box_desc text-component\"><p>\u00bfLe gustar\u00eda establecer o reparar su cr\u00e9dito? Nuestro pr\u00e9stamo para establecer cr\u00e9dito puede ayudarle a mejorar su calificaci\u00f3n crediticia. Pague $10 al mes, con fondos garantizados en su cuenta de ahorros cuando termine de reembolsarlo.<\/p>\n<\/div><div class=\"co-columns--box_button\"><a class=\"co-columns--button co-button\" href=\"https:\/\/www.pointwestcu.com\/es\/personal\/prestamos-para-la-creacion-de-credito\/\" target=\"_blank\" >Explore nuestro pr\u00e9stamo para establecer cr\u00e9dito<\/a><\/div>\t\t\t\t\t<\/div>\n\t\t\t\t\t\t\t\t\t<div class=\"co-columns--box\">\n\t\t\t\t\t\t<h2 class=\"co-columns--box_headline\" >Consolidaci\u00f3n de deudas<\/h2><div class=\"co-columns--box_desc text-component\"><p>\u00bfDesea consolidar sus deudas pendientes? Nuestro pr\u00e9stamo para consolidar las deudas puede simplificar sus pagos y contribuir a eliminar el exceso de deuda.<\/p>\n<\/div><div class=\"co-columns--box_button\"><a class=\"co-columns--button co-button\" href=\"https:\/\/www.pointwestcu.com\/es\/personal\/consolidacion-de-deuda\/\" target=\"_blank\" >Explore nuestro pr\u00e9stamo para consolidar las deudas<\/a><\/div>\t\t\t\t\t<\/div>\n\t\t\t\t\t\t\t\t\t<div class=\"co-columns--box\">\n\t\t\t\t\t\t<h2 class=\"co-columns--box_headline\" >Pr\u00e9stamos hipotecarios<\/h2><div class=\"co-columns--box_desc text-component\"><p>\u00bfQuiere comprar, refinanciar o utilizar el capital de su vivienda? Ofrecemos cuotas bajas, tasas atractivas y planes personalizados que se ajustan a sus objetivos.<\/p>\n<\/div><div class=\"co-columns--box_button\"><a class=\"co-columns--button co-button\" href=\"https:\/\/www.pointwestcu.com\/es\/personal\/prestamos-hipotecarios\/\" target=\"_blank\" >Explore nuestros pr\u00e9stamos hipotecarios<\/a><\/div>\t\t\t\t\t<\/div>\n\t\t\t\t\t\t\t\t\t<div class=\"co-columns--box\">\n\t\t\t\t\t\t<h2 class=\"co-columns--box_headline\" >Pr\u00e9stamos para autos<\/h2><div class=\"co-columns--box_desc text-component\"><p>Adquiera un autom\u00f3vil nuevo con facilidad. Nuestro equipo de pr\u00e9stamos para autos y socios de confianza ofrecen tasas excelentes, solicitudes sencillas y recursos \u00fatiles.<\/p>\n<\/div><div class=\"co-columns--box_button\"><a class=\"co-columns--button co-button\" href=\"https:\/\/www.pointwestcu.com\/es\/personal\/prestamos-para-vehiculos\/\" target=\"_blank\" >Explore nuestros pr\u00e9stamos para veh\u00edculos<\/a><\/div>\t\t\t\t\t<\/div>\n\t\t\t\t\t\t\t\t\t<div class=\"co-columns--box\">\n\t\t\t\t\t\t<h2 class=\"co-columns--box_headline\" >Pr\u00e9stamos para bicicletas<\/h2><div class=\"co-columns--box_desc text-component\"><p>Financie su bicicleta nueva sin complicaciones. Nuestros pr\u00e9stamos para bicicletas ofrecen tasas y plazos accesibles, lo que har\u00e1 que empezar a pedalear sea f\u00e1cil.<\/p>\n<\/div><div class=\"co-columns--box_button\"><a class=\"co-columns--button co-button\" href=\"https:\/\/www.pointwestcu.com\/es\/personal\/prestamos-de-bicicletas\/\" target=\"_blank\" >Explore nuestros pr\u00e9stamos para bicicletas<\/a><\/div>\t\t\t\t\t<\/div>\n\t\t\t\t\t\t\t<\/div>\n\t\t\t\t<\/div>\n<\/div><\/div>","protected":false},"excerpt":{"rendered":"","protected":false},"author":1,"featured_media":0,"parent":2596,"menu_order":0,"comment_status":"closed","ping_status":"closed","template":"","meta":{"_acf_changed":true,"_searchwp_excluded":"","footnotes":""},"class_list":["post-2604","page","type-page","status-publish","hentry"],"acf":[],"yoast_head":"<!-- This site is optimized with the Yoast SEO plugin v27.5 - https:\/\/yoast.com\/product\/yoast-seo-wordpress\/ -->\n<title>Personal Lending - Point West Credit Union<\/title>\n<meta name=\"robots\" content=\"index, follow, max-snippet:-1, max-image-preview:large, max-video-preview:-1\" \/>\n<link rel=\"canonical\" href=\"https:\/\/www.pointwestcu.com\/es\/personal\/prestamo\/\" \/>\n<meta property=\"og:locale\" content=\"es_ES\" \/>\n<meta property=\"og:type\" content=\"article\" \/>\n<meta property=\"og:title\" content=\"Personal Lending - Point West Credit Union\" \/>\n<meta property=\"og:url\" content=\"https:\/\/www.pointwestcu.com\/es\/personal\/prestamo\/\" \/>\n<meta property=\"og:site_name\" content=\"Point West Credit Union\" \/>\n<meta property=\"article:modified_time\" content=\"2024-06-28T17:27:52+00:00\" \/>\n<meta name=\"twitter:card\" content=\"summary_large_image\" \/>\n<meta name=\"twitter:label1\" content=\"Est. reading time\" \/>\n\t<meta name=\"twitter:data1\" content=\"1 minuto\" \/>\n<script type=\"application\/ld+json\" class=\"yoast-schema-graph\">{\"@context\":\"https:\\\/\\\/schema.org\",\"@graph\":[{\"@type\":\"WebPage\",\"@id\":\"https:\\\/\\\/www.pointwestcu.com\\\/personal\\\/lending\\\/\",\"url\":\"https:\\\/\\\/www.pointwestcu.com\\\/personal\\\/lending\\\/\",\"name\":\"Personal Lending - Point West Credit Union\",\"isPartOf\":{\"@id\":\"https:\\\/\\\/www.pointwestcu.com\\\/#website\"},\"datePublished\":\"2024-05-03T19:13:45+00:00\",\"dateModified\":\"2024-06-28T17:27:52+00:00\",\"breadcrumb\":{\"@id\":\"https:\\\/\\\/www.pointwestcu.com\\\/personal\\\/lending\\\/#breadcrumb\"},\"inLanguage\":\"es-ES\",\"potentialAction\":[{\"@type\":\"ReadAction\",\"target\":[\"https:\\\/\\\/www.pointwestcu.com\\\/personal\\\/lending\\\/\"]}]},{\"@type\":\"BreadcrumbList\",\"@id\":\"https:\\\/\\\/www.pointwestcu.com\\\/personal\\\/lending\\\/#breadcrumb\",\"itemListElement\":[{\"@type\":\"ListItem\",\"position\":1,\"name\":\"Home\",\"item\":\"https:\\\/\\\/www.pointwestcu.com\\\/\"},{\"@type\":\"ListItem\",\"position\":2,\"name\":\"Personal\",\"item\":\"https:\\\/\\\/www.pointwestcu.com\\\/personal\\\/\"},{\"@type\":\"ListItem\",\"position\":3,\"name\":\"Personal Lending\"}]},{\"@type\":\"WebSite\",\"@id\":\"https:\\\/\\\/www.pointwestcu.com\\\/#website\",\"url\":\"https:\\\/\\\/www.pointwestcu.com\\\/\",\"name\":\"Point West Credit Union\",\"description\":\"People Helping People\",\"potentialAction\":[{\"@type\":\"SearchAction\",\"target\":{\"@type\":\"EntryPoint\",\"urlTemplate\":\"https:\\\/\\\/www.pointwestcu.com\\\/?s={search_term_string}\"},\"query-input\":{\"@type\":\"PropertyValueSpecification\",\"valueRequired\":true,\"valueName\":\"search_term_string\"}}],\"inLanguage\":\"es-ES\"}]}<\/script>\n<!-- \/ Yoast SEO plugin. -->","yoast_head_json":{"title":"Pr\u00e9stamos personales - Point West Credit Union","robots":{"index":"index","follow":"follow","max-snippet":"max-snippet:-1","max-image-preview":"max-image-preview:large","max-video-preview":"max-video-preview:-1"},"canonical":"https:\/\/www.pointwestcu.com\/es\/personal\/prestamo\/","og_locale":"es_ES","og_type":"article","og_title":"Personal Lending - Point West Credit Union","og_url":"https:\/\/www.pointwestcu.com\/es\/personal\/prestamo\/","og_site_name":"Point West Credit Union","article_modified_time":"2024-06-28T17:27:52+00:00","twitter_card":"summary_large_image","twitter_misc":{"Est. reading time":"1 minuto"},"schema":{"@context":"https:\/\/schema.org","@graph":[{"@type":"WebPage","@id":"https:\/\/www.pointwestcu.com\/personal\/lending\/","url":"https:\/\/www.pointwestcu.com\/personal\/lending\/","name":"Pr\u00e9stamos personales - Point West Credit Union","isPartOf":{"@id":"https:\/\/www.pointwestcu.com\/#website"},"datePublished":"2024-05-03T19:13:45+00:00","dateModified":"2024-06-28T17:27:52+00:00","breadcrumb":{"@id":"https:\/\/www.pointwestcu.com\/personal\/lending\/#breadcrumb"},"inLanguage":"es-ES","potentialAction":[{"@type":"ReadAction","target":["https:\/\/www.pointwestcu.com\/personal\/lending\/"]}]},{"@type":"BreadcrumbList","@id":"https:\/\/www.pointwestcu.com\/personal\/lending\/#breadcrumb","itemListElement":[{"@type":"ListItem","position":1,"name":"Home","item":"https:\/\/www.pointwestcu.com\/"},{"@type":"ListItem","position":2,"name":"Personal","item":"https:\/\/www.pointwestcu.com\/personal\/"},{"@type":"ListItem","position":3,"name":"Personal Lending"}]},{"@type":"WebSite","@id":"https:\/\/www.pointwestcu.com\/#website","url":"https:\/\/www.pointwestcu.com\/","name":"Point West Credit Union","description":"Gente Ayudando a Gente","potentialAction":[{"@type":"SearchAction","target":{"@type":"EntryPoint","urlTemplate":"https:\/\/www.pointwestcu.com\/?s={search_term_string}"},"query-input":{"@type":"PropertyValueSpecification","valueRequired":true,"valueName":"search_term_string"}}],"inLanguage":"es-ES"}]}},"_links":{"self":[{"href":"https:\/\/www.pointwestcu.com\/es\/wp-json\/wp\/v2\/pages\/2604","targetHints":{"allow":["GET"]}}],"collection":[{"href":"https:\/\/www.pointwestcu.com\/es\/wp-json\/wp\/v2\/pages"}],"about":[{"href":"https:\/\/www.pointwestcu.com\/es\/wp-json\/wp\/v2\/types\/page"}],"author":[{"embeddable":true,"href":"https:\/\/www.pointwestcu.com\/es\/wp-json\/wp\/v2\/users\/1"}],"replies":[{"embeddable":true,"href":"https:\/\/www.pointwestcu.com\/es\/wp-json\/wp\/v2\/comments?post=2604"}],"version-history":[{"count":0,"href":"https:\/\/www.pointwestcu.com\/es\/wp-json\/wp\/v2\/pages\/2604\/revisions"}],"up":[{"embeddable":true,"href":"https:\/\/www.pointwestcu.com\/es\/wp-json\/wp\/v2\/pages\/2596"}],"wp:attachment":[{"href":"https:\/\/www.pointwestcu.com\/es\/wp-json\/wp\/v2\/media?parent=2604"}],"curies":[{"name":"gracias","href":"https:\/\/api.w.org\/{rel}","templated":true}]}}