{"id":2599,"date":"2024-05-03T12:13:45","date_gmt":"2024-05-03T19:13:45","guid":{"rendered":"https:\/\/pointwest.local\/personal\/checking-accounts\/overdraft-services\/"},"modified":"2024-12-04T10:47:19","modified_gmt":"2024-12-04T18:47:19","slug":"servicios-de-sobregiro","status":"publish","type":"page","link":"https:\/\/www.pointwestcu.com\/es\/personal\/cuentas-corrientes\/servicios-de-sobregiro\/","title":{"rendered":"Servicios de sobregiro"},"content":{"rendered":"<div class=\"co-flex_row co-flex_row__page-hero\" ><div class=\"co-flex_row--row co-row\">\t<header class=\"co-page_hero  co-page_hero__calypso co-page_hero__has_image display-img-desktop\" aria-label=\"Encabezado: Servicios de sobregiro\">\n\t\t<div class=\"co-page_hero--inner\">\n\t\t\t<div class=\"prow items-center gap:5\">\n\t\t\t\t\t\t\t\t\t<div class=\"co-page_hero--media pcol-lg:5\">\n\t\t\t\t\t\t<div class=\"co-page_hero--img_wrap\">\n\t\t\t\t\t\t\t<img loading=\"lazy\" decoding=\"async\" width=\"400\" height=\"400\" src=\"https:\/\/www.pointwestcu.com\/files\/2024\/03\/45.jpg\" class=\"co-page_hero--img\" alt=\"Miembro de pw sonriendo a la c\u00e1mara\" srcset=\"https:\/\/www.pointwestcu.com\/files\/2024\/03\/45.jpg 400w, https:\/\/www.pointwestcu.com\/files\/2024\/03\/45-300x300.jpg 300w, https:\/\/www.pointwestcu.com\/files\/2024\/03\/45-150x150.jpg 150w, https:\/\/www.pointwestcu.com\/files\/2024\/03\/45-12x12.jpg 12w, https:\/\/www.pointwestcu.com\/files\/2024\/03\/45-396x396.jpg 396w, https:\/\/www.pointwestcu.com\/files\/2024\/03\/45-350x350.jpg 350w\" sizes=\"auto, (max-width: 400px) 100vw, 400px\" \/>\t\t\t\t\t\t\t<!-- <div class=\"co-page_hero--blob\"><\/div> -->\n\t\t\t\t\t\t\t<div class=\"co-page_hero--blob left\">\n\t\t\t\t\t\t\t\t<div class=\"ps-blob\">\n\t\t\t\t\t\t\t\t\t<svg xmlns=\"http:\/\/www.w3.org\/2000\/svg\" viewbox=\"0 0 346 350\">\n\t\t\t\t\t\t\t\t\t\t<path d=\"M251.828 345.182c40.089-12.626 112.781-76.278 88.995-177.474-9.514-40.478-20.053-68.213-37.817-101.823C274.109 2.01 196.228-7.4 146.551 5.697 63.31 27.644-10.879 98.755 2.465 197.03c13.345 98.273 60.132 113.469 85.659 124.795 48.095 21.341 123.614 35.985 163.704 23.358Z\"\/>\n\t\t\t\t\t\t\t\t\t<\/svg>\n\t\t\t\t\t\t\t\t<\/div>\n\t\t\t\t\t\t\t<\/div>\n\t\t\t\t\t\t\t<div class=\"co-page_hero--blob right\">\n\t\t\t\t\t\t\t\t<div class=\"ps-blob\">\n\t\t\t\t\t\t\t\t\t<svg xmlns=\"http:\/\/www.w3.org\/2000\/svg\" viewbox=\"0 0 373 387\">\n\t\t\t\t\t\t\t\t\t\t<path d=\"M248.84 12.929c-39.932-20.483-141.923-26.03-197.127 70.37C29.63 121.86 17.586 151.316 6.82 190.782c-24.19 71.33 28.748 137.43 76.38 164.787 79.812 45.84 188.368 46.736 249.464-39.516 61.095-86.252 36.22-133.357 24.852-161.411-21.419-52.857-68.745-121.23-108.677-141.712Z\"\/>\n\t\t\t\t\t\t\t\t\t<\/svg>\n\t\t\t\t\t\t\t\t<\/div>\n\t\t\t\t\t\t\t<\/div>\n\t\t\t\t\t\t<\/div>\n\t\t\t\t\t<\/div>\n\t\t\t\t\t\t\t\t<div class=\"co-page_hero--text pcol-lg:7\">\n\t\t\t\t\t\t\t\t\t\t<h1 class=\"co-page_hero--title\">\n\t\t\t\t\t\tServicios de sobregiro\t\t\t\t\t<\/h1>\n\t\t\t\t\t<p class=\"co-page_hero--tagline\">Mantenga cobertura con la protecci\u00f3n contra sobregiros<\/p>\t\t\t\t\t\t<div class=\"co-page_hero--buttons\">\n\t\t\t\t\t\t\t<a class=\"co-page_hero--button\" href=\"https:\/\/www.pointwestcu.com\/es\/ayuda\/contactenos\/\" target=\"_blank\" >Cont\u00e1ctenos para comenzar<\/a>\t\t\t\t\t\t<\/div>\n\t\t\t\t\t\t\t\t\t\t<\/div>\n\t\t\t\t\t\t\t<\/div>\n\t\t<\/div>\n\t<\/header>\n<\/div><\/div>\n\n<div class=\"co-flex_row co-flex_row__white co-flex_row__next_row_diff co-flex_row__page-intro\" ><div class=\"co-flex_row--row co-row\">\t<div class=\"co-page_intro\">\n\t\t<div class=\"co-page_intro--desc text-component\"><p>Evite el estr\u00e9s de insuficiencia de fondos con nuestra L\u00ednea de cr\u00e9dito para sobregiros. Obtenga m\u00e1s informaci\u00f3n sobre nuestros servicios de sobregiro y c\u00f3mo estos pueden ayudarle a gestionar sus finanzas de una manera m\u00e1s eficaz.<\/p>\n<\/div>\t<\/div>\n<\/div><\/div>\n\n<div class=\"co-flex_row co-flex_row__gray co-flex_row__next_row_diff co-flex_row__columns\" ><div class=\"co-flex_row--row co-row\">\t<div class=\"co-columns\">\n\t\t\t\t<header class=\"co-intro_text has_intro\">\n\t\t\t<h2 class=\"co-intro_text--title\">Protegemos sus sobregiros de dos formas<\/h2><div class=\"co-intro_text--intro text-component\"><p>Los sobregiros se producen si no tiene suficiente dinero en su cuenta para cubrir una transacci\u00f3n, pero de todas formas se la pagamos. Los sobregiros se basan en el saldo disponible en su cuenta de cheques en el momento que se presenta un cheque o una partida. Su saldo disponible podr\u00eda ser m\u00e1s bajo que su saldo real debido a transacciones de tarjeta de d\u00e9bito autorizadas y los cheques que se retienen seg\u00fan nuestra pol\u00edtica de disponibilidad de fondos.<\/p>\n<\/div>\t\t<\/header>\n\t\t\t\t\t<div class=\"co-columns--row prow prow-md:2 prow-lg:2 co-columns--row__icons justify-center\">\n\t\t\t\t\t\t\t\t\t<div class=\"co-columns--box\">\n\t\t\t\t\t\t<div class=\"co-columns--box_icon_w\">\t<svg\n\t\tclass=\"co-columns--box_icon Number1\"\n\t\tviewbox=\"0 0 46 92\"\n\t\twidth=\"46\"\n\t\theight=\"92\"\n\t>\n\t\t<title>N\u00famero 1<\/title>\n\t\t<path fill=\"#00687F\" fill-rule=\"evenodd\" d=\"M16.09 18.71v66.91h24.5V0H0v18.71h16.09ZM18.79 92v-3.64H42.2V3.64H46V92H18.79ZM.92 22.96V19.3H15v3.65H.92Z\" clip-rule=\"evenodd\"\/>\t<\/svg>\n<\/div><h3 class=\"co-columns--box_headline\" >Sobregiro corriente<\/h3><div class=\"co-columns--box_desc text-component\"><p>Le cobraremos un recargo de hasta $30 cada vez que le paguemos un sobregiro (a las partidas de $5.00 o menos no se les aplicar\u00e1 el recargo). No hay l\u00edmite a la cantidad de recargos que le podemos cobrar por sobregirar su cuenta.<\/p>\n<\/div><div class=\"co-columns--box_button\"><\/div>\t\t\t\t\t<\/div>\n\t\t\t\t\t\t\t\t\t<div class=\"co-columns--box\">\n\t\t\t\t\t\t<div class=\"co-columns--box_icon_w\">\t<svg\n\t\tclass=\"co-columns--box_icon Number2\"\n\t\tviewbox=\"0 0 76 92\"\n\t\twidth=\"76\"\n\t\theight=\"92\"\n\t>\n\t\t<title>N\u00famero 2<\/title>\n\t\t<path fill=\"#00687F\" fill-rule=\"evenodd\" d=\"M39.66 43.67 10.04 71.33v.37L4.36 77v15H70.3V73.02H37.6l16-14.75c4.04-3.7 7.06-7.05 9.08-10.03a29.07 29.07 0 0 0 4.24-8.59A31.98 31.98 0 0 0 68 31.43c0-5.24-1.4-9.8-4.23-13.66-2.74-3.87-6.58-6.85-11.5-8.95-4.92-2.1-10.65-3.14-17.18-3.14-4.88 0-9.35.55-13.42 1.66 5.08-1.98 10.88-2.97 17.4-2.97 6.53 0 12.26 1.05 17.18 3.14 4.92 2.1 8.75 5.08 11.5 8.95 2.82 3.87 4.23 8.42 4.23 13.66 0 2.73-.36 5.46-1.08 8.2a24.18 24.18 0 0 0 1.7-4.35 31.98 31.98 0 0 0 1.1-8.22c0-5.24-1.42-9.8-4.25-13.66-2.74-3.87-6.57-6.85-11.5-8.95C53.06 1.04 47.33 0 40.79 0c-8.3 0-15.45 1.61-21.42 4.84a35.57 35.57 0 0 0-11.31 9.35A32.86 32.86 0 0 0 0 23.33l17.79 9.91a16.5 16.5 0 0 1 6.54-6.16 18.5 18.5 0 0 1 8.59-2.06c3.63 0 6.33.77 8.1 2.3 1.86 1.53 2.79 3.67 2.79 6.4 0 1.14-.2 2.39-.6 3.76a13.65 13.65 0 0 1-2.18 4.35c-.38.58-.84 1.2-1.37 1.84Zm6.67 23.67-4.74 4.37h32.7v14.61H76V67.34H46.33Z\" clip-rule=\"evenodd\"\/>\t<\/svg>\n<\/div><h3 class=\"co-columns--box_headline\" >Planes de protecci\u00f3n contra sobregiros<\/h3><div class=\"co-columns--box_desc text-component\"><p>Tambi\u00e9n ofrecemos planes de protecci\u00f3n contra sobregiros, los cuales podr\u00edan ser m\u00e1s asequibles que nuestras pr\u00e1cticas de sobregiro normales. Para m\u00e1s informaci\u00f3n, <a href=\"https:\/\/www.pointwestcu.com\/es\/ayuda\/contactenos\/\">preg\u00fantenos<\/a> sobre estos planes.<\/p>\n<ul>\n<li><strong>V\u00ednculo a una cuenta de ahorros<\/strong>: m\u00e1s asequible que pr\u00e1cticas normales.<\/li>\n<li><strong>L\u00ednea de cr\u00e9dito para sobregiros<\/strong>: proporciona fondos adicionales cuando sea necesario.<\/li>\n<\/ul>\n<\/div><div class=\"co-columns--box_button\"><\/div>\t\t\t\t\t<\/div>\n\t\t\t\t\t\t\t<\/div>\n\t\t\t\t<\/div>\n<\/div><\/div>\n\n<div class=\"co-flex_row co-flex_row__white co-flex_row__accordions\" ><div class=\"co-flex_row--row co-row\">\t<section class=\"co-accords_section\" aria-label=\"Pr\u00e1cticas de sobregiro normales\">\n\t\t\t\t<header class=\"co-intro_text has_intro\">\n\t\t\t<h2 class=\"co-intro_text--title\">Pr\u00e1cticas de sobregiro normales<\/h2><div class=\"co-intro_text--intro text-component\"><header class=\"co-intro_text has_intro\">\n<div class=\"co-intro_text--intro text-component\">\n<p>Pagamos los sobregiros a nuestra discreci\u00f3n y no garantizamos que autorizaremos y pagaremos alg\u00fan tipo de transacci\u00f3n. Si no autorizamos y pagamos un sobregiro, se rechazar\u00e1 su transacci\u00f3n.<\/p>\n<\/div>\n<\/header>\n<\/div>\t\t<\/header>\n\t\t\t\t<div class=\"co-accordion\" data-animation=\"on\" data-multi-items=\"on\">\n\t\t\t\t\t\t\t<div class=\"co-accordion--item\">\n\t\t\t\t\t<button\n\t\t\t\t\t\t\t\t\t\t\t\tclass=\"co-accordion--header\t\t\t\t\t\t\tjs-accord_toggle\t\t\t\t\t\t\tclosed\"\n\t\t\t\t\t>\n\t\t\t\t\t\tLo que s\u00ed protegemos y lo que no\t\t\t\t\t\t<svg class=\"co-accordion--icon no-js:is-hidden\" viewbox=\"0 0 20 20\"><g class=\"icon__group\" fill=\"none\" stroke=\"currentColor\" stroke-linecap=\"round\" stroke-linejoin=\"round\"><line x1=\"3\" y1=\"3\" x2=\"17\" y2=\"17\"><\/line><line x1=\"17\" y1=\"3\" x2=\"3\" y2=\"17\"><\/line><\/g><\/svg>\n\t\t\t\t\t<\/button>\n\t\t\t\t\t<div class=\"co-accordion--panel\t\t\t\t\t\tjs-accord_content\t\t\t\t\t\ttext-component\">\n\t\t\t\t\t\t<p><strong>Autorizamos y pagamos sobregiros en los siguientes casos:<\/strong><\/p>\n<ul>\n<li>Cheques y otras transacciones que usen su n\u00famero de cuenta de cheques.<\/li>\n<li>Pagos de factura autom\u00e1ticos.<\/li>\n<\/ul>\n<p><span class=\"bold\">No autorizamos ni pagamos sobregiros en los siguientes tipos de transacciones a menos que nos lo pida (ver a continuaci\u00f3n):<\/span><\/p>\n<ul>\n<li>Transacciones de cajero autom\u00e1tico<\/li>\n<li>Transacciones de tarjeta de d\u00e9bito ordinarias<\/li>\n<\/ul>\n\t\t\t\t\t<\/div>\n\t\t\t\t<\/div>\n\t\t\t\t\t\t\t<div class=\"co-accordion--item\">\n\t\t\t\t\t<button\n\t\t\t\t\t\t\t\t\t\t\t\tclass=\"co-accordion--header\t\t\t\t\t\t\tjs-accord_toggle\t\t\t\t\t\t\tclosed\"\n\t\t\t\t\t>\n\t\t\t\t\t\tRecargos por sobregiro\t\t\t\t\t\t<svg class=\"co-accordion--icon no-js:is-hidden\" viewbox=\"0 0 20 20\"><g class=\"icon__group\" fill=\"none\" stroke=\"currentColor\" stroke-linecap=\"round\" stroke-linejoin=\"round\"><line x1=\"3\" y1=\"3\" x2=\"17\" y2=\"17\"><\/line><line x1=\"17\" y1=\"3\" x2=\"3\" y2=\"17\"><\/line><\/g><\/svg>\n\t\t\t\t\t<\/button>\n\t\t\t\t\t<div class=\"co-accordion--panel\t\t\t\t\t\tjs-accord_content\t\t\t\t\t\ttext-component\">\n\t\t\t\t\t\t<ul>\n<li><strong>Recargo<\/strong>: hasta $30 cada vez que paguemos un sobregiro (no se aplica el recargo en partidas de $5.00 o menos)<\/li>\n<li><strong>Sin l\u00edmite<\/strong>: no hay l\u00edmite a la cantidad de recargos que le podemos cobrar por sobregirar su cuenta.<\/li>\n<\/ul>\n\t\t\t\t\t<\/div>\n\t\t\t\t<\/div>\n\t\t\t\t\t\t\t<div class=\"co-accordion--item\">\n\t\t\t\t\t<button\n\t\t\t\t\t\t\t\t\t\t\t\tclass=\"co-accordion--header\t\t\t\t\t\t\tjs-accord_toggle\t\t\t\t\t\t\tclosed\"\n\t\t\t\t\t>\n\t\t\t\t\t\t\u00bfQuiere que le protejamos las transacciones de cajero autom\u00e1tico y tarjeta de d\u00e9bito ordinarias?\t\t\t\t\t\t<svg class=\"co-accordion--icon no-js:is-hidden\" viewbox=\"0 0 20 20\"><g class=\"icon__group\" fill=\"none\" stroke=\"currentColor\" stroke-linecap=\"round\" stroke-linejoin=\"round\"><line x1=\"3\" y1=\"3\" x2=\"17\" y2=\"17\"><\/line><line x1=\"17\" y1=\"3\" x2=\"3\" y2=\"17\"><\/line><\/g><\/svg>\n\t\t\t\t\t<\/button>\n\t\t\t\t\t<div class=\"co-accordion--panel\t\t\t\t\t\tjs-accord_content\t\t\t\t\t\ttext-component\">\n\t\t\t\t\t\t<p>Complete <a href=\"https:\/\/www.pointwestcu.com\/files\/2024\/03\/Reg-E-Opt-In-Disclosure-Form.pdf\">este formulario<\/a> y env\u00edelo a:<\/p>\n<ul>\n<li><strong>De forma presencial<\/strong>: visite nuestra sucursal de Lloyd en <a href=\"https:\/\/g.co\/kgs\/eNW7cNq\">1107 NE 9th Ave #301, Portland, OR 97232<\/a>.<\/li>\n<li><strong>Por correo<\/strong>:Point West Credit Union, Apartado Postal 11999, Portland, OR 97211.<\/li>\n<li><strong>Correo electr\u00f3nico<\/strong>: <a rel=\"noreferrer\">contact@pointwestcu.com<\/a><\/li>\n<li><strong>Fax<\/strong>: (503) 546-5010<\/li>\n<\/ul>\n\t\t\t\t\t<\/div>\n\t\t\t\t<\/div>\n\t\t\t\t\t\t\t<div class=\"co-accordion--item\">\n\t\t\t\t\t<button\n\t\t\t\t\t\t\t\t\t\t\t\tclass=\"co-accordion--header\t\t\t\t\t\t\tjs-accord_toggle\t\t\t\t\t\t\tclosed\"\n\t\t\t\t\t>\n\t\t\t\t\t\tC\u00f3mo cancelar la cobertura contra sobregiros\t\t\t\t\t\t<svg class=\"co-accordion--icon no-js:is-hidden\" viewbox=\"0 0 20 20\"><g class=\"icon__group\" fill=\"none\" stroke=\"currentColor\" stroke-linecap=\"round\" stroke-linejoin=\"round\"><line x1=\"3\" y1=\"3\" x2=\"17\" y2=\"17\"><\/line><line x1=\"17\" y1=\"3\" x2=\"3\" y2=\"17\"><\/line><\/g><\/svg>\n\t\t\t\t\t<\/button>\n\t\t\t\t\t<div class=\"co-accordion--panel\t\t\t\t\t\tjs-accord_content\t\t\t\t\t\ttext-component\">\n\t\t\t\t\t\t<p><strong>\u00bfQuiere cancelar la cobertura contra sobregiros, incluidas las transacciones de cajero autom\u00e1tico y tarjeta de d\u00e9bito ordinarias?<\/strong> Puede cancelarla en cualquier momento. Detalles y condiciones completos de la cooperativa de cr\u00e9dito en <a href=\"https:\/\/www.pointwestcu.com\/files\/2024\/03\/pwcu_odp-courtesy_pay_disclosure_2023-01-2.pdf\">Divulgaci\u00f3n de pagos de cortes\u00eda.<\/a>.<\/p>\n\t\t\t\t\t<\/div>\n\t\t\t\t<\/div>\n\t\t\t\t\t<\/div>\n\t\t\t<\/section>\n<\/div><\/div>\n\n<div class=\"co-flex_row co-flex_row__white co-flex_row__single-path-cta\" ><div class=\"co-flex_row--row co-row\">\t<div class=\"co-sp_cta\">\n\t\t<div class=\"co-sp_cta--inner\">\n\t\t\t\t\t<header class=\"co-intro_text has_intro\">\n\t\t\t<h2 class=\"co-intro_text--title\">\u00bfNecesita m\u00e1s informaci\u00f3n?<\/h2><div class=\"co-intro_text--intro text-component\"><p>Contacte a nuestro equipo hoy para obtener m\u00e1s informaci\u00f3n sobre nuestros servicios de sobregiro.<\/p>\n<\/div>\t\t<\/header>\n\t\t<a class=\"co-sp_cta--button\" href=\"https:\/\/www.pointwestcu.com\/es\/ayuda\/contactenos\/\" target=\"_blank\" >\u00a1Cont\u00e1ctenos<\/a>\t\t<\/div>\n\t<\/div>\n<\/div><\/div>\n\n<div class=\"co-flex_row co-flex_row__last co-flex_row__back-to-top\" ><div class=\"co-flex_row--row co-row\"><div class=\"co-back_top\">\t\n  <a class=\"co-back_top--link\" href=\"#\" aria-label=\"\">\n\tVolver arriba\t<svg class=\"co-back_top--link_icon\" aria-label=\"Volver arriba\" width=\"18\" height=\"27\" viewbox=\"0 0 18 27\" fill=\"none\" xmlns=\"http:\/\/www.w3.org\/2000\/svg\">\n\t\t<path fill-rule=\"evenodd\" clip-rule=\"evenodd\" d=\"M0.357965 8.16977L8.1358 0.359459C8.61308 -0.119821 9.38692 -0.119821 9.8642 0.359459L17.642 8.16977C18.1193 8.64905 18.1193 9.42612 17.642 9.9054C17.1647 10.3847 16.3909 10.3847 15.9136 9.9054L10.2222 4.19017L10.2222 25.7727C10.2222 26.4505 9.67498 27 9 27C8.32502 27 7.77783 26.4505 7.77783 25.7727L7.77783 4.19017L2.08637 9.9054C1.60909 10.3847 0.835252 10.3847 0.357965 9.9054C-0.119321 9.42612 -0.119321 8.64905 0.357965 8.16977Z\" fill=\"#FAAA64\"\/>\n\t<\/svg>\n  <\/a>\n<\/div>\n<\/div><\/div>","protected":false},"excerpt":{"rendered":"","protected":false},"author":1,"featured_media":0,"parent":2598,"menu_order":0,"comment_status":"closed","ping_status":"closed","template":"","meta":{"_acf_changed":true,"_searchwp_excluded":"","footnotes":""},"class_list":["post-2599","page","type-page","status-publish","hentry"],"acf":[],"yoast_head":"<!-- This site is optimized with the Yoast SEO plugin v27.4 - https:\/\/yoast.com\/product\/yoast-seo-wordpress\/ -->\n<title>Overdraft Services - Point West Credit Union<\/title>\n<meta name=\"robots\" content=\"index, follow, max-snippet:-1, max-image-preview:large, max-video-preview:-1\" \/>\n<link rel=\"canonical\" href=\"https:\/\/www.pointwestcu.com\/es\/personal\/cuentas-corrientes\/servicios-de-sobregiro\/\" \/>\n<meta property=\"og:locale\" content=\"es_ES\" \/>\n<meta property=\"og:type\" content=\"article\" \/>\n<meta property=\"og:title\" content=\"Overdraft Services - Point West Credit Union\" \/>\n<meta property=\"og:url\" content=\"https:\/\/www.pointwestcu.com\/es\/personal\/cuentas-corrientes\/servicios-de-sobregiro\/\" \/>\n<meta property=\"og:site_name\" content=\"Point West Credit Union\" \/>\n<meta property=\"article:modified_time\" content=\"2024-12-04T18:47:19+00:00\" \/>\n<meta name=\"twitter:card\" content=\"summary_large_image\" \/>\n<meta name=\"twitter:label1\" content=\"Est. reading time\" \/>\n\t<meta name=\"twitter:data1\" content=\"3 minutos\" \/>\n<script type=\"application\/ld+json\" class=\"yoast-schema-graph\">{\"@context\":\"https:\\\/\\\/schema.org\",\"@graph\":[{\"@type\":\"WebPage\",\"@id\":\"https:\\\/\\\/www.pointwestcu.com\\\/personal\\\/checking-accounts\\\/overdraft-services\\\/\",\"url\":\"https:\\\/\\\/www.pointwestcu.com\\\/personal\\\/checking-accounts\\\/overdraft-services\\\/\",\"name\":\"Overdraft Services - Point West Credit Union\",\"isPartOf\":{\"@id\":\"https:\\\/\\\/www.pointwestcu.com\\\/#website\"},\"datePublished\":\"2024-05-03T19:13:45+00:00\",\"dateModified\":\"2024-12-04T18:47:19+00:00\",\"breadcrumb\":{\"@id\":\"https:\\\/\\\/www.pointwestcu.com\\\/personal\\\/checking-accounts\\\/overdraft-services\\\/#breadcrumb\"},\"inLanguage\":\"es-ES\",\"potentialAction\":[{\"@type\":\"ReadAction\",\"target\":[\"https:\\\/\\\/www.pointwestcu.com\\\/personal\\\/checking-accounts\\\/overdraft-services\\\/\"]}]},{\"@type\":\"BreadcrumbList\",\"@id\":\"https:\\\/\\\/www.pointwestcu.com\\\/personal\\\/checking-accounts\\\/overdraft-services\\\/#breadcrumb\",\"itemListElement\":[{\"@type\":\"ListItem\",\"position\":1,\"name\":\"Home\",\"item\":\"https:\\\/\\\/www.pointwestcu.com\\\/\"},{\"@type\":\"ListItem\",\"position\":2,\"name\":\"Personal\",\"item\":\"https:\\\/\\\/www.pointwestcu.com\\\/personal\\\/\"},{\"@type\":\"ListItem\",\"position\":3,\"name\":\"Checking Accounts\",\"item\":\"https:\\\/\\\/www.pointwestcu.com\\\/personal\\\/checking-accounts\\\/\"},{\"@type\":\"ListItem\",\"position\":4,\"name\":\"Overdraft Services\"}]},{\"@type\":\"WebSite\",\"@id\":\"https:\\\/\\\/www.pointwestcu.com\\\/#website\",\"url\":\"https:\\\/\\\/www.pointwestcu.com\\\/\",\"name\":\"Point West Credit Union\",\"description\":\"People Helping People\",\"potentialAction\":[{\"@type\":\"SearchAction\",\"target\":{\"@type\":\"EntryPoint\",\"urlTemplate\":\"https:\\\/\\\/www.pointwestcu.com\\\/?s={search_term_string}\"},\"query-input\":{\"@type\":\"PropertyValueSpecification\",\"valueRequired\":true,\"valueName\":\"search_term_string\"}}],\"inLanguage\":\"es-ES\"}]}<\/script>\n<!-- \/ Yoast SEO plugin. -->","yoast_head_json":{"title":"Servicios de sobregiro - Point West Credit Union","robots":{"index":"index","follow":"follow","max-snippet":"max-snippet:-1","max-image-preview":"max-image-preview:large","max-video-preview":"max-video-preview:-1"},"canonical":"https:\/\/www.pointwestcu.com\/es\/personal\/cuentas-corrientes\/servicios-de-sobregiro\/","og_locale":"es_ES","og_type":"article","og_title":"Overdraft Services - Point West Credit Union","og_url":"https:\/\/www.pointwestcu.com\/es\/personal\/cuentas-corrientes\/servicios-de-sobregiro\/","og_site_name":"Point West Credit Union","article_modified_time":"2024-12-04T18:47:19+00:00","twitter_card":"summary_large_image","twitter_misc":{"Est. reading time":"3 minutos"},"schema":{"@context":"https:\/\/schema.org","@graph":[{"@type":"WebPage","@id":"https:\/\/www.pointwestcu.com\/personal\/checking-accounts\/overdraft-services\/","url":"https:\/\/www.pointwestcu.com\/personal\/checking-accounts\/overdraft-services\/","name":"Servicios de sobregiro - Point West Credit Union","isPartOf":{"@id":"https:\/\/www.pointwestcu.com\/#website"},"datePublished":"2024-05-03T19:13:45+00:00","dateModified":"2024-12-04T18:47:19+00:00","breadcrumb":{"@id":"https:\/\/www.pointwestcu.com\/personal\/checking-accounts\/overdraft-services\/#breadcrumb"},"inLanguage":"es-ES","potentialAction":[{"@type":"ReadAction","target":["https:\/\/www.pointwestcu.com\/personal\/checking-accounts\/overdraft-services\/"]}]},{"@type":"BreadcrumbList","@id":"https:\/\/www.pointwestcu.com\/personal\/checking-accounts\/overdraft-services\/#breadcrumb","itemListElement":[{"@type":"ListItem","position":1,"name":"Home","item":"https:\/\/www.pointwestcu.com\/"},{"@type":"ListItem","position":2,"name":"Personal","item":"https:\/\/www.pointwestcu.com\/personal\/"},{"@type":"ListItem","position":3,"name":"Checking Accounts","item":"https:\/\/www.pointwestcu.com\/personal\/checking-accounts\/"},{"@type":"ListItem","position":4,"name":"Overdraft Services"}]},{"@type":"WebSite","@id":"https:\/\/www.pointwestcu.com\/#website","url":"https:\/\/www.pointwestcu.com\/","name":"Point West Credit Union","description":"Gente Ayudando a Gente","potentialAction":[{"@type":"SearchAction","target":{"@type":"EntryPoint","urlTemplate":"https:\/\/www.pointwestcu.com\/?s={search_term_string}"},"query-input":{"@type":"PropertyValueSpecification","valueRequired":true,"valueName":"search_term_string"}}],"inLanguage":"es-ES"}]}},"_links":{"self":[{"href":"https:\/\/www.pointwestcu.com\/es\/wp-json\/wp\/v2\/pages\/2599","targetHints":{"allow":["GET"]}}],"collection":[{"href":"https:\/\/www.pointwestcu.com\/es\/wp-json\/wp\/v2\/pages"}],"about":[{"href":"https:\/\/www.pointwestcu.com\/es\/wp-json\/wp\/v2\/types\/page"}],"author":[{"embeddable":true,"href":"https:\/\/www.pointwestcu.com\/es\/wp-json\/wp\/v2\/users\/1"}],"replies":[{"embeddable":true,"href":"https:\/\/www.pointwestcu.com\/es\/wp-json\/wp\/v2\/comments?post=2599"}],"version-history":[{"count":0,"href":"https:\/\/www.pointwestcu.com\/es\/wp-json\/wp\/v2\/pages\/2599\/revisions"}],"up":[{"embeddable":true,"href":"https:\/\/www.pointwestcu.com\/es\/wp-json\/wp\/v2\/pages\/2598"}],"wp:attachment":[{"href":"https:\/\/www.pointwestcu.com\/es\/wp-json\/wp\/v2\/media?parent=2599"}],"curies":[{"name":"gracias","href":"https:\/\/api.w.org\/{rel}","templated":true}]}}