{"id":14212,"date":"2025-04-10T10:51:41","date_gmt":"2025-04-10T17:51:41","guid":{"rendered":"https:\/\/www.pointwestcu.com\/?page_id=14212"},"modified":"2026-05-04T08:15:06","modified_gmt":"2026-05-04T15:15:06","slug":"reunion-anual-de-negocios-de-miembros","status":"publish","type":"page","link":"https:\/\/www.pointwestcu.com\/es\/reunion-anual-de-negocios-de-miembros\/","title":{"rendered":"Reuni\u00f3n Anual de Negocios de Miembros"},"content":{"rendered":"<div class=\"co-flex_row co-flex_row__page-hero\" ><div class=\"co-flex_row--row co-row\">\t<header class=\"co-page_hero  co-page_hero__calypso co-page_hero__no_image\" aria-label=\"Encabezado: Reuni\u00f3n Anual de Negocios de Miembros\">\n\t\t<div class=\"co-page_hero--inner\">\n\t\t\t<div class=\"prow items-center gap:5\">\n\t\t\t\t\t\t\t\t<div class=\"co-page_hero--text pcol-lg:7\">\n\t\t\t\t\t\t\t\t\t\t<h1 class=\"co-page_hero--title\">\n\t\t\t\t\t\tReuni\u00f3n Anual de Negocios de Miembros\t\t\t\t\t<\/h1>\n\t\t\t\t\t<p class=\"co-page_hero--tagline\">\u00danase a nosotros virtualmente el 6 de mayo de 2026 a las 15:30 (hora del Pac\u00edfico). <\/p>\t\t\t\t\t\t<div class=\"co-page_hero--buttons\">\n\t\t\t\t\t\t\t<a class=\"co-page_hero--button\" href=\"https:\/\/www.pointwestcu.com\/es\/speed-bump\/?url=https%3A%2F%2Fus9.list-manage.com%2Fsurvey%3Fu%3D630fdc3afe486af52774f5a27%26id%3D33e032efca%26attribution%3Dfalse&#038;prev=https%3A%2F%2Fwww.pointwestcu.com%2Fes%2Freunion-anual-de-negocios-de-miembros%2F\" target=\"_blank\" >Confirmar asistencia<\/a>\t\t\t\t\t\t<\/div>\n\t\t\t\t\t\t\t\t\t\t<\/div>\n\t\t\t\t\t\t\t<\/div>\n\t\t<\/div>\n\t<\/header>\n<\/div><\/div>\n\n<div class=\"co-flex_row co-flex_row__gray co-flex_row__next_row_diff co-flex_row__with-hr co-flex_row__columns\" ><div class=\"co-flex_row--row co-row\">\t<div class=\"co-columns\">\n\t\t\t\t<header class=\"co-intro_text\">\n\t\t\t<h2 class=\"co-intro_text--title\">Documentos de la reuni\u00f3n anual<\/h2>\t\t<\/header>\n\t\t\t\t\t<div class=\"co-columns--row prow prow-md:2 prow-lg:3 justify-center\">\n\t\t\t\t\t\t\t\t\t<div class=\"co-columns--box\">\n\t\t\t\t\t\t<h3 class=\"co-columns--box_headline\" >Informe anual<\/h3><div class=\"co-columns--box_button\"><a class=\"co-columns--button co-button\" href=\"https:\/\/www.pointwestcu.com\/files\/2024\/03\/2026-05_Annual-Report_FINAL.pdf\" target=\"_blank\" >Lea el informe anual<\/a><\/div>\t\t\t\t\t<\/div>\n\t\t\t\t\t\t\t\t\t<div class=\"co-columns--box\">\n\t\t\t\t\t\t<h3 class=\"co-columns--box_headline\" >Informe de impacto comunitario<\/h3><div class=\"co-columns--box_button\"><a class=\"co-columns--button co-button\" href=\"https:\/\/www.pointwestcu.com\/files\/2024\/03\/Community-Impact-Report-2025-EN.pdf\" target=\"_blank\" >Lea el Informe de Impacto Comunitario<\/a><\/div>\t\t\t\t\t<\/div>\n\t\t\t\t\t\t\t\t\t<div class=\"co-columns--box\">\n\t\t\t\t\t\t<h3 class=\"co-columns--box_headline\" >Acta de la Reuni\u00f3n Anual de 2025<\/h3><div class=\"co-columns--box_button\"><a class=\"co-columns--button co-button\" href=\"https:\/\/www.pointwestcu.com\/files\/2024\/03\/2025-Annual-Meeting-Minutes.pdf\" target=\"_blank\" >Lea las actas.<\/a><\/div>\t\t\t\t\t<\/div>\n\t\t\t\t\t\t\t<\/div>\n\t\t\t\t<\/div>\n<\/div><\/div>\n\n<div class=\"co-flex_row co-flex_row__white co-flex_row__last co-flex_row__two-column-bio\" ><div class=\"co-flex_row--row co-row\">\t<div class=\"co-two_col_bios\">\n\t\t\t\t<header class=\"co-intro_text has_intro\">\n\t\t\t<h2 class=\"co-intro_text--title\">Conozca a los candidatos nominados a la Junta Directiva<\/h2><div class=\"co-intro_text--intro text-component\"><p>Este a\u00f1o, contamos con cuatro candidatos altamente cualificados, que han sido evaluados por nuestro Comit\u00e9 de Nominaciones de la Junta Directiva, para los puestos vacantes en la misma.<\/p>\n<\/div>\t\t<\/header>\n\t\t\t\t\t<div class=\"co-two_col_bios--list prow center-narrow\">\n\t\t\t\t\t\t\t\t\t<div\n\t\t\t\t\t\tclass=\"co-two_col_bio pcol-md:6 pcol-lg:4 js-bioAccordion closed\"\n\t\t\t\t\t\tdata-moreinfo=\"\"\n\t\t\t\t\t>\n\t\t\t\t\t\t<div class=\"co-two_col_bio--top\">\n\t\t\t\t\t\t\t<div class=\"co-two_col_bio--headshot_wrap\">\n\t\t\t\t\t\t\t\t<div class=\"co-two_col_bio--headshot_wrap__true\">\n\t\t\t\t\t\t\t\t\t<img loading=\"lazy\" decoding=\"async\" width=\"230\" height=\"230\" src=\"https:\/\/www.pointwestcu.com\/files\/2024\/03\/4-5.jpg\" class=\"co-two_col_bio--headshot\" alt=\"retrato de oscar\" srcset=\"https:\/\/www.pointwestcu.com\/files\/2024\/03\/4-5.jpg 230w, https:\/\/www.pointwestcu.com\/files\/2024\/03\/4-5-150x150.jpg 150w, https:\/\/www.pointwestcu.com\/files\/2024\/03\/4-5-12x12.jpg 12w\" sizes=\"auto, (max-width: 230px) 100vw, 230px\" \/>\t\t\t\t\t\t\t\t<\/div>\n\t\t\t\t\t\t\t<\/div>\n\t\t\t\t\t\t\t<h3 class=\"co-two_col_bio--name\">Oscar Porras<\/h3>\t\t\t\t\t\t\t<div class=\"co-two_col_bio--title\">\n\t\t\t\t\t\t\t\tRe-Running | Mandato de 3 a\u00f1os\t\t\t\t\t\t\t<\/div>\n\t\t\t\t\t\t\t<div class=\"co-two_col_bio--add_info\">\n\t\t\t\t\t\t\t\t\t\t\t\t\t\t\t<\/div>\n\t\t\t\t\t\t\t<a class=\"co-two_col_bio--button\" href=\"https:\/\/www.pointwestcu.com\/files\/2024\/03\/Board-of-Directors-Bios-1.pdf\" target=\"_blank\" >Leer biograf\u00eda<\/a>\t\t\t\t\t\t<\/div>\n\t\t\t\t\t<\/div>\n\t\t\t\t\t\t\t\t\t<div\n\t\t\t\t\t\tclass=\"co-two_col_bio pcol-md:6 pcol-lg:4 js-bioAccordion closed\"\n\t\t\t\t\t\tdata-moreinfo=\"\"\n\t\t\t\t\t>\n\t\t\t\t\t\t<div class=\"co-two_col_bio--top\">\n\t\t\t\t\t\t\t<div class=\"co-two_col_bio--headshot_wrap\">\n\t\t\t\t\t\t\t\t<div class=\"co-two_col_bio--headshot_wrap__true\">\n\t\t\t\t\t\t\t\t\t<img loading=\"lazy\" decoding=\"async\" width=\"230\" height=\"230\" src=\"https:\/\/www.pointwestcu.com\/files\/2024\/03\/1-4.jpg\" class=\"co-two_col_bio--headshot\" alt=\"retrato de kristy\" srcset=\"https:\/\/www.pointwestcu.com\/files\/2024\/03\/1-4.jpg 230w, https:\/\/www.pointwestcu.com\/files\/2024\/03\/1-4-150x150.jpg 150w, https:\/\/www.pointwestcu.com\/files\/2024\/03\/1-4-12x12.jpg 12w\" sizes=\"auto, (max-width: 230px) 100vw, 230px\" \/>\t\t\t\t\t\t\t\t<\/div>\n\t\t\t\t\t\t\t<\/div>\n\t\t\t\t\t\t\t<h3 class=\"co-two_col_bio--name\">Kristy Mayer-Mej\u00eda<\/h3>\t\t\t\t\t\t\t<div class=\"co-two_col_bio--title\">\n\t\t\t\t\t\t\t\tRe-Running | Mandato de 3 a\u00f1os\t\t\t\t\t\t\t<\/div>\n\t\t\t\t\t\t\t<div class=\"co-two_col_bio--add_info\">\n\t\t\t\t\t\t\t\t\t\t\t\t\t\t\t<\/div>\n\t\t\t\t\t\t\t<a class=\"co-two_col_bio--button\" href=\"https:\/\/www.pointwestcu.com\/files\/2024\/03\/Board-of-Directors-Bios-1.pdf\" target=\"_blank\" >Leer biograf\u00eda<\/a>\t\t\t\t\t\t<\/div>\n\t\t\t\t\t<\/div>\n\t\t\t\t\t\t\t\t\t<div\n\t\t\t\t\t\tclass=\"co-two_col_bio pcol-md:6 pcol-lg:4 js-bioAccordion closed\"\n\t\t\t\t\t\tdata-moreinfo=\"\"\n\t\t\t\t\t>\n\t\t\t\t\t\t<div class=\"co-two_col_bio--top\">\n\t\t\t\t\t\t\t<div class=\"co-two_col_bio--headshot_wrap\">\n\t\t\t\t\t\t\t\t<div class=\"co-two_col_bio--headshot_wrap__true\">\n\t\t\t\t\t\t\t\t\t<img loading=\"lazy\" decoding=\"async\" width=\"230\" height=\"230\" src=\"https:\/\/www.pointwestcu.com\/files\/2024\/03\/2-6.jpg\" class=\"co-two_col_bio--headshot\" alt=\"Vito en foto de cabeza\" srcset=\"https:\/\/www.pointwestcu.com\/files\/2024\/03\/2-6.jpg 230w, https:\/\/www.pointwestcu.com\/files\/2024\/03\/2-6-150x150.jpg 150w, https:\/\/www.pointwestcu.com\/files\/2024\/03\/2-6-12x12.jpg 12w\" sizes=\"auto, (max-width: 230px) 100vw, 230px\" \/>\t\t\t\t\t\t\t\t<\/div>\n\t\t\t\t\t\t\t<\/div>\n\t\t\t\t\t\t\t<h3 class=\"co-two_col_bio--name\">Vito Cortese<\/h3>\t\t\t\t\t\t\t<div class=\"co-two_col_bio--title\">\n\t\t\t\t\t\t\t\tRepetici\u00f3n | Duraci\u00f3n de 3 a\u00f1os\t\t\t\t\t\t\t<\/div>\n\t\t\t\t\t\t\t<div class=\"co-two_col_bio--add_info\">\n\t\t\t\t\t\t\t\t\t\t\t\t\t\t\t<\/div>\n\t\t\t\t\t\t\t<a class=\"co-two_col_bio--button\" href=\"https:\/\/www.pointwestcu.com\/files\/2024\/03\/Board-of-Directors-Bios-1.pdf\" target=\"_blank\" >Leer biograf\u00eda<\/a>\t\t\t\t\t\t<\/div>\n\t\t\t\t\t<\/div>\n\t\t\t\t\t\t\t\t\t<div\n\t\t\t\t\t\tclass=\"co-two_col_bio pcol-md:6 pcol-lg:4 js-bioAccordion closed\"\n\t\t\t\t\t\tdata-moreinfo=\"\"\n\t\t\t\t\t>\n\t\t\t\t\t\t<div class=\"co-two_col_bio--top\">\n\t\t\t\t\t\t\t<div class=\"co-two_col_bio--headshot_wrap\">\n\t\t\t\t\t\t\t\t<div class=\"co-two_col_bio--headshot_wrap__true\">\n\t\t\t\t\t\t\t\t\t<img loading=\"lazy\" decoding=\"async\" width=\"230\" height=\"230\" src=\"https:\/\/www.pointwestcu.com\/files\/2024\/03\/3-6.jpg\" class=\"co-two_col_bio--headshot\" alt=\"disparo a la cabeza en la furgoneta\" srcset=\"https:\/\/www.pointwestcu.com\/files\/2024\/03\/3-6.jpg 230w, https:\/\/www.pointwestcu.com\/files\/2024\/03\/3-6-150x150.jpg 150w, https:\/\/www.pointwestcu.com\/files\/2024\/03\/3-6-12x12.jpg 12w\" sizes=\"auto, (max-width: 230px) 100vw, 230px\" \/>\t\t\t\t\t\t\t\t<\/div>\n\t\t\t\t\t\t\t<\/div>\n\t\t\t\t\t\t\t<h3 class=\"co-two_col_bio--name\">Van Do<\/h3>\t\t\t\t\t\t\t<div class=\"co-two_col_bio--title\">\n\t\t\t\t\t\t\t\tNuevo voluntario | Vacante disponible | Duraci\u00f3n de 2 a\u00f1os\t\t\t\t\t\t\t<\/div>\n\t\t\t\t\t\t\t<div class=\"co-two_col_bio--add_info\">\n\t\t\t\t\t\t\t\t\t\t\t\t\t\t\t<\/div>\n\t\t\t\t\t\t\t<a class=\"co-two_col_bio--button\" href=\"https:\/\/www.pointwestcu.com\/files\/2024\/03\/Board-of-Directors-Bios-1.pdf\" target=\"_blank\" >Leer biograf\u00eda<\/a>\t\t\t\t\t\t<\/div>\n\t\t\t\t\t<\/div>\n\t\t\t\t\t\t\t<\/div>\n\t\t\t<\/div>\n<\/div><\/div>","protected":false},"excerpt":{"rendered":"","protected":false},"author":3,"featured_media":0,"parent":0,"menu_order":0,"comment_status":"closed","ping_status":"closed","template":"","meta":{"_acf_changed":false,"_searchwp_excluded":"","footnotes":""},"class_list":["post-14212","page","type-page","status-publish","hentry"],"acf":[],"yoast_head":"<!-- This site is optimized with the Yoast SEO plugin v27.5 - https:\/\/yoast.com\/product\/yoast-seo-wordpress\/ -->\n<title>Annual Member Business Meeting - Point West Credit Union<\/title>\n<meta name=\"robots\" content=\"index, follow, max-snippet:-1, max-image-preview:large, max-video-preview:-1\" \/>\n<link rel=\"canonical\" href=\"https:\/\/www.pointwestcu.com\/es\/reunion-anual-de-negocios-de-miembros\/\" \/>\n<meta property=\"og:locale\" content=\"es_ES\" \/>\n<meta property=\"og:type\" content=\"article\" \/>\n<meta property=\"og:title\" content=\"Annual Member Business Meeting - Point West Credit Union\" \/>\n<meta property=\"og:url\" content=\"https:\/\/www.pointwestcu.com\/es\/reunion-anual-de-negocios-de-miembros\/\" \/>\n<meta property=\"og:site_name\" content=\"Point West Credit Union\" \/>\n<meta property=\"article:modified_time\" content=\"2026-05-04T15:15:06+00:00\" \/>\n<meta name=\"twitter:card\" content=\"summary_large_image\" \/>\n<meta name=\"twitter:label1\" content=\"Est. reading time\" \/>\n\t<meta name=\"twitter:data1\" content=\"2 minutos\" \/>\n<script type=\"application\/ld+json\" class=\"yoast-schema-graph\">{\"@context\":\"https:\\\/\\\/schema.org\",\"@graph\":[{\"@type\":\"WebPage\",\"@id\":\"https:\\\/\\\/www.pointwestcu.com\\\/annual-member-business-meeting\\\/\",\"url\":\"https:\\\/\\\/www.pointwestcu.com\\\/annual-member-business-meeting\\\/\",\"name\":\"Annual Member Business Meeting - Point West Credit Union\",\"isPartOf\":{\"@id\":\"https:\\\/\\\/www.pointwestcu.com\\\/#website\"},\"datePublished\":\"2025-04-10T17:51:41+00:00\",\"dateModified\":\"2026-05-04T15:15:06+00:00\",\"breadcrumb\":{\"@id\":\"https:\\\/\\\/www.pointwestcu.com\\\/annual-member-business-meeting\\\/#breadcrumb\"},\"inLanguage\":\"es-ES\",\"potentialAction\":[{\"@type\":\"ReadAction\",\"target\":[\"https:\\\/\\\/www.pointwestcu.com\\\/annual-member-business-meeting\\\/\"]}]},{\"@type\":\"BreadcrumbList\",\"@id\":\"https:\\\/\\\/www.pointwestcu.com\\\/annual-member-business-meeting\\\/#breadcrumb\",\"itemListElement\":[{\"@type\":\"ListItem\",\"position\":1,\"name\":\"Home\",\"item\":\"https:\\\/\\\/www.pointwestcu.com\\\/\"},{\"@type\":\"ListItem\",\"position\":2,\"name\":\"Annual Member Business Meeting\"}]},{\"@type\":\"WebSite\",\"@id\":\"https:\\\/\\\/www.pointwestcu.com\\\/#website\",\"url\":\"https:\\\/\\\/www.pointwestcu.com\\\/\",\"name\":\"Point West Credit Union\",\"description\":\"People Helping People\",\"potentialAction\":[{\"@type\":\"SearchAction\",\"target\":{\"@type\":\"EntryPoint\",\"urlTemplate\":\"https:\\\/\\\/www.pointwestcu.com\\\/?s={search_term_string}\"},\"query-input\":{\"@type\":\"PropertyValueSpecification\",\"valueRequired\":true,\"valueName\":\"search_term_string\"}}],\"inLanguage\":\"es-ES\"}]}<\/script>\n<!-- \/ Yoast SEO plugin. -->","yoast_head_json":{"title":"Reuni\u00f3n Anual de Socios - Point West Credit Union","robots":{"index":"index","follow":"follow","max-snippet":"max-snippet:-1","max-image-preview":"max-image-preview:large","max-video-preview":"max-video-preview:-1"},"canonical":"https:\/\/www.pointwestcu.com\/es\/reunion-anual-de-negocios-de-miembros\/","og_locale":"es_ES","og_type":"article","og_title":"Annual Member Business Meeting - Point West Credit Union","og_url":"https:\/\/www.pointwestcu.com\/es\/reunion-anual-de-negocios-de-miembros\/","og_site_name":"Point West Credit Union","article_modified_time":"2026-05-04T15:15:06+00:00","twitter_card":"summary_large_image","twitter_misc":{"Est. reading time":"2 minutos"},"schema":{"@context":"https:\/\/schema.org","@graph":[{"@type":"WebPage","@id":"https:\/\/www.pointwestcu.com\/annual-member-business-meeting\/","url":"https:\/\/www.pointwestcu.com\/annual-member-business-meeting\/","name":"Reuni\u00f3n Anual de Socios - Point West Credit Union","isPartOf":{"@id":"https:\/\/www.pointwestcu.com\/#website"},"datePublished":"2025-04-10T17:51:41+00:00","dateModified":"2026-05-04T15:15:06+00:00","breadcrumb":{"@id":"https:\/\/www.pointwestcu.com\/annual-member-business-meeting\/#breadcrumb"},"inLanguage":"es-ES","potentialAction":[{"@type":"ReadAction","target":["https:\/\/www.pointwestcu.com\/annual-member-business-meeting\/"]}]},{"@type":"BreadcrumbList","@id":"https:\/\/www.pointwestcu.com\/annual-member-business-meeting\/#breadcrumb","itemListElement":[{"@type":"ListItem","position":1,"name":"Home","item":"https:\/\/www.pointwestcu.com\/"},{"@type":"ListItem","position":2,"name":"Annual Member Business Meeting"}]},{"@type":"WebSite","@id":"https:\/\/www.pointwestcu.com\/#website","url":"https:\/\/www.pointwestcu.com\/","name":"Point West Credit Union","description":"Gente Ayudando a Gente","potentialAction":[{"@type":"SearchAction","target":{"@type":"EntryPoint","urlTemplate":"https:\/\/www.pointwestcu.com\/?s={search_term_string}"},"query-input":{"@type":"PropertyValueSpecification","valueRequired":true,"valueName":"search_term_string"}}],"inLanguage":"es-ES"}]}},"_links":{"self":[{"href":"https:\/\/www.pointwestcu.com\/es\/wp-json\/wp\/v2\/pages\/14212","targetHints":{"allow":["GET"]}}],"collection":[{"href":"https:\/\/www.pointwestcu.com\/es\/wp-json\/wp\/v2\/pages"}],"about":[{"href":"https:\/\/www.pointwestcu.com\/es\/wp-json\/wp\/v2\/types\/page"}],"author":[{"embeddable":true,"href":"https:\/\/www.pointwestcu.com\/es\/wp-json\/wp\/v2\/users\/3"}],"replies":[{"embeddable":true,"href":"https:\/\/www.pointwestcu.com\/es\/wp-json\/wp\/v2\/comments?post=14212"}],"version-history":[{"count":26,"href":"https:\/\/www.pointwestcu.com\/es\/wp-json\/wp\/v2\/pages\/14212\/revisions"}],"predecessor-version":[{"id":15209,"href":"https:\/\/www.pointwestcu.com\/es\/wp-json\/wp\/v2\/pages\/14212\/revisions\/15209"}],"wp:attachment":[{"href":"https:\/\/www.pointwestcu.com\/es\/wp-json\/wp\/v2\/media?parent=14212"}],"curies":[{"name":"gracias","href":"https:\/\/api.w.org\/{rel}","templated":true}]}}