{"id":13897,"date":"2025-01-17T02:28:32","date_gmt":"2025-01-17T10:28:32","guid":{"rendered":"https:\/\/www.pointwestcu.com\/?page_id=13897"},"modified":"2025-01-17T02:28:36","modified_gmt":"2025-01-17T10:28:36","slug":"servicios-bancarios","status":"publish","type":"page","link":"https:\/\/www.pointwestcu.com\/es\/negocio\/servicios-bancarios\/","title":{"rendered":"Servicios bancarios para empresas"},"content":{"rendered":"<div class=\"co-flex_row co-flex_row__reduced-hero\" ><div class=\"co-flex_row--row co-row\">\t<header class=\"co-tinyHero\" aria-label=\"Encabezado: Servicios bancarios para empresas\">\n\t\t<div class=\"co-row\">\n\t\t\t<div class=\"co-tinyHero--inner prow gap:0 items-center@lg\">\n\t\t\t\t<div class=\"co-tinyHero--heading pcol-lg:5\">\n\t\t\t\t\t<h1 class=\"co-tinyHero--title\">Servicios bancarios para empresas<\/h1>\t\t\t\t<\/div>\n\t\t\t\t<div class=\"co-tinyHero--tagline pcol-lg:7\">\n\t\t\t\t\t\t\t\t\t<\/div>\n\t\t\t<\/div>\n\t\t<\/div>\n\t<\/header>\n<\/div><\/div>\n\n<div class=\"co-flex_row co-flex_row__white co-flex_row__last co-flex_row__columns\" ><div class=\"co-flex_row--row co-row\">\t<div class=\"co-columns\">\n\t\t\t\t\t<div class=\"co-columns--row prow prow-md:2 prow-lg:3 justify-center\">\n\t\t\t\t\t\t\t\t\t<div class=\"co-columns--box\">\n\t\t\t\t\t\t<h2 class=\"co-columns--box_headline\" >Servicios para negocios <\/h2><div class=\"co-columns--box_desc text-component\"><p>Nuestros servicios le ayudan a optimizar las operaciones de su empresa y a mejorar sus resultados. Obtenga m\u00e1s informaci\u00f3n sobre c\u00f3mo Point West puede ayudar a respaldar su negocio.<\/p>\n<\/div><div class=\"co-columns--box_button\"><a class=\"co-columns--button co-button\" href=\"https:\/\/www.pointwestcu.com\/es\/negocio\/servicios\/\"  >Explorar servicios empresariales<\/a><\/div>\t\t\t\t\t<\/div>\n\t\t\t\t\t\t\t\t\t<div class=\"co-columns--box\">\n\t\t\t\t\t\t<h2 class=\"co-columns--box_headline\" >Banca en l\u00ednea y m\u00f3vil para negocios<\/h2><div class=\"co-columns--box_desc text-component\"><p>Administre sus cuentas, pague a proveedores y realice un seguimiento del flujo de efectivo en cualquier momento y en cualquier lugar con la Banca en l\u00ednea y m\u00f3vil para su negocio. <\/p>\n<\/div><div class=\"co-columns--box_button\"><a class=\"co-columns--button co-button\" href=\"https:\/\/www.pointwestcu.com\/es\/negocio\/banca-movil-olb\/\"  >Conozca m\u00e1s<\/a><\/div>\t\t\t\t\t<\/div>\n\t\t\t\t\t\t\t\t\t<div class=\"co-columns--box\">\n\t\t\t\t\t\t<h2 class=\"co-columns--box_headline\" >Banca para organizaciones sin fines de lucro <\/h2><div class=\"co-columns--box_desc text-component\"><p>Nos apasiona ayudar a personas, organizaciones sin fines de lucro y empresas locales a alcanzar sus objetivos.<\/p>\n<\/div><div class=\"co-columns--box_button\"><a class=\"co-columns--button co-button\" href=\"https:\/\/www.pointwestcu.com\/es\/negocio\/banca-para-organizaciones-sin-fines-de-lucro\/\"  >Conozca m\u00e1s<\/a><\/div>\t\t\t\t\t<\/div>\n\t\t\t\t\t\t\t<\/div>\n\t\t\t\t<\/div>\n<\/div><\/div>","protected":false},"excerpt":{"rendered":"","protected":false},"author":1,"featured_media":0,"parent":2625,"menu_order":0,"comment_status":"closed","ping_status":"closed","template":"","meta":{"_acf_changed":false,"_searchwp_excluded":"","footnotes":""},"class_list":["post-13897","page","type-page","status-publish","hentry"],"acf":[],"yoast_head":"<!-- This site is optimized with the Yoast SEO plugin v27.4 - https:\/\/yoast.com\/product\/yoast-seo-wordpress\/ -->\n<title>Business Banking Services - Point West Credit Union<\/title>\n<meta name=\"robots\" content=\"index, follow, max-snippet:-1, max-image-preview:large, max-video-preview:-1\" \/>\n<link rel=\"canonical\" href=\"https:\/\/www.pointwestcu.com\/es\/negocio\/servicios-bancarios\/\" \/>\n<meta property=\"og:locale\" content=\"es_ES\" \/>\n<meta property=\"og:type\" content=\"article\" \/>\n<meta property=\"og:title\" content=\"Business Banking Services - Point West Credit Union\" \/>\n<meta property=\"og:url\" content=\"https:\/\/www.pointwestcu.com\/es\/negocio\/servicios-bancarios\/\" \/>\n<meta property=\"og:site_name\" content=\"Point West Credit Union\" \/>\n<meta property=\"article:modified_time\" content=\"2025-01-17T10:28:36+00:00\" \/>\n<meta name=\"twitter:card\" content=\"summary_large_image\" \/>\n<meta name=\"twitter:label1\" content=\"Est. reading time\" \/>\n\t<meta name=\"twitter:data1\" content=\"1 minuto\" \/>\n<script type=\"application\/ld+json\" class=\"yoast-schema-graph\">{\"@context\":\"https:\\\/\\\/schema.org\",\"@graph\":[{\"@type\":\"WebPage\",\"@id\":\"https:\\\/\\\/www.pointwestcu.com\\\/business\\\/banking-services\\\/\",\"url\":\"https:\\\/\\\/www.pointwestcu.com\\\/business\\\/banking-services\\\/\",\"name\":\"Business Banking Services - Point West Credit Union\",\"isPartOf\":{\"@id\":\"https:\\\/\\\/www.pointwestcu.com\\\/#website\"},\"datePublished\":\"2025-01-17T10:28:32+00:00\",\"dateModified\":\"2025-01-17T10:28:36+00:00\",\"breadcrumb\":{\"@id\":\"https:\\\/\\\/www.pointwestcu.com\\\/business\\\/banking-services\\\/#breadcrumb\"},\"inLanguage\":\"es-ES\",\"potentialAction\":[{\"@type\":\"ReadAction\",\"target\":[\"https:\\\/\\\/www.pointwestcu.com\\\/business\\\/banking-services\\\/\"]}]},{\"@type\":\"BreadcrumbList\",\"@id\":\"https:\\\/\\\/www.pointwestcu.com\\\/business\\\/banking-services\\\/#breadcrumb\",\"itemListElement\":[{\"@type\":\"ListItem\",\"position\":1,\"name\":\"Home\",\"item\":\"https:\\\/\\\/www.pointwestcu.com\\\/\"},{\"@type\":\"ListItem\",\"position\":2,\"name\":\"Business\",\"item\":\"https:\\\/\\\/www.pointwestcu.com\\\/business\\\/\"},{\"@type\":\"ListItem\",\"position\":3,\"name\":\"Business Banking Services\"}]},{\"@type\":\"WebSite\",\"@id\":\"https:\\\/\\\/www.pointwestcu.com\\\/#website\",\"url\":\"https:\\\/\\\/www.pointwestcu.com\\\/\",\"name\":\"Point West Credit Union\",\"description\":\"People Helping People\",\"potentialAction\":[{\"@type\":\"SearchAction\",\"target\":{\"@type\":\"EntryPoint\",\"urlTemplate\":\"https:\\\/\\\/www.pointwestcu.com\\\/?s={search_term_string}\"},\"query-input\":{\"@type\":\"PropertyValueSpecification\",\"valueRequired\":true,\"valueName\":\"search_term_string\"}}],\"inLanguage\":\"es-ES\"}]}<\/script>\n<!-- \/ Yoast SEO plugin. -->","yoast_head_json":{"title":"Servicios bancarios para empresas - Point West Credit Union","robots":{"index":"index","follow":"follow","max-snippet":"max-snippet:-1","max-image-preview":"max-image-preview:large","max-video-preview":"max-video-preview:-1"},"canonical":"https:\/\/www.pointwestcu.com\/es\/negocio\/servicios-bancarios\/","og_locale":"es_ES","og_type":"article","og_title":"Business Banking Services - Point West Credit Union","og_url":"https:\/\/www.pointwestcu.com\/es\/negocio\/servicios-bancarios\/","og_site_name":"Point West Credit Union","article_modified_time":"2025-01-17T10:28:36+00:00","twitter_card":"summary_large_image","twitter_misc":{"Est. reading time":"1 minuto"},"schema":{"@context":"https:\/\/schema.org","@graph":[{"@type":"WebPage","@id":"https:\/\/www.pointwestcu.com\/business\/banking-services\/","url":"https:\/\/www.pointwestcu.com\/business\/banking-services\/","name":"Servicios bancarios para empresas - Point West Credit Union","isPartOf":{"@id":"https:\/\/www.pointwestcu.com\/#website"},"datePublished":"2025-01-17T10:28:32+00:00","dateModified":"2025-01-17T10:28:36+00:00","breadcrumb":{"@id":"https:\/\/www.pointwestcu.com\/business\/banking-services\/#breadcrumb"},"inLanguage":"es-ES","potentialAction":[{"@type":"ReadAction","target":["https:\/\/www.pointwestcu.com\/business\/banking-services\/"]}]},{"@type":"BreadcrumbList","@id":"https:\/\/www.pointwestcu.com\/business\/banking-services\/#breadcrumb","itemListElement":[{"@type":"ListItem","position":1,"name":"Home","item":"https:\/\/www.pointwestcu.com\/"},{"@type":"ListItem","position":2,"name":"Business","item":"https:\/\/www.pointwestcu.com\/business\/"},{"@type":"ListItem","position":3,"name":"Business Banking Services"}]},{"@type":"WebSite","@id":"https:\/\/www.pointwestcu.com\/#website","url":"https:\/\/www.pointwestcu.com\/","name":"Point West Credit Union","description":"Gente Ayudando a Gente","potentialAction":[{"@type":"SearchAction","target":{"@type":"EntryPoint","urlTemplate":"https:\/\/www.pointwestcu.com\/?s={search_term_string}"},"query-input":{"@type":"PropertyValueSpecification","valueRequired":true,"valueName":"search_term_string"}}],"inLanguage":"es-ES"}]}},"_links":{"self":[{"href":"https:\/\/www.pointwestcu.com\/es\/wp-json\/wp\/v2\/pages\/13897","targetHints":{"allow":["GET"]}}],"collection":[{"href":"https:\/\/www.pointwestcu.com\/es\/wp-json\/wp\/v2\/pages"}],"about":[{"href":"https:\/\/www.pointwestcu.com\/es\/wp-json\/wp\/v2\/types\/page"}],"author":[{"embeddable":true,"href":"https:\/\/www.pointwestcu.com\/es\/wp-json\/wp\/v2\/users\/1"}],"replies":[{"embeddable":true,"href":"https:\/\/www.pointwestcu.com\/es\/wp-json\/wp\/v2\/comments?post=13897"}],"version-history":[{"count":1,"href":"https:\/\/www.pointwestcu.com\/es\/wp-json\/wp\/v2\/pages\/13897\/revisions"}],"predecessor-version":[{"id":13898,"href":"https:\/\/www.pointwestcu.com\/es\/wp-json\/wp\/v2\/pages\/13897\/revisions\/13898"}],"up":[{"embeddable":true,"href":"https:\/\/www.pointwestcu.com\/es\/wp-json\/wp\/v2\/pages\/2625"}],"wp:attachment":[{"href":"https:\/\/www.pointwestcu.com\/es\/wp-json\/wp\/v2\/media?parent=13897"}],"curies":[{"name":"gracias","href":"https:\/\/api.w.org\/{rel}","templated":true}]}}