{"id":13893,"date":"2025-01-17T02:21:06","date_gmt":"2025-01-17T10:21:06","guid":{"rendered":"https:\/\/www.pointwestcu.com\/?page_id=13893"},"modified":"2025-01-17T02:21:59","modified_gmt":"2025-01-17T10:21:59","slug":"prestamos-de-tarjetas-de-credito","status":"publish","type":"page","link":"https:\/\/www.pointwestcu.com\/es\/personal\/prestamos-de-tarjetas-de-credito\/","title":{"rendered":"Tarjetas de cr\u00e9dito y pr\u00e9stamos personales"},"content":{"rendered":"<div class=\"co-flex_row co-flex_row__reduced-hero\" ><div class=\"co-flex_row--row co-row\">\t<header class=\"co-tinyHero\" aria-label=\"Encabezado: Tarjetas de cr\u00e9dito y pr\u00e9stamos personales\">\n\t\t<div class=\"co-row\">\n\t\t\t<div class=\"co-tinyHero--inner prow gap:0 items-center@lg\">\n\t\t\t\t<div class=\"co-tinyHero--heading pcol-lg:5\">\n\t\t\t\t\t<h1 class=\"co-tinyHero--title\">Tarjetas de cr\u00e9dito y pr\u00e9stamos personales<\/h1>\t\t\t\t<\/div>\n\t\t\t\t<div class=\"co-tinyHero--tagline pcol-lg:7\">\n\t\t\t\t\t\t\t\t\t<\/div>\n\t\t\t<\/div>\n\t\t<\/div>\n\t<\/header>\n<\/div><\/div>\n\n<div class=\"co-flex_row co-flex_row__white co-flex_row__last co-flex_row__columns\" ><div class=\"co-flex_row--row co-row\">\t<div class=\"co-columns\">\n\t\t\t\t\t<div class=\"co-columns--row prow prow-md:2 prow-lg:4 justify-center\">\n\t\t\t\t\t\t\t\t\t<div class=\"co-columns--box\">\n\t\t\t\t\t\t<h2 class=\"co-columns--box_headline\" >Pr\u00e9stamo en efectivo r\u00e1pido<\/h2><div class=\"co-columns--box_desc text-component\"><p>\u00a1Reciba dinero depositado directamente en su cuenta, sin necesidad de verificaci\u00f3n de cr\u00e9dito!<\/p>\n<\/div><div class=\"co-columns--box_button\"><a class=\"co-columns--button co-button\" href=\"https:\/\/www.pointwestcu.com\/es\/personal\/prestamo-de-dinero-rapido\/\"  >Explora los pr\u00e9stamos r\u00e1pidos en efectivo<\/a><\/div>\t\t\t\t\t<\/div>\n\t\t\t\t\t\t\t\t\t<div class=\"co-columns--box\">\n\t\t\t\t\t\t<h2 class=\"co-columns--box_headline\" >Pr\u00e9stamos personales<\/h2><div class=\"co-columns--box_desc text-component\"><p>Ya sea que est\u00e9 planeando un gran evento, unas vacaciones o un proyecto personal, Point West ofrece pr\u00e9stamos personales personalizados seg\u00fan sus necesidades espec\u00edficas.<\/p>\n<\/div><div class=\"co-columns--box_button\"><a class=\"co-columns--button co-button\" href=\"https:\/\/www.pointwestcu.com\/es\/personal\/prestamos\/\"  >Explorar pr\u00e9stamos personales<\/a><\/div>\t\t\t\t\t<\/div>\n\t\t\t\t\t\t\t\t\t<div class=\"co-columns--box\">\n\t\t\t\t\t\t<h2 class=\"co-columns--box_headline\" >Pr\u00e9stamo para establecer cr\u00e9dito<\/h2><div class=\"co-columns--box_desc text-component\"><p>Nuestro pr\u00e9stamo para generar cr\u00e9dito ofrece una manera f\u00e1cil, asequible y efectiva de mejorar su puntaje crediticio.<\/p>\n<\/div><div class=\"co-columns--box_button\"><a class=\"co-columns--button co-button\" href=\"https:\/\/www.pointwestcu.com\/es\/personal\/prestamos-para-la-creacion-de-credito\/\"  >Construya su cr\u00e9dito<\/a><\/div>\t\t\t\t\t<\/div>\n\t\t\t\t\t\t\t\t\t<div class=\"co-columns--box\">\n\t\t\t\t\t\t<h2 class=\"co-columns--box_headline\" >Consolidaci\u00f3n de deudas<\/h2><div class=\"co-columns--box_desc text-component\"><p>Simplifique sus finanzas combinando m\u00faltiples pagos en uno, reduciendo sus pagos mensuales en general.<\/p>\n<\/div><div class=\"co-columns--box_button\"><a class=\"co-columns--button co-button\" href=\"https:\/\/www.pointwestcu.com\/es\/personal\/consolidacion-de-deuda\/\"  >Obtenga m\u00e1s informaci\u00f3n sobre la consolidaci\u00f3n de deuda<\/a><\/div>\t\t\t\t\t<\/div>\n\t\t\t\t\t\t\t\t\t<div class=\"co-columns--box\">\n\t\t\t\t\t\t<h2 class=\"co-columns--box_headline\" >Pr\u00e9stamos hipotecarios<\/h2><div class=\"co-columns--box_desc text-component\"><p>Ya sea que est\u00e9 buscando comprar, refinanciar o aprovechar el valor neto de su vivienda, nuestro equipo lo ayudar\u00e1 a alcanzar sus objetivos de ser propietario de una vivienda.<\/p>\n<\/div><div class=\"co-columns--box_button\"><a class=\"co-columns--button co-button\" href=\"https:\/\/www.pointwestcu.com\/es\/personal\/prestamos-hipotecarios\/\"  >Explorar pr\u00e9stamos para vivienda<\/a><\/div>\t\t\t\t\t<\/div>\n\t\t\t\t\t\t\t\t\t<div class=\"co-columns--box\">\n\t\t\t\t\t\t<h2 class=\"co-columns--box_headline\" >Pr\u00e9stamos para autos<\/h2><div class=\"co-columns--box_desc text-component\"><p>Tasas competitivas de pr\u00e9stamos para veh\u00edculos, opciones de solicitud f\u00e1ciles y recursos valiosos hacen que su experiencia de compra de autom\u00f3vil sea perfecta de principio a fin.<\/p>\n<\/div><div class=\"co-columns--box_button\"><a class=\"co-columns--button co-button\" href=\"https:\/\/www.pointwestcu.com\/es\/personal\/prestamos-para-vehiculos\/\"  >Explorar pr\u00e9stamos para veh\u00edculos<\/a><\/div>\t\t\t\t\t<\/div>\n\t\t\t\t\t\t\t\t\t<div class=\"co-columns--box\">\n\t\t\t\t\t\t<h2 class=\"co-columns--box_headline\" >Pr\u00e9stamos para bicicletas<\/h2><div class=\"co-columns--box_desc text-component\"><p>Con pagos asequibles y tarifas bajas, Point West es un orgulloso defensor de la bicicleta y otros modos de transporte alternativos en Portland y m\u00e1s all\u00e1.<\/p>\n<\/div><div class=\"co-columns--box_button\"><a class=\"co-columns--button co-button\" href=\"https:\/\/www.pointwestcu.com\/es\/personal\/prestamos-de-bicicletas\/\"  >Explora los pr\u00e9stamos para bicicletas<\/a><\/div>\t\t\t\t\t<\/div>\n\t\t\t\t\t\t\t<\/div>\n\t\t\t\t<\/div>\n<\/div><\/div>","protected":false},"excerpt":{"rendered":"","protected":false},"author":1,"featured_media":0,"parent":2596,"menu_order":0,"comment_status":"closed","ping_status":"closed","template":"","meta":{"_acf_changed":false,"_searchwp_excluded":"","footnotes":""},"class_list":["post-13893","page","type-page","status-publish","hentry"],"acf":[],"yoast_head":"<!-- This site is optimized with the Yoast SEO plugin v27.6 - https:\/\/yoast.com\/product\/yoast-seo-wordpress\/ -->\n<title>Personal Credit Cards &amp; Loans - Point West Credit Union<\/title>\n<meta name=\"robots\" content=\"index, follow, max-snippet:-1, max-image-preview:large, max-video-preview:-1\" \/>\n<link rel=\"canonical\" href=\"https:\/\/www.pointwestcu.com\/es\/personal\/prestamos-de-tarjetas-de-credito\/\" \/>\n<meta property=\"og:locale\" content=\"es_ES\" \/>\n<meta property=\"og:type\" content=\"article\" \/>\n<meta property=\"og:title\" content=\"Personal Credit Cards &amp; Loans - Point West Credit Union\" \/>\n<meta property=\"og:url\" content=\"https:\/\/www.pointwestcu.com\/es\/personal\/prestamos-de-tarjetas-de-credito\/\" \/>\n<meta property=\"og:site_name\" content=\"Point West Credit Union\" \/>\n<meta property=\"article:modified_time\" content=\"2025-01-17T10:21:59+00:00\" \/>\n<meta name=\"twitter:card\" content=\"summary_large_image\" \/>\n<meta name=\"twitter:label1\" content=\"Est. reading time\" \/>\n\t<meta name=\"twitter:data1\" content=\"1 minuto\" \/>\n<script type=\"application\/ld+json\" class=\"yoast-schema-graph\">{\"@context\":\"https:\\\/\\\/schema.org\",\"@graph\":[{\"@type\":\"WebPage\",\"@id\":\"https:\\\/\\\/www.pointwestcu.com\\\/personal\\\/credit-cards-loans\\\/\",\"url\":\"https:\\\/\\\/www.pointwestcu.com\\\/personal\\\/credit-cards-loans\\\/\",\"name\":\"Personal Credit Cards &amp; Loans - Point West Credit Union\",\"isPartOf\":{\"@id\":\"https:\\\/\\\/www.pointwestcu.com\\\/#website\"},\"datePublished\":\"2025-01-17T10:21:06+00:00\",\"dateModified\":\"2025-01-17T10:21:59+00:00\",\"breadcrumb\":{\"@id\":\"https:\\\/\\\/www.pointwestcu.com\\\/personal\\\/credit-cards-loans\\\/#breadcrumb\"},\"inLanguage\":\"es-ES\",\"potentialAction\":[{\"@type\":\"ReadAction\",\"target\":[\"https:\\\/\\\/www.pointwestcu.com\\\/personal\\\/credit-cards-loans\\\/\"]}]},{\"@type\":\"BreadcrumbList\",\"@id\":\"https:\\\/\\\/www.pointwestcu.com\\\/personal\\\/credit-cards-loans\\\/#breadcrumb\",\"itemListElement\":[{\"@type\":\"ListItem\",\"position\":1,\"name\":\"Home\",\"item\":\"https:\\\/\\\/www.pointwestcu.com\\\/\"},{\"@type\":\"ListItem\",\"position\":2,\"name\":\"Personal\",\"item\":\"https:\\\/\\\/www.pointwestcu.com\\\/personal\\\/\"},{\"@type\":\"ListItem\",\"position\":3,\"name\":\"Personal Credit Cards &amp; Loans\"}]},{\"@type\":\"WebSite\",\"@id\":\"https:\\\/\\\/www.pointwestcu.com\\\/#website\",\"url\":\"https:\\\/\\\/www.pointwestcu.com\\\/\",\"name\":\"Point West Credit Union\",\"description\":\"People Helping People\",\"potentialAction\":[{\"@type\":\"SearchAction\",\"target\":{\"@type\":\"EntryPoint\",\"urlTemplate\":\"https:\\\/\\\/www.pointwestcu.com\\\/?s={search_term_string}\"},\"query-input\":{\"@type\":\"PropertyValueSpecification\",\"valueRequired\":true,\"valueName\":\"search_term_string\"}}],\"inLanguage\":\"es-ES\"}]}<\/script>\n<!-- \/ Yoast SEO plugin. -->","yoast_head_json":{"title":"Tarjetas de cr\u00e9dito y pr\u00e9stamos personales - Point West Credit Union","robots":{"index":"index","follow":"follow","max-snippet":"max-snippet:-1","max-image-preview":"max-image-preview:large","max-video-preview":"max-video-preview:-1"},"canonical":"https:\/\/www.pointwestcu.com\/es\/personal\/prestamos-de-tarjetas-de-credito\/","og_locale":"es_ES","og_type":"article","og_title":"Personal Credit Cards &amp; Loans - Point West Credit Union","og_url":"https:\/\/www.pointwestcu.com\/es\/personal\/prestamos-de-tarjetas-de-credito\/","og_site_name":"Point West Credit Union","article_modified_time":"2025-01-17T10:21:59+00:00","twitter_card":"summary_large_image","twitter_misc":{"Est. reading time":"1 minuto"},"schema":{"@context":"https:\/\/schema.org","@graph":[{"@type":"WebPage","@id":"https:\/\/www.pointwestcu.com\/personal\/credit-cards-loans\/","url":"https:\/\/www.pointwestcu.com\/personal\/credit-cards-loans\/","name":"Tarjetas de cr\u00e9dito y pr\u00e9stamos personales - Point West Credit Union","isPartOf":{"@id":"https:\/\/www.pointwestcu.com\/#website"},"datePublished":"2025-01-17T10:21:06+00:00","dateModified":"2025-01-17T10:21:59+00:00","breadcrumb":{"@id":"https:\/\/www.pointwestcu.com\/personal\/credit-cards-loans\/#breadcrumb"},"inLanguage":"es-ES","potentialAction":[{"@type":"ReadAction","target":["https:\/\/www.pointwestcu.com\/personal\/credit-cards-loans\/"]}]},{"@type":"BreadcrumbList","@id":"https:\/\/www.pointwestcu.com\/personal\/credit-cards-loans\/#breadcrumb","itemListElement":[{"@type":"ListItem","position":1,"name":"Home","item":"https:\/\/www.pointwestcu.com\/"},{"@type":"ListItem","position":2,"name":"Personal","item":"https:\/\/www.pointwestcu.com\/personal\/"},{"@type":"ListItem","position":3,"name":"Personal Credit Cards &amp; Loans"}]},{"@type":"WebSite","@id":"https:\/\/www.pointwestcu.com\/#website","url":"https:\/\/www.pointwestcu.com\/","name":"Point West Credit Union","description":"Gente Ayudando a Gente","potentialAction":[{"@type":"SearchAction","target":{"@type":"EntryPoint","urlTemplate":"https:\/\/www.pointwestcu.com\/?s={search_term_string}"},"query-input":{"@type":"PropertyValueSpecification","valueRequired":true,"valueName":"search_term_string"}}],"inLanguage":"es-ES"}]}},"_links":{"self":[{"href":"https:\/\/www.pointwestcu.com\/es\/wp-json\/wp\/v2\/pages\/13893","targetHints":{"allow":["GET"]}}],"collection":[{"href":"https:\/\/www.pointwestcu.com\/es\/wp-json\/wp\/v2\/pages"}],"about":[{"href":"https:\/\/www.pointwestcu.com\/es\/wp-json\/wp\/v2\/types\/page"}],"author":[{"embeddable":true,"href":"https:\/\/www.pointwestcu.com\/es\/wp-json\/wp\/v2\/users\/1"}],"replies":[{"embeddable":true,"href":"https:\/\/www.pointwestcu.com\/es\/wp-json\/wp\/v2\/comments?post=13893"}],"version-history":[{"count":3,"href":"https:\/\/www.pointwestcu.com\/es\/wp-json\/wp\/v2\/pages\/13893\/revisions"}],"predecessor-version":[{"id":13896,"href":"https:\/\/www.pointwestcu.com\/es\/wp-json\/wp\/v2\/pages\/13893\/revisions\/13896"}],"up":[{"embeddable":true,"href":"https:\/\/www.pointwestcu.com\/es\/wp-json\/wp\/v2\/pages\/2596"}],"wp:attachment":[{"href":"https:\/\/www.pointwestcu.com\/es\/wp-json\/wp\/v2\/media?parent=13893"}],"curies":[{"name":"gracias","href":"https:\/\/api.w.org\/{rel}","templated":true}]}}