{"id":1224,"date":"2018-05-29T10:22:33","date_gmt":"2018-05-29T17:22:33","guid":{"rendered":"https:\/\/psgutenberg.pixelspoke.com\/?page_id=1224"},"modified":"2025-01-21T13:03:32","modified_gmt":"2025-01-21T21:03:32","slug":"home","status":"publish","type":"page","link":"https:\/\/www.pointwestcu.com\/es\/","title":{"rendered":"Hogar"},"content":{"rendered":"","protected":false},"excerpt":{"rendered":"","protected":false},"author":1,"featured_media":0,"parent":0,"menu_order":0,"comment_status":"closed","ping_status":"closed","template":"tpl-home.php","meta":{"_acf_changed":false,"_searchwp_excluded":"","footnotes":""},"class_list":["post-1224","page","type-page","status-publish","hentry"],"acf":[],"yoast_head":"<!-- This site is optimized with the Yoast SEO plugin v27.4 - https:\/\/yoast.com\/product\/yoast-seo-wordpress\/ -->\n<title>Point West Credit Union, Portland OR<\/title>\n<meta name=\"description\" content=\"Point West Credit Union is based in Portland, OR and strives to bring financial inclusion and empowerment to lift up the underserved, including immigrants with a bilingual staff dedicated to financial inclusion and equity.\" \/>\n<meta name=\"robots\" content=\"index, follow, max-snippet:-1, max-image-preview:large, max-video-preview:-1\" \/>\n<link rel=\"canonical\" href=\"https:\/\/www.pointwestcu.com\/es\/\" \/>\n<meta property=\"og:locale\" content=\"es_ES\" \/>\n<meta property=\"og:type\" content=\"article\" \/>\n<meta property=\"og:title\" content=\"Point West Credit Union, Portland OR\" \/>\n<meta property=\"og:description\" content=\"Point West Credit Union is based in Portland, OR and strives to bring financial inclusion and empowerment to lift up the underserved, including immigrants with a bilingual staff dedicated to financial inclusion and equity.\" \/>\n<meta property=\"og:url\" content=\"https:\/\/www.pointwestcu.com\/es\/\" \/>\n<meta property=\"og:site_name\" content=\"Point West Credit Union\" \/>\n<meta property=\"article:modified_time\" content=\"2025-01-21T21:03:32+00:00\" \/>\n<meta name=\"twitter:card\" content=\"summary_large_image\" \/>\n<script type=\"application\/ld+json\" class=\"yoast-schema-graph\">{\"@context\":\"https:\\\/\\\/schema.org\",\"@graph\":[{\"@type\":\"WebPage\",\"@id\":\"https:\\\/\\\/www.pointwestcu.com\\\/\",\"url\":\"https:\\\/\\\/www.pointwestcu.com\\\/\",\"name\":\"Point West Credit Union, Portland OR\",\"isPartOf\":{\"@id\":\"https:\\\/\\\/www.pointwestcu.com\\\/#website\"},\"datePublished\":\"2018-05-29T17:22:33+00:00\",\"dateModified\":\"2025-01-21T21:03:32+00:00\",\"description\":\"Point West Credit Union is based in Portland, OR and strives to bring financial inclusion and empowerment to lift up the underserved, including immigrants with a bilingual staff dedicated to financial inclusion and equity.\",\"breadcrumb\":{\"@id\":\"https:\\\/\\\/www.pointwestcu.com\\\/#breadcrumb\"},\"inLanguage\":\"es-ES\",\"potentialAction\":[{\"@type\":\"ReadAction\",\"target\":[\"https:\\\/\\\/www.pointwestcu.com\\\/\"]}]},{\"@type\":\"BreadcrumbList\",\"@id\":\"https:\\\/\\\/www.pointwestcu.com\\\/#breadcrumb\",\"itemListElement\":[{\"@type\":\"ListItem\",\"position\":1,\"name\":\"Home\",\"item\":\"https:\\\/\\\/www.pointwestcu.com\\\/\"},{\"@type\":\"ListItem\",\"position\":2,\"name\":\"Home\"}]},{\"@type\":\"WebSite\",\"@id\":\"https:\\\/\\\/www.pointwestcu.com\\\/#website\",\"url\":\"https:\\\/\\\/www.pointwestcu.com\\\/\",\"name\":\"Point West Credit Union\",\"description\":\"People Helping People\",\"potentialAction\":[{\"@type\":\"SearchAction\",\"target\":{\"@type\":\"EntryPoint\",\"urlTemplate\":\"https:\\\/\\\/www.pointwestcu.com\\\/?s={search_term_string}\"},\"query-input\":{\"@type\":\"PropertyValueSpecification\",\"valueRequired\":true,\"valueName\":\"search_term_string\"}}],\"inLanguage\":\"es-ES\"}]}<\/script>\n<!-- \/ Yoast SEO plugin. -->","yoast_head_json":{"title":"Cooperativa de cr\u00e9dito Point West, Portland, Oreg\u00f3n","description":"Point West Credit Union tiene su sede en Portland, Oregon, y se esfuerza por brindar inclusi\u00f3n financiera y empoderamiento para ayudar a los desfavorecidos, incluidos los inmigrantes, con un personal biling\u00fce dedicado a la inclusi\u00f3n financiera y la equidad.","robots":{"index":"index","follow":"follow","max-snippet":"max-snippet:-1","max-image-preview":"max-image-preview:large","max-video-preview":"max-video-preview:-1"},"canonical":"https:\/\/www.pointwestcu.com\/es\/","og_locale":"es_ES","og_type":"article","og_title":"Point West Credit Union, Portland OR","og_description":"Point West Credit Union is based in Portland, OR and strives to bring financial inclusion and empowerment to lift up the underserved, including immigrants with a bilingual staff dedicated to financial inclusion and equity.","og_url":"https:\/\/www.pointwestcu.com\/es\/","og_site_name":"Point West Credit Union","article_modified_time":"2025-01-21T21:03:32+00:00","twitter_card":"summary_large_image","schema":{"@context":"https:\/\/schema.org","@graph":[{"@type":"WebPage","@id":"https:\/\/www.pointwestcu.com\/","url":"https:\/\/www.pointwestcu.com\/","name":"Cooperativa de cr\u00e9dito Point West, Portland, Oreg\u00f3n","isPartOf":{"@id":"https:\/\/www.pointwestcu.com\/#website"},"datePublished":"2018-05-29T17:22:33+00:00","dateModified":"2025-01-21T21:03:32+00:00","description":"Point West Credit Union tiene su sede en Portland, Oregon, y se esfuerza por brindar inclusi\u00f3n financiera y empoderamiento para ayudar a los desfavorecidos, incluidos los inmigrantes, con un personal biling\u00fce dedicado a la inclusi\u00f3n financiera y la equidad.","breadcrumb":{"@id":"https:\/\/www.pointwestcu.com\/#breadcrumb"},"inLanguage":"es-ES","potentialAction":[{"@type":"ReadAction","target":["https:\/\/www.pointwestcu.com\/"]}]},{"@type":"BreadcrumbList","@id":"https:\/\/www.pointwestcu.com\/#breadcrumb","itemListElement":[{"@type":"ListItem","position":1,"name":"Home","item":"https:\/\/www.pointwestcu.com\/"},{"@type":"ListItem","position":2,"name":"Home"}]},{"@type":"WebSite","@id":"https:\/\/www.pointwestcu.com\/#website","url":"https:\/\/www.pointwestcu.com\/","name":"Point West Credit Union","description":"Gente Ayudando a Gente","potentialAction":[{"@type":"SearchAction","target":{"@type":"EntryPoint","urlTemplate":"https:\/\/www.pointwestcu.com\/?s={search_term_string}"},"query-input":{"@type":"PropertyValueSpecification","valueRequired":true,"valueName":"search_term_string"}}],"inLanguage":"es-ES"}]}},"_links":{"self":[{"href":"https:\/\/www.pointwestcu.com\/es\/wp-json\/wp\/v2\/pages\/1224","targetHints":{"allow":["GET"]}}],"collection":[{"href":"https:\/\/www.pointwestcu.com\/es\/wp-json\/wp\/v2\/pages"}],"about":[{"href":"https:\/\/www.pointwestcu.com\/es\/wp-json\/wp\/v2\/types\/page"}],"author":[{"embeddable":true,"href":"https:\/\/www.pointwestcu.com\/es\/wp-json\/wp\/v2\/users\/1"}],"replies":[{"embeddable":true,"href":"https:\/\/www.pointwestcu.com\/es\/wp-json\/wp\/v2\/comments?post=1224"}],"version-history":[{"count":1,"href":"https:\/\/www.pointwestcu.com\/es\/wp-json\/wp\/v2\/pages\/1224\/revisions"}],"predecessor-version":[{"id":13900,"href":"https:\/\/www.pointwestcu.com\/es\/wp-json\/wp\/v2\/pages\/1224\/revisions\/13900"}],"wp:attachment":[{"href":"https:\/\/www.pointwestcu.com\/es\/wp-json\/wp\/v2\/media?parent=1224"}],"curies":[{"name":"gracias","href":"https:\/\/api.w.org\/{rel}","templated":true}]}}